{"id":8126,"date":"2016-06-14T01:43:48","date_gmt":"2016-06-14T01:43:48","guid":{"rendered":"https:\/\/saba.isoladev.com\/sobre\/"},"modified":"2024-04-29T21:01:18","modified_gmt":"2024-04-29T21:01:18","slug":"sobre","status":"publish","type":"page","link":"https:\/\/saba.isoladev.com\/pt-pt\/sobre\/","title":{"rendered":"Sobre"},"content":{"rendered":"\t\t<div data-elementor-type=\"wp-post\" data-elementor-id=\"8126\" class=\"elementor elementor-8126 elementor-60\" data-elementor-post-type=\"page\">\n\t\t\t\t\t\t<section class=\"elementor-section elementor-top-section elementor-element elementor-element-999f512 push-top push-bottom elementor-section-boxed elementor-section-height-default elementor-section-height-default\" data-id=\"999f512\" data-element_type=\"section\">\r\n\t\t\r\n\t\t\t\t\t\t\t<div class=\"elementor-container elementor-column-gap-default\">\r\n\t\t\t\t\t\t\t\t\t\t\t<div class=\"elementor-column elementor-col-100 elementor-top-column elementor-element elementor-element-3fc524f\" data-id=\"3fc524f\" data-element_type=\"column\">\r\n\t\t\t\t\t<div class=\"elementor-widget-wrap elementor-element-populated\">\r\n\t\t\t\t\t\t\t\t<div class=\"elementor-element elementor-element-29741d4 mb-0 elementor-invisible elementor-widget elementor-widget-heading\" data-id=\"29741d4\" data-element_type=\"widget\" data-settings=\"{&quot;_animation&quot;:&quot;fadeInUp&quot;,&quot;_animation_delay&quot;:&quot;300&quot;}\" data-widget_type=\"heading.default\">\n\t\t\t\t<div class=\"elementor-widget-container\">\n\t\t\t<style>\/*! elementor - v3.21.0 - 26-05-2024 *\/\n.elementor-heading-title{padding:0;margin:0;line-height:1}.elementor-widget-heading .elementor-heading-title[class*=elementor-size-]>a{color:inherit;font-size:inherit;line-height:inherit}.elementor-widget-heading .elementor-heading-title.elementor-size-small{font-size:15px}.elementor-widget-heading .elementor-heading-title.elementor-size-medium{font-size:19px}.elementor-widget-heading .elementor-heading-title.elementor-size-large{font-size:29px}.elementor-widget-heading .elementor-heading-title.elementor-size-xl{font-size:39px}.elementor-widget-heading .elementor-heading-title.elementor-size-xxl{font-size:59px}<\/style><h2 class=\"elementor-heading-title elementor-size-default\">Dr. Saba Sayah<\/h2>\t\t<\/div>\n\t\t\t\t<\/div>\n\t\t\t\t<div class=\"elementor-element elementor-element-ae058ec m-b-md elementor-invisible elementor-widget elementor-widget-heading\" data-id=\"ae058ec\" data-element_type=\"widget\" data-settings=\"{&quot;_animation&quot;:&quot;fadeInUp&quot;,&quot;_animation_delay&quot;:&quot;300&quot;}\" data-widget_type=\"heading.default\">\n\t\t\t\t<div class=\"elementor-widget-container\">\n\t\t\t<p class=\"elementor-heading-title elementor-size-default\">M\u00e9dico<\/p>\t\t<\/div>\n\t\t\t\t<\/div>\n\t\t\t\t<div class=\"elementor-element elementor-element-dfc3c3a elementor-invisible elementor-widget elementor-widget-text-editor\" data-id=\"dfc3c3a\" data-element_type=\"widget\" data-settings=\"{&quot;_animation&quot;:&quot;fadeInUp&quot;}\" data-widget_type=\"text-editor.default\">\n\t\t\t\t<div class=\"elementor-widget-container\">\n\t\t\t<style>\/*! elementor - v3.21.0 - 26-05-2024 *\/\n.elementor-widget-text-editor.elementor-drop-cap-view-stacked .elementor-drop-cap{background-color:#69727d;color:#fff}.elementor-widget-text-editor.elementor-drop-cap-view-framed .elementor-drop-cap{color:#69727d;border:3px solid;background-color:transparent}.elementor-widget-text-editor:not(.elementor-drop-cap-view-default) .elementor-drop-cap{margin-top:8px}.elementor-widget-text-editor:not(.elementor-drop-cap-view-default) .elementor-drop-cap-letter{width:1em;height:1em}.elementor-widget-text-editor .elementor-drop-cap{float:left;text-align:center;line-height:1;font-size:50px}.elementor-widget-text-editor .elementor-drop-cap-letter{display:inline-block}<\/style>\t\t\t\t<p class=\"lead\"><img decoding=\"async\" class=\"alignright\" src=\"https:\/\/saba.isoladev.com\/wp-content\/uploads\/2024\/03\/nassim_skeleton-1.png\" \/>Depois de se formar na Universidade de Boston, o Dr. Saba-Sayah frequentou um curso em Bolonha criado pelo quiropr\u00e1tico norte-americano Dr. Hans Greissing.<\/p>\n<p>Ao voltar para a Am\u00e9rica do Norte, o Dr. Saba-Sayah graduou-se cum laude em Chiropractic no Sherman College of Chiropractic in South Carolina, antes de se especializar na Cox Technique (flexion\/distra\u00e7\u00e3o) e depois no procedimento \u201cAtlas Orthogonal\u201d (uma t\u00e9cnica que usa um instrumento espec\u00edfico instalado numa mesa quiropr\u00e1tica especial) na Life University em Atlanta e no Sherman College em Spartanburg.<\/p>\n\t\t\t\t\t\t<\/div>\n\t\t\t\t<\/div>\n\t\t\t\t\t<\/div>\r\n\t\t\t\t<\/div>\r\n\t\t\t\t\t<\/div>\r\n\t\t\t\t<\/section>\r\n\t\t\t\t<section class=\"elementor-section elementor-top-section elementor-element elementor-element-99ab726 push-top push-bottom elementor-section-boxed elementor-section-height-default elementor-section-height-default\" data-id=\"99ab726\" data-element_type=\"section\">\r\n\t\t\r\n\t\t\t\t\t\t\t<div class=\"elementor-container elementor-column-gap-default\">\r\n\t\t\t\t\t\t\t\t\t\t\t<div class=\"elementor-column elementor-col-100 elementor-top-column elementor-element elementor-element-b665b38\" data-id=\"b665b38\" data-element_type=\"column\">\r\n\t\t\t\t\t<div class=\"elementor-widget-wrap elementor-element-populated\">\r\n\t\t\t\t\t\t\t\t<div class=\"elementor-element elementor-element-250d905 elementor-invisible elementor-widget elementor-widget-text-editor\" data-id=\"250d905\" data-element_type=\"widget\" data-settings=\"{&quot;_animation&quot;:&quot;fadeInUp&quot;}\" data-widget_type=\"text-editor.default\">\n\t\t\t\t<div class=\"elementor-widget-container\">\n\t\t\t\t\t\t\t<p>Tendo passado os exames para se tornar uma quiropr\u00e1tica americana licenciada, treinou com o Prof. Roy W. Sweat na sua cl\u00ednica quiropr\u00e1tica em Atlanta, Georgia, per\u00edodo durante o qual ela tamb\u00e9m passou os exames para obter uma licen\u00e7a para exercer a sua profiss\u00e3o no Canad\u00e1 (o seu pa\u00eds de cidadania).<\/p>\n\t\t\t\t\t\t<\/div>\n\t\t\t\t<\/div>\n\t\t\t\t<div class=\"elementor-element elementor-element-2df4da3 elementor-invisible elementor-widget elementor-widget-text-editor\" data-id=\"2df4da3\" data-element_type=\"widget\" data-settings=\"{&quot;_animation&quot;:&quot;fadeInUp&quot;}\" data-widget_type=\"text-editor.default\">\n\t\t\t\t<div class=\"elementor-widget-container\">\n\t\t\t\t\t\t\t<p>O Dr. Nassim Saba-Sayah foi o primeiro quiropr\u00e1tico a introduzir a nova t\u00e9cnica do atlas quiropr\u00e1tico (A.O.) \u00e0 It\u00e1lia (juntamente com o seu instrumento de precis\u00e3o), e de facto foi convidado para descrever a t\u00e9cnica em dois semin\u00e1rios (10-11 de maio de 2007, Universit\u00e0 degli Studi di Milano\/Ospedale San Paolo, e 30 de Novembro de 2007, Centro de Confer\u00eancias Assao-Milanofiori) e em a publica\u00e7\u00e3o do Prof. R. Ciancaglini \u201cGnatologia e dolori oro-facciali\u201d (Elsevier-Masson 2007).<\/p>\n\t\t\t\t\t\t<\/div>\n\t\t\t\t<\/div>\n\t\t\t\t<div class=\"elementor-element elementor-element-024a81b elementor-invisible elementor-widget elementor-widget-text-editor\" data-id=\"024a81b\" data-element_type=\"widget\" data-settings=\"{&quot;_animation&quot;:&quot;fadeInUp&quot;}\" data-widget_type=\"text-editor.default\">\n\t\t\t\t<div class=\"elementor-widget-container\">\n\t\t\t\t\t\t\t<p>Estando muito interessada em oclus\u00e3o e dist\u00farbios posturais, ela conduziu estudos adicionais nesta \u00e1rea atrav\u00e9s de cursos espec\u00edficos organizados pela Accademia Italiana di Kinesiografia ed Elettromiografia Cranio Mandibolare.<\/p>\n\t\t\t\t\t\t<\/div>\n\t\t\t\t<\/div>\n\t\t\t\t<div class=\"elementor-element elementor-element-1f2db7f elementor-invisible elementor-widget elementor-widget-text-editor\" data-id=\"1f2db7f\" data-element_type=\"widget\" data-settings=\"{&quot;_animation&quot;:&quot;fadeInUp&quot;}\" data-widget_type=\"text-editor.default\">\n\t\t\t\t<div class=\"elementor-widget-container\">\n\t\t\t\t\t\t\t<p>Entretanto, em janeiro de 2007 a t\u00e9cnica do atlas quiropractice (A.O.) (uma t\u00e9cnica que envolve a coluna cervical superior para tratar a dor localizada e generalizada) foi fortemente defendida pelo \u201cJournal of Human Hipertension\u201d (como relatado na folha larga italiana Corriere della Sera em 29.4.07) para os excelentes resultados alcan\u00e7ados no tratamento da hipertens\u00e3o. Os resultados de outro projeto de investiga\u00e7\u00e3o j\u00e1 tinham sido publicados no \u201cJournal of Whiplash &amp; related disorders\u201d, Vol.5 (1) 2006 (Med-Index Journal), relatando os resultados ben\u00e9ficos da t\u00e9cnica do atlas quiropractice (A.O.) na dor no pesco\u00e7o na sequ\u00eancia de acidentes com ve\u00edculos autom\u00f3veis.<\/p>\n\t\t\t\t\t\t<\/div>\n\t\t\t\t<\/div>\n\t\t\t\t<div class=\"elementor-element elementor-element-542dd92 elementor-invisible elementor-widget elementor-widget-text-editor\" data-id=\"542dd92\" data-element_type=\"widget\" data-settings=\"{&quot;_animation&quot;:&quot;fadeInUp&quot;}\" data-widget_type=\"text-editor.default\">\n\t\t\t\t<div class=\"elementor-widget-container\">\n\t\t\t\t\t\t\t<p>Tamb\u00e9m \u00e9 importante notar que o Curso em Chiropractice foi reconhecido em It\u00e1lia ao abrigo da Lei das Finan\u00e7as de 2008 (artigo 2, par\u00e1grafo 335). Citando a nota que acompanha o artigo, esta lei estabelece que \u201cOs graduados em Chiropractice ganham o t\u00edtulo de Doutor e exercem as suas fun\u00e7\u00f5es (&#8230;) na sua qualidade de profissionais dos cuidados de sa\u00fade prim\u00e1rios (&#8230;)\u201d, adotando assim essencialmente o modelo norte-americano, que distingue os Especialistas de acordo com o seu dom\u00ednio terap\u00eautico espec\u00edfico.<\/p>\n\t\t\t\t\t\t<\/div>\n\t\t\t\t<\/div>\n\t\t\t\t\t<\/div>\r\n\t\t\t\t<\/div>\r\n\t\t\t\t\t<\/div>\r\n\t\t\t\t<\/section>\r\n\t\t\t\t<\/div>\n\t\t","protected":false},"excerpt":{"rendered":"<p>Dr. Saba Sayah M\u00e9dico Depois de se formar na Universidade de Boston, o Dr. Saba-Sayah frequentou um curso em Bolonha criado pelo quiropr\u00e1tico norte-americano Dr. Hans Greissing. Ao voltar para a Am\u00e9rica do Norte, o Dr. Saba-Sayah graduou-se cum laude em Chiropractic no Sherman College of Chiropractic in South Carolina, antes de se especializar na [&hellip;]<\/p>\n","protected":false},"author":1,"featured_media":0,"parent":0,"menu_order":0,"comment_status":"closed","ping_status":"closed","template":"","meta":{"footnotes":""},"class_list":["post-8126","page","type-page","status-publish","hentry"],"_links":{"self":[{"href":"https:\/\/saba.isoladev.com\/pt-pt\/wp-json\/wp\/v2\/pages\/8126"}],"collection":[{"href":"https:\/\/saba.isoladev.com\/pt-pt\/wp-json\/wp\/v2\/pages"}],"about":[{"href":"https:\/\/saba.isoladev.com\/pt-pt\/wp-json\/wp\/v2\/types\/page"}],"author":[{"embeddable":true,"href":"https:\/\/saba.isoladev.com\/pt-pt\/wp-json\/wp\/v2\/users\/1"}],"replies":[{"embeddable":true,"href":"https:\/\/saba.isoladev.com\/pt-pt\/wp-json\/wp\/v2\/comments?post=8126"}],"version-history":[{"count":3,"href":"https:\/\/saba.isoladev.com\/pt-pt\/wp-json\/wp\/v2\/pages\/8126\/revisions"}],"predecessor-version":[{"id":8520,"href":"https:\/\/saba.isoladev.com\/pt-pt\/wp-json\/wp\/v2\/pages\/8126\/revisions\/8520"}],"wp:attachment":[{"href":"https:\/\/saba.isoladev.com\/pt-pt\/wp-json\/wp\/v2\/media?parent=8126"}],"curies":[{"name":"wp","href":"https:\/\/api.w.org\/{rel}","templated":true}]}}