{"id":8097,"date":"2024-03-17T16:44:59","date_gmt":"2024-03-17T16:44:59","guid":{"rendered":"https:\/\/saba.isoladev.com\/teleconferencia\/"},"modified":"2024-04-29T21:01:18","modified_gmt":"2024-04-29T21:01:18","slug":"teleconferencia","status":"publish","type":"page","link":"https:\/\/saba.isoladev.com\/pt-pt\/teleconferencia\/","title":{"rendered":"Teleconfer\u00eancia"},"content":{"rendered":"\t\t<div data-elementor-type=\"wp-page\" data-elementor-id=\"8097\" class=\"elementor elementor-8097 elementor-7036\" data-elementor-post-type=\"page\">\n\t\t\t\t\t\t<section class=\"elementor-section elementor-top-section elementor-element elementor-element-ebab8bd push-top push-bottom elementor-section-boxed elementor-section-height-default elementor-section-height-default\" data-id=\"ebab8bd\" data-element_type=\"section\">\r\n\t\t\r\n\t\t\t\t\t\t\t<div class=\"elementor-container elementor-column-gap-default\">\r\n\t\t\t\t\t\t\t\t\t\t\t<div class=\"elementor-column elementor-col-100 elementor-top-column elementor-element elementor-element-923680d\" data-id=\"923680d\" data-element_type=\"column\">\r\n\t\t\t\t\t<div class=\"elementor-widget-wrap elementor-element-populated\">\r\n\t\t\t\t\t\t\t\t<div class=\"elementor-element elementor-element-cbc66f6 mb-0 elementor-invisible elementor-widget elementor-widget-heading\" data-id=\"cbc66f6\" data-element_type=\"widget\" data-settings=\"{&quot;_animation&quot;:&quot;fadeInUp&quot;,&quot;_animation_delay&quot;:&quot;300&quot;}\" data-widget_type=\"heading.default\">\n\t\t\t\t<div class=\"elementor-widget-container\">\n\t\t\t<style>\/*! elementor - v3.21.0 - 26-05-2024 *\/\n.elementor-heading-title{padding:0;margin:0;line-height:1}.elementor-widget-heading .elementor-heading-title[class*=elementor-size-]>a{color:inherit;font-size:inherit;line-height:inherit}.elementor-widget-heading .elementor-heading-title.elementor-size-small{font-size:15px}.elementor-widget-heading .elementor-heading-title.elementor-size-medium{font-size:19px}.elementor-widget-heading .elementor-heading-title.elementor-size-large{font-size:29px}.elementor-widget-heading .elementor-heading-title.elementor-size-xl{font-size:39px}.elementor-widget-heading .elementor-heading-title.elementor-size-xxl{font-size:59px}<\/style><h2 class=\"elementor-heading-title elementor-size-default\">Teleconfer\u00eancia para a dor aguda: al\u00edvio dentro de 1 a 3 consultas<\/h2>\t\t<\/div>\n\t\t\t\t<\/div>\n\t\t\t\t<div class=\"elementor-element elementor-element-25acb8f elementor-invisible elementor-widget elementor-widget-text-editor\" data-id=\"25acb8f\" data-element_type=\"widget\" data-settings=\"{&quot;_animation&quot;:&quot;fadeInUp&quot;}\" data-widget_type=\"text-editor.default\">\n\t\t\t\t<div class=\"elementor-widget-container\">\n\t\t\t<style>\/*! elementor - v3.21.0 - 26-05-2024 *\/\n.elementor-widget-text-editor.elementor-drop-cap-view-stacked .elementor-drop-cap{background-color:#69727d;color:#fff}.elementor-widget-text-editor.elementor-drop-cap-view-framed .elementor-drop-cap{color:#69727d;border:3px solid;background-color:transparent}.elementor-widget-text-editor:not(.elementor-drop-cap-view-default) .elementor-drop-cap{margin-top:8px}.elementor-widget-text-editor:not(.elementor-drop-cap-view-default) .elementor-drop-cap-letter{width:1em;height:1em}.elementor-widget-text-editor .elementor-drop-cap{float:left;text-align:center;line-height:1;font-size:50px}.elementor-widget-text-editor .elementor-drop-cap-letter{display:inline-block}<\/style>\t\t\t\t<div class=\"uk-panel uk-margin\">\n<p>Este tratamento foi desenvolvido para superar as dificuldades de contornar durante a pandemia <br \/> \u00c9 dirigido aos doentes com dor musculoesquel\u00e9tica aguda em geral e outra dor epis\u00f3dica (de in\u00edcio s\u00fabito e tempo limitado at\u00e9 6 meses) como estirpes musculares, entorse do tornozelo, etc., quando foram exclu\u00eddas causas subjacentes graves.<\/p>\n<p>O tratamento da dor cr\u00f3nica (que dura mais de 6 meses) tem uma taxa de sucesso mais baixa com este procedimento remoto.<\/p>\n<p><img decoding=\"async\" src=\"https:\/\/saba.isoladev.com\/wp-content\/uploads\/2024\/03\/img1-204ad8e4.webp\" \/><\/p>\n<\/div>\n<div class=\"uk-margin uk-text-center\">O resultado dos primeiros casos cl\u00ednicos tem sido muito encorajador, por isso decidimos alargar este ensaio a um n\u00famero mais amplo de doentes.<\/div>\n<div class=\"uk-panel uk-margin\">\n<p>Com base nos casos tratados at\u00e9 agora, especialmente para aqueles de si com in\u00edcio recente de dor, os sintomas devem ser aliviados por este tipo de interven\u00e7\u00e3o remota dentro de 1 a 3 sess\u00f5es em videoconfer\u00eancia.<\/p>\n<\/div>\n\t\t\t\t\t\t<\/div>\n\t\t\t\t<\/div>\n\t\t\t\t<div class=\"elementor-element elementor-element-4affef5 elementor-widget elementor-widget-porto_button\" data-id=\"4affef5\" data-element_type=\"widget\" data-settings=\"{&quot;align&quot;:&quot;left&quot;}\" data-widget_type=\"porto_button.default\">\n\t\t\t\t<div class=\"elementor-widget-container\">\n\t\t\t<a aria-label=\"button\" class=\"btn btn-xl btn-primary\" href=\"https:\/\/saba.isoladev.com\/pt-pt\/novos-pacientes\/\"><span >Marque uma consulta agora<\/span><\/a>\t\t<\/div>\n\t\t\t\t<\/div>\n\t\t\t\t<div class=\"elementor-element elementor-element-0162e2c elementor-invisible elementor-widget elementor-widget-text-editor\" data-id=\"0162e2c\" data-element_type=\"widget\" data-settings=\"{&quot;_animation&quot;:&quot;fadeInUp&quot;}\" data-widget_type=\"text-editor.default\">\n\t\t\t\t<div class=\"elementor-widget-container\">\n\t\t\t\t\t\t\t<div class=\"uk-panel uk-margin\">\n<div class=\"uk-panel uk-margin\">\n<h3>Quanto mais recente for o in\u00edcio dos sintomas, mais eficaz este tipo de interven\u00e7\u00e3o remota.<\/h3>\n<p>A nossa abordagem usa as vias neuronais complexas do doente desde os receptores perif\u00e9ricos at\u00e9 ao c\u00e9rebro. A dura\u00e7\u00e3o das sess\u00f5es e o tempo de recupera\u00e7\u00e3o variam de paciente para paciente e tamb\u00e9m s\u00e3o determinados pelo mecanismo e gravidade do evento incitante.<\/p>\n<p>Nestas consultas n\u00e3o estamos a tratar do subluxo de atlas e aconselhamos uma visita preliminar ao seu m\u00e9dico de fam\u00edlia para excluir a presen\u00e7a de causas subjacentes mais graves.<\/p>\n<\/div>\n<div class=\"uk-panel uk-text-small uk-margin\">\n<p><span style=\"font-size: 10px;\">Estas consultas por teleconfer\u00eancia para al\u00edvio da dor n\u00e3o t\u00eam como objectivo substituir o aconselhamento m\u00e9dico profissional, o diagn\u00f3stico ou o tratamento.<\/span> <br \/><span style=\"font-size: 10px;\">Procure sempre o conselho do seu m\u00e9dico ou outro prestador de cuidados de sa\u00fade qualificado para obter uma avalia\u00e7\u00e3o preliminar sobre a sua condi\u00e7\u00e3o de sa\u00fade.<\/span> <br \/><span style=\"font-size: 10px;\">Ao concordarem com este procedimento, os doentes entendem que esta teleconsulta n\u00e3o serve para diagn\u00f3stico, que a causa subjacente grave ou a subluxa\u00e7\u00e3o de atlas n\u00e3o s\u00e3o abordadas e essas teleconsultas destinam-se apenas a reduzir ou eliminar a dor.<\/span><\/p>\n<p><span style=\"font-size: 10px;\">Ao marcar a consulta, compreendo e concordo com o que precede.<\/span><\/p>\n<\/div>\n<\/div>\n\t\t\t\t\t\t<\/div>\n\t\t\t\t<\/div>\n\t\t\t\t<div class=\"elementor-element elementor-element-6cf7c53 elementor-widget elementor-widget-porto_button\" data-id=\"6cf7c53\" data-element_type=\"widget\" data-settings=\"{&quot;align&quot;:&quot;left&quot;}\" data-widget_type=\"porto_button.default\">\n\t\t\t\t<div class=\"elementor-widget-container\">\n\t\t\t<a aria-label=\"button\" class=\"btn btn-xl btn-primary\" href=\"https:\/\/saba.isoladev.com\/pt-pt\/novos-pacientes\/\"><span >Marque uma consulta agora<\/span><\/a>\t\t<\/div>\n\t\t\t\t<\/div>\n\t\t\t\t\t<\/div>\r\n\t\t\t\t<\/div>\r\n\t\t\t\t\t<\/div>\r\n\t\t\t\t<\/section>\r\n\t\t\t\t<\/div>\n\t\t","protected":false},"excerpt":{"rendered":"<p>Teleconfer\u00eancia para a dor aguda: al\u00edvio dentro de 1 a 3 consultas Este tratamento foi desenvolvido para superar as dificuldades de contornar durante a pandemia \u00c9 dirigido aos doentes com dor musculoesquel\u00e9tica aguda em geral e outra dor epis\u00f3dica (de in\u00edcio s\u00fabito e tempo limitado at\u00e9 6 meses) como estirpes musculares, entorse do tornozelo, etc., [&hellip;]<\/p>\n","protected":false},"author":1,"featured_media":0,"parent":0,"menu_order":0,"comment_status":"closed","ping_status":"closed","template":"","meta":{"footnotes":""},"class_list":["post-8097","page","type-page","status-publish","hentry"],"_links":{"self":[{"href":"https:\/\/saba.isoladev.com\/pt-pt\/wp-json\/wp\/v2\/pages\/8097"}],"collection":[{"href":"https:\/\/saba.isoladev.com\/pt-pt\/wp-json\/wp\/v2\/pages"}],"about":[{"href":"https:\/\/saba.isoladev.com\/pt-pt\/wp-json\/wp\/v2\/types\/page"}],"author":[{"embeddable":true,"href":"https:\/\/saba.isoladev.com\/pt-pt\/wp-json\/wp\/v2\/users\/1"}],"replies":[{"embeddable":true,"href":"https:\/\/saba.isoladev.com\/pt-pt\/wp-json\/wp\/v2\/comments?post=8097"}],"version-history":[{"count":4,"href":"https:\/\/saba.isoladev.com\/pt-pt\/wp-json\/wp\/v2\/pages\/8097\/revisions"}],"predecessor-version":[{"id":8508,"href":"https:\/\/saba.isoladev.com\/pt-pt\/wp-json\/wp\/v2\/pages\/8097\/revisions\/8508"}],"wp:attachment":[{"href":"https:\/\/saba.isoladev.com\/pt-pt\/wp-json\/wp\/v2\/media?parent=8097"}],"curies":[{"name":"wp","href":"https:\/\/api.w.org\/{rel}","templated":true}]}}