{"id":8071,"date":"2024-03-17T16:42:44","date_gmt":"2024-03-17T16:42:44","guid":{"rendered":"https:\/\/saba.isoladev.com\/quem-pode-beneficiar\/"},"modified":"2024-04-29T21:01:18","modified_gmt":"2024-04-29T21:01:18","slug":"quem-pode-beneficiar","status":"publish","type":"page","link":"https:\/\/saba.isoladev.com\/pt-pt\/quem-pode-beneficiar\/","title":{"rendered":"Quem pode beneficiar?"},"content":{"rendered":"\t\t<div data-elementor-type=\"wp-page\" data-elementor-id=\"8071\" class=\"elementor elementor-8071 elementor-7031\" data-elementor-post-type=\"page\">\n\t\t\t\t\t\t<section class=\"elementor-section elementor-top-section elementor-element elementor-element-aa5f4d2 push-top push-bottom elementor-section-boxed elementor-section-height-default elementor-section-height-default\" data-id=\"aa5f4d2\" data-element_type=\"section\">\r\n\t\t\r\n\t\t\t\t\t\t\t<div class=\"elementor-container elementor-column-gap-default\">\r\n\t\t\t\t\t\t\t\t\t\t\t<div class=\"elementor-column elementor-col-100 elementor-top-column elementor-element elementor-element-d882d7f\" data-id=\"d882d7f\" data-element_type=\"column\">\r\n\t\t\t\t\t<div class=\"elementor-widget-wrap elementor-element-populated\">\r\n\t\t\t\t\t\t\t\t<div class=\"elementor-element elementor-element-e30fe92 mb-0 elementor-invisible elementor-widget elementor-widget-heading\" data-id=\"e30fe92\" data-element_type=\"widget\" data-settings=\"{&quot;_animation&quot;:&quot;fadeInUp&quot;,&quot;_animation_delay&quot;:&quot;300&quot;}\" data-widget_type=\"heading.default\">\n\t\t\t\t<div class=\"elementor-widget-container\">\n\t\t\t<style>\/*! elementor - v3.21.0 - 26-05-2024 *\/\n.elementor-heading-title{padding:0;margin:0;line-height:1}.elementor-widget-heading .elementor-heading-title[class*=elementor-size-]>a{color:inherit;font-size:inherit;line-height:inherit}.elementor-widget-heading .elementor-heading-title.elementor-size-small{font-size:15px}.elementor-widget-heading .elementor-heading-title.elementor-size-medium{font-size:19px}.elementor-widget-heading .elementor-heading-title.elementor-size-large{font-size:29px}.elementor-widget-heading .elementor-heading-title.elementor-size-xl{font-size:39px}.elementor-widget-heading .elementor-heading-title.elementor-size-xxl{font-size:59px}<\/style><h2 class=\"elementor-heading-title elementor-size-default\">Beneficiar da quiropr\u00e1tica \n<\/h2>\t\t<\/div>\n\t\t\t\t<\/div>\n\t\t\t\t<div class=\"elementor-element elementor-element-c0f31bf elementor-invisible elementor-widget elementor-widget-text-editor\" data-id=\"c0f31bf\" data-element_type=\"widget\" data-settings=\"{&quot;_animation&quot;:&quot;fadeInUp&quot;}\" data-widget_type=\"text-editor.default\">\n\t\t\t\t<div class=\"elementor-widget-container\">\n\t\t\t<style>\/*! elementor - v3.21.0 - 26-05-2024 *\/\n.elementor-widget-text-editor.elementor-drop-cap-view-stacked .elementor-drop-cap{background-color:#69727d;color:#fff}.elementor-widget-text-editor.elementor-drop-cap-view-framed .elementor-drop-cap{color:#69727d;border:3px solid;background-color:transparent}.elementor-widget-text-editor:not(.elementor-drop-cap-view-default) .elementor-drop-cap{margin-top:8px}.elementor-widget-text-editor:not(.elementor-drop-cap-view-default) .elementor-drop-cap-letter{width:1em;height:1em}.elementor-widget-text-editor .elementor-drop-cap{float:left;text-align:center;line-height:1;font-size:50px}.elementor-widget-text-editor .elementor-drop-cap-letter{display:inline-block}<\/style>\t\t\t\t<p><strong>Beneficiar da quiropr\u00e1tica<\/strong><\/p>\n<p><strong>Quem pode beneficiar da t\u00e9cnica do atlas quiropr\u00e1tico (A.O.)?<\/strong><\/p>\n<p>Pensa- se geralmente que a quiropr\u00e1tica trata apenas as condi\u00e7\u00f5es neuromusculares e esquel\u00e9ticas. Na verdade, como explic\u00e1mos longamente neste site, realinhar o atlas \u2014 e, portanto, a coluna \u2014 liberta os nervos que correm ao longo da coluna, proporcionando al\u00edvio de uma s\u00e9rie de dores.<\/p>\n<p>Resultados positivos foram particularmente alcan\u00e7ados nas seguintes patologias:<\/p>\n<ul>\n<li>Dores cr\u00f3nicas<\/li>\n<li>Artrite e Osteoartrose<\/li>\n<li>Asma<\/li>\n<li>Consequ\u00eancias dos acidentes com ve\u00edculos autom\u00f3veis (whiplash, etc.)<\/li>\n<li>Dores nas costas e pesco\u00e7o<\/li>\n<li>Enxaqueca e outras formas de dor de cabe\u00e7a<\/li>\n<li>H\u00e9rnia discal da coluna vertebral<\/li>\n<li>Fibromialgia<\/li>\n<li>Les\u00f5es desportivas<\/li>\n<li>Hipertens\u00e3o<\/li>\n<li>Nevralgia trig\u00e9mina<\/li>\n<li>Paralisia de Bell<\/li>\n<li>Ci\u00e1tica<\/li>\n<li>Escoliose<\/li>\n<li>Disfun\u00e7\u00e3o da articula\u00e7\u00e3o temporomandibular<\/li>\n<li>S\u00edndrome de fadiga cr\u00f3nica<\/li>\n<li>S\u00edndrome do t\u00fanel c\u00e1rpico<\/li>\n<li>Sinusite<\/li>\n<li>Stress<\/li>\n<li>Endorm\u00eancia nas extremidades<\/li>\n<li>Vertigens, leveza<\/li>\n<\/ul>\n\t\t\t\t\t\t<\/div>\n\t\t\t\t<\/div>\n\t\t\t\t\t<\/div>\r\n\t\t\t\t<\/div>\r\n\t\t\t\t\t<\/div>\r\n\t\t\t\t<\/section>\r\n\t\t\t\t<\/div>\n\t\t","protected":false},"excerpt":{"rendered":"<p>Beneficiar da quiropr\u00e1tica Beneficiar da quiropr\u00e1tica Quem pode beneficiar da t\u00e9cnica do atlas quiropr\u00e1tico (A.O.)? Pensa- se geralmente que a quiropr\u00e1tica trata apenas as condi\u00e7\u00f5es neuromusculares e esquel\u00e9ticas. Na verdade, como explic\u00e1mos longamente neste site, realinhar o atlas \u2014 e, portanto, a coluna \u2014 liberta os nervos que correm ao longo da coluna, proporcionando al\u00edvio [&hellip;]<\/p>\n","protected":false},"author":1,"featured_media":0,"parent":0,"menu_order":0,"comment_status":"closed","ping_status":"closed","template":"","meta":{"footnotes":""},"class_list":["post-8071","page","type-page","status-publish","hentry"],"_links":{"self":[{"href":"https:\/\/saba.isoladev.com\/pt-pt\/wp-json\/wp\/v2\/pages\/8071"}],"collection":[{"href":"https:\/\/saba.isoladev.com\/pt-pt\/wp-json\/wp\/v2\/pages"}],"about":[{"href":"https:\/\/saba.isoladev.com\/pt-pt\/wp-json\/wp\/v2\/types\/page"}],"author":[{"embeddable":true,"href":"https:\/\/saba.isoladev.com\/pt-pt\/wp-json\/wp\/v2\/users\/1"}],"replies":[{"embeddable":true,"href":"https:\/\/saba.isoladev.com\/pt-pt\/wp-json\/wp\/v2\/comments?post=8071"}],"version-history":[{"count":3,"href":"https:\/\/saba.isoladev.com\/pt-pt\/wp-json\/wp\/v2\/pages\/8071\/revisions"}],"predecessor-version":[{"id":8497,"href":"https:\/\/saba.isoladev.com\/pt-pt\/wp-json\/wp\/v2\/pages\/8071\/revisions\/8497"}],"wp:attachment":[{"href":"https:\/\/saba.isoladev.com\/pt-pt\/wp-json\/wp\/v2\/media?parent=8071"}],"curies":[{"name":"wp","href":"https:\/\/api.w.org\/{rel}","templated":true}]}}