{"id":8046,"date":"2024-04-14T17:16:58","date_gmt":"2024-04-14T17:16:58","guid":{"rendered":"https:\/\/saba.isoladev.com\/politica-de-privacidade\/"},"modified":"2024-04-29T21:01:18","modified_gmt":"2024-04-29T21:01:18","slug":"politica-de-privacidade","status":"publish","type":"page","link":"https:\/\/saba.isoladev.com\/pt-pt\/politica-de-privacidade\/","title":{"rendered":"Pol\u00edtica de Privacidade"},"content":{"rendered":"\t\t<div data-elementor-type=\"wp-page\" data-elementor-id=\"8046\" class=\"elementor elementor-8046 elementor-7608\" data-elementor-post-type=\"page\">\n\t\t\t\t<div class=\"elementor-element elementor-element-bdab55d e-flex e-con-boxed e-con e-parent\" data-id=\"bdab55d\" data-element_type=\"container\">\n\t\t\t\t\t<div class=\"e-con-inner\">\n\t\t\t\t<div class=\"elementor-element elementor-element-39d09af elementor-widget elementor-widget-porto_ultimate_heading\" data-id=\"39d09af\" data-element_type=\"widget\" data-widget_type=\"porto_ultimate_heading.default\">\n\t\t\t\t<div class=\"elementor-widget-container\">\n\t\t\t<div class=\"porto-u-heading  porto-u-3513\"><div class=\"porto-u-main-heading\"><h2   >Pol\u00edtica de Privacidade<\/h2><\/div><style>.porto-u-3513.porto-u-heading{text-align:center}<\/style><\/div>\t\t<\/div>\n\t\t\t\t<\/div>\n\t\t\t\t<div class=\"elementor-element elementor-element-b3ee424 elementor-widget elementor-widget-text-editor\" data-id=\"b3ee424\" data-element_type=\"widget\" data-widget_type=\"text-editor.default\">\n\t\t\t\t<div class=\"elementor-widget-container\">\n\t\t\t<style>\/*! elementor - v3.21.0 - 26-05-2024 *\/\n.elementor-widget-text-editor.elementor-drop-cap-view-stacked .elementor-drop-cap{background-color:#69727d;color:#fff}.elementor-widget-text-editor.elementor-drop-cap-view-framed .elementor-drop-cap{color:#69727d;border:3px solid;background-color:transparent}.elementor-widget-text-editor:not(.elementor-drop-cap-view-default) .elementor-drop-cap{margin-top:8px}.elementor-widget-text-editor:not(.elementor-drop-cap-view-default) .elementor-drop-cap-letter{width:1em;height:1em}.elementor-widget-text-editor .elementor-drop-cap{float:left;text-align:center;line-height:1;font-size:50px}.elementor-widget-text-editor .elementor-drop-cap-letter{display:inline-block}<\/style>\t\t\t\t<p><em>\u00daltima atualiza\u00e7\u00e3o: 14-Abril-2024<\/em><\/p>\n<p>Bem-vindo \u00e0 Sabaatlasclinic. A sua privacidade \u00e9 importante para n\u00f3s. Esta Pol\u00edtica de Privacidade descreve os tipos de informa\u00e7\u00f5es pessoais que recolhemos, como s\u00e3o utilizadas e as medidas que tomamos para garantir que os seus dados pessoais s\u00e3o tratados adequadamente.<\/p>\n<h3><strong>1. Recolha de Informa\u00e7\u00f5es<\/strong><\/h3>\n<p>Recolhemos informa\u00e7\u00f5es sobre si das seguintes maneiras:<\/p>\n<ul>\n<li><strong>Informa\u00e7\u00f5es que fornece diretamente:<\/strong> incluem as informa\u00e7\u00f5es pessoais que fornece quando subscreve os nossos servi\u00e7os, preenche formul\u00e1rios ou interage com o nosso site.<\/li>\n<li><strong>Informa\u00e7\u00e3o recolhida automaticamente:<\/strong> Recolhemos determinadas informa\u00e7\u00f5es automaticamente atrav\u00e9s do nosso website, como o seu endere\u00e7o IP, tipo de navegador e informa\u00e7\u00f5es de navega\u00e7\u00e3o recolhidas atrav\u00e9s de cookies, desde que tenha consentido a sua utiliza\u00e7\u00e3o.<\/li>\n<\/ul>\n<h3><strong>2. Uso da Informa\u00e7\u00e3o<\/strong><\/h3>\n<p>As informa\u00e7\u00f5es que recolhemos s\u00e3o utilizadas para os seguintes prop\u00f3sitos:<\/p>\n<ul>\n<li>Fornecer e melhorar os nossos servi\u00e7os.<\/li>\n<li>Para comunicar consigo sobre as suas consultas ou perguntas.<\/li>\n<li>Para cumprir os requisitos legais e proteger os nossos direitos legais.<\/li>\n<\/ul>\n<h3><strong>3. Consentimento<\/strong><\/h3>\n<p>Ao utilizar o nosso site, concorda com a recolha e uso de informa\u00e7\u00f5es de acordo com esta pol\u00edtica. Vamos pedir o seu consentimento expl\u00edcito para o uso de cookies e tecnologias semelhantes.<\/p>\n<h3><strong>4. Partilha de Dados<\/strong><\/h3>\n<p>N\u00e3o vendemos nem alugamos dados pessoais a profissionais de marketing ou a terceiros n\u00e3o afiliados. Partilhamos a sua informa\u00e7\u00e3o com:<\/p>\n<ul>\n<li>Prestadores de servi\u00e7os que nos ajudam a satisfazer as necessidades das opera\u00e7\u00f5es comerciais.<\/li>\n<li>Autoridades legais e governamentais, se exigido por lei ou razoavelmente necess\u00e1rio para proteger os direitos, a propriedade e a seguran\u00e7a dos outros ou de n\u00f3s pr\u00f3prios.<\/li>\n<\/ul>\n<h3><strong>5. Seguran\u00e7a dos Dados<\/strong><\/h3>\n<p>Implementamos uma variedade de medidas de seguran\u00e7a para manter a seguran\u00e7a das suas informa\u00e7\u00f5es pessoais quando introduz, envia ou acede \u00e0s suas informa\u00e7\u00f5es pessoais.<\/p>\n<h2><strong>6. Reten\u00e7\u00e3o de Dados<\/strong><\/h2>\n<p>Retemos as informa\u00e7\u00f5es pessoais durante o tempo necess\u00e1rio para cumprir os prop\u00f3sitos descritos nesta pol\u00edtica de privacidade, a menos que seja exigido por lei em contr\u00e1rio.<\/p>\n<h3><strong>7. Os seus direitos<\/strong><\/h3>\n<p>Nos termos do RGPD, tem os seguintes direitos:<\/p>\n<ul>\n<li>O direito de aceder, atualizar ou eliminar as informa\u00e7\u00f5es que temos sobre si.<\/li>\n<li>O direito de retifica\u00e7\u00e3o.<\/li>\n<li>O direito de se opor.<\/li>\n<li>O direito de restri\u00e7\u00e3o.<\/li>\n<li>O direito \u00e0 portabilidade dos dados<\/li>\n<li>O direito a retirar o consentimento<\/li>\n<\/ul>\n<h3><strong>8. Pol\u00edtica de Cookies<\/strong><\/h3>\n<p>Usamos cookies para melhorar a sua experi\u00eancia, realizar an\u00e1lises e personalizar a publicidade. Pode aceitar ou rejeitar cookies atrav\u00e9s da nossa ferramenta de consentimento de cookies GDPR.<\/p>\n<h3><strong>9. Altera\u00e7\u00f5es a Esta Pol\u00edtica de Privacidade<\/strong><\/h3>\n<p>Podemos atualizar a nossa Pol\u00edtica de Privacidade de tempos em tempos. Vamos notific\u00e1-lo de quaisquer altera\u00e7\u00f5es publicando a nova Pol\u00edtica de Privacidade nesta p\u00e1gina.<\/p>\n<h3><strong>10. Contacte-nos<\/strong><\/h3>\n<p>Se tiver alguma d\u00favida sobre esta Pol\u00edtica de Privacidade, por favor contacte-nos:<\/p>\n<ul>\n<li><strong>E-mail:<\/strong> info@saba.isoladev.com<\/li>\n<li><strong>Telefone:<\/strong> +999 111 222<\/li>\n<li><strong>Morada:<\/strong> Rue de Sao Jose 35 &#8211; 4\u00b0 Andar, Edificio libersil, Torre B, 1150-321 Lisboa<\/li>\n<\/ul>\n<p>Esta Pol\u00edtica de Privacidade entra em vigor a partir de [Inserir Data] e permanecer\u00e1 em vigor, exceto no que diz respeito a quaisquer altera\u00e7\u00f5es nas suas disposi\u00e7\u00f5es no futuro, que entrar\u00e3o em vigor imediatamente ap\u00f3s ser publicada nesta p\u00e1gina.<\/p>\n\t\t\t\t\t\t<\/div>\n\t\t\t\t<\/div>\n\t\t\t\t\t<\/div>\n\t\t\t\t<\/div>\n\t\t\t\t<\/div>\n\t\t","protected":false},"excerpt":{"rendered":"<p>Pol\u00edtica de Privacidade \u00daltima atualiza\u00e7\u00e3o: 14-Abril-2024 Bem-vindo \u00e0 Sabaatlasclinic. A sua privacidade \u00e9 importante para n\u00f3s. Esta Pol\u00edtica de Privacidade descreve os tipos de informa\u00e7\u00f5es pessoais que recolhemos, como s\u00e3o utilizadas e as medidas que tomamos para garantir que os seus dados pessoais s\u00e3o tratados adequadamente. 1. Recolha de Informa\u00e7\u00f5es Recolhemos informa\u00e7\u00f5es sobre si das [&hellip;]<\/p>\n","protected":false},"author":1,"featured_media":0,"parent":0,"menu_order":0,"comment_status":"closed","ping_status":"closed","template":"","meta":{"footnotes":""},"class_list":["post-8046","page","type-page","status-publish","hentry"],"_links":{"self":[{"href":"https:\/\/saba.isoladev.com\/pt-pt\/wp-json\/wp\/v2\/pages\/8046"}],"collection":[{"href":"https:\/\/saba.isoladev.com\/pt-pt\/wp-json\/wp\/v2\/pages"}],"about":[{"href":"https:\/\/saba.isoladev.com\/pt-pt\/wp-json\/wp\/v2\/types\/page"}],"author":[{"embeddable":true,"href":"https:\/\/saba.isoladev.com\/pt-pt\/wp-json\/wp\/v2\/users\/1"}],"replies":[{"embeddable":true,"href":"https:\/\/saba.isoladev.com\/pt-pt\/wp-json\/wp\/v2\/comments?post=8046"}],"version-history":[{"count":34,"href":"https:\/\/saba.isoladev.com\/pt-pt\/wp-json\/wp\/v2\/pages\/8046\/revisions"}],"predecessor-version":[{"id":8518,"href":"https:\/\/saba.isoladev.com\/pt-pt\/wp-json\/wp\/v2\/pages\/8046\/revisions\/8518"}],"wp:attachment":[{"href":"https:\/\/saba.isoladev.com\/pt-pt\/wp-json\/wp\/v2\/media?parent=8046"}],"curies":[{"name":"wp","href":"https:\/\/api.w.org\/{rel}","templated":true}]}}