{"id":8034,"date":"2024-03-17T16:19:29","date_gmt":"2024-03-17T16:19:29","guid":{"rendered":"https:\/\/saba.isoladev.com\/origem-das-perturbacoes\/"},"modified":"2024-04-29T21:01:18","modified_gmt":"2024-04-29T21:01:18","slug":"origem-das-perturbacoes","status":"publish","type":"page","link":"https:\/\/saba.isoladev.com\/pt-pt\/origem-das-perturbacoes\/","title":{"rendered":"Origem das Perturba\u00e7\u00f5es"},"content":{"rendered":"\t\t<div data-elementor-type=\"wp-page\" data-elementor-id=\"8034\" class=\"elementor elementor-8034 elementor-7006\" data-elementor-post-type=\"page\">\n\t\t\t\t\t\t<section class=\"elementor-section elementor-top-section elementor-element elementor-element-361aae6 push-top push-bottom elementor-section-boxed elementor-section-height-default elementor-section-height-default\" data-id=\"361aae6\" data-element_type=\"section\">\r\n\t\t\r\n\t\t\t\t\t\t\t<div class=\"elementor-container elementor-column-gap-default\">\r\n\t\t\t\t\t\t\t\t\t\t\t<div class=\"elementor-column elementor-col-100 elementor-top-column elementor-element elementor-element-33d394f\" data-id=\"33d394f\" data-element_type=\"column\">\r\n\t\t\t\t\t<div class=\"elementor-widget-wrap elementor-element-populated\">\r\n\t\t\t\t\t\t\t\t<div class=\"elementor-element elementor-element-7f08bcf mb-0 elementor-invisible elementor-widget elementor-widget-heading\" data-id=\"7f08bcf\" data-element_type=\"widget\" data-settings=\"{&quot;_animation&quot;:&quot;fadeInUp&quot;,&quot;_animation_delay&quot;:&quot;300&quot;}\" data-widget_type=\"heading.default\">\n\t\t\t\t<div class=\"elementor-widget-container\">\n\t\t\t<style>\/*! elementor - v3.21.0 - 26-05-2024 *\/\n.elementor-heading-title{padding:0;margin:0;line-height:1}.elementor-widget-heading .elementor-heading-title[class*=elementor-size-]>a{color:inherit;font-size:inherit;line-height:inherit}.elementor-widget-heading .elementor-heading-title.elementor-size-small{font-size:15px}.elementor-widget-heading .elementor-heading-title.elementor-size-medium{font-size:19px}.elementor-widget-heading .elementor-heading-title.elementor-size-large{font-size:29px}.elementor-widget-heading .elementor-heading-title.elementor-size-xl{font-size:39px}.elementor-widget-heading .elementor-heading-title.elementor-size-xxl{font-size:59px}<\/style><h2 class=\"elementor-heading-title elementor-size-default\">A origem de muitos dist\u00farbios \n<\/h2>\t\t<\/div>\n\t\t\t\t<\/div>\n\t\t\t\t<div class=\"elementor-element elementor-element-2fb9bac elementor-invisible elementor-widget elementor-widget-text-editor\" data-id=\"2fb9bac\" data-element_type=\"widget\" data-settings=\"{&quot;_animation&quot;:&quot;fadeInUp&quot;}\" data-widget_type=\"text-editor.default\">\n\t\t\t\t<div class=\"elementor-widget-container\">\n\t\t\t<style>\/*! elementor - v3.21.0 - 26-05-2024 *\/\n.elementor-widget-text-editor.elementor-drop-cap-view-stacked .elementor-drop-cap{background-color:#69727d;color:#fff}.elementor-widget-text-editor.elementor-drop-cap-view-framed .elementor-drop-cap{color:#69727d;border:3px solid;background-color:transparent}.elementor-widget-text-editor:not(.elementor-drop-cap-view-default) .elementor-drop-cap{margin-top:8px}.elementor-widget-text-editor:not(.elementor-drop-cap-view-default) .elementor-drop-cap-letter{width:1em;height:1em}.elementor-widget-text-editor .elementor-drop-cap{float:left;text-align:center;line-height:1;font-size:50px}.elementor-widget-text-editor .elementor-drop-cap-letter{display:inline-block}<\/style>\t\t\t\t<p>Al\u00e9m das dores comuns nas costas e pesco\u00e7o, as <strong>patologias mais comuns resultantes do subluxo do atlas incluem altera\u00e7\u00e3o da<\/strong> <strong>curvatura normal da coluna cervical, escoliose e altera\u00e7\u00f5es no alinhamento dos<\/strong> ombros e da p\u00e9lvis.<\/p>\n<p>Estas e outras altera\u00e7\u00f5es no alinhamento afetam a integridade estrutural do sistema esquel\u00e9tico. Isso, por sua vez, pode resultar numa s\u00e9rie de outros sintomas e problemas, especialmente dores de <strong>cabe\u00e7a, pesco\u00e7o e dor facial, perturba\u00e7\u00f5es do equil\u00edbrio, disfun\u00e7\u00e3o temporomandibular das articula\u00e7\u00f5es<\/strong>, etc.<\/p>\n<p>\u00a0<\/p>\n<p><img fetchpriority=\"high\" decoding=\"async\" class=\"wp-image-7428 alignleft\" src=\"https:\/\/saba.isoladev.com\/wp-content\/uploads\/2024\/04\/vertebrae_2.jpg\" alt=\"\" width=\"400\" height=\"400\" srcset=\"https:\/\/saba.isoladev.com\/wp-content\/uploads\/2024\/04\/vertebrae_2-400x400.jpg 400w, https:\/\/saba.isoladev.com\/wp-content\/uploads\/2024\/04\/vertebrae_2-367x367.jpg 367w\" sizes=\"(max-width: 400px) 100vw, 400px\" \/>\u00c9 importante notar que uma boa postura (como ser\u00e1 discutido abaixo) \u00e9 necess\u00e1ria para os movimentos ideais e particularmente para o rendimento desportivo.<\/p>\n<p>O subluxo do atlas afeta toda a estrutura vertebral. A coluna \u00e9 como uma cadeia longa; quando o primeiro elo \u00e9 retorcido, cada elo subsequente gira em conformidade, perturbando assim o resto da cadeia.<\/p>\n<p>Da mesma forma, com o tempo, o desalinhamento da primeira v\u00e9rtebra (atlas) vai causar um torcer da coluna inteira. Um atlas subluxado, portanto, pode causar uma variedade de sintomas por todo o corpo.<\/p>\n<p>A nossa coluna vertebral \u00e9 composta por 24 v\u00e9rtebras. Os espa\u00e7os entre cada v\u00e9rtebra permitem que os nervos forne\u00e7am e conectem todas as partes do corpo humano. Quando a coluna vertebral est\u00e1 desalinhada, por exemplo devido \u00e0 compress\u00e3o de duas v\u00e9rtebras adjacentes, esses nervos n\u00e3o conseguem funcionar adequadamente, causando problemas em v\u00e1rias partes do corpo.<\/p>\n<p>Al\u00e9m disso, o fluxo sangu\u00edneo na coluna cervical tamb\u00e9m pode ser consideravelmente afetado pela compress\u00e3o de duas v\u00e9rtebras.<\/p>\n<p>O sistema nervoso controla e regula todas as fun\u00e7\u00f5es do corpo. Como num computador sofisticado, os nervos ramificam-se da coluna para diferentes partes do corpo.<\/p>\n\t\t\t\t\t\t<\/div>\n\t\t\t\t<\/div>\n\t\t\t\t\t<\/div>\r\n\t\t\t\t<\/div>\r\n\t\t\t\t\t<\/div>\r\n\t\t\t\t<\/section>\r\n\t\t\t\t<\/div>\n\t\t","protected":false},"excerpt":{"rendered":"<p>A origem de muitos dist\u00farbios Al\u00e9m das dores comuns nas costas e pesco\u00e7o, as patologias mais comuns resultantes do subluxo do atlas incluem altera\u00e7\u00e3o da curvatura normal da coluna cervical, escoliose e altera\u00e7\u00f5es no alinhamento dos ombros e da p\u00e9lvis. Estas e outras altera\u00e7\u00f5es no alinhamento afetam a integridade estrutural do sistema esquel\u00e9tico. Isso, por [&hellip;]<\/p>\n","protected":false},"author":1,"featured_media":0,"parent":0,"menu_order":0,"comment_status":"closed","ping_status":"closed","template":"","meta":{"footnotes":""},"class_list":["post-8034","page","type-page","status-publish","hentry"],"_links":{"self":[{"href":"https:\/\/saba.isoladev.com\/pt-pt\/wp-json\/wp\/v2\/pages\/8034"}],"collection":[{"href":"https:\/\/saba.isoladev.com\/pt-pt\/wp-json\/wp\/v2\/pages"}],"about":[{"href":"https:\/\/saba.isoladev.com\/pt-pt\/wp-json\/wp\/v2\/types\/page"}],"author":[{"embeddable":true,"href":"https:\/\/saba.isoladev.com\/pt-pt\/wp-json\/wp\/v2\/users\/1"}],"replies":[{"embeddable":true,"href":"https:\/\/saba.isoladev.com\/pt-pt\/wp-json\/wp\/v2\/comments?post=8034"}],"version-history":[{"count":3,"href":"https:\/\/saba.isoladev.com\/pt-pt\/wp-json\/wp\/v2\/pages\/8034\/revisions"}],"predecessor-version":[{"id":8483,"href":"https:\/\/saba.isoladev.com\/pt-pt\/wp-json\/wp\/v2\/pages\/8034\/revisions\/8483"}],"wp:attachment":[{"href":"https:\/\/saba.isoladev.com\/pt-pt\/wp-json\/wp\/v2\/media?parent=8034"}],"curies":[{"name":"wp","href":"https:\/\/api.w.org\/{rel}","templated":true}]}}