{"id":8020,"date":"2024-03-17T16:36:30","date_gmt":"2024-03-17T16:36:30","guid":{"rendered":"https:\/\/saba.isoladev.com\/alteracoes-nervas\/"},"modified":"2024-04-29T21:01:18","modified_gmt":"2024-04-29T21:01:18","slug":"alteracoes-nervas","status":"publish","type":"page","link":"https:\/\/saba.isoladev.com\/pt-pt\/alteracoes-nervas\/","title":{"rendered":"Altera\u00e7\u00f5es Nervas"},"content":{"rendered":"\t\t<div data-elementor-type=\"wp-page\" data-elementor-id=\"8020\" class=\"elementor elementor-8020 elementor-7019\" data-elementor-post-type=\"page\">\n\t\t\t\t\t\t<section class=\"elementor-section elementor-top-section elementor-element elementor-element-b179731 push-top push-bottom elementor-section-boxed elementor-section-height-default elementor-section-height-default\" data-id=\"b179731\" data-element_type=\"section\">\r\n\t\t\r\n\t\t\t\t\t\t\t<div class=\"elementor-container elementor-column-gap-default\">\r\n\t\t\t\t\t\t\t\t\t\t\t<div class=\"elementor-column elementor-col-100 elementor-top-column elementor-element elementor-element-fe45e32\" data-id=\"fe45e32\" data-element_type=\"column\">\r\n\t\t\t\t\t<div class=\"elementor-widget-wrap elementor-element-populated\">\r\n\t\t\t\t\t\t\t\t<div class=\"elementor-element elementor-element-0a05c48 mb-0 elementor-invisible elementor-widget elementor-widget-heading\" data-id=\"0a05c48\" data-element_type=\"widget\" data-settings=\"{&quot;_animation&quot;:&quot;fadeInUp&quot;,&quot;_animation_delay&quot;:&quot;300&quot;}\" data-widget_type=\"heading.default\">\n\t\t\t\t<div class=\"elementor-widget-container\">\n\t\t\t<style>\/*! elementor - v3.21.0 - 26-05-2024 *\/\n.elementor-heading-title{padding:0;margin:0;line-height:1}.elementor-widget-heading .elementor-heading-title[class*=elementor-size-]>a{color:inherit;font-size:inherit;line-height:inherit}.elementor-widget-heading .elementor-heading-title.elementor-size-small{font-size:15px}.elementor-widget-heading .elementor-heading-title.elementor-size-medium{font-size:19px}.elementor-widget-heading .elementor-heading-title.elementor-size-large{font-size:29px}.elementor-widget-heading .elementor-heading-title.elementor-size-xl{font-size:39px}.elementor-widget-heading .elementor-heading-title.elementor-size-xxl{font-size:59px}<\/style><h2 class=\"elementor-heading-title elementor-size-default\">Altera\u00e7\u00f5es no impulso nervoso<\/h2>\t\t<\/div>\n\t\t\t\t<\/div>\n\t\t\t\t<div class=\"elementor-element elementor-element-1cf631d elementor-invisible elementor-widget elementor-widget-text-editor\" data-id=\"1cf631d\" data-element_type=\"widget\" data-settings=\"{&quot;_animation&quot;:&quot;fadeInUp&quot;}\" data-widget_type=\"text-editor.default\">\n\t\t\t\t<div class=\"elementor-widget-container\">\n\t\t\t<style>\/*! elementor - v3.21.0 - 26-05-2024 *\/\n.elementor-widget-text-editor.elementor-drop-cap-view-stacked .elementor-drop-cap{background-color:#69727d;color:#fff}.elementor-widget-text-editor.elementor-drop-cap-view-framed .elementor-drop-cap{color:#69727d;border:3px solid;background-color:transparent}.elementor-widget-text-editor:not(.elementor-drop-cap-view-default) .elementor-drop-cap{margin-top:8px}.elementor-widget-text-editor:not(.elementor-drop-cap-view-default) .elementor-drop-cap-letter{width:1em;height:1em}.elementor-widget-text-editor .elementor-drop-cap{float:left;text-align:center;line-height:1;font-size:50px}.elementor-widget-text-editor .elementor-drop-cap-letter{display:inline-block}<\/style>\t\t\t\t<p><strong>Que condi\u00e7\u00f5es m\u00e9dicas podem afetar o impulso nervoso e, portanto, a sa\u00fade das v\u00e1rias partes do corpo?<\/strong><\/p>\n<p>Uma dessas condi\u00e7\u00f5es \u00e9 conhecida como <strong>\u201csubluxa\u00e7\u00e3o vertebral\u201d<\/strong>, em que duas v\u00e9rtebras adjacentes ficam desalinhadas. A compress\u00e3o dos nervos resultante pode causar problemas a v\u00e1rias partes do corpo. Eventualmente, alguns m\u00fasculos podem contrair-se e tornar-se dolorosos.<\/p>\n<p><img decoding=\"async\" class=\"alignleft\" src=\"https:\/\/saba.isoladev.com\/wp-content\/uploads\/2024\/03\/flusso-vascolare.gif\" \/><\/p>\n<p><strong>Fluxo Vascular<\/strong><\/p>\n<p>Claramente, portanto, a sa\u00fade dos nossos nervos e vasos sangu\u00edneos est\u00e1 intimamente relacionada com a da nossa coluna, e ambos por sua vez podem afetar v\u00e1rias partes do corpo.<\/p>\n<p><strong>Quais s\u00e3o as principais causas do Suboxe Vertebral?<\/strong><\/p>\n<ul>\n<li><strong>Trauma<\/strong> (por exemplo, quedas, derrapos, acidentes de carro, tor\u00e7\u00e3o no pesco\u00e7o durante o parto, les\u00f5es na cabe\u00e7a e desportivas, etc.)<\/li>\n<\/ul>\n<ul>\n<li><strong>Stress postural<\/strong> e micro traumas repetitivos (por exemplo, saco de ombro sempre usado do mesmo lado, dormir o est\u00f4mago para baixo, levantamento incorreto e transporte de artigos pesados, etc.)<\/li>\n<li><strong>Stress psicol\u00f3gico<\/strong><\/li>\n<\/ul>\n<p>Estas s\u00e3o algumas das causas poss\u00edveis do desalinhamento do atlas que, por sua vez, podem causar press\u00e3o nervosa e inflama\u00e7\u00e3o. Isso pode levar a <strong>v\u00e1rias dores e patologias<\/strong>, muitas vezes atribu\u00edvel ao subluxo do atlas.<\/p>\n\t\t\t\t\t\t<\/div>\n\t\t\t\t<\/div>\n\t\t\t\t\t<\/div>\r\n\t\t\t\t<\/div>\r\n\t\t\t\t\t<\/div>\r\n\t\t\t\t<\/section>\r\n\t\t\t\t<\/div>\n\t\t","protected":false},"excerpt":{"rendered":"<p>Altera\u00e7\u00f5es no impulso nervoso Que condi\u00e7\u00f5es m\u00e9dicas podem afetar o impulso nervoso e, portanto, a sa\u00fade das v\u00e1rias partes do corpo? Uma dessas condi\u00e7\u00f5es \u00e9 conhecida como \u201csubluxa\u00e7\u00e3o vertebral\u201d, em que duas v\u00e9rtebras adjacentes ficam desalinhadas. A compress\u00e3o dos nervos resultante pode causar problemas a v\u00e1rias partes do corpo. Eventualmente, alguns m\u00fasculos podem contrair-se e [&hellip;]<\/p>\n","protected":false},"author":1,"featured_media":0,"parent":0,"menu_order":0,"comment_status":"closed","ping_status":"closed","template":"","meta":{"footnotes":""},"class_list":["post-8020","page","type-page","status-publish","hentry"],"_links":{"self":[{"href":"https:\/\/saba.isoladev.com\/pt-pt\/wp-json\/wp\/v2\/pages\/8020"}],"collection":[{"href":"https:\/\/saba.isoladev.com\/pt-pt\/wp-json\/wp\/v2\/pages"}],"about":[{"href":"https:\/\/saba.isoladev.com\/pt-pt\/wp-json\/wp\/v2\/types\/page"}],"author":[{"embeddable":true,"href":"https:\/\/saba.isoladev.com\/pt-pt\/wp-json\/wp\/v2\/users\/1"}],"replies":[{"embeddable":true,"href":"https:\/\/saba.isoladev.com\/pt-pt\/wp-json\/wp\/v2\/comments?post=8020"}],"version-history":[{"count":3,"href":"https:\/\/saba.isoladev.com\/pt-pt\/wp-json\/wp\/v2\/pages\/8020\/revisions"}],"predecessor-version":[{"id":8477,"href":"https:\/\/saba.isoladev.com\/pt-pt\/wp-json\/wp\/v2\/pages\/8020\/revisions\/8477"}],"wp:attachment":[{"href":"https:\/\/saba.isoladev.com\/pt-pt\/wp-json\/wp\/v2\/media?parent=8020"}],"curies":[{"name":"wp","href":"https:\/\/api.w.org\/{rel}","templated":true}]}}