{"id":8008,"date":"2024-03-17T16:42:04","date_gmt":"2024-03-17T16:42:04","guid":{"rendered":"https:\/\/saba.isoladev.com\/como-funciona\/"},"modified":"2024-04-29T21:01:18","modified_gmt":"2024-04-29T21:01:18","slug":"como-funciona","status":"publish","type":"page","link":"https:\/\/saba.isoladev.com\/pt-pt\/como-funciona\/","title":{"rendered":"Como funciona"},"content":{"rendered":"\t\t<div data-elementor-type=\"wp-page\" data-elementor-id=\"8008\" class=\"elementor elementor-8008 elementor-7030\" data-elementor-post-type=\"page\">\n\t\t\t\t\t\t<section class=\"elementor-section elementor-top-section elementor-element elementor-element-6b299eb push-top push-bottom elementor-section-boxed elementor-section-height-default elementor-section-height-default\" data-id=\"6b299eb\" data-element_type=\"section\">\r\n\t\t\r\n\t\t\t\t\t\t\t<div class=\"elementor-container elementor-column-gap-default\">\r\n\t\t\t\t\t\t\t\t\t\t\t<div class=\"elementor-column elementor-col-100 elementor-top-column elementor-element elementor-element-93ded71\" data-id=\"93ded71\" data-element_type=\"column\">\r\n\t\t\t\t\t<div class=\"elementor-widget-wrap elementor-element-populated\">\r\n\t\t\t\t\t\t\t\t<div class=\"elementor-element elementor-element-3dee0b8 mb-0 elementor-invisible elementor-widget elementor-widget-heading\" data-id=\"3dee0b8\" data-element_type=\"widget\" data-settings=\"{&quot;_animation&quot;:&quot;fadeInUp&quot;,&quot;_animation_delay&quot;:&quot;300&quot;}\" data-widget_type=\"heading.default\">\n\t\t\t\t<div class=\"elementor-widget-container\">\n\t\t\t<style>\/*! elementor - v3.21.0 - 26-05-2024 *\/\n.elementor-heading-title{padding:0;margin:0;line-height:1}.elementor-widget-heading .elementor-heading-title[class*=elementor-size-]>a{color:inherit;font-size:inherit;line-height:inherit}.elementor-widget-heading .elementor-heading-title.elementor-size-small{font-size:15px}.elementor-widget-heading .elementor-heading-title.elementor-size-medium{font-size:19px}.elementor-widget-heading .elementor-heading-title.elementor-size-large{font-size:29px}.elementor-widget-heading .elementor-heading-title.elementor-size-xl{font-size:39px}.elementor-widget-heading .elementor-heading-title.elementor-size-xxl{font-size:59px}<\/style><h2 class=\"elementor-heading-title elementor-size-default\">Como funciona a t\u00e9cnica do atlas quiropr\u00e1tico (A.O.)<\/h2>\t\t<\/div>\n\t\t\t\t<\/div>\n\t\t\t\t<div class=\"elementor-element elementor-element-9070fa7 elementor-invisible elementor-widget elementor-widget-text-editor\" data-id=\"9070fa7\" data-element_type=\"widget\" data-settings=\"{&quot;_animation&quot;:&quot;fadeInUp&quot;}\" data-widget_type=\"text-editor.default\">\n\t\t\t\t<div class=\"elementor-widget-container\">\n\t\t\t<style>\/*! elementor - v3.21.0 - 26-05-2024 *\/\n.elementor-widget-text-editor.elementor-drop-cap-view-stacked .elementor-drop-cap{background-color:#69727d;color:#fff}.elementor-widget-text-editor.elementor-drop-cap-view-framed .elementor-drop-cap{color:#69727d;border:3px solid;background-color:transparent}.elementor-widget-text-editor:not(.elementor-drop-cap-view-default) .elementor-drop-cap{margin-top:8px}.elementor-widget-text-editor:not(.elementor-drop-cap-view-default) .elementor-drop-cap-letter{width:1em;height:1em}.elementor-widget-text-editor .elementor-drop-cap{float:left;text-align:center;line-height:1;font-size:50px}.elementor-widget-text-editor .elementor-drop-cap-letter{display:inline-block}<\/style>\t\t\t\t<div class=\"uk-panel uk-margin\">\n<p><strong>Como \u00e9 que a quiropr\u00e1tica corrige os subluxa\u00e7\u00f5es vertebrais?<\/strong><\/p>\n<p>Como j\u00e1 mencion\u00e1mos, o <strong>\u201csubluxo vertebral\u201d<\/strong> \u00e9 uma condi\u00e7\u00e3o em que duas v\u00e9rtebras adjacentes se tornam desalinhadas. A compress\u00e3o dos nervos resultante pode causar problemas e dor em v\u00e1rias partes do corpo.<\/p>\n<\/div>\n<div class=\"uk-margin uk-text-center\"><img decoding=\"async\" class=\"aligncenter\" src=\"https:\/\/saba.isoladev.com\/wp-content\/uploads\/2024\/03\/sublussazione-vertebrale_en-de791cee.webp\" \/><\/div>\n<div class=\"uk-panel uk-margin\">\n<p>A <strong>quiropr\u00e1tica<\/strong> tenta resolver esse desalinhamento sem recorrer a procedimentos cir\u00fargicos invasivos ou medicamentos que tenham efeitos secund\u00e1rios por vezes graves.<\/p>\n<p><strong>Qual \u00e9 a t\u00e9cnica do atlas quiropr\u00e1tico (A.O.), oficialmente conhecida como o \u201cProcedimento Atlas Orthogonal\u201d?<\/strong><\/p>\n<p><img decoding=\"async\" class=\"alignleft\" src=\"https:\/\/saba.isoladev.com\/wp-content\/uploads\/2024\/03\/postura-corretta_en.png\" \/>Como o nome indica (a palavra Orthogonal vem das palavras gregas Orthos, que significa \u201creto\u201d, e Gonia, que significa \u201c\u00e2ngulo\u201d), a t\u00e9cnica estabelece <strong>realinhar o atlas para que possa recuperar a sua posi\u00e7\u00e3o correta, perpendicular (isto \u00e9, num \u00e2ngulo recto) \u00e0 cabe\u00e7a e \u00e0 coluna cervical<\/strong>.<\/p>\n<p>Portanto, <strong>o seu principal objetivo<\/strong> \u00e9 <strong>recuperar uma boa postura, restaurar as pernas com iguais comprimentos e trazer a cabe\u00e7a de volta para uma<\/strong> posi\u00e7\u00e3o vertical.<\/p>\n<p><strong>Como avan\u00e7a o quiropr\u00e1tico?<\/strong><\/p>\n<p><strong>ESTE \u00c9 UM TRATAMENTO INPOR, N\u00c3O <br \/> INVASIVO<\/strong> O PENSO \u00c9 solicitado primeiro ao doente que forne\u00e7a a sua hist\u00f3ria cl\u00ednica.<\/p>\n<p>O quiropr\u00e1tico realiza ent\u00e3o um exame inicial para determinar se os sintomas do paciente est\u00e3o relacionados com um atlas desalinhado. A seguir, o doente \u00e9 submetido a um exame f\u00edsico, para detetar quaisquer v\u00e9rtebras desalinhadas e compress\u00f5es nervosas dolorosas.<\/p>\n<p>Estes exames ajudam a identificar poss\u00edveis causas da dor. Os testes de imagem subsequentes fornecem um <strong>diagn\u00f3stico preciso da extens\u00e3o do subluxo<\/strong>.<\/p>\n<p>Finalmente, \u00e9 utilizado um instrumento de precis\u00e3o sofisticado, especificamente calibrado para cada paciente. Quando descansado delicadamente contra a \u00e1rea afetada do pesco\u00e7o, este instrumento transmite uma onda de choque praticamente impercet\u00edvel e completamente sem dor que realinha com precis\u00e3o o atlas.<\/p>\n<\/div>\n<div><iframe class=\" lazyloaded\" title=\"Leitor de v\u00eddeo do YouTube\" src=\"https:\/\/www.youtube.com\/embed\/8cNl3WdmKlI\" width=\"100%\" height=\"315\" frameborder=\"0\" allowfullscreen=\"allowfullscreen\" data-src=\"https:\/\/www.youtube.com\/embed\/8cNl3WdmKlI\" data-mce-fragment=\"1\"><\/iframe><\/div>\n\t\t\t\t\t\t<\/div>\n\t\t\t\t<\/div>\n\t\t\t\t\t<\/div>\r\n\t\t\t\t<\/div>\r\n\t\t\t\t\t<\/div>\r\n\t\t\t\t<\/section>\r\n\t\t\t\t<\/div>\n\t\t","protected":false},"excerpt":{"rendered":"<p>Como funciona a t\u00e9cnica do atlas quiropr\u00e1tico (A.O.) Como \u00e9 que a quiropr\u00e1tica corrige os subluxa\u00e7\u00f5es vertebrais? Como j\u00e1 mencion\u00e1mos, o \u201csubluxo vertebral\u201d \u00e9 uma condi\u00e7\u00e3o em que duas v\u00e9rtebras adjacentes se tornam desalinhadas. A compress\u00e3o dos nervos resultante pode causar problemas e dor em v\u00e1rias partes do corpo. A quiropr\u00e1tica tenta resolver esse desalinhamento [&hellip;]<\/p>\n","protected":false},"author":1,"featured_media":0,"parent":0,"menu_order":0,"comment_status":"closed","ping_status":"closed","template":"","meta":{"footnotes":""},"class_list":["post-8008","page","type-page","status-publish","hentry"],"_links":{"self":[{"href":"https:\/\/saba.isoladev.com\/pt-pt\/wp-json\/wp\/v2\/pages\/8008"}],"collection":[{"href":"https:\/\/saba.isoladev.com\/pt-pt\/wp-json\/wp\/v2\/pages"}],"about":[{"href":"https:\/\/saba.isoladev.com\/pt-pt\/wp-json\/wp\/v2\/types\/page"}],"author":[{"embeddable":true,"href":"https:\/\/saba.isoladev.com\/pt-pt\/wp-json\/wp\/v2\/users\/1"}],"replies":[{"embeddable":true,"href":"https:\/\/saba.isoladev.com\/pt-pt\/wp-json\/wp\/v2\/comments?post=8008"}],"version-history":[{"count":3,"href":"https:\/\/saba.isoladev.com\/pt-pt\/wp-json\/wp\/v2\/pages\/8008\/revisions"}],"predecessor-version":[{"id":8473,"href":"https:\/\/saba.isoladev.com\/pt-pt\/wp-json\/wp\/v2\/pages\/8008\/revisions\/8473"}],"wp:attachment":[{"href":"https:\/\/saba.isoladev.com\/pt-pt\/wp-json\/wp\/v2\/media?parent=8008"}],"curies":[{"name":"wp","href":"https:\/\/api.w.org\/{rel}","templated":true}]}}