{"id":7965,"date":"2024-03-17T16:44:05","date_gmt":"2024-03-17T16:44:05","guid":{"rendered":"https:\/\/saba.isoladev.com\/tonzes-vertigens\/"},"modified":"2024-04-29T21:01:17","modified_gmt":"2024-04-29T21:01:17","slug":"tonzes-vertigens","status":"publish","type":"page","link":"https:\/\/saba.isoladev.com\/pt-pt\/tonzes-vertigens\/","title":{"rendered":"Tonzes\/Vertigens"},"content":{"rendered":"\t\t<div data-elementor-type=\"wp-page\" data-elementor-id=\"7965\" class=\"elementor elementor-7965 elementor-7034\" data-elementor-post-type=\"page\">\n\t\t\t\t\t\t<section class=\"elementor-section elementor-top-section elementor-element elementor-element-474c644 push-top push-bottom elementor-section-boxed elementor-section-height-default elementor-section-height-default\" data-id=\"474c644\" data-element_type=\"section\">\r\n\t\t\r\n\t\t\t\t\t\t\t<div class=\"elementor-container elementor-column-gap-default\">\r\n\t\t\t\t\t\t\t\t\t\t\t<div class=\"elementor-column elementor-col-100 elementor-top-column elementor-element elementor-element-af06b1b\" data-id=\"af06b1b\" data-element_type=\"column\">\r\n\t\t\t\t\t<div class=\"elementor-widget-wrap elementor-element-populated\">\r\n\t\t\t\t\t\t\t\t<div class=\"elementor-element elementor-element-b9b58ea mb-0 elementor-invisible elementor-widget elementor-widget-heading\" data-id=\"b9b58ea\" data-element_type=\"widget\" data-settings=\"{&quot;_animation&quot;:&quot;fadeInUp&quot;,&quot;_animation_delay&quot;:&quot;300&quot;}\" data-widget_type=\"heading.default\">\n\t\t\t\t<div class=\"elementor-widget-container\">\n\t\t\t<style>\/*! elementor - v3.21.0 - 26-05-2024 *\/\n.elementor-heading-title{padding:0;margin:0;line-height:1}.elementor-widget-heading .elementor-heading-title[class*=elementor-size-]>a{color:inherit;font-size:inherit;line-height:inherit}.elementor-widget-heading .elementor-heading-title.elementor-size-small{font-size:15px}.elementor-widget-heading .elementor-heading-title.elementor-size-medium{font-size:19px}.elementor-widget-heading .elementor-heading-title.elementor-size-large{font-size:29px}.elementor-widget-heading .elementor-heading-title.elementor-size-xl{font-size:39px}.elementor-widget-heading .elementor-heading-title.elementor-size-xxl{font-size:59px}<\/style><h2 class=\"elementor-heading-title elementor-size-default\">Tonturas\\ Vertigens<\/h2>\t\t<\/div>\n\t\t\t\t<\/div>\n\t\t\t\t<div class=\"elementor-element elementor-element-832b372 elementor-invisible elementor-widget elementor-widget-text-editor\" data-id=\"832b372\" data-element_type=\"widget\" data-settings=\"{&quot;_animation&quot;:&quot;fadeInUp&quot;}\" data-widget_type=\"text-editor.default\">\n\t\t\t\t<div class=\"elementor-widget-container\">\n\t\t\t<style>\/*! elementor - v3.21.0 - 26-05-2024 *\/\n.elementor-widget-text-editor.elementor-drop-cap-view-stacked .elementor-drop-cap{background-color:#69727d;color:#fff}.elementor-widget-text-editor.elementor-drop-cap-view-framed .elementor-drop-cap{color:#69727d;border:3px solid;background-color:transparent}.elementor-widget-text-editor:not(.elementor-drop-cap-view-default) .elementor-drop-cap{margin-top:8px}.elementor-widget-text-editor:not(.elementor-drop-cap-view-default) .elementor-drop-cap-letter{width:1em;height:1em}.elementor-widget-text-editor .elementor-drop-cap{float:left;text-align:center;line-height:1;font-size:50px}.elementor-widget-text-editor .elementor-drop-cap-letter{display:inline-block}<\/style>\t\t\t\t<div class=\"uk-panel uk-margin\">\n<p lang=\"pt-PT\">Uma grande parte da popula\u00e7\u00e3o sofre de Dizziness\/Vertigo depois dos 40 anos.<\/p>\n<p>Diziness\/Vertigens, bem como enxaqueca e outros tipos de dor de cabe\u00e7a, cervicalgia e dores nas costas, podem ser causados por um desalinhamento do segmento cervical superior da coluna, como ser\u00e1 explicado mais tarde.<\/p>\n<p lang=\"pt-PT\">Tonturas \u00e9 um termo geral que descreve problemas com o equil\u00edbrio, falta de coordena\u00e7\u00e3o com andar, ou luz ou desmaio.<\/p>\n<p>Vertigens \u00e9 a sensa\u00e7\u00e3o definitiva de que o ambiente est\u00e1 a rodar em rela\u00e7\u00e3o a si pr\u00f3prio, ou que um est\u00e1 a rodar em rela\u00e7\u00e3o ao ambiente.<\/p>\n<p><img fetchpriority=\"high\" decoding=\"async\" class=\"size-medium wp-image-7549 alignleft\" src=\"https:\/\/saba.isoladev.com\/wp-content\/uploads\/2024\/04\/captivating-scanner-shots-human-pain-revealed-300x300.jpg\" alt=\"\" width=\"300\" height=\"300\" \/><\/p>\n<p lang=\"pt-PT\">Vertigens \u00e9 um sinal de um problema vestibular (estruturas do ouvido interno preocupadas com equil\u00edbrio) ou problema nervoso central (c\u00e9rebro e espinal medula) enquanto as tonturas podem ser sinal de um problema vestibular ou uma vasta gama de outros problemas (problemas cardiovasculares, neurol\u00f3gicos, visuais e psicol\u00f3gicos)<\/p>\n<p lang=\"pt-PT\">O equil\u00edbrio mant\u00e9m-se quando os sistemas vestibular, visual e proprioceptivo (relativos \u00e0 perce\u00e7\u00e3o da posi\u00e7\u00e3o corporal, postura, equil\u00edbrio e movimento) do corpo est\u00e3o bem coordenados juntos.<\/p>\n<p lang=\"pt-PT\">Estes sistemas funcionam em conjunto para manter o equil\u00edbrio e uma no\u00e7\u00e3o de onde o corpo est\u00e1 no espa\u00e7o. Sinais conflituosos entre esses sistemas, podem dar origem a tonturas ou vertigens.<\/p>\n<p lang=\"pt-PT\">O c\u00e9rebro interpreta constantemente todas as entradas do nosso sistema vestibular, visual, proprioceptivo para manter o equil\u00edbrio do nosso corpo e enviar informa\u00e7\u00e3o aos olhos ou m\u00fasculos para manter ou corrigir o nosso equil\u00edbrio.<\/p>\n<p lang=\"pt-PT\">As vertigens podem ser devidas a uma causa perif\u00e9rica (\u00e9 um termo que se refere a problemas internos do ouvido) ou uma causa central (\u00e9 um termo que se refere ao sistema nervoso central, que \u00e9 o c\u00e9rebro e a espinal medula).<\/p>\n<\/div>\n<h3 class=\"uk-h3 uk-text-primary\">Causas mais comuns de vertigens perif\u00e9ricas:<\/h3>\n<div class=\"uk-panel uk-margin\">\n<ul>\n<li>\n<p lang=\"pt-PT\">Vertigem posicional parox\u00edstica benigna (BPPV): O BPPV \u00e9 causado por pequenos cristais de carbonato de c\u00e1lcio que s\u00e3o desalojados da sua localiza\u00e7\u00e3o normal e s\u00e3o recolhidos num dos canais do ouvido interno. \u00c9 normalmente causado por traumas da cabe\u00e7a, mas tamb\u00e9m pode ser causado por degenera\u00e7\u00e3o das c\u00e9lulas do ouvido interno, descanso para a cama prolongado, cirurgia auricular ou o processo de envelhecimento. Normalmente n\u00e3o h\u00e1 perda de audi\u00e7\u00e3o. <br \/>O BPPV \u00e9 normalmente trazido pelo movimento da cabe\u00e7a e geralmente \u00e9 de curta dura\u00e7\u00e3o.<\/p>\n<\/li>\n<\/ul>\n<ul>\n<li>\n<p lang=\"pt-PT\">Neurite vestibular e labirinto: inflama\u00e7\u00e3o do nervo vestibular ou das estruturas do ouvido interno causada por bact\u00e9rias ou, mais frequentemente, por um v\u00edrus. As vertigens graves s\u00e3o normalmente acompanhadas de n\u00e1useas e v\u00f3mitos. A neurite vestibular geralmente n\u00e3o \u00e9 acompanhada por perda de audi\u00e7\u00e3o enquanto a labirite pode estar associada \u00e0 perda de audi\u00e7\u00e3o embora normalmente tempor\u00e1ria.<\/p>\n<\/li>\n<li>\n<p lang=\"pt-PT\">Doen\u00e7a de M\u00e9ni\u00e8re: a causa \u00e9 desconhecida. Grande quantidade de l\u00edquido coleta no ouvido interno. Os sintomas incluem ataques graves e s\u00fabitos de vertigens, zumbidos (zumbidos nos ouvidos), sensa\u00e7\u00e3o de enfarte no ouvido, perda auditiva tempor\u00e1ria ou permanente.<\/p>\n<\/li>\n<\/ul>\n<p><img decoding=\"async\" class=\"size-medium wp-image-7544 aligncenter\" src=\"https:\/\/saba.isoladev.com\/wp-content\/uploads\/2024\/04\/24237641_6911275-300x300.jpg\" alt=\"\" width=\"300\" height=\"300\" \/><\/p>\n<\/div>\n<h3 class=\"uk-h3 uk-text-primary\">Causas de vertigens centrais (vertigens devidas a les\u00f5es do sistema nervoso central):<\/h3>\n<div class=\"uk-panel uk-margin\">\n<ul>\n<li>\n<p lang=\"pt-PT\"><strong>vertigens relacionadas com enxaqueca<\/strong><\/p>\n<\/li>\n<li>\n<p lang=\"pt-PT\">insufici\u00eancia vertebrobasilar transit\u00f3ria: o fornecimento de sangue ao labirinto vem do sistema vertebrobasilar. Uma falha ao n\u00edvel do fornecimento de sangue ao tronco cerebral e ao nervo craniano VIII (tamb\u00e9m conhecido como nervo vestibular-coclear, que transporta a informa\u00e7\u00e3o do ouvido interno para o c\u00e9rebro e \u00e9 respons\u00e1vel tanto pela audi\u00e7\u00e3o como pelo equil\u00edbrio) pode provocar vertigens.<\/p>\n<\/li>\n<li>\n<p lang=\"pt-PT\">vertigem cervicog\u00e9nica: a vertigem cervicog\u00e9nica \u00e9 diagnosticada quando foram exclu\u00eddas outras causas de vertigens. Est\u00e1 associada a patologia do pesco\u00e7o (espondiose cervical, artrose) e \u00e9 muitas vezes causada por traumas na cabe\u00e7a, tais como acidentes com ve\u00edculos autom\u00f3veis. O movimento da cabe\u00e7a geralmente torna o sintoma pior. Muitas vezes, h\u00e1 uma sobreposi\u00e7\u00e3o entre cervicog\u00e9nicas e outras causas de vertigens perif\u00e9ricas.<\/p>\n<\/li>\n<\/ul>\n<ul>\n<li>\n<p lang=\"pt-PT\">neuroma ac\u00fastico: tumor n\u00e3o benigno do nervo vestibulococlear caracterizado por perda de audi\u00e7\u00e3o normalmente unilateral, zumbidos (zumbidos no ouvido), tonturas e vertigens. O tumor pode ser removido cirurgicamente.<\/p>\n<\/li>\n<li>\n<p lang=\"pt-PT\">Outra causa de vertigens central pode ser o AIT (ataque isqu\u00e9mico transit\u00f3rio), acidente vascular cerebral, esclerose m\u00faltipla, Parkinson.<\/p>\n<\/li>\n<\/ul>\n<\/div>\n<h3 class=\"uk-h3 uk-text-primary\">TRATAMENTO PARA VERTIGENS<\/h3>\n<div class=\"uk-panel uk-margin\">\n<p><em>UM NOVO TRATAMENTO INPOR, N\u00c3O INVASIVO: T\u00c9CNICA QUIRATLAS ORTONGONAL QUIRATICA.<\/em><\/p>\n<p>Como mencionado acima, uma das causas das tonturas\/vertigens \u00e9 um desalinhamento do cr\u00e2nio, da primeira v\u00e9rtebra cervical e do segmento cervical da coluna, levando a uma curvatura vertebral aberrante. Isto pode interferir com o delicado equil\u00edbrio entre os sistemas vestibular, visual e proprioceptivo do corpo, gerando tonturas\/vertigens.<\/p>\n<p>Al\u00e9m da fun\u00e7\u00e3o desempenhada pelo sistema vestibular na manuten\u00e7\u00e3o do equil\u00edbrio, os proprioceptores (receptores sensoriais que detectam movimento ou posi\u00e7\u00e3o do corpo) desempenham um papel importante na preserva\u00e7\u00e3o da estabilidade \u00f3tima.<\/p>\n<p>Quando a primeira v\u00e9rtebra cervical se desvia da sua posi\u00e7\u00e3o a cabe\u00e7a inclina-se. Como resultado, a coluna cervical muda, tentando contrabalan\u00e7ar e apoiar o peso da cabe\u00e7a. Isso dar\u00e1 origem a uma curvatura da coluna vertebral aberrante e numa variedade de sintomas, tais como tonturas ou vertigens, dor de cabe\u00e7a e dores nas costas.<\/p>\n<p lang=\"pt-PT\">Este esfor\u00e7o cont\u00ednuo vai criar um stress mec\u00e2nico e uma tens\u00e3o em todo o corpo, e pode dar origem a uma variedade de sintomas tais como dor de cabe\u00e7a, vertigens\\ tonturas, dor nas costas.<\/p>\n<p lang=\"pt-PT\">O sistema nervoso consiste no c\u00e9rebro, na espinal medula e nos nervos espinais. O sistema nervoso controla, regula e afeta todas as fun\u00e7\u00f5es do corpo.<\/p>\n<p>Existem espa\u00e7os entre cada v\u00e9rtebra permitindo que os nervos, que s\u00e3o extens\u00f5es da espinal medula, abastecem e liguem todas as partes do corpo humano.<\/p>\n<p>Quando a coluna vertebral est\u00e1 desalinhada, o sistema nervoso n\u00e3o consegue funcionar como devia, levando assim a uma variedade de sintomas e doen\u00e7as.<\/p>\n<p lang=\"pt-PT\">Anos de investiga\u00e7\u00e3o cl\u00ednica mostraram que muitos dos problemas associados ao desalinhamento da coluna e as suas consequ\u00eancias podem estar associadas ao atlas v\u00e9rtebra, o osso cervical superior no pesco\u00e7o.<\/p>\n<p>H\u00e1 mais de meio s\u00e9culo, esta t\u00e9cnica foi utilizada com sucesso na Am\u00e9rica do Norte para o tratamento de vertigens e tonturas<\/p>\n<p>Com um reposicionamento do segmento cervical da coluna no seu alinhamento adequado, o resto da coluna vertebral entra em melhor posicionamento biomec\u00e2nico e o stress da coluna vai diminuir gradualmente. <br \/>Isso \u00e9 feito ap\u00f3s uma an\u00e1lise precisa com c\u00e1lculo matem\u00e1tico. Com a ajuda de um instrumento especial, a coluna cervical \u00e9 corrigida de forma indolor e n\u00e3o invasiva. <br \/>Este tratamento \u00fanico, especificamente adaptado para cada doente, tem grandes vantagens: evitar todos os riscos associados a cirurgia e os efeitos secund\u00e1rios da medica\u00e7\u00e3o.<\/p>\n<p>Muitas vezes escondida por outras formas concomitantes de vertigens, a vertigem \u201ccervicog\u00e9nica\u201d, quando tratada com esta abordagem inovadora, provoca uma grande melhoria dos sintomas vertiginosos como um todo.<\/p>\n<p>-O tratamento para a vertigem posicional parox\u00edstica benigna (BPPV) consiste numa s\u00e9rie de movimentos da cabe\u00e7a e do corpo para mover os cristais de carbonato de c\u00e1lcio para fora do canal.<\/p>\n<p>\u2014 A neurite vestibular e a labirinto normalmente resolvem sozinhos com o descanso. No caso de infec\u00e7\u00e3o bacteriana, s\u00e3o prescritos antibi\u00f3ticos. Se a infe\u00e7\u00e3o for viral, podem ser prescritos sedativos ou anti-histam\u00ednicos. A reabilita\u00e7\u00e3o vestibular (exerc\u00edcio de retreinamento para recuperar o equil\u00edbrio) tamb\u00e9m pode ajudar a aliviar os sintomas.<\/p>\n<p>\u2014 No caso do s\u00edndrome de M\u00e9ni\u00e8re podem ser prescritos sedativos ou anti-histam\u00ednicos e a reabilita\u00e7\u00e3o vestibular (exerc\u00edcio de retreino para recuperar o equil\u00edbrio) pode ajudar a aliviar os sintomas.<\/p>\n<\/div>\n\t\t\t\t\t\t<\/div>\n\t\t\t\t<\/div>\n\t\t\t\t\t<\/div>\r\n\t\t\t\t<\/div>\r\n\t\t\t\t\t<\/div>\r\n\t\t\t\t<\/section>\r\n\t\t\t\t<\/div>\n\t\t","protected":false},"excerpt":{"rendered":"<p>Tonturas Vertigens Uma grande parte da popula\u00e7\u00e3o sofre de Dizziness\/Vertigo depois dos 40 anos. Diziness\/Vertigens, bem como enxaqueca e outros tipos de dor de cabe\u00e7a, cervicalgia e dores nas costas, podem ser causados por um desalinhamento do segmento cervical superior da coluna, como ser\u00e1 explicado mais tarde. Tonturas \u00e9 um termo geral que descreve problemas [&hellip;]<\/p>\n","protected":false},"author":1,"featured_media":0,"parent":0,"menu_order":0,"comment_status":"closed","ping_status":"closed","template":"","meta":{"footnotes":""},"class_list":["post-7965","page","type-page","status-publish","hentry"],"_links":{"self":[{"href":"https:\/\/saba.isoladev.com\/pt-pt\/wp-json\/wp\/v2\/pages\/7965"}],"collection":[{"href":"https:\/\/saba.isoladev.com\/pt-pt\/wp-json\/wp\/v2\/pages"}],"about":[{"href":"https:\/\/saba.isoladev.com\/pt-pt\/wp-json\/wp\/v2\/types\/page"}],"author":[{"embeddable":true,"href":"https:\/\/saba.isoladev.com\/pt-pt\/wp-json\/wp\/v2\/users\/1"}],"replies":[{"embeddable":true,"href":"https:\/\/saba.isoladev.com\/pt-pt\/wp-json\/wp\/v2\/comments?post=7965"}],"version-history":[{"count":3,"href":"https:\/\/saba.isoladev.com\/pt-pt\/wp-json\/wp\/v2\/pages\/7965\/revisions"}],"predecessor-version":[{"id":8462,"href":"https:\/\/saba.isoladev.com\/pt-pt\/wp-json\/wp\/v2\/pages\/7965\/revisions\/8462"}],"wp:attachment":[{"href":"https:\/\/saba.isoladev.com\/pt-pt\/wp-json\/wp\/v2\/media?parent=7965"}],"curies":[{"name":"wp","href":"https:\/\/api.w.org\/{rel}","templated":true}]}}