{"id":7943,"date":"2024-03-17T16:37:12","date_gmt":"2024-03-17T16:37:12","guid":{"rendered":"https:\/\/saba.isoladev.com\/alinhamento-quiropratico\/"},"modified":"2024-04-29T21:01:17","modified_gmt":"2024-04-29T21:01:17","slug":"alinhamento-quiropratico","status":"publish","type":"page","link":"https:\/\/saba.isoladev.com\/pt-pt\/alinhamento-quiropratico\/","title":{"rendered":"Alinhamento quiropr\u00e1tico"},"content":{"rendered":"\t\t<div data-elementor-type=\"wp-page\" data-elementor-id=\"7943\" class=\"elementor elementor-7943 elementor-7020\" data-elementor-post-type=\"page\">\n\t\t\t\t\t\t<section class=\"elementor-section elementor-top-section elementor-element elementor-element-3b81b3b push-top push-bottom elementor-section-boxed elementor-section-height-default elementor-section-height-default\" data-id=\"3b81b3b\" data-element_type=\"section\">\r\n\t\t\r\n\t\t\t\t\t\t\t<div class=\"elementor-container elementor-column-gap-default\">\r\n\t\t\t\t\t\t\t\t\t\t\t<div class=\"elementor-column elementor-col-100 elementor-top-column elementor-element elementor-element-d8ac63d\" data-id=\"d8ac63d\" data-element_type=\"column\">\r\n\t\t\t\t\t<div class=\"elementor-widget-wrap elementor-element-populated\">\r\n\t\t\t\t\t\t\t\t<div class=\"elementor-element elementor-element-a15e5e8 mb-0 elementor-invisible elementor-widget elementor-widget-heading\" data-id=\"a15e5e8\" data-element_type=\"widget\" data-settings=\"{&quot;_animation&quot;:&quot;fadeInUp&quot;,&quot;_animation_delay&quot;:&quot;300&quot;}\" data-widget_type=\"heading.default\">\n\t\t\t\t<div class=\"elementor-widget-container\">\n\t\t\t<style>\/*! elementor - v3.21.0 - 26-05-2024 *\/\n.elementor-heading-title{padding:0;margin:0;line-height:1}.elementor-widget-heading .elementor-heading-title[class*=elementor-size-]>a{color:inherit;font-size:inherit;line-height:inherit}.elementor-widget-heading .elementor-heading-title.elementor-size-small{font-size:15px}.elementor-widget-heading .elementor-heading-title.elementor-size-medium{font-size:19px}.elementor-widget-heading .elementor-heading-title.elementor-size-large{font-size:29px}.elementor-widget-heading .elementor-heading-title.elementor-size-xl{font-size:39px}.elementor-widget-heading .elementor-heading-title.elementor-size-xxl{font-size:59px}<\/style><h2 class=\"elementor-heading-title elementor-size-default\">Benef\u00edcios do alinhamento quiropr\u00e1tico<\/h2>\t\t<\/div>\n\t\t\t\t<\/div>\n\t\t\t\t<div class=\"elementor-element elementor-element-e367313 elementor-invisible elementor-widget elementor-widget-text-editor\" data-id=\"e367313\" data-element_type=\"widget\" data-settings=\"{&quot;_animation&quot;:&quot;fadeInUp&quot;}\" data-widget_type=\"text-editor.default\">\n\t\t\t\t<div class=\"elementor-widget-container\">\n\t\t\t<style>\/*! elementor - v3.21.0 - 26-05-2024 *\/\n.elementor-widget-text-editor.elementor-drop-cap-view-stacked .elementor-drop-cap{background-color:#69727d;color:#fff}.elementor-widget-text-editor.elementor-drop-cap-view-framed .elementor-drop-cap{color:#69727d;border:3px solid;background-color:transparent}.elementor-widget-text-editor:not(.elementor-drop-cap-view-default) .elementor-drop-cap{margin-top:8px}.elementor-widget-text-editor:not(.elementor-drop-cap-view-default) .elementor-drop-cap-letter{width:1em;height:1em}.elementor-widget-text-editor .elementor-drop-cap{float:left;text-align:center;line-height:1;font-size:50px}.elementor-widget-text-editor .elementor-drop-cap-letter{display:inline-block}<\/style>\t\t\t\t<p>Com o passar dos anos, o alinhamento quiropr\u00e1tico dos subluxa\u00e7\u00f5es vertebrais obteve <strong>resultados extremamente positivos e muitas vezes decisivos<\/strong>, por exemplo no tratamento de <strong>problemas da inf\u00e2ncia<\/strong>, na melhoria da qualidade de vida das <strong>pessoas com mais de 65 anos<\/strong> que sofrem de <strong>osteoartrose<\/strong>, e no tratamento de uma variedade de <strong>patologias<\/strong> geralmente n\u00e3o consideradas o dom\u00ednio dos quiropr\u00e1ticos.<\/p>\n<p><img fetchpriority=\"high\" decoding=\"async\" class=\"alignright wp-image-7384\" src=\"https:\/\/saba.isoladev.com\/wp-content\/uploads\/2024\/04\/column_1.jpg\" alt=\"\" width=\"348\" height=\"450\" \/><\/p>\n<p><strong><strong>Tais resultados, portanto, v\u00e3o para al\u00e9m do tratamento tradicional de <strong>condi\u00e7\u00f5es neuromusculares e esquel\u00e9ticas<\/strong> (lombalgia, dor no pesco\u00e7o, etc.), <strong>vertigens<\/strong> e outras formas de <strong>desequil\u00edbrio<\/strong> <strong>postural<\/strong>, <strong>disfun\u00e7\u00e3o articular temporomandibular<\/strong> e numerosos casos de enxaqueca e outro tipo de cefaleia.<\/strong><\/strong><\/p>\n<p>A import\u00e2ncia do alinhamento quiropr\u00e1tico do atlas no tratamento da hipertens\u00e3o foi recentemente defendida pelo \u201cJournal of Human Hipertension\u201d (como relatado no Corriere della Sera, em 29\/04\/07).<\/p>\n<p>Isto \u00e9 um reconhecimento importante para quiropr\u00e1tica, que atesta a sua efic\u00e1cia para al\u00e9m do simples tratamento da dor de costas e pesco\u00e7o.<\/p>\n<p><strong>Outra prova da validade desta t\u00e9cnica pode ser encontrada na pesquisa m\u00e9dico-cient\u00edfica publicada no \u201cJournal of Whiplash &amp; related disorders\u201d, Vol.5 (1) 2006 (Med-Index Journal), que revela os resultados ben\u00e9ficos da t\u00e9cnica atlas quiropractic (A.O.) na dor cervical causada por acidentes de via\u00e7\u00e3o.<\/strong><\/p>\n<p><strong>Nestas, como em muitas outras patologias, a t\u00e9cnica do atlas quiropr\u00e1tico (A.O.) provou ser extremamente \u00fatil.<\/strong><\/p>\n\t\t\t\t\t\t<\/div>\n\t\t\t\t<\/div>\n\t\t\t\t\t<\/div>\r\n\t\t\t\t<\/div>\r\n\t\t\t\t\t<\/div>\r\n\t\t\t\t<\/section>\r\n\t\t\t\t<\/div>\n\t\t","protected":false},"excerpt":{"rendered":"<p>Benef\u00edcios do alinhamento quiropr\u00e1tico Com o passar dos anos, o alinhamento quiropr\u00e1tico dos subluxa\u00e7\u00f5es vertebrais obteve resultados extremamente positivos e muitas vezes decisivos, por exemplo no tratamento de problemas da inf\u00e2ncia, na melhoria da qualidade de vida das pessoas com mais de 65 anos que sofrem de osteoartrose, e no tratamento de uma variedade de [&hellip;]<\/p>\n","protected":false},"author":1,"featured_media":0,"parent":0,"menu_order":0,"comment_status":"closed","ping_status":"closed","template":"","meta":{"footnotes":""},"class_list":["post-7943","page","type-page","status-publish","hentry"],"_links":{"self":[{"href":"https:\/\/saba.isoladev.com\/pt-pt\/wp-json\/wp\/v2\/pages\/7943"}],"collection":[{"href":"https:\/\/saba.isoladev.com\/pt-pt\/wp-json\/wp\/v2\/pages"}],"about":[{"href":"https:\/\/saba.isoladev.com\/pt-pt\/wp-json\/wp\/v2\/types\/page"}],"author":[{"embeddable":true,"href":"https:\/\/saba.isoladev.com\/pt-pt\/wp-json\/wp\/v2\/users\/1"}],"replies":[{"embeddable":true,"href":"https:\/\/saba.isoladev.com\/pt-pt\/wp-json\/wp\/v2\/comments?post=7943"}],"version-history":[{"count":3,"href":"https:\/\/saba.isoladev.com\/pt-pt\/wp-json\/wp\/v2\/pages\/7943\/revisions"}],"predecessor-version":[{"id":8456,"href":"https:\/\/saba.isoladev.com\/pt-pt\/wp-json\/wp\/v2\/pages\/7943\/revisions\/8456"}],"wp:attachment":[{"href":"https:\/\/saba.isoladev.com\/pt-pt\/wp-json\/wp\/v2\/media?parent=7943"}],"curies":[{"name":"wp","href":"https:\/\/api.w.org\/{rel}","templated":true}]}}