{"id":7921,"date":"2024-03-17T16:41:27","date_gmt":"2024-03-17T16:41:27","guid":{"rendered":"https:\/\/saba.isoladev.com\/principios-basicos-de-a-o\/"},"modified":"2024-04-29T21:01:17","modified_gmt":"2024-04-29T21:01:17","slug":"principios-basicos-de-a-o","status":"publish","type":"page","link":"https:\/\/saba.isoladev.com\/pt-pt\/principios-basicos-de-a-o\/","title":{"rendered":"Princ\u00edpios B\u00e1sicos De A.O."},"content":{"rendered":"\t\t<div data-elementor-type=\"wp-page\" data-elementor-id=\"7921\" class=\"elementor elementor-7921 elementor-7029\" data-elementor-post-type=\"page\">\n\t\t\t\t\t\t<section class=\"elementor-section elementor-top-section elementor-element elementor-element-c1f31bf push-top push-bottom elementor-section-boxed elementor-section-height-default elementor-section-height-default\" data-id=\"c1f31bf\" data-element_type=\"section\" data-settings=\"{&quot;animation&quot;:&quot;none&quot;}\">\r\n\t\t\r\n\t\t\t\t\t\t\t<div class=\"elementor-container elementor-column-gap-default\">\r\n\t\t\t\t\t\t\t\t\t\t\t<div class=\"elementor-column elementor-col-100 elementor-top-column elementor-element elementor-element-855b9da\" data-id=\"855b9da\" data-element_type=\"column\">\r\n\t\t\t\t\t<div class=\"elementor-widget-wrap elementor-element-populated\">\r\n\t\t\t\t\t\t\t\t<div class=\"elementor-element elementor-element-c882211 mb-0 elementor-invisible elementor-widget elementor-widget-heading\" data-id=\"c882211\" data-element_type=\"widget\" data-settings=\"{&quot;_animation&quot;:&quot;fadeInUp&quot;,&quot;_animation_delay&quot;:&quot;300&quot;}\" data-widget_type=\"heading.default\">\n\t\t\t\t<div class=\"elementor-widget-container\">\n\t\t\t<style>\/*! elementor - v3.21.0 - 26-05-2024 *\/\n.elementor-heading-title{padding:0;margin:0;line-height:1}.elementor-widget-heading .elementor-heading-title[class*=elementor-size-]>a{color:inherit;font-size:inherit;line-height:inherit}.elementor-widget-heading .elementor-heading-title.elementor-size-small{font-size:15px}.elementor-widget-heading .elementor-heading-title.elementor-size-medium{font-size:19px}.elementor-widget-heading .elementor-heading-title.elementor-size-large{font-size:29px}.elementor-widget-heading .elementor-heading-title.elementor-size-xl{font-size:39px}.elementor-widget-heading .elementor-heading-title.elementor-size-xxl{font-size:59px}<\/style><h2 class=\"elementor-heading-title elementor-size-default\">Princ\u00edpios b\u00e1sicos da nova t\u00e9cnica do atlas quiropr\u00e1tico (A.O.)<\/h2>\t\t<\/div>\n\t\t\t\t<\/div>\n\t\t\t\t<div class=\"elementor-element elementor-element-4443ea1 elementor-invisible elementor-widget elementor-widget-text-editor\" data-id=\"4443ea1\" data-element_type=\"widget\" data-settings=\"{&quot;_animation&quot;:&quot;fadeInUp&quot;}\" data-widget_type=\"text-editor.default\">\n\t\t\t\t<div class=\"elementor-widget-container\">\n\t\t\t<style>\/*! elementor - v3.21.0 - 26-05-2024 *\/\n.elementor-widget-text-editor.elementor-drop-cap-view-stacked .elementor-drop-cap{background-color:#69727d;color:#fff}.elementor-widget-text-editor.elementor-drop-cap-view-framed .elementor-drop-cap{color:#69727d;border:3px solid;background-color:transparent}.elementor-widget-text-editor:not(.elementor-drop-cap-view-default) .elementor-drop-cap{margin-top:8px}.elementor-widget-text-editor:not(.elementor-drop-cap-view-default) .elementor-drop-cap-letter{width:1em;height:1em}.elementor-widget-text-editor .elementor-drop-cap{float:left;text-align:center;line-height:1;font-size:50px}.elementor-widget-text-editor .elementor-drop-cap-letter{display:inline-block}<\/style>\t\t\t\t<div class=\"uk-panel uk-margin\">\n<p><strong>Quais s\u00e3o os princ\u00edpios anat\u00f4micos e funcionais subjacentes \u00e0 nova t\u00e9cnica <br \/> \u201csuave\u201d do atlas quiropr\u00e1tico?<\/strong><\/p>\n<\/div>\n<div class=\"uk-panel uk-margin\">\n<p><img decoding=\"async\" class=\"alignleft\" src=\"https:\/\/saba.isoladev.com\/wp-content\/uploads\/2024\/03\/atlante-142x300-1.png\" \/>Tal como o <strong>Atlas<\/strong>, a figura da mitologia grega condenada pelo Jove a carregar o mundo aos ombros, a v\u00e9rtebra superior da nossa coluna, conhecida pelo mesmo nome, apoia o cr\u00e2nio, que liga ao resto da coluna. <strong><em>Se considerarmos que o atlas tem de suportar o peso do cr\u00e2nio (entre 4 e 7 kg), <strong><em>\u00e9 f\u00e1cil entender os efeitos do seu subluxo pode<\/em><\/strong> hav e.<\/em><\/strong><\/p>\n<\/div>\n<div class=\"uk-panel uk-margin\"><img decoding=\"async\" class=\"alignright\" src=\"https:\/\/saba.isoladev.com\/wp-content\/uploads\/2024\/03\/cranio.png\" \/><\/p>\n<p><strong>Al\u00e9m disso, quando consideramos a <strong>proximidade do atlas v\u00e9rtebra com o c\u00e9rebro (e as passagens<\/strong> e vindas cont\u00ednuas dos impulsos nervosos) e a alta mobilidade do t.<\/strong><\/p>\n<p>ele a coluna cervical superior (tornando-a mais suscet\u00edvel ao subluxo do que o resto), um grande n\u00famero de dores por todo o corpo \u2014 na verdade, mais do que se poderia esperar \u2014 pode ser atribu\u00eddo ao desalinhamento da v\u00e9rtebra do atlas. <img decoding=\"async\" class=\"aligncenter\" src=\"https:\/\/saba.isoladev.com\/wp-content\/uploads\/2024\/03\/posizione-atlante_en-0d510c34.webp\" \/><\/p>\n<p>O <em><strong>acidente de condu\u00e7\u00e3o que paralisou o Christopher Reeve (Super-Homem)<\/strong><\/em> d\u00e1 uma boa compreens\u00e3o da import\u00e2ncia desta se\u00e7\u00e3o da coluna. O ator falecido sofreu <strong>les\u00f5es na coluna cervical<\/strong> que resultaram na <strong>perda das fun\u00e7\u00f5es motoras e sensoriais abaixo dos ombros e<\/strong> na necessidade de ventila\u00e7\u00e3o mec\u00e2nica. Na verdade, quanto maior a les\u00e3o vertebral, maior a extens\u00e3o dos danos. No caso de Christopher Reeve, uma les\u00e3o inferior ter-lhe-ia permitido o uso dos seus bra\u00e7os e m\u00e3os, bem como a respira\u00e7\u00e3o espont\u00e2nea.<\/p>\n<p>Um atlas derrapado e o desalinhamento resultante com o resto da coluna vertebral, desloca a posi\u00e7\u00e3o da cabe\u00e7a para longe da sua posi\u00e7\u00e3o vertical adequada.<\/p>\n<p>Em resultado do atlas derrapado (a <strong>v\u00e9rtebra cervical superior, C1),<\/strong> todo o corpo \u00e9 ent\u00e3o progressivamente torcido. Essencialmente, este processo degenerativo pode ser comparado, como mencionado acima, com o movimento de uma grande corrente met\u00e1lica a balan\u00e7ar livremente na posi\u00e7\u00e3o vertical: quando o primeiro elo (nomeadamente, o atlas da coluna) est\u00e1 torcido, cada elo subsequente roda em conformidade, perturbando assim o resto da corrente.<\/p>\n<p>Isso leva a um desequil\u00edbrio postural gradual e crescente, \u00e0 medida que o corpo tenta: a) compensar manter o seu centro de gravidade; b) trazer a cabe\u00e7a de volta para uma posi\u00e7\u00e3o vertical em compara\u00e7\u00e3o com os p\u00e9s e a coluna.<\/p>\n<p><strong>Pernas de comprimento diferente?<\/strong><\/p>\n<p>Durante os exames, os quiropr\u00e1ticos v\u00e3o descobrir que esta tor\u00e7\u00e3o do esqueleto fez com que <strong>uma perna pare\u00e7a mais curta que a outra<\/strong>. No entanto, vale a pena notar que na maioria dos casos uma perna n\u00e3o \u00e9 realmente mais curta mas \u00e9 curta devido \u00e0 compensa\u00e7\u00e3o do corpo para o atlas deslocado.<\/p>\n<\/div>\n<div class=\"uk-margin uk-text-center\"><img decoding=\"async\" class=\"aligncenter\" src=\"https:\/\/saba.isoladev.com\/wp-content\/uploads\/2024\/03\/due-gambe-due-misure_en-17a68cca.webp\" \/><\/div>\n\t\t\t\t\t\t<\/div>\n\t\t\t\t<\/div>\n\t\t\t\t\t<\/div>\r\n\t\t\t\t<\/div>\r\n\t\t\t\t\t<\/div>\r\n\t\t\t\t<\/section>\r\n\t\t\t\t<\/div>\n\t\t","protected":false},"excerpt":{"rendered":"<p>Princ\u00edpios b\u00e1sicos da nova t\u00e9cnica do atlas quiropr\u00e1tico (A.O.) Quais s\u00e3o os princ\u00edpios anat\u00f4micos e funcionais subjacentes \u00e0 nova t\u00e9cnica \u201csuave\u201d do atlas quiropr\u00e1tico? Tal como o Atlas, a figura da mitologia grega condenada pelo Jove a carregar o mundo aos ombros, a v\u00e9rtebra superior da nossa coluna, conhecida pelo mesmo nome, apoia o cr\u00e2nio, [&hellip;]<\/p>\n","protected":false},"author":1,"featured_media":0,"parent":0,"menu_order":0,"comment_status":"closed","ping_status":"closed","template":"","meta":{"footnotes":""},"class_list":["post-7921","page","type-page","status-publish","hentry"],"_links":{"self":[{"href":"https:\/\/saba.isoladev.com\/pt-pt\/wp-json\/wp\/v2\/pages\/7921"}],"collection":[{"href":"https:\/\/saba.isoladev.com\/pt-pt\/wp-json\/wp\/v2\/pages"}],"about":[{"href":"https:\/\/saba.isoladev.com\/pt-pt\/wp-json\/wp\/v2\/types\/page"}],"author":[{"embeddable":true,"href":"https:\/\/saba.isoladev.com\/pt-pt\/wp-json\/wp\/v2\/users\/1"}],"replies":[{"embeddable":true,"href":"https:\/\/saba.isoladev.com\/pt-pt\/wp-json\/wp\/v2\/comments?post=7921"}],"version-history":[{"count":3,"href":"https:\/\/saba.isoladev.com\/pt-pt\/wp-json\/wp\/v2\/pages\/7921\/revisions"}],"predecessor-version":[{"id":8450,"href":"https:\/\/saba.isoladev.com\/pt-pt\/wp-json\/wp\/v2\/pages\/7921\/revisions\/8450"}],"wp:attachment":[{"href":"https:\/\/saba.isoladev.com\/pt-pt\/wp-json\/wp\/v2\/media?parent=7921"}],"curies":[{"name":"wp","href":"https:\/\/api.w.org\/{rel}","templated":true}]}}