{"id":7911,"date":"2024-03-17T16:44:29","date_gmt":"2024-03-17T16:44:29","guid":{"rendered":"https:\/\/saba.isoladev.com\/lombalgia\/"},"modified":"2024-04-29T21:01:17","modified_gmt":"2024-04-29T21:01:17","slug":"lombalgia","status":"publish","type":"page","link":"https:\/\/saba.isoladev.com\/pt-pt\/lombalgia\/","title":{"rendered":"Lombalgia"},"content":{"rendered":"\t\t<div data-elementor-type=\"wp-page\" data-elementor-id=\"7911\" class=\"elementor elementor-7911 elementor-7035\" data-elementor-post-type=\"page\">\n\t\t\t\t\t\t<section class=\"elementor-section elementor-top-section elementor-element elementor-element-add85dd push-top push-bottom elementor-section-boxed elementor-section-height-default elementor-section-height-default elementor-invisible\" data-id=\"add85dd\" data-element_type=\"section\" data-settings=\"{&quot;animation&quot;:&quot;fadeIn&quot;}\">\r\n\t\t\r\n\t\t\t\t\t\t\t<div class=\"elementor-container elementor-column-gap-default\">\r\n\t\t\t\t\t\t\t\t\t\t\t<div class=\"elementor-column elementor-col-100 elementor-top-column elementor-element elementor-element-7c0fb37\" data-id=\"7c0fb37\" data-element_type=\"column\">\r\n\t\t\t\t\t<div class=\"elementor-widget-wrap elementor-element-populated\">\r\n\t\t\t\t\t\t\t\t<div class=\"elementor-element elementor-element-eeacd87 mb-0 elementor-invisible elementor-widget elementor-widget-heading\" data-id=\"eeacd87\" data-element_type=\"widget\" data-settings=\"{&quot;_animation&quot;:&quot;fadeInUp&quot;,&quot;_animation_delay&quot;:&quot;300&quot;}\" data-widget_type=\"heading.default\">\n\t\t\t\t<div class=\"elementor-widget-container\">\n\t\t\t<style>\/*! elementor - v3.21.0 - 26-05-2024 *\/\n.elementor-heading-title{padding:0;margin:0;line-height:1}.elementor-widget-heading .elementor-heading-title[class*=elementor-size-]>a{color:inherit;font-size:inherit;line-height:inherit}.elementor-widget-heading .elementor-heading-title.elementor-size-small{font-size:15px}.elementor-widget-heading .elementor-heading-title.elementor-size-medium{font-size:19px}.elementor-widget-heading .elementor-heading-title.elementor-size-large{font-size:29px}.elementor-widget-heading .elementor-heading-title.elementor-size-xl{font-size:39px}.elementor-widget-heading .elementor-heading-title.elementor-size-xxl{font-size:59px}<\/style><h2 class=\"elementor-heading-title elementor-size-default\">Lombalgia<\/h2>\t\t<\/div>\n\t\t\t\t<\/div>\n\t\t\t\t<div class=\"elementor-element elementor-element-ca3b40b elementor-invisible elementor-widget elementor-widget-text-editor\" data-id=\"ca3b40b\" data-element_type=\"widget\" data-settings=\"{&quot;_animation&quot;:&quot;fadeInUp&quot;}\" data-widget_type=\"text-editor.default\">\n\t\t\t\t<div class=\"elementor-widget-container\">\n\t\t\t<style>\/*! elementor - v3.21.0 - 26-05-2024 *\/\n.elementor-widget-text-editor.elementor-drop-cap-view-stacked .elementor-drop-cap{background-color:#69727d;color:#fff}.elementor-widget-text-editor.elementor-drop-cap-view-framed .elementor-drop-cap{color:#69727d;border:3px solid;background-color:transparent}.elementor-widget-text-editor:not(.elementor-drop-cap-view-default) .elementor-drop-cap{margin-top:8px}.elementor-widget-text-editor:not(.elementor-drop-cap-view-default) .elementor-drop-cap-letter{width:1em;height:1em}.elementor-widget-text-editor .elementor-drop-cap{float:left;text-align:center;line-height:1;font-size:50px}.elementor-widget-text-editor .elementor-drop-cap-letter{display:inline-block}<\/style>\t\t\t\t<div class=\"uk-panel uk-margin\">\n<p>As dores nas costas e as dores de cabe\u00e7a s\u00e3o respons\u00e1veis pela maioria das visitas de m\u00e9dico. Aproximadamente 80 por cento das pessoas v\u00e3o sofrer de dores nas costas no decurso da sua vida. Alguns casos de dor nas costas podem ser devidos a desalinhamento do segmento cervical superior da coluna. Os epis\u00f3dios de dor lombar aguda \u00e0s vezes podem resolver dentro de algumas semanas por si s\u00f3, mas podem recorrer-se e a dor nas costas pode, portanto, tornar-se cr\u00f3nica. <br \/>A dor nas costas \u00e9 considerada cr\u00f3nica quando dura mais de tr\u00eas meses.<\/p>\n<p>As dores nas costas podem ser vagas ou bem definidas, agu\u00e7adas ou aborrecidas, queimadas, esfaqueadas ou doridas. Pode irradiar para as n\u00e1degas e descer a perna (ci\u00e1tica).<\/p>\n<p>As dores nas costas podem come\u00e7ar de repente ou desenvolver-se gradualmente.<\/p>\n<p><img fetchpriority=\"high\" decoding=\"async\" class=\"wp-image-7420 alignnone\" src=\"https:\/\/saba.isoladev.com\/wp-content\/uploads\/2024\/04\/spine_vertebrae_1-300x300.jpg\" alt=\"\" width=\"312\" height=\"312\" \/><\/div>\n<p>\u00a0<\/p>\n<h3 class=\"uk-h3 uk-text-primary\" style=\"text-align: left;\">Origem da dor nas costas<\/h3>\n<div class=\"uk-panel uk-margin\">\n<p>A dor nas costas \u00e9 multifatorial e a sua origem \u00e9 muitas vezes dif\u00edcil de identificar. \u00c9 frequentemente devido a estirpes, traumas, stress, les\u00f5es excessivas de ligamentos ou articula\u00e7\u00f5es e les\u00f5es discais. O processo de dor que \u00e9 ent\u00e3o iniciado \u00e9 agravado por uma resposta inflamat\u00f3ria.<\/p>\n<p>Algumas das causas que vamos discutir podem estar relacionadas com um desalinhamento do cr\u00e2nio, a primeira v\u00e9rtebra cervical e o segmento cervical que leva a uma curvatura espinal aberrante.<\/p>\n<p>\u00a0<\/p>\n<\/div>\n<h3 class=\"uk-h3 uk-text-primary\">Fontes mais comuns de dores nas costas:<\/h3>\n<div class=\"uk-panel uk-margin\">\n<ul>\n<li>processo degenerativo devido ao envelhecimento<\/li>\n<li>rasgadura de disco intervertebral<\/li>\n<li>s\u00edndrome faceta<\/li>\n<li>fracturas vertebrais<\/li>\n<li>mec\u00e2nica corporal impr\u00f3pria<\/li>\n<li>Estenose da coluna (estreitamento do canal espinal, normalmente de artrose)<\/li>\n<li>espondilite anquilosante<\/li>\n<li>[*] infec\u00e7\u00f5es, cancro, s\u00edndrome da cauda equina. <br \/>O s\u00edndrome de Cauda equina \u00e9 causado pela press\u00e3o nos nervos no fundo da espinal medula. Este s\u00edndrome pode causar dor lombar, disfun\u00e7\u00e3o intestinal e bexiga, dorm\u00eancia na zona da sela (sobre os genitais, \u00e2nus e interior das coxas, e fraqueza\/dor numa ou nas duas pernas (ci\u00e1tica)<\/li>\n<li>[*] A infe\u00e7\u00e3o renal ou as pedras nos rins podem causar dor nas costas logo abaixo da gaiola costela<\/li>\n<li>[*] aneurisma da aorta anormal \u00e9 normalmente sentido nas costas baixas e tem uma qualidade profunda e aborrecida<\/li>\n<\/ul>\n<p>[*] Estas causas representam uma percentagem muito baixa de casos de dores nas costas mas s\u00e3o doen\u00e7as graves para as quais as pessoas devem procurar tratamento m\u00e9dico imediato.<\/p>\n<p>As dores nas costas tamb\u00e9m podem ser influenciadas pela depress\u00e3o, ter excesso de peso ou fadiga. Estas condi\u00e7\u00f5es podem ter um impacto negativo na perce\u00e7\u00e3o individual da dor e resposta ao tratamento.<\/p>\n<p>Gravidez, stress, mau estado f\u00edsico, postura inapropriada para a atividade que est\u00e1 a ser desempenhada, levantar pesos pesados e uma m\u00e1 posi\u00e7\u00e3o de dormir tamb\u00e9m podem contribuir para dores nas costas.<\/p>\n<\/div>\n<h3 class=\"uk-h3 uk-text-primary\">TRATAMENTO PARA DORES NAS COSTAS: UM NOVO TRATAMENTO N\u00c3O DOLOROSO, N\u00c3O INVASIVO PARA DORES NAS COSTAS: T\u00c9CNICA QUIROPR\u00c1TICA ORTOGONAL<\/h3>\n<div class=\"uk-panel uk-margin\">\n<p>\u00a0<\/p>\n<p><img decoding=\"async\" class=\"size-medium wp-image-7573 alignleft\" src=\"https:\/\/saba.isoladev.com\/wp-content\/uploads\/2024\/04\/3d-female-medical-figure-with-neck-back-bones-highlighted-231x300.jpg\" alt=\"\" width=\"231\" height=\"300\" \/><\/p>\n<p>Como mencionado acima, uma das causas das dores nas costas \u00e9 um desalinhamento do segmento superior da coluna vertebral que, por sua vez, pode dar origem a uma curvatura da coluna vertebral aberrante.<\/p>\n<\/div>\n<div class=\"uk-panel uk-margin\">\n<p>Quando a primeira v\u00e9rtebra cervical se desvia da sua posi\u00e7\u00e3o, a cabe\u00e7a inclina-se. Como consequ\u00eancia, toda a coluna se desloca, tentando contrabalan\u00e7ar e apoiar o peso da cabe\u00e7a, mantendo a posi\u00e7\u00e3o da cabe\u00e7a no centro do corpo, perpendicular ao ponto central entre os p\u00e9s.<\/p>\n<p>Este esfor\u00e7o cont\u00ednuo vai criar um stress mec\u00e2nico e uma tens\u00e3o em todo o corpo, e pode dar origem a uma variedade de sintomas tais como dor de cabe\u00e7a, dor no pesco\u00e7o (cervicalgia), vertigens\\ tonturas, dor nas costas.<\/p>\n<p>O sistema nervoso consiste no c\u00e9rebro, na espinal medula e nos nervos espinais. O sistema nervoso controla, regula e afeta todas as fun\u00e7\u00f5es do corpo.<\/p>\n<p>Existem espa\u00e7os entre cada v\u00e9rtebra permitindo que os nervos, que s\u00e3o extens\u00f5es da espinal medula, abastecem e liguem todas as partes do corpo humano.<\/p>\n<p>Quando a coluna vertebral est\u00e1 desalinhada, o sistema nervoso n\u00e3o consegue funcionar como devia, levando assim a uma variedade de sintomas e doen\u00e7as.<\/p>\n<p>Anos de investiga\u00e7\u00e3o cl\u00ednica mostraram que muitos dos problemas associados ao desalinhamento da coluna e as suas consequ\u00eancias podem estar associadas ao atlas v\u00e9rtebra, o osso cervical superior no pesco\u00e7o.<\/p>\n<p>H\u00e1 mais de meio s\u00e9culo, esta t\u00e9cnica foi utilizada com sucesso na Am\u00e9rica do Norte para o tratamento de vertigens e tonturas.<\/p>\n<p>Com um reposicionamento do segmento cervical da coluna no seu alinhamento adequado, o resto da coluna vertebral entra em melhor posicionamento biomec\u00e2nico e o stress da coluna vai diminuir gradualmente.<\/p>\n<p>Isso \u00e9 feito ap\u00f3s uma an\u00e1lise precisa com c\u00e1lculo matem\u00e1tico. Com a ajuda de um instrumento especial, a coluna cervical \u00e9 corrigida de forma indolor e n\u00e3o invasiva.<\/p>\n<p>Este tratamento \u00fanico, especificamente adaptado para cada doente, tem grandes vantagens: evitar todos os riscos associados a cirurgia e os efeitos secund\u00e1rios da medica\u00e7\u00e3o.<\/p>\n<p>FOTO UM:<\/p>\n<p>stress na faceta pode levar a s\u00edndrome de faceta propenso a h\u00e9rnia discal propensa a esfor\u00e7o muscular propenso a press\u00e3o nervosa<\/p>\n<p>FOTO B<\/p>\n<p>Sem patologia faceta Sem h\u00e9rnias discos Sem tens\u00e3o muscular Sem press\u00e3o nervosa<\/p>\n<\/div>\n<h3 class=\"uk-h3 uk-text-primary\">A maior parte das dores nas costas pode ser tratada sem cirurgia com:<\/h3>\n<div class=\"uk-panel uk-margin\">\n<p><strong>A) Medica\u00e7\u00e3o<\/strong><\/p>\n<ul>\n<li>Anti- inflamat\u00f3rios n\u00e3o ester\u00f3ides (AINE) como a aspirina, ibuprofeno, acetaminofeno (Tylenol,&#8230;) s\u00e3o analg\u00e9sicos.<\/li>\n<li>Os analg\u00e9sicos devem ser usados com precau\u00e7\u00e3o; o uso a longo prazo pode ter efeitos secund\u00e1rios tais como mal estar no est\u00f4mago, rins e f\u00edgado e n\u00f3doas negras excessivas.<\/li>\n<li>os relaxantes musculares podem ser a forma\u00e7\u00e3o de habitante<\/li>\n<li>narc\u00f3ticos como os opi\u00f3ides s\u00e3o analg\u00e9sicos fortes mas uma vez que s\u00e3o bastante sedativos, o uso a longo prazo pode causar depend\u00eancia<\/li>\n<li>uso de compressas frias e quentes<\/li>\n<li>descanso para a cama um a dois dias. Os doentes devem retomar a atividade normal o mais r\u00e1pido poss\u00edvel. Descanso na cama mais do que dois a tr\u00eas dias pode agravar a dor nas costas<\/li>\n<\/ul>\n<p><strong>B) Fisioterapia<\/strong><\/p>\n<ul>\n<li>Exerc\u00edcios espec\u00edficos recomendados por m\u00e9dicos ou fisioterapeutas, \u00e0s vezes, podem ajudar na recupera\u00e7\u00e3o. <br \/>O exerc\u00edcio n\u00e3o deve provocar dor.<\/li>\n<\/ul>\n<p><strong>C) Acupuntura<\/strong><\/p>\n<p><strong>D) Cirurgia: raramente \u00e9 inevit\u00e1vel; muitas vezes pode sair contra o fogo e pode ser evitado na maioria dos casos.<\/strong><\/p>\n<\/div>\n\t\t\t\t\t\t<\/div>\n\t\t\t\t<\/div>\n\t\t\t\t\t<\/div>\r\n\t\t\t\t<\/div>\r\n\t\t\t\t\t<\/div>\r\n\t\t\t\t<\/section>\r\n\t\t\t\t<\/div>\n\t\t","protected":false},"excerpt":{"rendered":"<p>Lombalgia As dores nas costas e as dores de cabe\u00e7a s\u00e3o respons\u00e1veis pela maioria das visitas de m\u00e9dico. Aproximadamente 80 por cento das pessoas v\u00e3o sofrer de dores nas costas no decurso da sua vida. Alguns casos de dor nas costas podem ser devidos a desalinhamento do segmento cervical superior da coluna. Os epis\u00f3dios de [&hellip;]<\/p>\n","protected":false},"author":1,"featured_media":0,"parent":0,"menu_order":0,"comment_status":"closed","ping_status":"closed","template":"","meta":{"footnotes":""},"class_list":["post-7911","page","type-page","status-publish","hentry"],"_links":{"self":[{"href":"https:\/\/saba.isoladev.com\/pt-pt\/wp-json\/wp\/v2\/pages\/7911"}],"collection":[{"href":"https:\/\/saba.isoladev.com\/pt-pt\/wp-json\/wp\/v2\/pages"}],"about":[{"href":"https:\/\/saba.isoladev.com\/pt-pt\/wp-json\/wp\/v2\/types\/page"}],"author":[{"embeddable":true,"href":"https:\/\/saba.isoladev.com\/pt-pt\/wp-json\/wp\/v2\/users\/1"}],"replies":[{"embeddable":true,"href":"https:\/\/saba.isoladev.com\/pt-pt\/wp-json\/wp\/v2\/comments?post=7911"}],"version-history":[{"count":3,"href":"https:\/\/saba.isoladev.com\/pt-pt\/wp-json\/wp\/v2\/pages\/7911\/revisions"}],"predecessor-version":[{"id":8448,"href":"https:\/\/saba.isoladev.com\/pt-pt\/wp-json\/wp\/v2\/pages\/7911\/revisions\/8448"}],"wp:attachment":[{"href":"https:\/\/saba.isoladev.com\/pt-pt\/wp-json\/wp\/v2\/media?parent=7911"}],"curies":[{"name":"wp","href":"https:\/\/api.w.org\/{rel}","templated":true}]}}