{"id":7468,"date":"2024-03-16T14:04:38","date_gmt":"2024-03-16T14:04:38","guid":{"rendered":"https:\/\/saba.isoladev.com\/quiropratica\/"},"modified":"2024-04-29T21:01:18","modified_gmt":"2024-04-29T21:01:18","slug":"quiropratica","status":"publish","type":"page","link":"https:\/\/saba.isoladev.com\/pt-pt\/quiropratica\/","title":{"rendered":"Quiropr\u00e1tico"},"content":{"rendered":"\t\t<div data-elementor-type=\"wp-page\" data-elementor-id=\"7468\" class=\"elementor elementor-7468 elementor-6793\" data-elementor-post-type=\"page\">\n\t\t\t\t\t\t<section class=\"elementor-section elementor-top-section elementor-element elementor-element-e33a8ba push-top push-bottom elementor-section-boxed elementor-section-height-default elementor-section-height-default\" data-id=\"e33a8ba\" data-element_type=\"section\">\r\n\t\t\r\n\t\t\t\t\t\t\t<div class=\"elementor-container elementor-column-gap-default\">\r\n\t\t\t\t\t\t\t\t\t\t\t<div class=\"elementor-column elementor-col-50 elementor-top-column elementor-element elementor-element-de63cde order-md-2\" data-id=\"de63cde\" data-element_type=\"column\">\r\n\t\t\t\t\t<div class=\"elementor-widget-wrap elementor-element-populated\">\r\n\t\t\t\t\t\t<div class=\"elementor-element elementor-element-fe9e5fc e-flex e-con-boxed e-con e-parent\" data-id=\"fe9e5fc\" data-element_type=\"container\">\n\t\t\t\t\t<div class=\"e-con-inner\">\n\t\t\t\t<div class=\"elementor-element elementor-element-efdeace mb-4 elementor-invisible elementor-widget elementor-widget-image\" data-id=\"efdeace\" data-element_type=\"widget\" data-settings=\"{&quot;_animation&quot;:&quot;fadeInRight&quot;,&quot;_animation_delay&quot;:&quot;100&quot;}\" data-widget_type=\"image.default\">\n\t\t\t\t<div class=\"elementor-widget-container\">\n\t\t\t<style>\/*! elementor - v3.21.0 - 26-05-2024 *\/\n.elementor-widget-image{text-align:center}.elementor-widget-image a{display:inline-block}.elementor-widget-image a img[src$=\".svg\"]{width:48px}.elementor-widget-image img{vertical-align:middle;display:inline-block}<\/style>\t\t\t\t\t\t\t\t\t\t<img fetchpriority=\"high\" decoding=\"async\" width=\"974\" height=\"547\" src=\"https:\/\/saba.isoladev.com\/wp-content\/uploads\/2024\/03\/chiro_patient_1-1.png\" class=\"attachment-large size-large wp-image-5847\" alt=\"\" srcset=\"https:\/\/saba.isoladev.com\/wp-content\/uploads\/2024\/03\/chiro_patient_1-1.png 974w, https:\/\/saba.isoladev.com\/wp-content\/uploads\/2024\/03\/chiro_patient_1-1-768x431.png 768w, https:\/\/saba.isoladev.com\/wp-content\/uploads\/2024\/03\/chiro_patient_1-1-640x359.png 640w, https:\/\/saba.isoladev.com\/wp-content\/uploads\/2024\/03\/chiro_patient_1-1-400x225.png 400w, https:\/\/saba.isoladev.com\/wp-content\/uploads\/2024\/03\/chiro_patient_1-1-367x206.png 367w\" sizes=\"(max-width: 974px) 100vw, 974px\" \/>\t\t\t\t\t\t\t\t\t\t\t\t\t<\/div>\n\t\t\t\t<\/div>\n\t\t\t\t\t<\/div>\n\t\t\t\t<\/div>\n\t\t\t\t\t<\/div>\r\n\t\t\t\t<\/div>\r\n\t\t\t\t<div class=\"elementor-column elementor-col-50 elementor-top-column elementor-element elementor-element-3172dcd\" data-id=\"3172dcd\" data-element_type=\"column\">\r\n\t\t\t\t\t<div class=\"elementor-widget-wrap elementor-element-populated\">\r\n\t\t\t\t\t\t<div class=\"elementor-element elementor-element-1ad1ce2 e-con-full e-flex e-con e-parent\" data-id=\"1ad1ce2\" data-element_type=\"container\">\n\t\t\t\t<div class=\"elementor-element elementor-element-e49b1a2 mb-0 elementor-invisible elementor-widget elementor-widget-heading\" data-id=\"e49b1a2\" data-element_type=\"widget\" data-settings=\"{&quot;_animation&quot;:&quot;fadeInUp&quot;,&quot;_animation_delay&quot;:&quot;300&quot;}\" data-widget_type=\"heading.default\">\n\t\t\t\t<div class=\"elementor-widget-container\">\n\t\t\t<style>\/*! elementor - v3.21.0 - 26-05-2024 *\/\n.elementor-heading-title{padding:0;margin:0;line-height:1}.elementor-widget-heading .elementor-heading-title[class*=elementor-size-]>a{color:inherit;font-size:inherit;line-height:inherit}.elementor-widget-heading .elementor-heading-title.elementor-size-small{font-size:15px}.elementor-widget-heading .elementor-heading-title.elementor-size-medium{font-size:19px}.elementor-widget-heading .elementor-heading-title.elementor-size-large{font-size:29px}.elementor-widget-heading .elementor-heading-title.elementor-size-xl{font-size:39px}.elementor-widget-heading .elementor-heading-title.elementor-size-xxl{font-size:59px}<\/style><h2 class=\"elementor-heading-title elementor-size-default\">Profissionalismo<\/h2>\t\t<\/div>\n\t\t\t\t<\/div>\n\t\t\t\t<div class=\"elementor-element elementor-element-e73fd20 elementor-invisible elementor-widget elementor-widget-text-editor\" data-id=\"e73fd20\" data-element_type=\"widget\" data-settings=\"{&quot;_animation&quot;:&quot;fadeInUp&quot;}\" data-widget_type=\"text-editor.default\">\n\t\t\t\t<div class=\"elementor-widget-container\">\n\t\t\t<style>\/*! elementor - v3.21.0 - 26-05-2024 *\/\n.elementor-widget-text-editor.elementor-drop-cap-view-stacked .elementor-drop-cap{background-color:#69727d;color:#fff}.elementor-widget-text-editor.elementor-drop-cap-view-framed .elementor-drop-cap{color:#69727d;border:3px solid;background-color:transparent}.elementor-widget-text-editor:not(.elementor-drop-cap-view-default) .elementor-drop-cap{margin-top:8px}.elementor-widget-text-editor:not(.elementor-drop-cap-view-default) .elementor-drop-cap-letter{width:1em;height:1em}.elementor-widget-text-editor .elementor-drop-cap{float:left;text-align:center;line-height:1;font-size:50px}.elementor-widget-text-editor .elementor-drop-cap-letter{display:inline-block}<\/style>\t\t\t\t<p class=\"lead\">A <span style=\"color: #474747;\"><strong><span style=\"font-size: 16px;\">quiropr\u00e1tica \u00e9 a terceira maior profiss\u00e3o de sa\u00fade na Am\u00e9rica do Norte, depois da medicina geral e da medicina dent\u00e1ria. Em It\u00e1lia, \u00e9 reconhecido pelos legisladores como uma profiss\u00e3o prim\u00e1ria de sa\u00fade desde 2008<\/span><\/strong><\/span>.<\/p>\n<p><span style=\"color: #999999; font-size: 15px;\">Para prevenir o abuso da profiss\u00e3o de quiropr\u00e1tica por pessoas n\u00e3o qualificadas, a quiropractice est\u00e1 licenciada e regulamentada. A quiropr\u00e1tica s\u00f3 pode ser praticada por m\u00e9dicos de quiropr\u00e1tica, depois de terem obtido um grau espec\u00edfico em universidades acreditadas. A educa\u00e7\u00e3o permite a um m\u00e9dico de quiropr\u00e1tica diagnosticar doen\u00e7as e condi\u00e7\u00f5es de sa\u00fade e tratar doentes<\/span>.<\/p>\n<p><span style=\"font-size: 15px; color: #999999;\">O Dr. Saba-Sayah formou \u201ccum laude\u201d em Sherman (EUA). Ela foi licenciada tanto no Canad\u00e1 como nos Estados Unidos e \u00e9 membro da Associazione Italiana Chiropratici e da World Chiropractic Alliance<\/span>.<\/p>\n\t\t\t\t\t\t<\/div>\n\t\t\t\t<\/div>\n\t\t\t\t<\/div>\n\t\t\t\t\t<\/div>\r\n\t\t\t\t<\/div>\r\n\t\t\t\t\t<\/div>\r\n\t\t\t\t<\/section>\r\n\t\t\t\t<section class=\"elementor-section elementor-top-section elementor-element elementor-element-d65651c elementor-section-height-min-height elementor-section-boxed elementor-section-height-default elementor-section-items-middle elementor-invisible\" data-id=\"d65651c\" data-element_type=\"section\" data-settings=\"{&quot;background_background&quot;:&quot;classic&quot;,&quot;animation&quot;:&quot;fadeInUp&quot;}\">\r\n\t\t\t\t\t\t<div class=\"elementor-background-overlay\"><\/div>\r\n\t\t\t\r\n\t\t\t\t\t\t\t<div class=\"elementor-container elementor-column-gap-default\">\r\n\t\t\t\t\t\t\t\t\t\t\t<div class=\"elementor-column elementor-col-50 elementor-top-column elementor-element elementor-element-b11dfd8\" data-id=\"b11dfd8\" data-element_type=\"column\">\r\n\t\t\t\t\t<div class=\"elementor-widget-wrap elementor-element-populated\">\r\n\t\t\t\t\t\t<div class=\"elementor-element elementor-element-8ea829e e-flex e-con-boxed elementor-invisible e-con e-parent\" data-id=\"8ea829e\" data-element_type=\"container\" data-settings=\"{&quot;animation&quot;:&quot;fadeInUp&quot;}\">\n\t\t\t\t\t<div class=\"e-con-inner\">\n\t\t\t\t<div class=\"elementor-element elementor-element-e452d9b elementor-widget elementor-widget-porto_ultimate_heading\" data-id=\"e452d9b\" data-element_type=\"widget\" data-widget_type=\"porto_ultimate_heading.default\">\n\t\t\t\t<div class=\"elementor-widget-container\">\n\t\t\t<div class=\"porto-u-heading  porto-u-9695\"><div class=\"porto-u-main-heading\"><h2   >A primeira visita<\/h2><\/div><style>.porto-u-9695.porto-u-heading{text-align:left}<\/style><\/div>\t\t<\/div>\n\t\t\t\t<\/div>\n\t\t\t\t<div class=\"elementor-element elementor-element-977a079 elementor-widget elementor-widget-text-editor\" data-id=\"977a079\" data-element_type=\"widget\" data-widget_type=\"text-editor.default\">\n\t\t\t\t<div class=\"elementor-widget-container\">\n\t\t\t\t\t\t\t<p><span style=\"color: #ffffff; font-size: 16px;\">A primeira visita (285\u20ac) dura mais de uma hora e inclui, entre outras coisas, uma avalia\u00e7\u00e3o completa do estado do doente, a hist\u00f3ria cl\u00ednica dos doentes e o exame f\u00edsico, incluindo todos os registos m\u00e9dicos dispon\u00edveis, com o prop\u00f3sito de excluir quaisquer contra- indica\u00e7\u00f5es ao tratamento quiropr\u00e1tico.<\/span><\/p>\n\t\t\t\t\t\t<\/div>\n\t\t\t\t<\/div>\n\t\t\t\t<div class=\"elementor-element elementor-element-098574b elementor-widget elementor-widget-porto_ultimate_heading\" data-id=\"098574b\" data-element_type=\"widget\" data-widget_type=\"porto_ultimate_heading.default\">\n\t\t\t\t<div class=\"elementor-widget-container\">\n\t\t\t<div class=\"porto-u-heading  porto-u-8699\"><div class=\"porto-u-main-heading\"><h2   >Programa terap\u00eautico<\/h2><\/div><style>.porto-u-8699.porto-u-heading{text-align:left}<\/style><\/div>\t\t<\/div>\n\t\t\t\t<\/div>\n\t\t\t\t<div class=\"elementor-element elementor-element-ce5576d elementor-widget elementor-widget-text-editor\" data-id=\"ce5576d\" data-element_type=\"widget\" data-widget_type=\"text-editor.default\">\n\t\t\t\t<div class=\"elementor-widget-container\">\n\t\t\t\t\t\t\t<p><span style=\"color: #ffffff; font-size: 16px;\">Depois de um exame inicial completo e de uma an\u00e1lise do diagn\u00f3stico requerido imagens rediol\u00f3gicas espec\u00edficas para esta t\u00e9cnica, o Dr. SabaoSayAh determinar\u00e1 com precis\u00e3o o \u00e2ngulo de corre\u00e7\u00e3o necess\u00e1rio. O tratamento para vertigens\/tonturas \u00e9 adaptado para satisfazer a condi\u00e7\u00e3o \u00fanica de cada doente. Para os doentes que viajam de longa dist\u00e2ncia, recomendamos uma estadia de tr\u00eas dias em Mil\u00e3o, para permitir a primeira visita, diagn\u00f3stico de imagem e tratamento. Um plano de tratamento ser\u00e1 determinado pelo m\u00e9dico nesta altura.<\/span><\/p>\n\t\t\t\t\t\t<\/div>\n\t\t\t\t<\/div>\n\t\t\t\t\t<\/div>\n\t\t\t\t<\/div>\n\t\t\t\t\t<\/div>\r\n\t\t\t\t<\/div>\r\n\t\t\t\t<div class=\"elementor-column elementor-col-50 elementor-top-column elementor-element elementor-element-708c5ac\" data-id=\"708c5ac\" data-element_type=\"column\">\r\n\t\t\t\t\t<div class=\"elementor-widget-wrap elementor-element-populated\">\r\n\t\t\t\t\t\t<div class=\"elementor-element elementor-element-8421616 e-flex e-con-boxed elementor-invisible e-con e-parent\" data-id=\"8421616\" data-element_type=\"container\" data-settings=\"{&quot;animation&quot;:&quot;fadeInUp&quot;}\">\n\t\t\t\t\t<div class=\"e-con-inner\">\n\t\t\t\t<div class=\"elementor-element elementor-element-1446ea6 elementor-widget elementor-widget-porto_ultimate_heading\" data-id=\"1446ea6\" data-element_type=\"widget\" data-widget_type=\"porto_ultimate_heading.default\">\n\t\t\t\t<div class=\"elementor-widget-container\">\n\t\t\t<div class=\"porto-u-heading  porto-u-5954\"><div class=\"porto-u-main-heading\"><h2   >Sem ilus\u00f5es falsas<\/h2><\/div><style>.porto-u-5954.porto-u-heading{text-align:left}<\/style><\/div>\t\t<\/div>\n\t\t\t\t<\/div>\n\t\t\t\t<div class=\"elementor-element elementor-element-e0c49a0 elementor-widget elementor-widget-text-editor\" data-id=\"e0c49a0\" data-element_type=\"widget\" data-widget_type=\"text-editor.default\">\n\t\t\t\t<div class=\"elementor-widget-container\">\n\t\t\t\t\t\t\t<p><span style=\"color: #ffffff; font-size: 16px;\" data-darkreader-inline-color=\"\">O desalinhamento do cr\u00e2nio. v\u00e9rtebra cervical superior e segmento cervical do espato corrigido durante a primeira terapia se Ian. No entanto, a coluna vertebral muitas vezes volta \u00e0 posi\u00e7\u00e3o desalinhada em que esteve h\u00e1 muito tempo Para dente torto. A resist\u00eancia \u00e0 corre\u00e7\u00e3o pode ser ultrapassada com a aplica\u00e7\u00e3o de um aparelho ortod\u00f4ntico. Uma coluna cervical fora de alinhamento pode ser corrigida com uma s\u00e9rie de AO ou tratamentos Atlas Orthogonais<\/span>.<\/p>\n<p><span style=\"color: #ffffff; font-size: 16px;\" data-darkreader-inline-color=\"\">AO usa um instrumento de onda de som para reposicionar o atlas, o primeiro chato no topo da coluna. O tratamento \u00e9 totalmente indolor. O especialista em quiropractice A.O. tamb\u00e9m pode usar outras t\u00e9cnicas quiropr\u00e1ticas. Quando necess\u00e1rio, para ajudar a a\u00e7\u00e3o do atlas na corre\u00e7\u00e3o da coluna inteira<\/span><\/p>\n\t\t\t\t\t\t<\/div>\n\t\t\t\t<\/div>\n\t\t\t\t<div class=\"elementor-element elementor-element-2bbeedb elementor-widget elementor-widget-porto_button\" data-id=\"2bbeedb\" data-element_type=\"widget\" data-widget_type=\"porto_button.default\">\n\t\t\t\t<div class=\"elementor-widget-container\">\n\t\t\t<a aria-label=\"button\" class=\"btn btn-xl btn-primary\" href=\"https:\/\/saba.isoladev.com\/pt-pt\/novos-pacientes\/\"><span >Marque uma consulta agora<\/span><\/a>\t\t<\/div>\n\t\t\t\t<\/div>\n\t\t\t\t\t<\/div>\n\t\t\t\t<\/div>\n\t\t\t\t\t<\/div>\r\n\t\t\t\t<\/div>\r\n\t\t\t\t\t<\/div>\r\n\t\t\t\t<\/section>\r\n\t\t\t\t<section class=\"elementor-section elementor-top-section elementor-element elementor-element-519fb24 push-top push-bottom elementor-section-boxed elementor-section-height-default elementor-section-height-default\" data-id=\"519fb24\" data-element_type=\"section\">\r\n\t\t\r\n\t\t\t\t\t\t\t<div class=\"elementor-container elementor-column-gap-default\">\r\n\t\t\t\t\t\t\t\t\t\t\t<div class=\"elementor-column elementor-col-100 elementor-top-column elementor-element elementor-element-c8ec5cb\" data-id=\"c8ec5cb\" data-element_type=\"column\">\r\n\t\t\t\t\t<div class=\"elementor-widget-wrap elementor-element-populated\">\r\n\t\t\t\t\t\t<div class=\"elementor-element elementor-element-4d734bc e-flex e-con-boxed e-con e-parent\" data-id=\"4d734bc\" data-element_type=\"container\">\n\t\t\t\t\t<div class=\"e-con-inner\">\n\t\t\t\t<div class=\"elementor-element elementor-element-547581d elementor-invisible elementor-widget elementor-widget-porto_ultimate_heading\" data-id=\"547581d\" data-element_type=\"widget\" data-settings=\"{&quot;_animation&quot;:&quot;fadeInUp&quot;}\" data-widget_type=\"porto_ultimate_heading.default\">\n\t\t\t\t<div class=\"elementor-widget-container\">\n\t\t\t<div class=\"porto-u-heading  porto-u-1741\"><div class=\"porto-u-main-heading\"><h2   >Ver \u00e9 saber, n\u00e3o ver \u00e9 adivinhar<\/h2><\/div><style>.porto-u-1741.porto-u-heading{text-align:center}<\/style><\/div>\t\t<\/div>\n\t\t\t\t<\/div>\n\t\t\t\t<div class=\"elementor-element elementor-element-d008da2 elementor-invisible elementor-widget elementor-widget-text-editor\" data-id=\"d008da2\" data-element_type=\"widget\" data-settings=\"{&quot;_animation&quot;:&quot;fadeInUp&quot;}\" data-widget_type=\"text-editor.default\">\n\t\t\t\t<div class=\"elementor-widget-container\">\n\t\t\t\t\t\t\t<p class=\"lead\">Depois de se formar na Universidade de Boston, o Dr. Saba-Sayah frequentou um curso em Bolonha criado pelo quiropr\u00e1tico norte-americano Dr. Hans Greissing.<\/p>\n<p>Ao voltar para a Am\u00e9rica do Norte, o Dr. Saba-Sayah graduou-se cum laude em Chiropractic no Sherman College of Chiropractic in South Carolina, antes de se especializar na Cox Technique (flexion\/distra\u00e7\u00e3o) e depois no procedimento \u201cAtlas Orthogonal\u201d (uma t\u00e9cnica que usa um instrumento espec\u00edfico instalado numa mesa quiropr\u00e1tica especial) na Life University em Atlanta e no Sherman College em Spartanburg.<\/p>\n\t\t\t\t\t\t<\/div>\n\t\t\t\t<\/div>\n\t\t\t\t\t<\/div>\n\t\t\t\t<\/div>\n\t\t\t\t\t<\/div>\r\n\t\t\t\t<\/div>\r\n\t\t\t\t\t<\/div>\r\n\t\t\t\t<\/section>\r\n\t\t\t\t<section class=\"elementor-section elementor-top-section elementor-element elementor-element-4aa04f6 push-top push-bottom elementor-section-boxed elementor-section-height-default elementor-section-height-default\" data-id=\"4aa04f6\" data-element_type=\"section\">\r\n\t\t\r\n\t\t\t\t\t\t\t<div class=\"elementor-container elementor-column-gap-default\">\r\n\t\t\t\t\t\t\t\t\t\t\t<div class=\"elementor-column elementor-col-100 elementor-top-column elementor-element elementor-element-4b07bdf\" data-id=\"4b07bdf\" data-element_type=\"column\">\r\n\t\t\t\t\t<div class=\"elementor-widget-wrap elementor-element-populated\">\r\n\t\t\t\t\t\t\t\t<div class=\"elementor-element elementor-element-570c26a elementor-invisible elementor-widget elementor-widget-porto_ultimate_heading\" data-id=\"570c26a\" data-element_type=\"widget\" data-settings=\"{&quot;_animation&quot;:&quot;fadeInUp&quot;}\" data-widget_type=\"porto_ultimate_heading.default\">\n\t\t\t\t<div class=\"elementor-widget-container\">\n\t\t\t<div class=\"porto-u-heading  porto-u-1405\"><div class=\"porto-u-main-heading\"><h2   >Para a sua informa\u00e7\u00e3o<\/h2><\/div><style>.porto-u-1405.porto-u-heading{text-align:center}<\/style><\/div>\t\t<\/div>\n\t\t\t\t<\/div>\n\t\t\t\t<div class=\"elementor-element elementor-element-b840f74 elementor-invisible elementor-widget elementor-widget-porto_faqs\" data-id=\"b840f74\" data-element_type=\"widget\" data-settings=\"{&quot;_animation&quot;:&quot;fadeIn&quot;}\" data-widget_type=\"porto_faqs.default\">\n\t\t\t\t<div class=\"elementor-widget-container\">\n\t\t\t<div class=\"porto-faqs porto-faqssdh1 wpb_content_element \">\r\n\t<div class=\"page-faqs clearfix\" id=\"porto_faqs_hmmf\">\r\n\r\n\t\t\r\n\t\t\r\n\t\t<div class=\"faq-row faqs-container\">\r\n\t\t\t\r\n<div class=\"faq atlas-pt-pt post-7987 type-faq status-publish hentry faq_cat-atlas-pt-pt\">\r\n\t<section class=\"toggle\">\r\n\t\t<label>Devo levar os meus \u00faltimos raios X?<\/label>\r\n\t\t<div class=\"toggle-content\">\r\n\t\t<h3 class=\"entry-title\" style=\"display: none;\">Devo levar os meus \u00faltimos raios X?<\/h3><span class=\"vcard\" style=\"display: none;\"><span class=\"fn\"><a href=\"https:\/\/saba.isoladev.com\/pt-pt\/author\/atlasadmin\/\" title=\"Artigos de Atlasadmin\" rel=\"author\">Atlasadmin<\/a><\/span><\/span><span class=\"updated\" style=\"display:none\">2024-04-29T21:01:19+00:00<\/span>\n<p>Certamente, qualquer forma de diagn\u00f3stico de imagem pode ajudar. No entanto, o procedimento que adotamos requer um tipo especial de raios-X, realizados usando meios especiais e em posi\u00e7\u00f5es espec\u00edficas, a fim de nos permitir fazer os c\u00e1lculos matem\u00e1ticos necess\u00e1rios para usar o instrumento de precis\u00e3o de realinhamento do atlas.<\/p>\n\t\t<\/div>\r\n\t<\/section>\r\n<\/div>\r\n\r\n<div class=\"faq atlas post-5970 type-faq status-publish hentry faq_cat-atlas\">\r\n\t<section class=\"toggle\">\r\n\t\t<label>Are X-rays necessary?<\/label>\r\n\t\t<div class=\"toggle-content\">\r\n\t\t<h3 class=\"entry-title\" style=\"display: none;\">Are X-rays necessary?<\/h3><span class=\"vcard\" style=\"display: none;\"><span class=\"fn\"><a href=\"https:\/\/saba.isoladev.com\/pt-pt\/author\/atlasadmin\/\" title=\"Artigos de Atlasadmin\" rel=\"author\">Atlasadmin<\/a><\/span><\/span><span class=\"updated\" style=\"display:none\">2024-03-12T19:26:17+00:00<\/span>\n<p>As these are the only imaging tests that allow the chiropractor to \u201csee\u201d the spine, and therefore make an accurate assessment, our motto is: \u201cSeeing means knowing, not seeing means guessing!\u201d And we, of course, have no intention of guessing when it comes to your health.<\/p>\n\t\t<\/div>\r\n\t<\/section>\r\n<\/div>\r\n\r\n<div class=\"faq atlas post-5969 type-faq status-publish hentry faq_cat-atlas\">\r\n\t<section class=\"toggle\">\r\n\t\t<label>How is the need for treatment assessed?<\/label>\r\n\t\t<div class=\"toggle-content\">\r\n\t\t<h3 class=\"entry-title\" style=\"display: none;\">How is the need for treatment assessed?<\/h3><span class=\"vcard\" style=\"display: none;\"><span class=\"fn\"><a href=\"https:\/\/saba.isoladev.com\/pt-pt\/author\/atlasadmin\/\" title=\"Artigos de Atlasadmin\" rel=\"author\">Atlasadmin<\/a><\/span><\/span><span class=\"updated\" style=\"display:none\">2024-03-12T19:25:53+00:00<\/span>\n<p>After carefully analyzing the patient\u2019s medical history and any clinical and diagnostic imaging, the chiropractor conducts a preliminary examination to identify the symptoms and decide whether the patient is a suitable candidate for this procedure.<\/p>\n\t\t<\/div>\r\n\t<\/section>\r\n<\/div>\r\n\r\n<div class=\"faq atlas post-5968 type-faq status-publish hentry faq_cat-atlas\">\r\n\t<section class=\"toggle\">\r\n\t\t<label>How often will I require treatment?<\/label>\r\n\t\t<div class=\"toggle-content\">\r\n\t\t<h3 class=\"entry-title\" style=\"display: none;\">How often will I require treatment?<\/h3><span class=\"vcard\" style=\"display: none;\"><span class=\"fn\"><a href=\"https:\/\/saba.isoladev.com\/pt-pt\/author\/atlasadmin\/\" title=\"Artigos de Atlasadmin\" rel=\"author\">Atlasadmin<\/a><\/span><\/span><span class=\"updated\" style=\"display:none\">2024-03-12T19:25:28+00:00<\/span>\n<p>Each patient reacts differently. Moreover, the speed and duration of the results will depend on the severity of the pathology and the time of its onset. This light and gentle procedure can be repeated several times. With time, the number of treatments required will reduce, until the patient is stable.<\/p>\n\t\t<\/div>\r\n\t<\/section>\r\n<\/div>\r\n\r\n<div class=\"faq atlas post-5967 type-faq status-publish hentry faq_cat-atlas\">\r\n\t<section class=\"toggle\">\r\n\t\t<label>What should I expect after the first treatment?<\/label>\r\n\t\t<div class=\"toggle-content\">\r\n\t\t<h3 class=\"entry-title\" style=\"display: none;\">What should I expect after the first treatment?<\/h3><span class=\"vcard\" style=\"display: none;\"><span class=\"fn\"><a href=\"https:\/\/saba.isoladev.com\/pt-pt\/author\/atlasadmin\/\" title=\"Artigos de Atlasadmin\" rel=\"author\">Atlasadmin<\/a><\/span><\/span><span class=\"updated\" style=\"display:none\">2024-03-12T19:25:05+00:00<\/span>\n<p>Desirable reactions following the initial attempt to realign the spine, signaling the effectiveness of the treatment, are:<br>\u2022 improvement of symptoms<br>\u2022 drowsiness<br>\u2022 other<br>The type and intensity of the reactions depend on the pathology and the time of its onset.<\/p>\n\t\t<\/div>\r\n\t<\/section>\r\n<\/div>\r\n\r\n<div class=\"faq atlas post-5966 type-faq status-publish hentry faq_cat-atlas\">\r\n\t<section class=\"toggle\">\r\n\t\t<label>Is it painful?<\/label>\r\n\t\t<div class=\"toggle-content\">\r\n\t\t<h3 class=\"entry-title\" style=\"display: none;\">Is it painful?<\/h3><span class=\"vcard\" style=\"display: none;\"><span class=\"fn\"><a href=\"https:\/\/saba.isoladev.com\/pt-pt\/author\/atlasadmin\/\" title=\"Artigos de Atlasadmin\" rel=\"author\">Atlasadmin<\/a><\/span><\/span><span class=\"updated\" style=\"display:none\">2024-03-12T19:24:15+00:00<\/span>\n<p>Absolutely not. As mentioned above, all the patient feels is the almost imperceptible \u201ctouch\u201d of the precision instrument, rested delicately against the neck, level with the top cervical vertebra.<\/p>\n\t\t<\/div>\r\n\t<\/section>\r\n<\/div>\r\n\r\n<div class=\"faq atlas post-5965 type-faq status-publish hentry faq_cat-atlas\">\r\n\t<section class=\"toggle\">\r\n\t\t<label>What is the difference between this procedure and traditional chiropractic?<\/label>\r\n\t\t<div class=\"toggle-content\">\r\n\t\t<h3 class=\"entry-title\" style=\"display: none;\">What is the difference between this procedure and traditional chiropractic?<\/h3><span class=\"vcard\" style=\"display: none;\"><span class=\"fn\"><a href=\"https:\/\/saba.isoladev.com\/pt-pt\/author\/atlasadmin\/\" title=\"Artigos de Atlasadmin\" rel=\"author\">Atlasadmin<\/a><\/span><\/span><span class=\"updated\" style=\"display:none\">2024-03-12T19:23:19+00:00<\/span>\n<p>First of all, the total absence of manipulation, twisting or cracking. All the patient feels is the gentle \u201ctouch\u201d of the precision instrument, which produces a beneficial \u201cshock wave\u201d.<\/p>\n\t\t<\/div>\r\n\t<\/section>\r\n<\/div>\r\n\r\n<div class=\"faq atlas post-5964 type-faq status-publish hentry faq_cat-atlas\">\r\n\t<section class=\"toggle\">\r\n\t\t<label>What qualification does an atlas chiropractor (A.O.) need?<\/label>\r\n\t\t<div class=\"toggle-content\">\r\n\t\t<h3 class=\"entry-title\" style=\"display: none;\">What qualification does an atlas chiropractor (A.O.) need?<\/h3><span class=\"vcard\" style=\"display: none;\"><span class=\"fn\"><a href=\"https:\/\/saba.isoladev.com\/pt-pt\/author\/atlasadmin\/\" title=\"Artigos de Atlasadmin\" rel=\"author\">Atlasadmin<\/a><\/span><\/span><span class=\"updated\" style=\"display:none\">2024-03-12T19:22:56+00:00<\/span>\n<p>A degree in chiropractic medicine, an average of 6 years of college education, and a specialty in the upper cervical technique. To this end, atlas chiropractors use a special instrument used on the basis of a series of very precise mathematical calculations.<\/p>\n\t\t<\/div>\r\n\t<\/section>\r\n<\/div>\r\n\t\t<\/div>\r\n\r\n\t\t\r\n\t<\/div>\r\n\r\n\t\r\n\t<\/div>\t\t<\/div>\n\t\t\t\t<\/div>\n\t\t\t\t\t<\/div>\r\n\t\t\t\t<\/div>\r\n\t\t\t\t\t<\/div>\r\n\t\t\t\t<\/section>\r\n\t\t\t\t<\/div>\n\t\t","protected":false},"excerpt":{"rendered":"<p>Profissionalismo A quiropr\u00e1tica \u00e9 a terceira maior profiss\u00e3o de sa\u00fade na Am\u00e9rica do Norte, depois da medicina geral e da medicina dent\u00e1ria. Em It\u00e1lia, \u00e9 reconhecido pelos legisladores como uma profiss\u00e3o prim\u00e1ria de sa\u00fade desde 2008. Para prevenir o abuso da profiss\u00e3o de quiropr\u00e1tica por pessoas n\u00e3o qualificadas, a quiropractice est\u00e1 licenciada e regulamentada. A [&hellip;]<\/p>\n","protected":false},"author":1,"featured_media":0,"parent":0,"menu_order":0,"comment_status":"closed","ping_status":"closed","template":"","meta":{"footnotes":""},"class_list":["post-7468","page","type-page","status-publish","hentry"],"_links":{"self":[{"href":"https:\/\/saba.isoladev.com\/pt-pt\/wp-json\/wp\/v2\/pages\/7468"}],"collection":[{"href":"https:\/\/saba.isoladev.com\/pt-pt\/wp-json\/wp\/v2\/pages"}],"about":[{"href":"https:\/\/saba.isoladev.com\/pt-pt\/wp-json\/wp\/v2\/types\/page"}],"author":[{"embeddable":true,"href":"https:\/\/saba.isoladev.com\/pt-pt\/wp-json\/wp\/v2\/users\/1"}],"replies":[{"embeddable":true,"href":"https:\/\/saba.isoladev.com\/pt-pt\/wp-json\/wp\/v2\/comments?post=7468"}],"version-history":[{"count":30,"href":"https:\/\/saba.isoladev.com\/pt-pt\/wp-json\/wp\/v2\/pages\/7468\/revisions"}],"predecessor-version":[{"id":8519,"href":"https:\/\/saba.isoladev.com\/pt-pt\/wp-json\/wp\/v2\/pages\/7468\/revisions\/8519"}],"wp:attachment":[{"href":"https:\/\/saba.isoladev.com\/pt-pt\/wp-json\/wp\/v2\/media?parent=7468"}],"curies":[{"name":"wp","href":"https:\/\/api.w.org\/{rel}","templated":true}]}}