{"id":7466,"date":"2024-03-13T18:20:05","date_gmt":"2024-03-13T18:20:05","guid":{"rendered":"https:\/\/saba.isoladev.com\/beneficios\/"},"modified":"2024-05-09T19:45:38","modified_gmt":"2024-05-09T19:45:38","slug":"patologias","status":"publish","type":"page","link":"https:\/\/saba.isoladev.com\/pt-pt\/patologias\/","title":{"rendered":"Patologias"},"content":{"rendered":"\t\t<div data-elementor-type=\"wp-page\" data-elementor-id=\"7466\" class=\"elementor elementor-7466 elementor-6055\" data-elementor-post-type=\"page\">\n\t\t\t\t<div class=\"elementor-element elementor-element-5e3def8 e-flex e-con-boxed e-con e-parent\" data-id=\"5e3def8\" data-element_type=\"container\">\n\t\t\t\t\t<div class=\"e-con-inner\">\n\t\t\t\t<div class=\"elementor-element elementor-element-866988a elementor-widget elementor-widget-heading\" data-id=\"866988a\" data-element_type=\"widget\" data-widget_type=\"heading.default\">\n\t\t\t\t<div class=\"elementor-widget-container\">\n\t\t\t<style>\/*! elementor - v3.21.0 - 26-05-2024 *\/\n.elementor-heading-title{padding:0;margin:0;line-height:1}.elementor-widget-heading .elementor-heading-title[class*=elementor-size-]>a{color:inherit;font-size:inherit;line-height:inherit}.elementor-widget-heading .elementor-heading-title.elementor-size-small{font-size:15px}.elementor-widget-heading .elementor-heading-title.elementor-size-medium{font-size:19px}.elementor-widget-heading .elementor-heading-title.elementor-size-large{font-size:29px}.elementor-widget-heading .elementor-heading-title.elementor-size-xl{font-size:39px}.elementor-widget-heading .elementor-heading-title.elementor-size-xxl{font-size:59px}<\/style><h2 class=\"elementor-heading-title elementor-size-default\">Como funciona o tratamento<\/h2>\t\t<\/div>\n\t\t\t\t<\/div>\n\t\t\t\t<div class=\"elementor-element elementor-element-615016c elementor-widget elementor-widget-text-editor\" data-id=\"615016c\" data-element_type=\"widget\" data-widget_type=\"text-editor.default\">\n\t\t\t\t<div class=\"elementor-widget-container\">\n\t\t\t<style>\/*! elementor - v3.21.0 - 26-05-2024 *\/\n.elementor-widget-text-editor.elementor-drop-cap-view-stacked .elementor-drop-cap{background-color:#69727d;color:#fff}.elementor-widget-text-editor.elementor-drop-cap-view-framed .elementor-drop-cap{color:#69727d;border:3px solid;background-color:transparent}.elementor-widget-text-editor:not(.elementor-drop-cap-view-default) .elementor-drop-cap{margin-top:8px}.elementor-widget-text-editor:not(.elementor-drop-cap-view-default) .elementor-drop-cap-letter{width:1em;height:1em}.elementor-widget-text-editor .elementor-drop-cap{float:left;text-align:center;line-height:1;font-size:50px}.elementor-widget-text-editor .elementor-drop-cap-letter{display:inline-block}<\/style>\t\t\t\t<p>O Dr. Saba-Sayah usa tecnologia de ponta e t\u00e9cnicas quiropr\u00e1ticas eficazes para tratar presunto de doentes em todo o mundo. Ela \u00e9 uma dos tr\u00eas especialistas na Europa que pratica esta t\u00e9cnica, chamada a t\u00e9cnica AO. H\u00e1 mais de meio s\u00e9culo, esta t\u00e9cnica foi utilizada com sucesso na Am\u00e9rica do Norte para o tratamento da cervicalgia.<\/p>\n\t\t\t\t\t\t<\/div>\n\t\t\t\t<\/div>\n\t\t\t\t\t<\/div>\n\t\t\t\t<\/div>\n\t\t\t\t<section class=\"elementor-section elementor-top-section elementor-element elementor-element-484bc5b elementor-section-boxed elementor-section-height-default elementor-section-height-default\" data-id=\"484bc5b\" data-element_type=\"section\" data-settings=\"{&quot;background_background&quot;:&quot;classic&quot;}\">\r\n\t\t\r\n\t\t\t\t\t\t\t<div class=\"elementor-container elementor-column-gap-default\">\r\n\t\t\t\t\t\t\t\t\t\t\t<div class=\"elementor-column elementor-col-33 elementor-top-column elementor-element elementor-element-b652dd5\" data-id=\"b652dd5\" data-element_type=\"column\">\r\n\t\t\t\t\t<div class=\"elementor-widget-wrap elementor-element-populated\">\r\n\t\t\t\t\t\t<div class=\"elementor-element elementor-element-c4e8efb e-con-full e-flex e-con e-child\" data-id=\"c4e8efb\" data-element_type=\"container\">\n\t\t\t\t<div class=\"elementor-element elementor-element-6d2a28d elementor-widget elementor-widget-image\" data-id=\"6d2a28d\" data-element_type=\"widget\" data-widget_type=\"image.default\">\n\t\t\t\t<div class=\"elementor-widget-container\">\n\t\t\t<style>\/*! elementor - v3.21.0 - 26-05-2024 *\/\n.elementor-widget-image{text-align:center}.elementor-widget-image a{display:inline-block}.elementor-widget-image a img[src$=\".svg\"]{width:48px}.elementor-widget-image img{vertical-align:middle;display:inline-block}<\/style>\t\t\t\t\t\t\t\t\t\t<img fetchpriority=\"high\" decoding=\"async\" width=\"300\" height=\"300\" src=\"https:\/\/saba.isoladev.com\/wp-content\/uploads\/2024\/03\/cervicalgia_treatment3-300x300.png\" class=\"attachment-medium size-medium wp-image-7243\" alt=\"\" \/>\t\t\t\t\t\t\t\t\t\t\t\t\t<\/div>\n\t\t\t\t<\/div>\n\t\t\t\t<\/div>\n\t\t\t\t\t<\/div>\r\n\t\t\t\t<\/div>\r\n\t\t\t\t<div class=\"elementor-column elementor-col-66 elementor-top-column elementor-element elementor-element-ad354af\" data-id=\"ad354af\" data-element_type=\"column\">\r\n\t\t\t\t\t<div class=\"elementor-widget-wrap elementor-element-populated\">\r\n\t\t\t\t\t\t<div class=\"elementor-element elementor-element-5ff6fe9 e-con-full e-flex e-con e-child\" data-id=\"5ff6fe9\" data-element_type=\"container\">\n\t\t\t\t<div class=\"elementor-element elementor-element-be5ecd3 elementor-widget elementor-widget-heading\" data-id=\"be5ecd3\" data-element_type=\"widget\" data-widget_type=\"heading.default\">\n\t\t\t\t<div class=\"elementor-widget-container\">\n\t\t\t<h2 class=\"elementor-heading-title elementor-size-default\">Tratamento Cervicalgia<\/h2>\t\t<\/div>\n\t\t\t\t<\/div>\n\t\t\t\t<div class=\"elementor-element elementor-element-724eb12 elementor-widget elementor-widget-text-editor\" data-id=\"724eb12\" data-element_type=\"widget\" data-widget_type=\"text-editor.default\">\n\t\t\t\t<div class=\"elementor-widget-container\">\n\t\t\t\t\t\t\t<p>O Dr. Saba-Sayah usa tecnologia de ponta e t\u00e9cnicas quiropr\u00e1ticas eficazes para tratar presunto de doentes em todo o mundo. Ela \u00e9 uma dos tr\u00eas especialistas na Europa que pratica esta t\u00e9cnica, chamada a t\u00e9cnica AO. H\u00e1 mais de meio s\u00e9culo, esta t\u00e9cnica foi utilizada com sucesso na Am\u00e9rica do Norte para o tratamento da cervicalgia.<\/p>\n\t\t\t\t\t\t<\/div>\n\t\t\t\t<\/div>\n\t\t\t\t<div class=\"elementor-element elementor-element-17b64fb elementor-widget elementor-widget-porto_button\" data-id=\"17b64fb\" data-element_type=\"widget\" data-widget_type=\"porto_button.default\">\n\t\t\t\t<div class=\"elementor-widget-container\">\n\t\t\t<a aria-label=\"button\" class=\"btn btn-xl btn-primary\" href=\"https:\/\/saba.isoladev.com\/pt-pt\/novos-pacientes\/\"><span >Marque uma consulta agora<\/span><\/a>\t\t<\/div>\n\t\t\t\t<\/div>\n\t\t\t\t<\/div>\n\t\t\t\t\t<\/div>\r\n\t\t\t\t<\/div>\r\n\t\t\t\t\t<\/div>\r\n\t\t\t\t<\/section>\r\n\t\t\t\t<section class=\"elementor-section elementor-top-section elementor-element elementor-element-060ad7e elementor-section-boxed elementor-section-height-default elementor-section-height-default\" data-id=\"060ad7e\" data-element_type=\"section\" data-settings=\"{&quot;background_background&quot;:&quot;classic&quot;}\">\r\n\t\t\r\n\t\t\t\t\t\t\t<div class=\"elementor-container elementor-column-gap-default\">\r\n\t\t\t\t\t\t\t\t\t\t\t<div class=\"elementor-column elementor-col-33 elementor-top-column elementor-element elementor-element-5b0cb9d\" data-id=\"5b0cb9d\" data-element_type=\"column\">\r\n\t\t\t\t\t<div class=\"elementor-widget-wrap elementor-element-populated\">\r\n\t\t\t\t\t\t<div class=\"elementor-element elementor-element-1b7baea e-con-full e-flex e-con e-child\" data-id=\"1b7baea\" data-element_type=\"container\">\n\t\t\t\t<div class=\"elementor-element elementor-element-d8906ce elementor-widget elementor-widget-image\" data-id=\"d8906ce\" data-element_type=\"widget\" data-widget_type=\"image.default\">\n\t\t\t\t<div class=\"elementor-widget-container\">\n\t\t\t\t\t\t\t\t\t\t\t\t\t<img decoding=\"async\" width=\"295\" height=\"295\" src=\"https:\/\/saba.isoladev.com\/wp-content\/uploads\/2024\/03\/headache_treatment.png\" class=\"attachment-medium size-medium wp-image-6206\" alt=\"\" \/>\t\t\t\t\t\t\t\t\t\t\t\t\t<\/div>\n\t\t\t\t<\/div>\n\t\t\t\t<\/div>\n\t\t\t\t\t<\/div>\r\n\t\t\t\t<\/div>\r\n\t\t\t\t<div class=\"elementor-column elementor-col-66 elementor-top-column elementor-element elementor-element-3ced770\" data-id=\"3ced770\" data-element_type=\"column\">\r\n\t\t\t\t\t<div class=\"elementor-widget-wrap elementor-element-populated\">\r\n\t\t\t\t\t\t<div class=\"elementor-element elementor-element-0c36a6c e-con-full e-flex e-con e-child\" data-id=\"0c36a6c\" data-element_type=\"container\">\n\t\t\t\t<div class=\"elementor-element elementor-element-f9968ae elementor-widget elementor-widget-heading\" data-id=\"f9968ae\" data-element_type=\"widget\" data-widget_type=\"heading.default\">\n\t\t\t\t<div class=\"elementor-widget-container\">\n\t\t\t<h2 class=\"elementor-heading-title elementor-size-default\">Tratamento Hedache Miragraine<\/h2>\t\t<\/div>\n\t\t\t\t<\/div>\n\t\t\t\t<div class=\"elementor-element elementor-element-8e9752f elementor-widget elementor-widget-text-editor\" data-id=\"8e9752f\" data-element_type=\"widget\" data-widget_type=\"text-editor.default\">\n\t\t\t\t<div class=\"elementor-widget-container\">\n\t\t\t\t\t\t\t<p><span style=\"font-size: 14px;\">Um tratamento n\u00e3o invasivo e indolor para dores de cabe\u00e7a e enxaquecas. Ocasionalmente, os resultados s\u00e3o imediatos e dram\u00e1ticos. Sem o uso de cirurgia ou medica\u00e7\u00e3o. Mesmo que relativamente poucos m\u00e9dicos tenham conhecimento detalhado da t\u00e9cnica Chiropractice Orthogonal do Atlas, os seus resultados POste\u00b0 confirmam a sua validade e efic\u00e1cia. As dores de cabe\u00e7a (cefalalgia) e enxaquecas representam a maioria das visitas de m\u00e9dico. As dores de cabe\u00e7a s\u00e3o comuns na popula\u00e7\u00e3o em geral<\/span>.<\/p>\n\t\t\t\t\t\t<\/div>\n\t\t\t\t<\/div>\n\t\t\t\t<div class=\"elementor-element elementor-element-1edd66d elementor-widget elementor-widget-porto_button\" data-id=\"1edd66d\" data-element_type=\"widget\" data-widget_type=\"porto_button.default\">\n\t\t\t\t<div class=\"elementor-widget-container\">\n\t\t\t<a aria-label=\"button\" class=\"btn btn-xl btn-primary\" href=\"https:\/\/saba.isoladev.com\/pt-pt\/novos-pacientes\/\"><span >Marque uma consulta agora<\/span><\/a>\t\t<\/div>\n\t\t\t\t<\/div>\n\t\t\t\t<\/div>\n\t\t\t\t\t<\/div>\r\n\t\t\t\t<\/div>\r\n\t\t\t\t\t<\/div>\r\n\t\t\t\t<\/section>\r\n\t\t\t\t<section class=\"elementor-section elementor-top-section elementor-element elementor-element-d22fbf5 elementor-section-boxed elementor-section-height-default elementor-section-height-default\" data-id=\"d22fbf5\" data-element_type=\"section\" data-settings=\"{&quot;background_background&quot;:&quot;classic&quot;}\">\r\n\t\t\r\n\t\t\t\t\t\t\t<div class=\"elementor-container elementor-column-gap-default\">\r\n\t\t\t\t\t\t\t\t\t\t\t<div class=\"elementor-column elementor-col-33 elementor-top-column elementor-element elementor-element-78bc203\" data-id=\"78bc203\" data-element_type=\"column\">\r\n\t\t\t\t\t<div class=\"elementor-widget-wrap elementor-element-populated\">\r\n\t\t\t\t\t\t<div class=\"elementor-element elementor-element-c99f2d9 e-con-full e-flex e-con e-child\" data-id=\"c99f2d9\" data-element_type=\"container\">\n\t\t\t\t<div class=\"elementor-element elementor-element-eee3feb elementor-widget elementor-widget-image\" data-id=\"eee3feb\" data-element_type=\"widget\" data-widget_type=\"image.default\">\n\t\t\t\t<div class=\"elementor-widget-container\">\n\t\t\t\t\t\t\t\t\t\t\t\t\t<img decoding=\"async\" width=\"295\" height=\"295\" src=\"https:\/\/saba.isoladev.com\/wp-content\/uploads\/2024\/03\/backpain_sciatica2.png\" class=\"attachment-medium size-medium wp-image-7239\" alt=\"\" \/>\t\t\t\t\t\t\t\t\t\t\t\t\t<\/div>\n\t\t\t\t<\/div>\n\t\t\t\t<\/div>\n\t\t\t\t\t<\/div>\r\n\t\t\t\t<\/div>\r\n\t\t\t\t<div class=\"elementor-column elementor-col-66 elementor-top-column elementor-element elementor-element-be6d3d3\" data-id=\"be6d3d3\" data-element_type=\"column\">\r\n\t\t\t\t\t<div class=\"elementor-widget-wrap elementor-element-populated\">\r\n\t\t\t\t\t\t<div class=\"elementor-element elementor-element-cd38233 e-con-full e-flex e-con e-child\" data-id=\"cd38233\" data-element_type=\"container\">\n\t\t\t\t<div class=\"elementor-element elementor-element-3e05329 elementor-widget elementor-widget-heading\" data-id=\"3e05329\" data-element_type=\"widget\" data-widget_type=\"heading.default\">\n\t\t\t\t<div class=\"elementor-widget-container\">\n\t\t\t<h2 class=\"elementor-heading-title elementor-size-default\">Ci\u00e1tica de Lombalgia<\/h2>\t\t<\/div>\n\t\t\t\t<\/div>\n\t\t\t\t<div class=\"elementor-element elementor-element-37ffdf8 elementor-widget elementor-widget-text-editor\" data-id=\"37ffdf8\" data-element_type=\"widget\" data-widget_type=\"text-editor.default\">\n\t\t\t\t<div class=\"elementor-widget-container\">\n\t\t\t\t\t\t\t<p>Um tratamento n\u00e3o invasivo e indolor para dores nas costas e ci\u00e1tica. Ocasionalmente, os resultados s\u00e3o imediatos e dram\u00e1ticos, sem o uso de cirurgia ou medica\u00e7\u00e3o. Mesmo que relativamente poucos m\u00e9dicos tenham conhecimento detalhado da t\u00e9cnica Chiropractice Orthogonal do Atlas, os seus resultados positivos confirmam a sua validade e efic\u00e1cia. Aproximadamente 80 por cento das pessoas v\u00e3o sofrer de dores nas costas no decurso da sua vida.<\/p>\n\t\t\t\t\t\t<\/div>\n\t\t\t\t<\/div>\n\t\t\t\t<div class=\"elementor-element elementor-element-2cdac84 elementor-widget elementor-widget-porto_button\" data-id=\"2cdac84\" data-element_type=\"widget\" data-widget_type=\"porto_button.default\">\n\t\t\t\t<div class=\"elementor-widget-container\">\n\t\t\t<a aria-label=\"button\" class=\"btn btn-xl btn-primary\" href=\"https:\/\/saba.isoladev.com\/pt-pt\/novos-pacientes\/\"><span >Marque uma consulta agora<\/span><\/a>\t\t<\/div>\n\t\t\t\t<\/div>\n\t\t\t\t<\/div>\n\t\t\t\t\t<\/div>\r\n\t\t\t\t<\/div>\r\n\t\t\t\t\t<\/div>\r\n\t\t\t\t<\/section>\r\n\t\t\t\t<section class=\"elementor-section elementor-top-section elementor-element elementor-element-0235448 elementor-section-boxed elementor-section-height-default elementor-section-height-default\" data-id=\"0235448\" data-element_type=\"section\" data-settings=\"{&quot;background_background&quot;:&quot;classic&quot;}\">\r\n\t\t\r\n\t\t\t\t\t\t\t<div class=\"elementor-container elementor-column-gap-default\">\r\n\t\t\t\t\t\t\t\t\t\t\t<div class=\"elementor-column elementor-col-33 elementor-top-column elementor-element elementor-element-42b30b6\" data-id=\"42b30b6\" data-element_type=\"column\">\r\n\t\t\t\t\t<div class=\"elementor-widget-wrap elementor-element-populated\">\r\n\t\t\t\t\t\t<div class=\"elementor-element elementor-element-c4f1390 e-con-full e-flex e-con e-child\" data-id=\"c4f1390\" data-element_type=\"container\">\n\t\t\t\t<div class=\"elementor-element elementor-element-bd559a7 elementor-widget elementor-widget-image\" data-id=\"bd559a7\" data-element_type=\"widget\" data-widget_type=\"image.default\">\n\t\t\t\t<div class=\"elementor-widget-container\">\n\t\t\t\t\t\t\t\t\t\t\t\t\t<img loading=\"lazy\" decoding=\"async\" width=\"295\" height=\"295\" src=\"https:\/\/saba.isoladev.com\/wp-content\/uploads\/2024\/03\/vertigo_dizziness2.png\" class=\"attachment-medium size-medium wp-image-7235\" alt=\"\" \/>\t\t\t\t\t\t\t\t\t\t\t\t\t<\/div>\n\t\t\t\t<\/div>\n\t\t\t\t<\/div>\n\t\t\t\t\t<\/div>\r\n\t\t\t\t<\/div>\r\n\t\t\t\t<div class=\"elementor-column elementor-col-66 elementor-top-column elementor-element elementor-element-bd75f18\" data-id=\"bd75f18\" data-element_type=\"column\">\r\n\t\t\t\t\t<div class=\"elementor-widget-wrap elementor-element-populated\">\r\n\t\t\t\t\t\t<div class=\"elementor-element elementor-element-6080e0c e-con-full e-flex e-con e-child\" data-id=\"6080e0c\" data-element_type=\"container\">\n\t\t\t\t<div class=\"elementor-element elementor-element-ceb56c2 elementor-widget elementor-widget-heading\" data-id=\"ceb56c2\" data-element_type=\"widget\" data-widget_type=\"heading.default\">\n\t\t\t\t<div class=\"elementor-widget-container\">\n\t\t\t<h2 class=\"elementor-heading-title elementor-size-default\">Vertigens e Tonturas<\/h2>\t\t<\/div>\n\t\t\t\t<\/div>\n\t\t\t\t<div class=\"elementor-element elementor-element-1d80dd6 elementor-widget elementor-widget-text-editor\" data-id=\"1d80dd6\" data-element_type=\"widget\" data-widget_type=\"text-editor.default\">\n\t\t\t\t<div class=\"elementor-widget-container\">\n\t\t\t\t\t\t\t<p>Um tratamento n\u00e3o invasivo e indolor para tonturas e vertigens. Ocasionalmente, os resultados s\u00e3o imediatos e dram\u00e1ticos, sem o uso de cirurgia ou medica\u00e7\u00e3o. Mesmo que relativamente poucos m\u00e9dicos tenham conhecimento detalhado da t\u00e9cnica Chiropractice Orthogonal do Atlas, os seus resultados positivos confirmam a sua validade e efic\u00e1cia. Muitas pessoas com 40 ou mais anos experimentam tonturas e vertigens.<\/p>\n\t\t\t\t\t\t<\/div>\n\t\t\t\t<\/div>\n\t\t\t\t<div class=\"elementor-element elementor-element-7535e14 elementor-widget elementor-widget-porto_button\" data-id=\"7535e14\" data-element_type=\"widget\" data-widget_type=\"porto_button.default\">\n\t\t\t\t<div class=\"elementor-widget-container\">\n\t\t\t<a aria-label=\"button\" class=\"btn btn-xl btn-primary\" href=\"https:\/\/saba.isoladev.com\/pt-pt\/novos-pacientes\/\"><span >Marque uma consulta agora<\/span><\/a>\t\t<\/div>\n\t\t\t\t<\/div>\n\t\t\t\t<\/div>\n\t\t\t\t\t<\/div>\r\n\t\t\t\t<\/div>\r\n\t\t\t\t\t<\/div>\r\n\t\t\t\t<\/section>\r\n\t\t\t\t<section class=\"elementor-section elementor-top-section elementor-element elementor-element-b88104e elementor-section-boxed elementor-section-height-default elementor-section-height-default\" data-id=\"b88104e\" data-element_type=\"section\" data-settings=\"{&quot;background_background&quot;:&quot;classic&quot;}\">\r\n\t\t\r\n\t\t\t\t\t\t\t<div class=\"elementor-container elementor-column-gap-default\">\r\n\t\t\t\t\t\t\t\t\t\t\t<div class=\"elementor-column elementor-col-33 elementor-top-column elementor-element elementor-element-3382a00\" data-id=\"3382a00\" data-element_type=\"column\">\r\n\t\t\t\t\t<div class=\"elementor-widget-wrap elementor-element-populated\">\r\n\t\t\t\t\t\t<div class=\"elementor-element elementor-element-755de3f e-con-full e-flex e-con e-child\" data-id=\"755de3f\" data-element_type=\"container\">\n\t\t\t\t<div class=\"elementor-element elementor-element-8682b58 elementor-widget elementor-widget-image\" data-id=\"8682b58\" data-element_type=\"widget\" data-widget_type=\"image.default\">\n\t\t\t\t<div class=\"elementor-widget-container\">\n\t\t\t\t\t\t\t\t\t\t\t\t\t<img loading=\"lazy\" decoding=\"async\" width=\"295\" height=\"296\" src=\"https:\/\/saba.isoladev.com\/wp-content\/uploads\/2024\/03\/other_symptoms2.png\" class=\"attachment-medium size-medium wp-image-7231\" alt=\"\" \/>\t\t\t\t\t\t\t\t\t\t\t\t\t<\/div>\n\t\t\t\t<\/div>\n\t\t\t\t<\/div>\n\t\t\t\t\t<\/div>\r\n\t\t\t\t<\/div>\r\n\t\t\t\t<div class=\"elementor-column elementor-col-66 elementor-top-column elementor-element elementor-element-fd0c021\" data-id=\"fd0c021\" data-element_type=\"column\">\r\n\t\t\t\t\t<div class=\"elementor-widget-wrap elementor-element-populated\">\r\n\t\t\t\t\t\t<div class=\"elementor-element elementor-element-9c612bc e-con-full e-flex e-con e-child\" data-id=\"9c612bc\" data-element_type=\"container\">\n\t\t\t\t<div class=\"elementor-element elementor-element-037160c elementor-widget elementor-widget-heading\" data-id=\"037160c\" data-element_type=\"widget\" data-widget_type=\"heading.default\">\n\t\t\t\t<div class=\"elementor-widget-container\">\n\t\t\t<h2 class=\"elementor-heading-title elementor-size-default\">Outros sintomas<\/h2>\t\t<\/div>\n\t\t\t\t<\/div>\n\t\t\t\t<div class=\"elementor-element elementor-element-a372907 elementor-widget elementor-widget-text-editor\" data-id=\"a372907\" data-element_type=\"widget\" data-widget_type=\"text-editor.default\">\n\t\t\t\t<div class=\"elementor-widget-container\">\n\t\t\t\t\t\t\t<p>A terapia de fotobiomodula\u00e7\u00e3o tamb\u00e9m aborda efetivamente uma s\u00e9rie de condi\u00e7\u00f5es para al\u00e9m das doen\u00e7as prim\u00e1rias listadas. Estas incluem perturba\u00e7\u00f5es cr\u00f3nicas das articula\u00e7\u00f5es, como artrite, que beneficiam dos nossos tratamentos n\u00e3o invasivos, indolor. Al\u00e9m disso, as nossas t\u00e9cnicas especializadas podem ajudar na recupera\u00e7\u00e3o de les\u00f5es desportivas, aumentando a repara\u00e7\u00e3o dos tecidos e reduzindo a inflama\u00e7\u00e3o. A nossa abordagem \u00e9 hol\u00edstica e adaptada a cada indiv\u00edduo, garantindo que mesmo os sintomas menos conhecidos ou menos comuns relacionados com quest\u00f5es neurol\u00f3gicas e m\u00fasculo-esquel\u00e9ticas s\u00e3o tratados com precis\u00e3o e cuidado.<\/p>\n\t\t\t\t\t\t<\/div>\n\t\t\t\t<\/div>\n\t\t\t\t<div class=\"elementor-element elementor-element-ed453a9 elementor-widget elementor-widget-porto_button\" data-id=\"ed453a9\" data-element_type=\"widget\" data-widget_type=\"porto_button.default\">\n\t\t\t\t<div class=\"elementor-widget-container\">\n\t\t\t<a aria-label=\"button\" class=\"btn btn-xl btn-primary\" href=\"https:\/\/saba.isoladev.com\/pt-pt\/novos-pacientes\/\"><span >Marque uma consulta agora<\/span><\/a>\t\t<\/div>\n\t\t\t\t<\/div>\n\t\t\t\t<\/div>\n\t\t\t\t\t<\/div>\r\n\t\t\t\t<\/div>\r\n\t\t\t\t\t<\/div>\r\n\t\t\t\t<\/section>\r\n\t\t\t\t<\/div>\n\t\t","protected":false},"excerpt":{"rendered":"<p>Como funciona o tratamento O Dr. Saba-Sayah usa tecnologia de ponta e t\u00e9cnicas quiropr\u00e1ticas eficazes para tratar presunto de doentes em todo o mundo. Ela \u00e9 uma dos tr\u00eas especialistas na Europa que pratica esta t\u00e9cnica, chamada a t\u00e9cnica AO. H\u00e1 mais de meio s\u00e9culo, esta t\u00e9cnica foi utilizada com sucesso na Am\u00e9rica do Norte [&hellip;]<\/p>\n","protected":false},"author":1,"featured_media":0,"parent":0,"menu_order":0,"comment_status":"closed","ping_status":"closed","template":"","meta":{"footnotes":""},"class_list":["post-7466","page","type-page","status-publish","hentry"],"_links":{"self":[{"href":"https:\/\/saba.isoladev.com\/pt-pt\/wp-json\/wp\/v2\/pages\/7466"}],"collection":[{"href":"https:\/\/saba.isoladev.com\/pt-pt\/wp-json\/wp\/v2\/pages"}],"about":[{"href":"https:\/\/saba.isoladev.com\/pt-pt\/wp-json\/wp\/v2\/types\/page"}],"author":[{"embeddable":true,"href":"https:\/\/saba.isoladev.com\/pt-pt\/wp-json\/wp\/v2\/users\/1"}],"replies":[{"embeddable":true,"href":"https:\/\/saba.isoladev.com\/pt-pt\/wp-json\/wp\/v2\/comments?post=7466"}],"version-history":[{"count":7,"href":"https:\/\/saba.isoladev.com\/pt-pt\/wp-json\/wp\/v2\/pages\/7466\/revisions"}],"predecessor-version":[{"id":8889,"href":"https:\/\/saba.isoladev.com\/pt-pt\/wp-json\/wp\/v2\/pages\/7466\/revisions\/8889"}],"wp:attachment":[{"href":"https:\/\/saba.isoladev.com\/pt-pt\/wp-json\/wp\/v2\/media?parent=7466"}],"curies":[{"name":"wp","href":"https:\/\/api.w.org\/{rel}","templated":true}]}}