{"id":7464,"date":"2024-03-17T16:43:38","date_gmt":"2024-03-17T16:43:38","guid":{"rendered":"https:\/\/saba.isoladev.com\/headaches\/"},"modified":"2024-04-29T21:01:17","modified_gmt":"2024-04-29T21:01:17","slug":"headaches","status":"publish","type":"page","link":"https:\/\/saba.isoladev.com\/pt-pt\/headaches\/","title":{"rendered":"Dores de cabe\u00e7a"},"content":{"rendered":"\t\t<div data-elementor-type=\"wp-page\" data-elementor-id=\"7464\" class=\"elementor elementor-7464 elementor-7033\" data-elementor-post-type=\"page\">\n\t\t\t\t\t\t<section class=\"elementor-section elementor-top-section elementor-element elementor-element-6e7787f push-top push-bottom elementor-section-boxed elementor-section-height-default elementor-section-height-default\" data-id=\"6e7787f\" data-element_type=\"section\">\r\n\t\t\r\n\t\t\t\t\t\t\t<div class=\"elementor-container elementor-column-gap-default\">\r\n\t\t\t\t\t\t\t\t\t\t\t<div class=\"elementor-column elementor-col-100 elementor-top-column elementor-element elementor-element-87e94c5\" data-id=\"87e94c5\" data-element_type=\"column\">\r\n\t\t\t\t\t<div class=\"elementor-widget-wrap elementor-element-populated\">\r\n\t\t\t\t\t\t\t\t<div class=\"elementor-element elementor-element-5e40f16 mb-0 elementor-invisible elementor-widget elementor-widget-heading\" data-id=\"5e40f16\" data-element_type=\"widget\" data-settings=\"{&quot;_animation&quot;:&quot;fadeInUp&quot;,&quot;_animation_delay&quot;:&quot;300&quot;}\" data-widget_type=\"heading.default\">\n\t\t\t\t<div class=\"elementor-widget-container\">\n\t\t\t<style>\/*! elementor - v3.21.0 - 26-05-2024 *\/\n.elementor-heading-title{padding:0;margin:0;line-height:1}.elementor-widget-heading .elementor-heading-title[class*=elementor-size-]>a{color:inherit;font-size:inherit;line-height:inherit}.elementor-widget-heading .elementor-heading-title.elementor-size-small{font-size:15px}.elementor-widget-heading .elementor-heading-title.elementor-size-medium{font-size:19px}.elementor-widget-heading .elementor-heading-title.elementor-size-large{font-size:29px}.elementor-widget-heading .elementor-heading-title.elementor-size-xl{font-size:39px}.elementor-widget-heading .elementor-heading-title.elementor-size-xxl{font-size:59px}<\/style><h2 class=\"elementor-heading-title elementor-size-default\">Dores de cabe\u00e7a<\/h2>\t\t<\/div>\n\t\t\t\t<\/div>\n\t\t\t\t<div class=\"elementor-element elementor-element-830104b elementor-invisible elementor-widget elementor-widget-text-editor\" data-id=\"830104b\" data-element_type=\"widget\" data-settings=\"{&quot;_animation&quot;:&quot;fadeInUp&quot;}\" data-widget_type=\"text-editor.default\">\n\t\t\t\t<div class=\"elementor-widget-container\">\n\t\t\t<style>\/*! elementor - v3.21.0 - 26-05-2024 *\/\n.elementor-widget-text-editor.elementor-drop-cap-view-stacked .elementor-drop-cap{background-color:#69727d;color:#fff}.elementor-widget-text-editor.elementor-drop-cap-view-framed .elementor-drop-cap{color:#69727d;border:3px solid;background-color:transparent}.elementor-widget-text-editor:not(.elementor-drop-cap-view-default) .elementor-drop-cap{margin-top:8px}.elementor-widget-text-editor:not(.elementor-drop-cap-view-default) .elementor-drop-cap-letter{width:1em;height:1em}.elementor-widget-text-editor .elementor-drop-cap{float:left;text-align:center;line-height:1;font-size:50px}.elementor-widget-text-editor .elementor-drop-cap-letter{display:inline-block}<\/style>\t\t\t\t<div class=\"uk-panel uk-margin\">\n<p>As dores de cabe\u00e7a (cefalalgia) e dores nas costas representam a maioria das visitas de m\u00e9dico. As dores de cabe\u00e7a s\u00e3o comuns na popula\u00e7\u00e3o em geral e raramente amea\u00e7am a vida. Alguns casos de dor de cabe\u00e7a podem dever-se a um desalinhamento do segmento cervical superior da coluna, como ser\u00e1 explicado mais tarde.<\/p>\n<p>As dores de cabe\u00e7a s\u00e3o classificadas pela International Defaleia Society como \u201cprim\u00e1ria\u201d, \u201csecund\u00e1ria\u201d e \u201cneuralgias cranianas, dor facial e outras dores de cabe\u00e7a\u201d.<\/p>\n<\/div>\n<h3 class=\"uk-h3 uk-text-primary\">DORES DE CABE\u00c7A PRIM\u00c1RIAS<\/h3>\n<p><img fetchpriority=\"high\" decoding=\"async\" class=\"alignnone wp-image-7529 size-medium\" src=\"https:\/\/saba.isoladev.com\/wp-content\/uploads\/2024\/04\/24202328_6894711-300x300.jpg\" alt=\"\" width=\"300\" height=\"300\" \/><\/p>\n<div class=\"uk-panel uk-margin\">\n<p>As dores de cabe\u00e7a prim\u00e1rias representam 90% de todas as dores de cabe\u00e7a, n\u00e3o s\u00e3o um sintoma de uma doen\u00e7a subjacente, no entanto o mecanismo exato ainda \u00e9 desconhecido. S\u00e3o multifatoriais e dependem de uma intera\u00e7\u00e3o de fatores gen\u00e9ticos e ambientais. Porque n\u00e3o h\u00e1 uma doen\u00e7a subjacente que cause dores de cabe\u00e7a prim\u00e1rias, o diagn\u00f3stico \u00e9 feito a partir da hist\u00f3ria da dor de cabe\u00e7a do paciente e por exame. \u00c0s vezes, podem ser necess\u00e1rios testes adicionais (por exemplo, tomografia computadorizada, resson\u00e2ncia magn\u00e9tica, an\u00e1lises ao sangue) para excluir uma doen\u00e7a subjacente.<\/p>\n<p>Os tipos de cefaleias prim\u00e1rias mais comuns s\u00e3o dores de cabe\u00e7a de tens\u00e3o, enxaquecas e dores de cabe\u00e7a em salvas.<\/p>\n<p>Dores de cabe\u00e7a de tens\u00e3o: A maioria das pessoas sente dores de cabe\u00e7a de tens\u00e3o nalgum momento da vida. S\u00e3o o tipo de dores de cabe\u00e7a mais comum e normalmente s\u00e3o bilaterais com intensidade ligeira a moderada. S\u00e3o normalmente descritos como uma press\u00e3o ou aperto (como ter uma banda apertada \u00e0 volta da cabe\u00e7a) e podem espalhar-se de ou para o pesco\u00e7o. A m\u00e1 postura \u00e9 muitas vezes observ\u00e1vel no doente e essa anormalidade pode ser um fator importante para desencadear dores de cabe\u00e7a de tens\u00e3o. Essas dores de cabe\u00e7a podem durar umas horas a v\u00e1rios dias; no entanto, se durarem mais do que 15 dias, tornam-se dores de cabe\u00e7a de tens\u00e3o cr\u00f3nica. As dores de cabe\u00e7a de tens\u00e3o normalmente n\u00e3o s\u00e3o agravadas por esfor\u00e7o.<\/p>\n<p>Enxaquecas: O segundo tipo de dores de cabe\u00e7a mais comum s\u00e3o as enxaquecas, que s\u00e3o t\u00e3o comuns como a artrite e a diabetes combinados. As enxaquecas est\u00e3o, por vezes, associadas a <strong>vertigens<\/strong> (ocorrem antes ou depois do ataque de enxaqueca). A vertigem enxaqueca tem uma incid\u00eancia maior quando a enxaqueca \u00e9 precedida de uma \u201caura\u201d \u2014 ou seja, uma sensa\u00e7\u00e3o subjetiva que precede um ataque. A vertigem pode acontecer por alguns segundos at\u00e9 alguns dias.<\/p>\n<p>Antes da puberdade, os rapazes e as raparigas s\u00e3o afetados da mesma maneira. No entanto, depois da puberdade, as mulheres experimentam enxaquecas mais frequentemente do que os homens.<\/p>\n<h4><em>Enxaquecas sem aura:<\/em><\/h4>\n<p><em>\u2014<\/em> Ataques duram 4 a 72 horas <br \/> -T\u00eam uma qualidade batente, pulsante de intensidade moderada a grave <br \/> -S\u00e3o geralmente unilaterais mas podem mudar de lado de um ataque para o outro <br \/> -S\u00e3o agravados pela atividade -Associados a n\u00e1useas e v\u00f3mitos <\/p>\n<p> -Por vezes associados a uma fase prodr\u00f3mica (conjunto de sintomas que ocorrem 1 a 2 dias antes do ataque da enxaqueca e que consistem numa mudan\u00e7a do apetite, desejos alimentares, hiperatividade, fadiga ou altera\u00e7\u00f5es ou depress\u00e3o, no humor ou na personalidade)<\/p>\n<h4><em>Enxaquecas com uma aura:<\/em><\/h4>\n<p>-T\u00eam as mesmas caracter\u00edsticas que as enxaquecas sem aura mas s\u00e3o precedidas de uma aura que ocorre minutos antes ou durante o ataque de enxaqueca <br \/> -Aura pode consistir em sintomas visuais (ex., luzes cintilantes, manchas ou linhas, ou perda de vis\u00e3o), dist\u00farbios da fala, sintomas sensoriais (por exemplo, \u201calfinetes e agulhas\u201d ou dorm\u00eancia) ou sensa\u00e7\u00e3o anormal de cheiro ou paladar<\/p>\n<p><strong>Dores de cabe\u00e7a<\/strong> em salvas: As dores de cabe\u00e7a em salvas s\u00e3o raras, afetando menos de 0,1% da popula\u00e7\u00e3o. S\u00e3o unilaterais e os ataques s\u00e3o extremamente graves, caracterizados por dor \u00e0 volta dos olhos com rasgar <br \/> os olhos, rinorreia (corrimento nasal) e suor de um lado da cara. Os ataques duram 15 minutos a 3 horas mas podem repetir v\u00e1rias vezes durante o dia. As dores de cabe\u00e7a em salvas podem durar um \u00fanico dia at\u00e9 algumas semanas.<\/p>\n<\/div>\n<p><img decoding=\"async\" class=\"alignnone wp-image-7534 size-medium\" src=\"https:\/\/saba.isoladev.com\/wp-content\/uploads\/2024\/04\/24202330_6894721-300x300.jpg\" alt=\"\" width=\"300\" height=\"300\" \/><\/p>\n<h3 class=\"uk-h3 uk-text-primary\">DORES DE CABE\u00c7A SECUND\u00c1RIAS<\/h3>\n<div class=\"uk-panel uk-margin\">\n<p><strong>As dores de cabe\u00e7a secund\u00e1rias s\u00e3o causadas por uma s\u00e9rie de doen\u00e7as subjacentes ou traumas, incluindo os seguintes: meningite (inflama\u00e7\u00e3o das membranas que circundam a espinal medula e c\u00e9rebro, acompanhada de rigidez do pesco\u00e7o e febre), encefalite (inflama\u00e7\u00e3o do c\u00e9rebro), hipertens\u00e3o, tumor cerebral, VIH, SIDA, aneurismo cerebral (bojo numa art\u00e9ria do c\u00e9rebro), arterite das c\u00e9lulas gigantes (inflama\u00e7\u00e3o dos revestimentos das ligas as art\u00e9rias que, se n\u00e3o forem tratadas, podem levar a cegueira), acidente vascular cerebral ou AIT (ataque isqu\u00e9mico transit\u00f3rio), chico\u00e7o, traum\u00e1tica les\u00e3o cerebral e cerebral traumatismo craniano<\/strong>, cefaleia cervicog\u00e9nica (cuja frequ\u00eancia \u00e9 compar\u00e1vel \u00e0 das enxaquecas e \u00e9 caracterizada por dor percebida a partir de uma fonte no pesco\u00e7o com dor occipital\/temporal unilateral), jejum, problemas de sinus e uso excessivo de medica\u00e7\u00e3o (dor de cabe\u00e7a rebound).<\/p>\n<p>O diagn\u00f3stico de uma dor de cabe\u00e7a secund\u00e1ria \u00e9 feito pelo m\u00e9dico de acordo com a sua avalia\u00e7\u00e3o e exame.<\/p>\n<p>QUANDO PROCURAR ATEN\u00c7\u00c3O M\u00c9DICA IMEDIATA (os testes podem incluir an\u00e1lise ao sangue, tomografia computadorizada, resson\u00e2ncia magn\u00e9tica, pun\u00e7\u00e3o lombar)<\/p>\n<p>-Quando a dor de cabe\u00e7a \u00e9 fora do comum, s\u00fabita ou muito grave (\u201cpior dor de cabe\u00e7a da sua vida\u201d) <br \/> -Quando a dor de cabe\u00e7a \u00e9 acompanhada de febre ou rigidez do pesco\u00e7o <br \/> -Quando tem dificuldades em falar ou andar ou tem vis\u00e3o dupla <br \/> -Quando a dor de cabe\u00e7a segue um traumatismo ou les\u00e3o na cabe\u00e7a<\/p>\n<p>A maioria das pessoas afetadas por dores de cabe\u00e7a pode sentir que as suas dores de cabe\u00e7a s\u00e3o causadas por uma doen\u00e7a ou patologia grave (por exemplo, tumor, meningite, arterite de c\u00e9lulas gigantes) mas isso realmente acontece apenas numa percentagem muito pequena da popula\u00e7\u00e3o (0,5%).<\/p>\n<h3>NEURALGIAS CRANIANAS, DOR FACIAL E OUTRAS DORES DE CABE\u00c7A<\/h3>\n<p>Compress\u00e3o, tens\u00e3o ou irrita\u00e7\u00e3o dos nervos cranianos podem dar origem a dores de cabe\u00e7a ou dor na zona que est\u00e1 a ser inervada.<\/p>\n<p>O tipo mais comum de nevralgia craniana \u00e9 a nevralgia trig\u00e9mina (ou \u201ctic douloureux\u201d) normalmente experimentada como um tipo de dor de choque el\u00e9trico. A nevralgia trig\u00e9mina \u00e9 sentida como ataques curtos e excruciantes que podem progredir como ataques mais frequentes, causando mais dor.<\/p>\n<p>A dor pode ser desencadeada pelas atividades di\u00e1rias, como barbear, escovar dentes ou maquilhar.<\/p>\n<p>Diferentes tipos de dores de cabe\u00e7a podem sobrepor-se. Por exemplo, uma pessoa pode sentir uma enxaqueca e uma dor de cabe\u00e7a cervicog\u00e9nica ao mesmo tempo.<\/p>\n<\/div>\n<h3 class=\"uk-h3 uk-text-primary\">TRATAMENTO PARA DORES DE CABE\u00c7A<\/h3>\n<div class=\"uk-panel uk-margin\">\n<h4><em>UM NOVO TRATAMENTO DE C\u00c9NES INPOR, N\u00c3O INVASIVO: \u201cT\u00c9CNICA CHIRATLAS ORTOGONAL CHIRATLAS\u201d<\/em><\/h4>\n<p>Como mencionado anteriormente, uma das causas das dores de cabe\u00e7a \u00e9 um desalinhamento do cr\u00e2nio, a primeira v\u00e9rtebra cervical e o segmento cervical que leva a uma curvatura espinal aberrante.<\/p>\n<p>Quando a primeira v\u00e9rtebra cervical se desvia da sua posi\u00e7\u00e3o, a cabe\u00e7a inclina-se. Como resultado, a coluna cervical muda, tentando contrabalan\u00e7ar e apoiar o peso da cabe\u00e7a. <strong><strong><strong>Isso vai pressionar os nervos cervical e occipital e pode comprometer o fornecimento de sangue vertebral ao c\u00e9rebro, dando origem a uma variedade de sintomas tais como dor de cabe\u00e7a, dor no pesco\u00e7o (cervicalgia), vertigens ou tonturas e dor nas costas.<strong><\/strong><\/strong><\/strong><\/strong><\/p>\n<p>O sistema nervoso consiste no c\u00e9rebro, espinal medula e nervos espinais. O sistema nervoso controla, regula e afeta todas as fun\u00e7\u00f5es do corpo.<\/p>\n<p>Existem espa\u00e7os entre cada v\u00e9rtebra permitindo que os nervos, que s\u00e3o extens\u00f5es da espinal medula, abastecem e liguem todas as partes do corpo humano.<\/p>\n<p>Quando a coluna vertebral est\u00e1 desalinhada, o sistema nervoso n\u00e3o consegue funcionar como devia, levando assim a uma variedade de sintomas e doen\u00e7as.<\/p>\n<p>Anos de investiga\u00e7\u00e3o cl\u00ednica mostraram que muitos dos problemas associados ao desalinhamento da coluna e as suas consequ\u00eancias podem estar associadas ao atlas v\u00e9rtebra, o osso cervical superior no pesco\u00e7o.<\/p>\n<p>H\u00e1 mais de meio s\u00e9culo, esta t\u00e9cnica foi utilizada com sucesso na Am\u00e9rica do Norte para o tratamento de vertigens e tonturas<\/p>\n<p>Com o reposicionamento do segmento cervical da coluna no seu alinhamento adequado, o cr\u00e2nio volta na sua posi\u00e7\u00e3o adequada em rela\u00e7\u00e3o ao atlas e \u00e0s outras v\u00e9rtebras cervicais. Isso vai reduzir a press\u00e3o nos nervos e melhorar a circula\u00e7\u00e3o sangu\u00ednea para o c\u00e9rebro, aliviando assim a cabe\u00e7a. Isso \u00e9 feito ap\u00f3s uma an\u00e1lise precisa com c\u00e1lculo matem\u00e1tico. Com a ajuda de um instrumento especial, a coluna cervical \u00e9 corrigida de forma indolor e n\u00e3o invasiva. <br \/>Este tratamento \u00fanico, especificamente adaptado para cada doente, tem grandes vantagens: evitar todos os riscos associados a cirurgia e os efeitos secund\u00e1rios da medica\u00e7\u00e3o.<\/p>\n<\/div>\n<h3 class=\"uk-h3 uk-text-primary\">MEDICA\u00c7\u00c3O<\/h3>\n<div class=\"uk-panel uk-margin\">\n<p>O medicamento pode incluir AINEs (anti-inflamat\u00f3rios n\u00e3o ester\u00f3ides), tais como aspirina, ibuprofeno e acetaminofeno (Tylenol). Triptanos, opi\u00f3ides ou glucocortic\u00f3ides tamb\u00e9m podem ser usados.<\/p>\n<p>Todos os medicamentos podem ter efeitos adversos importantes, tais como \u00falceras, hemorragia gastrointestinal e problemas renais. Dever\u00e3o ser dadas precau\u00e7\u00f5es especiais \u00e0 aspirina quando prescrita a crian\u00e7as, porque pode causar s\u00edndrome de Reye e levar a coma ou morte.<\/p>\n<p>O uso excessivo de medicamentos (ou seja, excedendo a dose ou a frequ\u00eancia) pode levar a dores de cabe\u00e7a rebound caracterizadas por ataques mais frequentes e aumento da gravidade.<\/p>\n<p>Para reduzir a frequ\u00eancia da enxaqueca, as pessoas podem tomar medica\u00e7\u00e3o preventiva, como bloqueadores beta ou antidepressivos. Para reduzir os ataques de enxaqueca, as pessoas devem evitar desencadeadores tais como stress, \u00e1lcool, queijos envelhecidos, jejum, falta de sono, etc.<\/p>\n<p>As dores de cabe\u00e7a em salvas tamb\u00e9m podem ser ajudadas inalando oxig\u00e9nio atrav\u00e9s de uma m\u00e1scara (embora isso n\u00e3o seja muito pr\u00e1tico porque as pessoas teriam de transportar um cilindro de oxig\u00e9nio consigo).<\/p>\n<p><em>ACUPUNTURA, BIOFEEDBACK, T\u00c9CNICAS DE CONTRATAMENTO<\/em><\/p>\n<\/div>\n\t\t\t\t\t\t<\/div>\n\t\t\t\t<\/div>\n\t\t\t\t\t<\/div>\r\n\t\t\t\t<\/div>\r\n\t\t\t\t\t<\/div>\r\n\t\t\t\t<\/section>\r\n\t\t\t\t<\/div>\n\t\t","protected":false},"excerpt":{"rendered":"<p>Dores de cabe\u00e7a As dores de cabe\u00e7a (cefalalgia) e dores nas costas representam a maioria das visitas de m\u00e9dico. As dores de cabe\u00e7a s\u00e3o comuns na popula\u00e7\u00e3o em geral e raramente amea\u00e7am a vida. Alguns casos de dor de cabe\u00e7a podem dever-se a um desalinhamento do segmento cervical superior da coluna, como ser\u00e1 explicado mais [&hellip;]<\/p>\n","protected":false},"author":1,"featured_media":0,"parent":0,"menu_order":0,"comment_status":"closed","ping_status":"closed","template":"","meta":{"footnotes":""},"class_list":["post-7464","page","type-page","status-publish","hentry"],"_links":{"self":[{"href":"https:\/\/saba.isoladev.com\/pt-pt\/wp-json\/wp\/v2\/pages\/7464"}],"collection":[{"href":"https:\/\/saba.isoladev.com\/pt-pt\/wp-json\/wp\/v2\/pages"}],"about":[{"href":"https:\/\/saba.isoladev.com\/pt-pt\/wp-json\/wp\/v2\/types\/page"}],"author":[{"embeddable":true,"href":"https:\/\/saba.isoladev.com\/pt-pt\/wp-json\/wp\/v2\/users\/1"}],"replies":[{"embeddable":true,"href":"https:\/\/saba.isoladev.com\/pt-pt\/wp-json\/wp\/v2\/comments?post=7464"}],"version-history":[{"count":5,"href":"https:\/\/saba.isoladev.com\/pt-pt\/wp-json\/wp\/v2\/pages\/7464\/revisions"}],"predecessor-version":[{"id":8465,"href":"https:\/\/saba.isoladev.com\/pt-pt\/wp-json\/wp\/v2\/pages\/7464\/revisions\/8465"}],"wp:attachment":[{"href":"https:\/\/saba.isoladev.com\/pt-pt\/wp-json\/wp\/v2\/media?parent=7464"}],"curies":[{"name":"wp","href":"https:\/\/api.w.org\/{rel}","templated":true}]}}