{"id":7462,"date":"2024-03-17T16:43:18","date_gmt":"2024-03-17T16:43:18","guid":{"rendered":"https:\/\/saba.isoladev.com\/a-new-paradigm\/"},"modified":"2024-04-29T21:01:18","modified_gmt":"2024-04-29T21:01:18","slug":"a-new-paradigm","status":"publish","type":"page","link":"https:\/\/saba.isoladev.com\/pt-pt\/a-new-paradigm\/","title":{"rendered":"Um Novo Paradigma"},"content":{"rendered":"\t\t<div data-elementor-type=\"wp-page\" data-elementor-id=\"7462\" class=\"elementor elementor-7462 elementor-7032\" data-elementor-post-type=\"page\">\n\t\t\t\t\t\t<section class=\"elementor-section elementor-top-section elementor-element elementor-element-8d0902b push-top push-bottom elementor-section-boxed elementor-section-height-default elementor-section-height-default\" data-id=\"8d0902b\" data-element_type=\"section\">\r\n\t\t\r\n\t\t\t\t\t\t\t<div class=\"elementor-container elementor-column-gap-default\">\r\n\t\t\t\t\t\t\t\t\t\t\t<div class=\"elementor-column elementor-col-100 elementor-top-column elementor-element elementor-element-b0809da\" data-id=\"b0809da\" data-element_type=\"column\">\r\n\t\t\t\t\t<div class=\"elementor-widget-wrap elementor-element-populated\">\r\n\t\t\t\t\t\t\t\t<div class=\"elementor-element elementor-element-051f827 mb-0 elementor-invisible elementor-widget elementor-widget-heading\" data-id=\"051f827\" data-element_type=\"widget\" data-settings=\"{&quot;_animation&quot;:&quot;fadeInUp&quot;,&quot;_animation_delay&quot;:&quot;300&quot;}\" data-widget_type=\"heading.default\">\n\t\t\t\t<div class=\"elementor-widget-container\">\n\t\t\t<style>\/*! elementor - v3.21.0 - 26-05-2024 *\/\n.elementor-heading-title{padding:0;margin:0;line-height:1}.elementor-widget-heading .elementor-heading-title[class*=elementor-size-]>a{color:inherit;font-size:inherit;line-height:inherit}.elementor-widget-heading .elementor-heading-title.elementor-size-small{font-size:15px}.elementor-widget-heading .elementor-heading-title.elementor-size-medium{font-size:19px}.elementor-widget-heading .elementor-heading-title.elementor-size-large{font-size:29px}.elementor-widget-heading .elementor-heading-title.elementor-size-xl{font-size:39px}.elementor-widget-heading .elementor-heading-title.elementor-size-xxl{font-size:59px}<\/style><h2 class=\"elementor-heading-title elementor-size-default\">Um Novo Paradigma de Bem-Estar \n<\/h2>\t\t<\/div>\n\t\t\t\t<\/div>\n\t\t\t\t<div class=\"elementor-element elementor-element-4ffff1f elementor-invisible elementor-widget elementor-widget-text-editor\" data-id=\"4ffff1f\" data-element_type=\"widget\" data-settings=\"{&quot;_animation&quot;:&quot;fadeInUp&quot;}\" data-widget_type=\"text-editor.default\">\n\t\t\t\t<div class=\"elementor-widget-container\">\n\t\t\t<style>\/*! elementor - v3.21.0 - 26-05-2024 *\/\n.elementor-widget-text-editor.elementor-drop-cap-view-stacked .elementor-drop-cap{background-color:#69727d;color:#fff}.elementor-widget-text-editor.elementor-drop-cap-view-framed .elementor-drop-cap{color:#69727d;border:3px solid;background-color:transparent}.elementor-widget-text-editor:not(.elementor-drop-cap-view-default) .elementor-drop-cap{margin-top:8px}.elementor-widget-text-editor:not(.elementor-drop-cap-view-default) .elementor-drop-cap-letter{width:1em;height:1em}.elementor-widget-text-editor .elementor-drop-cap{float:left;text-align:center;line-height:1;font-size:50px}.elementor-widget-text-editor .elementor-drop-cap-letter{display:inline-block}<\/style>\t\t\t\t<p><strong>Algumas palavras sobre o Novo Paradigma do Bem-Estar:<\/strong><\/p>\n<p>O antigo modelo de tratamento de doen\u00e7as com medica\u00e7\u00e3o pesada na sequ\u00eancia do in\u00edcio dos primeiros sintomas significativos, est\u00e1 a mudar progressivamente, trazendo uma maior consci\u00eancia da import\u00e2ncia de \u201cmanter o bem-estar atrav\u00e9s da preven\u00e7\u00e3o\u201d.<\/p>\n<p>Para isso, todos dev\u00edamos pensar em fazer check-ups cervicais mais ou menos regulares, dependendo da nossa idade e condi\u00e7\u00f5es de sa\u00fade.<\/p>\n<p><strong>A Organiza\u00e7\u00e3o Mundial de Sa\u00fade define a sa\u00fade como \u201cum estado de completo bem-estar f\u00edsico, mental e social e n\u00e3o apenas a aus\u00eancia de doen\u00e7a ou enfermidade\u201d.<\/strong><\/p>\n<p>Hoje, sabemos que um sintoma \u00e9 normalmente um sinal de alerta para uma doen\u00e7a que j\u00e1 est\u00e1 numa fase avan\u00e7ada de desenvolvimento: uma degenera\u00e7\u00e3o n\u00e3o detetada do sistema cardiovascular, por exemplo, pode manifestar-se subitamente com sintomas como um ataque card\u00edaco. Como resultado, h\u00e1 algum tempo que a aus\u00eancia de sintomas n\u00e3o era considerada um indicador de boa sa\u00fade.<\/p>\n<p>Os quiropr\u00e1ticos recebem a confirma\u00e7\u00e3o di\u00e1ria do facto de que <strong>quanto mais sintomas forem ignorados e maior a sua gravidade, mais demorar\u00e1 para resolver o problema e maior ser\u00e1 o n\u00famero de<\/strong> tratamentos necess\u00e1rios.<\/p>\n\t\t\t\t\t\t<\/div>\n\t\t\t\t<\/div>\n\t\t\t\t\t<\/div>\r\n\t\t\t\t<\/div>\r\n\t\t\t\t\t<\/div>\r\n\t\t\t\t<\/section>\r\n\t\t\t\t<\/div>\n\t\t","protected":false},"excerpt":{"rendered":"<p>Um Novo Paradigma de Bem-Estar Algumas palavras sobre o Novo Paradigma do Bem-Estar: O antigo modelo de tratamento de doen\u00e7as com medica\u00e7\u00e3o pesada na sequ\u00eancia do in\u00edcio dos primeiros sintomas significativos, est\u00e1 a mudar progressivamente, trazendo uma maior consci\u00eancia da import\u00e2ncia de \u201cmanter o bem-estar atrav\u00e9s da preven\u00e7\u00e3o\u201d. Para isso, todos dev\u00edamos pensar em fazer [&hellip;]<\/p>\n","protected":false},"author":1,"featured_media":0,"parent":0,"menu_order":0,"comment_status":"closed","ping_status":"closed","template":"","meta":{"footnotes":""},"class_list":["post-7462","page","type-page","status-publish","hentry"],"_links":{"self":[{"href":"https:\/\/saba.isoladev.com\/pt-pt\/wp-json\/wp\/v2\/pages\/7462"}],"collection":[{"href":"https:\/\/saba.isoladev.com\/pt-pt\/wp-json\/wp\/v2\/pages"}],"about":[{"href":"https:\/\/saba.isoladev.com\/pt-pt\/wp-json\/wp\/v2\/types\/page"}],"author":[{"embeddable":true,"href":"https:\/\/saba.isoladev.com\/pt-pt\/wp-json\/wp\/v2\/users\/1"}],"replies":[{"embeddable":true,"href":"https:\/\/saba.isoladev.com\/pt-pt\/wp-json\/wp\/v2\/comments?post=7462"}],"version-history":[{"count":5,"href":"https:\/\/saba.isoladev.com\/pt-pt\/wp-json\/wp\/v2\/pages\/7462\/revisions"}],"predecessor-version":[{"id":8514,"href":"https:\/\/saba.isoladev.com\/pt-pt\/wp-json\/wp\/v2\/pages\/7462\/revisions\/8514"}],"wp:attachment":[{"href":"https:\/\/saba.isoladev.com\/pt-pt\/wp-json\/wp\/v2\/media?parent=7462"}],"curies":[{"name":"wp","href":"https:\/\/api.w.org\/{rel}","templated":true}]}}