{"id":7891,"date":"2024-03-17T16:43:38","date_gmt":"2024-03-17T16:43:38","guid":{"rendered":"https:\/\/saba.isoladev.com\/mal-di-testa\/"},"modified":"2024-04-29T21:08:59","modified_gmt":"2024-04-29T21:08:59","slug":"mal-di-testa","status":"publish","type":"page","link":"https:\/\/saba.isoladev.com\/it\/mal-di-testa\/","title":{"rendered":"Mal di testa"},"content":{"rendered":"\t\t<div data-elementor-type=\"wp-page\" data-elementor-id=\"7891\" class=\"elementor elementor-7891 elementor-7033\" data-elementor-post-type=\"page\">\n\t\t\t\t\t\t<section class=\"elementor-section elementor-top-section elementor-element elementor-element-6e7787f push-top push-bottom elementor-section-boxed elementor-section-height-default elementor-section-height-default\" data-id=\"6e7787f\" data-element_type=\"section\">\r\n\t\t\r\n\t\t\t\t\t\t\t<div class=\"elementor-container elementor-column-gap-default\">\r\n\t\t\t\t\t\t\t\t\t\t\t<div class=\"elementor-column elementor-col-100 elementor-top-column elementor-element elementor-element-87e94c5\" data-id=\"87e94c5\" data-element_type=\"column\">\r\n\t\t\t\t\t<div class=\"elementor-widget-wrap elementor-element-populated\">\r\n\t\t\t\t\t\t\t\t<div class=\"elementor-element elementor-element-5e40f16 mb-0 elementor-invisible elementor-widget elementor-widget-heading\" data-id=\"5e40f16\" data-element_type=\"widget\" data-settings=\"{&quot;_animation&quot;:&quot;fadeInUp&quot;,&quot;_animation_delay&quot;:&quot;300&quot;}\" data-widget_type=\"heading.default\">\n\t\t\t\t<div class=\"elementor-widget-container\">\n\t\t\t<style>\/*! elementor - v3.21.0 - 26-05-2024 *\/\n.elementor-heading-title{padding:0;margin:0;line-height:1}.elementor-widget-heading .elementor-heading-title[class*=elementor-size-]>a{color:inherit;font-size:inherit;line-height:inherit}.elementor-widget-heading .elementor-heading-title.elementor-size-small{font-size:15px}.elementor-widget-heading .elementor-heading-title.elementor-size-medium{font-size:19px}.elementor-widget-heading .elementor-heading-title.elementor-size-large{font-size:29px}.elementor-widget-heading .elementor-heading-title.elementor-size-xl{font-size:39px}.elementor-widget-heading .elementor-heading-title.elementor-size-xxl{font-size:59px}<\/style><h2 class=\"elementor-heading-title elementor-size-default\">Mal di testa<\/h2>\t\t<\/div>\n\t\t\t\t<\/div>\n\t\t\t\t<div class=\"elementor-element elementor-element-830104b elementor-invisible elementor-widget elementor-widget-text-editor\" data-id=\"830104b\" data-element_type=\"widget\" data-settings=\"{&quot;_animation&quot;:&quot;fadeInUp&quot;}\" data-widget_type=\"text-editor.default\">\n\t\t\t\t<div class=\"elementor-widget-container\">\n\t\t\t<style>\/*! elementor - v3.21.0 - 26-05-2024 *\/\n.elementor-widget-text-editor.elementor-drop-cap-view-stacked .elementor-drop-cap{background-color:#69727d;color:#fff}.elementor-widget-text-editor.elementor-drop-cap-view-framed .elementor-drop-cap{color:#69727d;border:3px solid;background-color:transparent}.elementor-widget-text-editor:not(.elementor-drop-cap-view-default) .elementor-drop-cap{margin-top:8px}.elementor-widget-text-editor:not(.elementor-drop-cap-view-default) .elementor-drop-cap-letter{width:1em;height:1em}.elementor-widget-text-editor .elementor-drop-cap{float:left;text-align:center;line-height:1;font-size:50px}.elementor-widget-text-editor .elementor-drop-cap-letter{display:inline-block}<\/style>\t\t\t\t<div class=\"uk-panel uk-margin\">\n<p>Il mal di testa (cefalea) e il mal di schiena sono la causa della maggior parte delle visite mediche. I mal di testa sono comuni tra la popolazione generale e raramente rappresentano una minaccia per la vita. Alcuni casi di cefalea possono essere dovuti a un disallineamento del segmento cervicale superiore della colonna vertebrale, come verr\u00e0 spiegato pi\u00f9 avanti.<\/p>\n<p>Le cefalee sono classificate dall&#39;International Headache Society come \u00abprimarie\u00bb, \u00absecondarie\u00bb e \u00abnevralgie craniche, dolori facciali e altri mal di testa\u00bb.<\/p>\n<\/div>\n<h3 class=\"uk-h3 uk-text-primary\">MAL DI TESTA PRIMARIO<\/h3>\n<p><img fetchpriority=\"high\" decoding=\"async\" class=\"alignnone wp-image-7529 size-medium\" src=\"https:\/\/saba.isoladev.com\/wp-content\/uploads\/2024\/04\/24202328_6894711-300x300.jpg\" alt=\"\" width=\"300\" height=\"300\" \/><\/p>\n<div class=\"uk-panel uk-margin\">\n<p>I mal di testa primari rappresentano il 90% di tutti i mal di testa, non sono un sintomo di una malattia di base, tuttavia l&#39;esatto meccanismo \u00e8 ancora sconosciuto. Sono multifattoriali e dipendono da un&#39;interazione di fattori genetici e ambientali. Poich\u00e9 non esiste una malattia di base che causi cefalee primarie, la diagnosi viene fatta sulla base della storia della cefalea del paziente e mediante esame. A volte, possono essere necessari test aggiuntivi (ad esempio TAC, risonanza magnetica, esami del sangue) per escludere una malattia di base.<\/p>\n<p>I tipi pi\u00f9 comuni di cefalea primaria sono cefalea tensiva, emicrania e cefalea a grappolo.<\/p>\n<p>Mal di testa da tensione: La maggior parte delle persone soffre di mal di testa tensivo ad un certo punto della propria vita. Sono il tipo pi\u00f9 comune di mal di testa e di solito sono bilaterali con intensit\u00e0 da lieve a moderata. Sono comunemente descritti come una pressione o senso di oppressione (come avere una fascia stretta intorno alla testa) e possono diffondersi da o verso il collo. Nel paziente \u00e8 spesso osservabile una cattiva postura e questa anomalia pu\u00f2 essere un fattore importante nell&#39;innescare mal di testa da tensione. Questi mal di testa possono durare da poche ore a diversi giorni; tuttavia, se durano pi\u00f9 di 15 giorni, diventano mal di testa da tensione cronico. I mal di testa da tensione di solito non sono aggravati dallo sforzo.<\/p>\n<p>Emicrania: Il secondo tipo pi\u00f9 comune di mal di testa \u00e8 l&#39;emicrania, che \u00e8 comune quanto l&#39;artrite e il diabete messi insieme. L&#39;emicrania \u00e8 talvolta associata a <strong>vertigini<\/strong> (che si verificano prima o dopo l&#39;attacco di emicrania). Le vertigini emicraniche hanno un&#39;incidenza maggiore quando l&#39;emicrania \u00e8 preceduta da un&#39; \u00abaura\u00bb, cio\u00e8 una sensazione soggettiva che precede un attacco. Le vertigini possono manifestarsi da pochi secondi a qualche giorno.<\/p>\n<p>Prima della pubert\u00e0, i maschi e le femmine sono colpiti allo stesso modo. Tuttavia, dopo la pubert\u00e0, le donne soffrono di emicrania pi\u00f9 spesso degli uomini.<\/p>\n<h4><em>Emicrania senza aura:<\/em><\/h4>\n<p><em>\u2014<\/em> Gli attacchi durano dalle 4 alle 72 ore <br \/> -Hanno una qualit\u00e0 martellante e pulsante di intensit\u00e0 da moderata a grave <br \/> -Di solito sono unilaterali ma possono cambiare schieramento da un attacco all&#39;altro <br \/> -Sono aggravati dall&#39;attivit\u00e0 -Associati a nausea e vomito <\/p>\n<p> -A volte associati a una fase prodromica (insieme di sintomi che si manifestano da 1 a 2 giorni prima dell&#39;attacco di emicrania e consistono in un cambiamento dell&#39;appetito, desiderio di cibo, iperattivit\u00e0, affaticamento o depressione, o cambiamenti di umore o personalit\u00e0)<\/p>\n<h4><em>Emicrania con aura:<\/em><\/h4>\n<p>-Avere le stesse caratteristiche dell&#39;emicrania senza aura ma \u00e8 preceduta da un&#39;aura che si manifesta pochi minuti prima o durante l&#39;attacco di emicrania <br \/> -L&#39;aura pu\u00f2 essere costituita da sintomi visivi (ad esempio, luci tremolanti, macchie o linee, o perdita della vista), disturbi del linguaggio, sintomi sensoriali (ad es. \u00abformicolio\u00bb o intorpidimento) o senso anormale dell&#39;olfatto o del gusto<\/p>\n<p><strong>Cefalea<\/strong> a grappolo: Le cefalee a grappolo sono rare e colpiscono meno dello 0,1% della popolazione. Sono unilaterali e gli attacchi sono estremamente gravi, caratterizzati da dolore intorno agli occhi con lacrimazione agli occhi, rinorrea (naso che cola) e sudorazione su un lato del viso. <br \/> Gli attacchi durano da 15 minuti a 3 ore, ma possono ripresentarsi pi\u00f9 volte durante il giorno. La cefalea a grappolo pu\u00f2 durare da un solo giorno a qualche settimana.<\/p>\n<\/div>\n<p><img decoding=\"async\" class=\"alignnone wp-image-7534 size-medium\" src=\"https:\/\/saba.isoladev.com\/wp-content\/uploads\/2024\/04\/24202330_6894721-300x300.jpg\" alt=\"\" width=\"300\" height=\"300\" \/><\/p>\n<h3 class=\"uk-h3 uk-text-primary\">CEFALEE SECONDARIE<\/h3>\n<div class=\"uk-panel uk-margin\">\n<p><strong>Le cefalee secondarie sono causate da una serie di malattie o traumi sottostanti, tra cui: meningite (infiammazione delle membrane che circondano il midollo spinale e il cervello, accompagnata da torcicollo e febbre), encefalite (infiammazione del cervello), ipertensione, tumore al cervello, HIV, AIDS, aneurisma cerebrale (rigonfiamento di un&#39;arteria cerebrale), arterite a cellule giganti (infiammazione dei rivestimenti delle arterie che, se non trattato, pu\u00f2 portare alla cecit\u00e0), ictus o TIA (attacco ischemico transitorio), colpo di frusta, lesioni cerebrali traumatiche e cerebrali commozione cerebrale<\/strong>, cefalea cervicogena (la cui frequenza \u00e8 paragonabile a quella dell&#39;emicrania ed \u00e8 caratterizzata da dolore percepito da una fonte al collo con dolore occipitale\/temporale unilaterale), digiuno, problemi sinusali e uso eccessivo di farmaci (cefalea da rimbalzo).<\/p>\n<p>La diagnosi di cefalea secondaria viene effettuata dal medico in base alla sua valutazione ed esame.<\/p>\n<p>QUANDO RIVOLGERSI IMMEDIATAMENTE A UN MEDICO (gli esami possono includere analisi del sangue, TAC, risonanza magnetica, puntura lombare)<\/p>\n<p>-Quando il mal di testa \u00e8 insolito, improvviso o molto grave (\u00abil peggior mal di testa della sua vita\u00bb) <br \/> -Quando il mal di testa \u00e8 accompagnato da febbre o torcicollo <br \/> -Quando ha difficolt\u00e0 a parlare o camminare o ha una visione doppia <br \/> -Quando il mal di testa segue un trauma o un trauma cranico<\/p>\n<p>La maggior parte delle persone affette da mal di testa pu\u00f2 ritenere che il proprio mal di testa sia causato da una malattia o patologia grave (ad esempio tumore, meningite, arterite a cellule giganti), ma questo in realt\u00e0 accade solo in una percentuale molto piccola della popolazione (0,5%).<\/p>\n<h3>NEVRALGIE CRANICHE, DOLORE FACCIALE E ALTRI MAL DI TESTA<\/h3>\n<p>La compressione, la tensione o l&#39;irritazione dei nervi cranici possono provocare mal di testa o dolore nell&#39;area innervata.<\/p>\n<p>Il tipo pi\u00f9 comune di nevralgia cranica \u00e8 la nevralgia del trigemino (o \u00abtic douloureux\u00bb), di solito vissuta come dolore da shock elettrico. La nevralgia del trigemino \u00e8 vissuta come attacchi brevi e strazianti che possono progredire come attacchi pi\u00f9 frequenti, causando pi\u00f9 dolore.<\/p>\n<p>Il dolore pu\u00f2 essere provocato da attivit\u00e0 quotidiane come radersi, lavarsi i denti o truccarsi.<\/p>\n<p>Diversi tipi di mal di testa possono sovrapporsi. Ad esempio, una persona pu\u00f2 provare contemporaneamente emicrania e cefalea cervicogena.<\/p>\n<\/div>\n<h3 class=\"uk-h3 uk-text-primary\">TRATTAMENTO PER IL MAL DI TESTA<\/h3>\n<div class=\"uk-panel uk-margin\">\n<h4><em>UN NUOVO TRATTAMENTO INDOLORE E NON INVASIVO PER LA CEFALEA: \u00abATLAS ORTHOGONAL CHIROPRACTIC TECHNIQUE\u00bb<\/em><\/h4>\n<p>Come accennato in precedenza, una delle cause del mal di testa \u00e8 il disallineamento del cranio, la prima vertebra cervicale e il segmento cervicale che portano a una curvatura spinale aberrante.<\/p>\n<p>Quando la prima vertebra cervicale si discosta dalla sua posizione, la testa si inclina. Di conseguenza, la colonna cervicale si sposta, cercando di controbilanciare e sostenere il peso della testa. <strong><strong>Ci\u00f2 eserciter\u00e0 una pressione sui nervi cervicale e occipitale e potrebbe compromettere l&#39;afflusso di sangue vertebrale al cervello, dando origine a una serie di sintomi come mal di testa, dolore al collo (cervicalgia), <strong>vertigini o vertigini<\/strong> e mal di schiena.<strong><\/strong><\/strong><\/strong><\/p>\n<p>Il sistema nervoso \u00e8 costituito da cervello, midollo spinale e nervi spinali. Il sistema nervoso controlla, regola e influenza tutte le funzioni del corpo.<\/p>\n<p>Ci sono spazi tra ogni vertebra che consentono ai nervi, che sono estensioni del midollo spinale, di rifornire e collegare ogni parte del corpo umano.<\/p>\n<p>Quando la colonna vertebrale \u00e8 disallineata, il sistema nervoso non \u00e8 in grado di funzionare come dovrebbe, causando cos\u00ec una serie di sintomi e malattie.<\/p>\n<p>Anni di ricerca clinica hanno dimostrato che molti dei problemi associati al disallineamento della colonna vertebrale e le loro conseguenze possono essere associati alla vertebra atlante, l&#39;osso cervicale superiore del collo.<\/p>\n<p>Da oltre mezzo secolo, questa tecnica \u00e8 stata utilizzata con successo in Nord America per il trattamento di vertigini e vertigini<\/p>\n<p>Con il riposizionamento del segmento cervicale della colonna vertebrale nel suo corretto allineamento, il cranio viene riportato nella posizione corretta rispetto all&#39;atlante e alle altre vertebre cervicali. Ci\u00f2 ridurr\u00e0 la pressione sui nervi e migliorer\u00e0 la circolazione sanguigna al cervello, alleviando cos\u00ec il mal di testa. Ci\u00f2 viene fatto dopo un&#39;analisi accurata con calcoli matematici. Con l&#39;aiuto di uno strumento speciale, la colonna cervicale viene corretta in modo indolore e non invasivo. <br \/>Questo trattamento unico, personalizzato specificamente per ogni paziente, presenta grandi vantaggi: evita tutti i rischi associati alla chirurgia e agli effetti collaterali dei farmaci.<\/p>\n<\/div>\n<h3 class=\"uk-h3 uk-text-primary\">MEDICINA<\/h3>\n<div class=\"uk-panel uk-margin\">\n<p>I farmaci possono includere i FANS (farmaci antinfiammatori non steroidei) come aspirina, ibuprofene e paracetamolo (Tylenol). Possono essere usati anche triptani, oppioidi o glucocorticoidi.<\/p>\n<p>Tutti i farmaci possono avere effetti avversi importanti come ulcere, emorragie gastrointestinali e problemi ai reni. Deve essere prestata particolare attenzione all&#39;aspirina quando prescritta ai bambini, poich\u00e9 pu\u00f2 causare la sindrome di Reye e portare al coma o alla morte.<\/p>\n<p>L&#39;uso eccessivo di farmaci (cio\u00e8 un eccesso di dosaggio o frequenza) pu\u00f2 portare a cefalee da rimbalzo caratterizzate da attacchi pi\u00f9 frequenti e maggiore gravit\u00e0.<\/p>\n<p>Per ridurre la frequenza dell&#39;emicrania, le persone possono assumere farmaci preventivi come beta-bloccanti o antidepressivi. Per ridurre gli attacchi di emicrania, le persone dovrebbero evitare fattori scatenanti come stress, alcol, formaggi stagionati, digiuno, mancanza di sonno e cos\u00ec via.<\/p>\n<p>Il mal di testa a grappolo pu\u00f2 essere alleviato anche inalando ossigeno attraverso una mascherina (anche se questo non \u00e8 molto pratico perch\u00e9 le persone dovrebbero portare con s\u00e9 una bombola di ossigeno).<\/p>\n<p><em>AGOPUNTURA, BIOFEEDBACK, TECNICHE DI RILASSAMENTO<\/em><\/p>\n<\/div>\n\t\t\t\t\t\t<\/div>\n\t\t\t\t<\/div>\n\t\t\t\t\t<\/div>\r\n\t\t\t\t<\/div>\r\n\t\t\t\t\t<\/div>\r\n\t\t\t\t<\/section>\r\n\t\t\t\t<\/div>\n\t\t","protected":false},"excerpt":{"rendered":"<p>Mal di testa Il mal di testa (cefalea) e il mal di schiena sono la causa della maggior parte delle visite mediche. I mal di testa sono comuni tra la popolazione generale e raramente rappresentano una minaccia per la vita. Alcuni casi di cefalea possono essere dovuti a un disallineamento del segmento cervicale superiore della [&hellip;]<\/p>\n","protected":false},"author":1,"featured_media":0,"parent":0,"menu_order":0,"comment_status":"closed","ping_status":"closed","template":"","meta":{"footnotes":""},"class_list":["post-7891","page","type-page","status-publish","hentry"],"_links":{"self":[{"href":"https:\/\/saba.isoladev.com\/it\/wp-json\/wp\/v2\/pages\/7891"}],"collection":[{"href":"https:\/\/saba.isoladev.com\/it\/wp-json\/wp\/v2\/pages"}],"about":[{"href":"https:\/\/saba.isoladev.com\/it\/wp-json\/wp\/v2\/types\/page"}],"author":[{"embeddable":true,"href":"https:\/\/saba.isoladev.com\/it\/wp-json\/wp\/v2\/users\/1"}],"replies":[{"embeddable":true,"href":"https:\/\/saba.isoladev.com\/it\/wp-json\/wp\/v2\/comments?post=7891"}],"version-history":[{"count":3,"href":"https:\/\/saba.isoladev.com\/it\/wp-json\/wp\/v2\/pages\/7891\/revisions"}],"predecessor-version":[{"id":8674,"href":"https:\/\/saba.isoladev.com\/it\/wp-json\/wp\/v2\/pages\/7891\/revisions\/8674"}],"wp:attachment":[{"href":"https:\/\/saba.isoladev.com\/it\/wp-json\/wp\/v2\/media?parent=7891"}],"curies":[{"name":"wp","href":"https:\/\/api.w.org\/{rel}","templated":true}]}}