{"id":7870,"date":"2024-03-17T16:44:59","date_gmt":"2024-03-17T16:44:59","guid":{"rendered":"https:\/\/saba.isoladev.com\/teleconferenze\/"},"modified":"2024-04-29T21:08:59","modified_gmt":"2024-04-29T21:08:59","slug":"teleconferenze","status":"publish","type":"page","link":"https:\/\/saba.isoladev.com\/it\/teleconferenze\/","title":{"rendered":"Teleconferenze"},"content":{"rendered":"\t\t<div data-elementor-type=\"wp-page\" data-elementor-id=\"7870\" class=\"elementor elementor-7870 elementor-7036\" data-elementor-post-type=\"page\">\n\t\t\t\t\t\t<section class=\"elementor-section elementor-top-section elementor-element elementor-element-ebab8bd push-top push-bottom elementor-section-boxed elementor-section-height-default elementor-section-height-default\" data-id=\"ebab8bd\" data-element_type=\"section\">\r\n\t\t\r\n\t\t\t\t\t\t\t<div class=\"elementor-container elementor-column-gap-default\">\r\n\t\t\t\t\t\t\t\t\t\t\t<div class=\"elementor-column elementor-col-100 elementor-top-column elementor-element elementor-element-923680d\" data-id=\"923680d\" data-element_type=\"column\">\r\n\t\t\t\t\t<div class=\"elementor-widget-wrap elementor-element-populated\">\r\n\t\t\t\t\t\t\t\t<div class=\"elementor-element elementor-element-cbc66f6 mb-0 elementor-invisible elementor-widget elementor-widget-heading\" data-id=\"cbc66f6\" data-element_type=\"widget\" data-settings=\"{&quot;_animation&quot;:&quot;fadeInUp&quot;,&quot;_animation_delay&quot;:&quot;300&quot;}\" data-widget_type=\"heading.default\">\n\t\t\t\t<div class=\"elementor-widget-container\">\n\t\t\t<style>\/*! elementor - v3.21.0 - 26-05-2024 *\/\n.elementor-heading-title{padding:0;margin:0;line-height:1}.elementor-widget-heading .elementor-heading-title[class*=elementor-size-]>a{color:inherit;font-size:inherit;line-height:inherit}.elementor-widget-heading .elementor-heading-title.elementor-size-small{font-size:15px}.elementor-widget-heading .elementor-heading-title.elementor-size-medium{font-size:19px}.elementor-widget-heading .elementor-heading-title.elementor-size-large{font-size:29px}.elementor-widget-heading .elementor-heading-title.elementor-size-xl{font-size:39px}.elementor-widget-heading .elementor-heading-title.elementor-size-xxl{font-size:59px}<\/style><h2 class=\"elementor-heading-title elementor-size-default\">Teleconferenza per il dolore acuto: sollievo entro 1 o 3 consultazioni<\/h2>\t\t<\/div>\n\t\t\t\t<\/div>\n\t\t\t\t<div class=\"elementor-element elementor-element-25acb8f elementor-invisible elementor-widget elementor-widget-text-editor\" data-id=\"25acb8f\" data-element_type=\"widget\" data-settings=\"{&quot;_animation&quot;:&quot;fadeInUp&quot;}\" data-widget_type=\"text-editor.default\">\n\t\t\t\t<div class=\"elementor-widget-container\">\n\t\t\t<style>\/*! elementor - v3.21.0 - 26-05-2024 *\/\n.elementor-widget-text-editor.elementor-drop-cap-view-stacked .elementor-drop-cap{background-color:#69727d;color:#fff}.elementor-widget-text-editor.elementor-drop-cap-view-framed .elementor-drop-cap{color:#69727d;border:3px solid;background-color:transparent}.elementor-widget-text-editor:not(.elementor-drop-cap-view-default) .elementor-drop-cap{margin-top:8px}.elementor-widget-text-editor:not(.elementor-drop-cap-view-default) .elementor-drop-cap-letter{width:1em;height:1em}.elementor-widget-text-editor .elementor-drop-cap{float:left;text-align:center;line-height:1;font-size:50px}.elementor-widget-text-editor .elementor-drop-cap-letter{display:inline-block}<\/style>\t\t\t\t<div class=\"uk-panel uk-margin\">\n<p>Questo trattamento \u00e8 stato sviluppato per superare le difficolt\u00e0 di spostamento durante la pandemia ed <br \/> \u00e8 rivolto a pazienti con dolore muscoloscheletrico acuto in generale e altri dolori episodici (a insorgenza improvvisa e tempo limitato a 6 mesi) come stiramenti muscolari, distorsione alla caviglia, ecc., quando sono state escluse gravi cause sottostanti.<\/p>\n<p>Il trattamento del dolore cronico (che dura pi\u00f9 di 6 mesi) ha una percentuale di successo inferiore con questa procedura a distanza.<\/p>\n<p><img decoding=\"async\" src=\"https:\/\/saba.isoladev.com\/wp-content\/uploads\/2024\/03\/img1-204ad8e4.webp\" \/><\/p>\n<\/div>\n<div class=\"uk-margin uk-text-center\">Il risultato dei primi casi clinici \u00e8 stato molto incoraggiante, quindi abbiamo deciso di estendere questo studio a un numero pi\u00f9 ampio di pazienti.<\/div>\n<div class=\"uk-panel uk-margin\">\n<p>Sulla base dei casi trattati finora, soprattutto per quelli di Lei con una recente insorgenza di dolore, i sintomi dovrebbero essere alleviati con questo tipo di intervento remoto entro 1 o 3 sedute di videoconferenza.<\/p>\n<\/div>\n\t\t\t\t\t\t<\/div>\n\t\t\t\t<\/div>\n\t\t\t\t<div class=\"elementor-element elementor-element-4affef5 elementor-widget elementor-widget-porto_button\" data-id=\"4affef5\" data-element_type=\"widget\" data-settings=\"{&quot;align&quot;:&quot;left&quot;}\" data-widget_type=\"porto_button.default\">\n\t\t\t\t<div class=\"elementor-widget-container\">\n\t\t\t<a aria-label=\"button\" class=\"btn btn-xl btn-primary\" href=\"https:\/\/saba.isoladev.com\/it\/nuovi-pazienti\/\"><span >Prenoti un appuntamento adesso<\/span><\/a>\t\t<\/div>\n\t\t\t\t<\/div>\n\t\t\t\t<div class=\"elementor-element elementor-element-0162e2c elementor-invisible elementor-widget elementor-widget-text-editor\" data-id=\"0162e2c\" data-element_type=\"widget\" data-settings=\"{&quot;_animation&quot;:&quot;fadeInUp&quot;}\" data-widget_type=\"text-editor.default\">\n\t\t\t\t<div class=\"elementor-widget-container\">\n\t\t\t\t\t\t\t<div class=\"uk-panel uk-margin\">\n<div class=\"uk-panel uk-margin\">\n<h3>Pi\u00f9 recente \u00e8 l&#39;insorgenza dei sintomi, pi\u00f9 efficace \u00e8 questo tipo di intervento a distanza.<\/h3>\n<p>Il nostro approccio utilizza i complessi percorsi neurali del paziente dai recettori periferici fino al cervello. La durata delle sedute e il tempo di recupero variano da paziente a paziente e sono determinati anche dal meccanismo e dalla gravit\u00e0 dell&#39;evento scatenante.<\/p>\n<p>In queste consultazioni non ci occupiamo della sublussazione dell&#39;atlante e consigliamo una visita preliminare al suo medico di famiglia per escludere la presenza di cause sottostanti pi\u00f9 gravi.<\/p>\n<\/div>\n<div class=\"uk-panel uk-text-small uk-margin\">\n<p><span style=\"font-size: 10px;\">Questi consulti in teleconferenza per alleviare il dolore non intendono sostituire una consulenza, una diagnosi o un trattamento medico professionale.<\/span> <br \/><span style=\"font-size: 10px;\">Si rivolga sempre al suo medico o a un altro operatore sanitario qualificato per ottenere una valutazione preliminare delle sue condizioni di salute.<\/span> <br \/><span style=\"font-size: 10px;\">Accettando questa procedura, i pazienti comprendono che questo teleconsulto non serve per la diagnosi, che la causa grave sottostante o la sublussazione dell&#39;atlante non vengono affrontate e questi teleconsulti hanno il solo scopo di ridurre o eliminare il dolore.<\/span><\/p>\n<p><span style=\"font-size: 10px;\">Prendendo l&#39;appuntamento, comprendo e accetto quanto sopra.<\/span><\/p>\n<\/div>\n<\/div>\n\t\t\t\t\t\t<\/div>\n\t\t\t\t<\/div>\n\t\t\t\t<div class=\"elementor-element elementor-element-6cf7c53 elementor-widget elementor-widget-porto_button\" data-id=\"6cf7c53\" data-element_type=\"widget\" data-settings=\"{&quot;align&quot;:&quot;left&quot;}\" data-widget_type=\"porto_button.default\">\n\t\t\t\t<div class=\"elementor-widget-container\">\n\t\t\t<a aria-label=\"button\" class=\"btn btn-xl btn-primary\" href=\"https:\/\/saba.isoladev.com\/it\/nuovi-pazienti\/\"><span >Prenoti un appuntamento adesso<\/span><\/a>\t\t<\/div>\n\t\t\t\t<\/div>\n\t\t\t\t\t<\/div>\r\n\t\t\t\t<\/div>\r\n\t\t\t\t\t<\/div>\r\n\t\t\t\t<\/section>\r\n\t\t\t\t<\/div>\n\t\t","protected":false},"excerpt":{"rendered":"<p>Teleconferenza per il dolore acuto: sollievo entro 1 o 3 consultazioni Questo trattamento \u00e8 stato sviluppato per superare le difficolt\u00e0 di spostamento durante la pandemia ed \u00e8 rivolto a pazienti con dolore muscoloscheletrico acuto in generale e altri dolori episodici (a insorgenza improvvisa e tempo limitato a 6 mesi) come stiramenti muscolari, distorsione alla caviglia, [&hellip;]<\/p>\n","protected":false},"author":1,"featured_media":0,"parent":0,"menu_order":0,"comment_status":"closed","ping_status":"closed","template":"","meta":{"footnotes":""},"class_list":["post-7870","page","type-page","status-publish","hentry"],"_links":{"self":[{"href":"https:\/\/saba.isoladev.com\/it\/wp-json\/wp\/v2\/pages\/7870"}],"collection":[{"href":"https:\/\/saba.isoladev.com\/it\/wp-json\/wp\/v2\/pages"}],"about":[{"href":"https:\/\/saba.isoladev.com\/it\/wp-json\/wp\/v2\/types\/page"}],"author":[{"embeddable":true,"href":"https:\/\/saba.isoladev.com\/it\/wp-json\/wp\/v2\/users\/1"}],"replies":[{"embeddable":true,"href":"https:\/\/saba.isoladev.com\/it\/wp-json\/wp\/v2\/comments?post=7870"}],"version-history":[{"count":4,"href":"https:\/\/saba.isoladev.com\/it\/wp-json\/wp\/v2\/pages\/7870\/revisions"}],"predecessor-version":[{"id":8662,"href":"https:\/\/saba.isoladev.com\/it\/wp-json\/wp\/v2\/pages\/7870\/revisions\/8662"}],"wp:attachment":[{"href":"https:\/\/saba.isoladev.com\/it\/wp-json\/wp\/v2\/media?parent=7870"}],"curies":[{"name":"wp","href":"https:\/\/api.w.org\/{rel}","templated":true}]}}