{"id":7842,"date":"2024-03-17T16:19:29","date_gmt":"2024-03-17T16:19:29","guid":{"rendered":"https:\/\/saba.isoladev.com\/origine-dei-disturbi\/"},"modified":"2024-04-29T21:08:58","modified_gmt":"2024-04-29T21:08:58","slug":"origine-dei-disturbi","status":"publish","type":"page","link":"https:\/\/saba.isoladev.com\/it\/origine-dei-disturbi\/","title":{"rendered":"Origine dei disturbi"},"content":{"rendered":"\t\t<div data-elementor-type=\"wp-page\" data-elementor-id=\"7842\" class=\"elementor elementor-7842 elementor-7006\" data-elementor-post-type=\"page\">\n\t\t\t\t\t\t<section class=\"elementor-section elementor-top-section elementor-element elementor-element-361aae6 push-top push-bottom elementor-section-boxed elementor-section-height-default elementor-section-height-default\" data-id=\"361aae6\" data-element_type=\"section\">\r\n\t\t\r\n\t\t\t\t\t\t\t<div class=\"elementor-container elementor-column-gap-default\">\r\n\t\t\t\t\t\t\t\t\t\t\t<div class=\"elementor-column elementor-col-100 elementor-top-column elementor-element elementor-element-33d394f\" data-id=\"33d394f\" data-element_type=\"column\">\r\n\t\t\t\t\t<div class=\"elementor-widget-wrap elementor-element-populated\">\r\n\t\t\t\t\t\t\t\t<div class=\"elementor-element elementor-element-7f08bcf mb-0 elementor-invisible elementor-widget elementor-widget-heading\" data-id=\"7f08bcf\" data-element_type=\"widget\" data-settings=\"{&quot;_animation&quot;:&quot;fadeInUp&quot;,&quot;_animation_delay&quot;:&quot;300&quot;}\" data-widget_type=\"heading.default\">\n\t\t\t\t<div class=\"elementor-widget-container\">\n\t\t\t<style>\/*! elementor - v3.21.0 - 26-05-2024 *\/\n.elementor-heading-title{padding:0;margin:0;line-height:1}.elementor-widget-heading .elementor-heading-title[class*=elementor-size-]>a{color:inherit;font-size:inherit;line-height:inherit}.elementor-widget-heading .elementor-heading-title.elementor-size-small{font-size:15px}.elementor-widget-heading .elementor-heading-title.elementor-size-medium{font-size:19px}.elementor-widget-heading .elementor-heading-title.elementor-size-large{font-size:29px}.elementor-widget-heading .elementor-heading-title.elementor-size-xl{font-size:39px}.elementor-widget-heading .elementor-heading-title.elementor-size-xxl{font-size:59px}<\/style><h2 class=\"elementor-heading-title elementor-size-default\">L&#39;origine di molti disturbi \n<\/h2>\t\t<\/div>\n\t\t\t\t<\/div>\n\t\t\t\t<div class=\"elementor-element elementor-element-2fb9bac elementor-invisible elementor-widget elementor-widget-text-editor\" data-id=\"2fb9bac\" data-element_type=\"widget\" data-settings=\"{&quot;_animation&quot;:&quot;fadeInUp&quot;}\" data-widget_type=\"text-editor.default\">\n\t\t\t\t<div class=\"elementor-widget-container\">\n\t\t\t<style>\/*! elementor - v3.21.0 - 26-05-2024 *\/\n.elementor-widget-text-editor.elementor-drop-cap-view-stacked .elementor-drop-cap{background-color:#69727d;color:#fff}.elementor-widget-text-editor.elementor-drop-cap-view-framed .elementor-drop-cap{color:#69727d;border:3px solid;background-color:transparent}.elementor-widget-text-editor:not(.elementor-drop-cap-view-default) .elementor-drop-cap{margin-top:8px}.elementor-widget-text-editor:not(.elementor-drop-cap-view-default) .elementor-drop-cap-letter{width:1em;height:1em}.elementor-widget-text-editor .elementor-drop-cap{float:left;text-align:center;line-height:1;font-size:50px}.elementor-widget-text-editor .elementor-drop-cap-letter{display:inline-block}<\/style>\t\t\t\t<p>Oltre al comune dolore alla schiena e al collo, le <strong>patologie pi\u00f9 comuni derivanti dalla sublussazione dell&#39;atlante includono l&#39;alterazione della<\/strong> <strong>normale curvatura del rachide cervicale, la scoliosi e i cambiamenti nell&#39;allineamento delle spalle e<\/strong> del bacino.<\/p>\n<p>Questi e altri cambiamenti nell&#39;allineamento influiscono sull&#39;integrit\u00e0 strutturale del sistema scheletrico. Questo a sua volta pu\u00f2 causare una serie di altri sintomi e problemi, in particolare <strong>mal di testa, dolore al collo e al viso, disturbi dell&#39;equilibrio, disfunzione dell&#39;articolazione temporomandibolare<\/strong> e cos\u00ec via.<\/p>\n<p>\u00a0<\/p>\n<p><img fetchpriority=\"high\" decoding=\"async\" class=\"wp-image-7428 alignleft\" src=\"https:\/\/saba.isoladev.com\/wp-content\/uploads\/2024\/04\/vertebrae_2.jpg\" alt=\"\" width=\"400\" height=\"400\" srcset=\"https:\/\/saba.isoladev.com\/wp-content\/uploads\/2024\/04\/vertebrae_2-400x400.jpg 400w, https:\/\/saba.isoladev.com\/wp-content\/uploads\/2024\/04\/vertebrae_2-367x367.jpg 367w\" sizes=\"(max-width: 400px) 100vw, 400px\" \/>\u00c8 importante notare che una buona postura (come verr\u00e0 discusso di seguito) \u00e8 necessaria per movimenti ottimali e in particolare per le prestazioni sportive.<\/p>\n<p>La sublussazione dell&#39;atlante interessa l&#39;intera struttura spinale. La spina dorsale \u00e8 come una lunga catena; quando il primo anello viene attorcigliato, ogni anello successivo gira di conseguenza, interrompendo cos\u00ec il resto della catena.<\/p>\n<p>Allo stesso modo, con il tempo il disallineamento della prima vertebra (atlante) causer\u00e0 una torsione dell&#39;intera colonna vertebrale. Un atlante sublussato, quindi, pu\u00f2 causare una variet\u00e0 di sintomi in tutto il corpo.<\/p>\n<p>La nostra colonna vertebrale \u00e8 composta da 24 vertebre. Gli spazi tra ogni vertebra consentono ai nervi di rifornire e collegare ogni parte del corpo umano. Quando la colonna vertebrale \u00e8 disallineata, ad esempio a causa della compressione di due vertebre adiacenti, questi nervi non sono in grado di funzionare correttamente, causando problemi a varie parti del corpo.<\/p>\n<p>Inoltre, anche il flusso sanguigno nella colonna cervicale pu\u00f2 essere notevolmente influenzato dalla compressione di due vertebre.<\/p>\n<p>Il sistema nervoso controlla e regola tutte le funzioni del corpo. Come in un computer sofisticato, i nervi si diramano dalla colonna vertebrale verso diverse parti del corpo.<\/p>\n\t\t\t\t\t\t<\/div>\n\t\t\t\t<\/div>\n\t\t\t\t\t<\/div>\r\n\t\t\t\t<\/div>\r\n\t\t\t\t\t<\/div>\r\n\t\t\t\t<\/section>\r\n\t\t\t\t<\/div>\n\t\t","protected":false},"excerpt":{"rendered":"<p>L&#39;origine di molti disturbi Oltre al comune dolore alla schiena e al collo, le patologie pi\u00f9 comuni derivanti dalla sublussazione dell&#39;atlante includono l&#39;alterazione della normale curvatura del rachide cervicale, la scoliosi e i cambiamenti nell&#39;allineamento delle spalle e del bacino. Questi e altri cambiamenti nell&#39;allineamento influiscono sull&#39;integrit\u00e0 strutturale del sistema scheletrico. Questo a sua volta [&hellip;]<\/p>\n","protected":false},"author":1,"featured_media":0,"parent":0,"menu_order":0,"comment_status":"closed","ping_status":"closed","template":"","meta":{"footnotes":""},"class_list":["post-7842","page","type-page","status-publish","hentry"],"_links":{"self":[{"href":"https:\/\/saba.isoladev.com\/it\/wp-json\/wp\/v2\/pages\/7842"}],"collection":[{"href":"https:\/\/saba.isoladev.com\/it\/wp-json\/wp\/v2\/pages"}],"about":[{"href":"https:\/\/saba.isoladev.com\/it\/wp-json\/wp\/v2\/types\/page"}],"author":[{"embeddable":true,"href":"https:\/\/saba.isoladev.com\/it\/wp-json\/wp\/v2\/users\/1"}],"replies":[{"embeddable":true,"href":"https:\/\/saba.isoladev.com\/it\/wp-json\/wp\/v2\/comments?post=7842"}],"version-history":[{"count":3,"href":"https:\/\/saba.isoladev.com\/it\/wp-json\/wp\/v2\/pages\/7842\/revisions"}],"predecessor-version":[{"id":8645,"href":"https:\/\/saba.isoladev.com\/it\/wp-json\/wp\/v2\/pages\/7842\/revisions\/8645"}],"wp:attachment":[{"href":"https:\/\/saba.isoladev.com\/it\/wp-json\/wp\/v2\/media?parent=7842"}],"curies":[{"name":"wp","href":"https:\/\/api.w.org\/{rel}","templated":true}]}}