{"id":7831,"date":"2024-03-17T16:36:30","date_gmt":"2024-03-17T16:36:30","guid":{"rendered":"https:\/\/saba.isoladev.com\/alterazioni-nervose\/"},"modified":"2024-04-29T21:08:58","modified_gmt":"2024-04-29T21:08:58","slug":"alterazioni-nervose","status":"publish","type":"page","link":"https:\/\/saba.isoladev.com\/it\/alterazioni-nervose\/","title":{"rendered":"Alterazioni nervose"},"content":{"rendered":"\t\t<div data-elementor-type=\"wp-page\" data-elementor-id=\"7831\" class=\"elementor elementor-7831 elementor-7019\" data-elementor-post-type=\"page\">\n\t\t\t\t\t\t<section class=\"elementor-section elementor-top-section elementor-element elementor-element-b179731 push-top push-bottom elementor-section-boxed elementor-section-height-default elementor-section-height-default\" data-id=\"b179731\" data-element_type=\"section\">\r\n\t\t\r\n\t\t\t\t\t\t\t<div class=\"elementor-container elementor-column-gap-default\">\r\n\t\t\t\t\t\t\t\t\t\t\t<div class=\"elementor-column elementor-col-100 elementor-top-column elementor-element elementor-element-fe45e32\" data-id=\"fe45e32\" data-element_type=\"column\">\r\n\t\t\t\t\t<div class=\"elementor-widget-wrap elementor-element-populated\">\r\n\t\t\t\t\t\t\t\t<div class=\"elementor-element elementor-element-0a05c48 mb-0 elementor-invisible elementor-widget elementor-widget-heading\" data-id=\"0a05c48\" data-element_type=\"widget\" data-settings=\"{&quot;_animation&quot;:&quot;fadeInUp&quot;,&quot;_animation_delay&quot;:&quot;300&quot;}\" data-widget_type=\"heading.default\">\n\t\t\t\t<div class=\"elementor-widget-container\">\n\t\t\t<style>\/*! elementor - v3.21.0 - 26-05-2024 *\/\n.elementor-heading-title{padding:0;margin:0;line-height:1}.elementor-widget-heading .elementor-heading-title[class*=elementor-size-]>a{color:inherit;font-size:inherit;line-height:inherit}.elementor-widget-heading .elementor-heading-title.elementor-size-small{font-size:15px}.elementor-widget-heading .elementor-heading-title.elementor-size-medium{font-size:19px}.elementor-widget-heading .elementor-heading-title.elementor-size-large{font-size:29px}.elementor-widget-heading .elementor-heading-title.elementor-size-xl{font-size:39px}.elementor-widget-heading .elementor-heading-title.elementor-size-xxl{font-size:59px}<\/style><h2 class=\"elementor-heading-title elementor-size-default\">Alterazioni dell&#39;impulso nervoso<\/h2>\t\t<\/div>\n\t\t\t\t<\/div>\n\t\t\t\t<div class=\"elementor-element elementor-element-1cf631d elementor-invisible elementor-widget elementor-widget-text-editor\" data-id=\"1cf631d\" data-element_type=\"widget\" data-settings=\"{&quot;_animation&quot;:&quot;fadeInUp&quot;}\" data-widget_type=\"text-editor.default\">\n\t\t\t\t<div class=\"elementor-widget-container\">\n\t\t\t<style>\/*! elementor - v3.21.0 - 26-05-2024 *\/\n.elementor-widget-text-editor.elementor-drop-cap-view-stacked .elementor-drop-cap{background-color:#69727d;color:#fff}.elementor-widget-text-editor.elementor-drop-cap-view-framed .elementor-drop-cap{color:#69727d;border:3px solid;background-color:transparent}.elementor-widget-text-editor:not(.elementor-drop-cap-view-default) .elementor-drop-cap{margin-top:8px}.elementor-widget-text-editor:not(.elementor-drop-cap-view-default) .elementor-drop-cap-letter{width:1em;height:1em}.elementor-widget-text-editor .elementor-drop-cap{float:left;text-align:center;line-height:1;font-size:50px}.elementor-widget-text-editor .elementor-drop-cap-letter{display:inline-block}<\/style>\t\t\t\t<p><strong>Quali condizioni mediche possono influire sull&#39;impulso nervoso e quindi sulla salute delle varie parti del corpo?<\/strong><\/p>\n<p>Una di queste condizioni \u00e8 nota come <strong>\u00absublussazione vertebrale\u00bb<\/strong>, per cui due vertebre adiacenti si disallineano. La conseguente compressione dei nervi pu\u00f2 causare problemi a varie parti del corpo. Alla fine, alcuni muscoli possono contrarsi e diventare dolorosi.<\/p>\n<p><img decoding=\"async\" class=\"alignleft\" src=\"https:\/\/saba.isoladev.com\/wp-content\/uploads\/2024\/03\/flusso-vascolare.gif\" \/><\/p>\n<p><strong>Flusso vascolare<\/strong><\/p>\n<p>Chiaramente, quindi, la salute dei nostri nervi e vasi sanguigni \u00e8 strettamente correlata a quella della nostra colonna vertebrale, ed entrambi a loro volta possono influire su varie parti del corpo.<\/p>\n<p><strong>Quali sono le cause principali della sublussazione vertebrale?<\/strong><\/p>\n<ul>\n<li><strong>Traumi<\/strong> (ad es. cadute, scivolate, incidenti stradali, torsione del collo durante il parto, lesioni alla testa e sportive, ecc.)<\/li>\n<\/ul>\n<ul>\n<li><strong>Stress posturale<\/strong> e microtraumi ripetitivi (ad es. borsa a tracolla sempre sullo stesso lato, dormire a pancia in gi\u00f9, sollevamento e trasporto scorretti di oggetti pesanti, ecc.)<\/li>\n<li><strong>Stress psicologico<\/strong><\/li>\n<\/ul>\n<p>Queste sono alcune delle possibili cause del disallineamento dell&#39;atlante, che a sua volta pu\u00f2 causare pressione nervosa e infiammazione. Ci\u00f2 pu\u00f2 portare a <strong>vari dolori e patologie<\/strong>, spesso attribuibili alla sublussazione dell&#39;atlante.<\/p>\n\t\t\t\t\t\t<\/div>\n\t\t\t\t<\/div>\n\t\t\t\t\t<\/div>\r\n\t\t\t\t<\/div>\r\n\t\t\t\t\t<\/div>\r\n\t\t\t\t<\/section>\r\n\t\t\t\t<\/div>\n\t\t","protected":false},"excerpt":{"rendered":"<p>Alterazioni dell&#39;impulso nervoso Quali condizioni mediche possono influire sull&#39;impulso nervoso e quindi sulla salute delle varie parti del corpo? Una di queste condizioni \u00e8 nota come \u00absublussazione vertebrale\u00bb, per cui due vertebre adiacenti si disallineano. La conseguente compressione dei nervi pu\u00f2 causare problemi a varie parti del corpo. Alla fine, alcuni muscoli possono contrarsi e [&hellip;]<\/p>\n","protected":false},"author":1,"featured_media":0,"parent":0,"menu_order":0,"comment_status":"closed","ping_status":"closed","template":"","meta":{"footnotes":""},"class_list":["post-7831","page","type-page","status-publish","hentry"],"_links":{"self":[{"href":"https:\/\/saba.isoladev.com\/it\/wp-json\/wp\/v2\/pages\/7831"}],"collection":[{"href":"https:\/\/saba.isoladev.com\/it\/wp-json\/wp\/v2\/pages"}],"about":[{"href":"https:\/\/saba.isoladev.com\/it\/wp-json\/wp\/v2\/types\/page"}],"author":[{"embeddable":true,"href":"https:\/\/saba.isoladev.com\/it\/wp-json\/wp\/v2\/users\/1"}],"replies":[{"embeddable":true,"href":"https:\/\/saba.isoladev.com\/it\/wp-json\/wp\/v2\/comments?post=7831"}],"version-history":[{"count":3,"href":"https:\/\/saba.isoladev.com\/it\/wp-json\/wp\/v2\/pages\/7831\/revisions"}],"predecessor-version":[{"id":8638,"href":"https:\/\/saba.isoladev.com\/it\/wp-json\/wp\/v2\/pages\/7831\/revisions\/8638"}],"wp:attachment":[{"href":"https:\/\/saba.isoladev.com\/it\/wp-json\/wp\/v2\/media?parent=7831"}],"curies":[{"name":"wp","href":"https:\/\/api.w.org\/{rel}","templated":true}]}}