{"id":7806,"date":"2024-03-17T16:44:05","date_gmt":"2024-03-17T16:44:05","guid":{"rendered":"https:\/\/saba.isoladev.com\/capogiri-vertigini\/"},"modified":"2024-04-29T21:08:58","modified_gmt":"2024-04-29T21:08:58","slug":"capogiri-vertigini","status":"publish","type":"page","link":"https:\/\/saba.isoladev.com\/it\/capogiri-vertigini\/","title":{"rendered":"Capogiri\/vertigini"},"content":{"rendered":"\t\t<div data-elementor-type=\"wp-page\" data-elementor-id=\"7806\" class=\"elementor elementor-7806 elementor-7034\" data-elementor-post-type=\"page\">\n\t\t\t\t\t\t<section class=\"elementor-section elementor-top-section elementor-element elementor-element-474c644 push-top push-bottom elementor-section-boxed elementor-section-height-default elementor-section-height-default\" data-id=\"474c644\" data-element_type=\"section\">\r\n\t\t\r\n\t\t\t\t\t\t\t<div class=\"elementor-container elementor-column-gap-default\">\r\n\t\t\t\t\t\t\t\t\t\t\t<div class=\"elementor-column elementor-col-100 elementor-top-column elementor-element elementor-element-af06b1b\" data-id=\"af06b1b\" data-element_type=\"column\">\r\n\t\t\t\t\t<div class=\"elementor-widget-wrap elementor-element-populated\">\r\n\t\t\t\t\t\t\t\t<div class=\"elementor-element elementor-element-b9b58ea mb-0 elementor-invisible elementor-widget elementor-widget-heading\" data-id=\"b9b58ea\" data-element_type=\"widget\" data-settings=\"{&quot;_animation&quot;:&quot;fadeInUp&quot;,&quot;_animation_delay&quot;:&quot;300&quot;}\" data-widget_type=\"heading.default\">\n\t\t\t\t<div class=\"elementor-widget-container\">\n\t\t\t<style>\/*! elementor - v3.21.0 - 26-05-2024 *\/\n.elementor-heading-title{padding:0;margin:0;line-height:1}.elementor-widget-heading .elementor-heading-title[class*=elementor-size-]>a{color:inherit;font-size:inherit;line-height:inherit}.elementor-widget-heading .elementor-heading-title.elementor-size-small{font-size:15px}.elementor-widget-heading .elementor-heading-title.elementor-size-medium{font-size:19px}.elementor-widget-heading .elementor-heading-title.elementor-size-large{font-size:29px}.elementor-widget-heading .elementor-heading-title.elementor-size-xl{font-size:39px}.elementor-widget-heading .elementor-heading-title.elementor-size-xxl{font-size:59px}<\/style><h2 class=\"elementor-heading-title elementor-size-default\">Capogiri\\ Vertigini<\/h2>\t\t<\/div>\n\t\t\t\t<\/div>\n\t\t\t\t<div class=\"elementor-element elementor-element-832b372 elementor-invisible elementor-widget elementor-widget-text-editor\" data-id=\"832b372\" data-element_type=\"widget\" data-settings=\"{&quot;_animation&quot;:&quot;fadeInUp&quot;}\" data-widget_type=\"text-editor.default\">\n\t\t\t\t<div class=\"elementor-widget-container\">\n\t\t\t<style>\/*! elementor - v3.21.0 - 26-05-2024 *\/\n.elementor-widget-text-editor.elementor-drop-cap-view-stacked .elementor-drop-cap{background-color:#69727d;color:#fff}.elementor-widget-text-editor.elementor-drop-cap-view-framed .elementor-drop-cap{color:#69727d;border:3px solid;background-color:transparent}.elementor-widget-text-editor:not(.elementor-drop-cap-view-default) .elementor-drop-cap{margin-top:8px}.elementor-widget-text-editor:not(.elementor-drop-cap-view-default) .elementor-drop-cap-letter{width:1em;height:1em}.elementor-widget-text-editor .elementor-drop-cap{float:left;text-align:center;line-height:1;font-size:50px}.elementor-widget-text-editor .elementor-drop-cap-letter{display:inline-block}<\/style>\t\t\t\t<div class=\"uk-panel uk-margin\">\n<p lang=\"it\">Gran parte della popolazione soffre di capogiri e vertigini dopo i 40 anni.<\/p>\n<p>Vertigini\/vertigini, cos\u00ec come l&#39;emicrania e altri tipi di mal di testa, cervicalgia e mal di schiena, possono essere causati da un disallineamento del segmento cervicale superiore della colonna vertebrale, come verr\u00e0 spiegato pi\u00f9 avanti.<\/p>\n<p lang=\"it\">Le vertigini sono un termine generico che descrive problemi di equilibrio, mancanza di coordinazione nel camminare, vertigini o svenimento.<\/p>\n<p>La vertigine \u00e8 una sensazione definita che l&#39;ambiente stia ruotando rispetto a s\u00e9, o che uno stia ruotando rispetto all&#39;ambiente.<\/p>\n<p><img fetchpriority=\"high\" decoding=\"async\" class=\"size-medium wp-image-7549 alignleft\" src=\"https:\/\/saba.isoladev.com\/wp-content\/uploads\/2024\/04\/captivating-scanner-shots-human-pain-revealed-300x300.jpg\" alt=\"\" width=\"300\" height=\"300\" \/><\/p>\n<p lang=\"it\">La vertigine \u00e8 un segno di un problema vestibolare (strutture dell&#39;orecchio interno interessate all&#39;equilibrio) o del sistema nervoso centrale (cervello e midollo spinale) mentre le vertigini possono essere un segno di un problema vestibolare o di un&#39;ampia gamma di altri problemi (problemi cardiovascolari, neurologici, visivi e psicologici)<\/p>\n<p lang=\"it\">L&#39;equilibrio viene mantenuto quando i sistemi vestibolare, visivo e propriocettivo (relativi alla percezione della posizione del corpo, della postura, dell&#39;equilibrio e del movimento) del corpo sono ben coordinati tra loro..<\/p>\n<p lang=\"it\">Questi sistemi lavorano insieme per mantenere l&#39;equilibrio e la sensazione di dove si trova il corpo nello spazio. Segnali contrastanti tra questi sistemi possono provocare vertigini o vertigini.<\/p>\n<p lang=\"it\">Il cervello interpreta costantemente tutti gli input del nostro sistema vestibolare, visivo e propriocettivo per mantenere l&#39;equilibrio del nostro corpo e inviare informazioni agli occhi o ai muscoli per mantenere o correggere il nostro equilibrio.<\/p>\n<p lang=\"it\">Le vertigini possono essere dovute a una causa periferica (\u00e8 un termine che si riferisce ai problemi dell&#39;orecchio interno) o centrale (\u00e8 un termine che si riferisce al sistema nervoso centrale, cio\u00e8 il cervello e il midollo spinale).<\/p>\n<\/div>\n<h3 class=\"uk-h3 uk-text-primary\">Le cause pi\u00f9 comuni di vertigini periferiche:<\/h3>\n<div class=\"uk-panel uk-margin\">\n<ul>\n<li>\n<p lang=\"it\">Vertigine parossistica posizionale benigna (BPPV): la BPPV \u00e8 causata da piccoli cristalli di carbonato di calcio che vengono staccati dalla loro posizione normale e vengono raccolti in uno dei canali dell&#39;orecchio interno. Di solito \u00e8 causato da un trauma cranico, ma pu\u00f2 anche essere causato dalla degenerazione delle cellule ciliate dell&#39;orecchio interno, dal riposo a letto prolungato, da un intervento chirurgico all&#39;orecchio o dal processo di invecchiamento. Di solito non c&#39;\u00e8 ipoacusia. <br \/>La BPPV \u00e8 solitamente causata dal movimento della testa e di solito \u00e8 di breve durata.<\/p>\n<\/li>\n<\/ul>\n<ul>\n<li>\n<p lang=\"it\">Neurite vestibolare e labirintite: infiammazione del nervo vestibolare o delle strutture dell&#39;orecchio interno causata da batteri o, pi\u00f9 comunemente, da un virus. Le vertigini gravi sono generalmente accompagnate da nausea e vomito. La neurite vestibolare di solito non \u00e8 accompagnata da perdita dell&#39;udito mentre la labirintite pu\u00f2 essere associata alla perdita dell&#39;udito, sebbene di solito temporanea.<\/p>\n<\/li>\n<li>\n<p lang=\"it\">Malattia di M\u00e9ni\u00e8re: la causa non \u00e8 nota. Una grande quantit\u00e0 di liquido si accumula nell&#39;orecchio interno. I sintomi includono attacchi di vertigini gravi e improvvisi, tinnito (ronzio nell&#39;orecchio), sensazione di pienezza all&#39;orecchio, ipoacusia temporanea o permanente.<\/p>\n<\/li>\n<\/ul>\n<p><img decoding=\"async\" class=\"size-medium wp-image-7544 aligncenter\" src=\"https:\/\/saba.isoladev.com\/wp-content\/uploads\/2024\/04\/24237641_6911275-300x300.jpg\" alt=\"\" width=\"300\" height=\"300\" \/><\/p>\n<\/div>\n<h3 class=\"uk-h3 uk-text-primary\">Cause delle vertigini centrali (vertigini dovute a lesioni del sistema nervoso centrale):<\/h3>\n<div class=\"uk-panel uk-margin\">\n<ul>\n<li>\n<p lang=\"it\"><strong>vertigini legate all&#39;emicrania<\/strong><\/p>\n<\/li>\n<li>\n<p lang=\"it\">insufficienza vertebrobasilare transitoria: l&#39;afflusso di sangue al labirinto proviene dal sistema vertebrobasilare. Un&#39;insufficienza a livello di afflusso di sangue al tronco cerebrale e al nervo cranico VIII (noto anche come nervo vestibolare-cocleare, che trasporta le informazioni dall&#39;orecchio interno al cervello ed \u00e8 responsabile sia dell&#39;udito che dell&#39;equilibrio) pu\u00f2 provocare vertigini.<\/p>\n<\/li>\n<li>\n<p lang=\"it\">vertigine cervicogena: la vertigine cervicogena viene diagnosticata quando sono state escluse altre cause di vertigine. \u00c8 associato alla patologia del collo (spondilosi cervicale, artrosi) ed \u00e8 spesso causato da traumi cranici come incidenti automobilistici. I movimenti della testa generalmente peggiorano il sintomo. Spesso c&#39;\u00e8 una sovrapposizione tra le cause cervicogene e altre cause di vertigini periferiche.<\/p>\n<\/li>\n<\/ul>\n<ul>\n<li>\n<p lang=\"it\">neuroma acustico: tumore non benigno del nervo vestibolococleare caratterizzato da ipoacusia generalmente unilaterale, tinnito (ronzio nell&#39;orecchio), vertigini e vertigini. Il tumore pu\u00f2 essere rimosso chirurgicamente.<\/p>\n<\/li>\n<li>\n<p lang=\"it\">Un&#39;altra causa di vertigine centrale pu\u00f2 essere il TIA (attacco ischemico transitorio), l&#39;ictus, la sclerosi multipla, il Parkinson.<\/p>\n<\/li>\n<\/ul>\n<\/div>\n<h3 class=\"uk-h3 uk-text-primary\">TRATTAMENTO PER LE VERTIGINI<\/h3>\n<div class=\"uk-panel uk-margin\">\n<p><em>UN NUOVO TRATTAMENTO INDOLORE E NON INVASIVO: ATLAS ORTHONGONAL CHIROPRACTIC TECHNIQUE.<\/em><\/p>\n<p>Come accennato in precedenza, una delle cause delle vertigini\/vertigini \u00e8 un disallineamento del cranio, della prima vertebra cervicale e del segmento cervicale della colonna vertebrale, che porta a una curvatura spinale aberrante. Ci\u00f2 pu\u00f2 interferire con il delicato equilibrio tra i sistemi vestibolare, visivo e propriocettivo del corpo, generando vertigini\/vertigini.<\/p>\n<p>Oltre alla funzione svolta dal sistema vestibolare nel mantenimento dell&#39;equilibrio, i propriocettori (recettori sensoriali che rilevano il movimento o la posizione del corpo) svolgono un ruolo importante nel preservare la stabilit\u00e0 ottimale.<\/p>\n<p>Quando la prima vertebra cervicale devia dalla sua posizione, la testa si inclina. Di conseguenza, la colonna cervicale si sposta, cercando di controbilanciare e sostenere il peso della testa. Ci\u00f2 dar\u00e0 origine a una curvatura spinale aberrante e a una variet\u00e0 di sintomi come vertigini o vertigini, mal di testa e mal di schiena.<\/p>\n<p lang=\"it\">Questo sforzo continuo creer\u00e0 uno stress meccanico e una tensione in tutto il corpo e pu\u00f2 dare origine a una serie di sintomi come mal di testa, vertigini\\ vertigini, mal di schiena.<\/p>\n<p lang=\"it\">Il sistema nervoso \u00e8 costituito da cervello, midollo spinale e nervi spinali. Il sistema nervoso controlla, regola e influenza tutte le funzioni del corpo.<\/p>\n<p>Ci sono spazi tra ogni vertebra che consentono ai nervi, che sono estensioni del midollo spinale, di rifornire e collegare ogni parte del corpo umano.<\/p>\n<p>Quando la colonna vertebrale \u00e8 disallineata, il sistema nervoso non \u00e8 in grado di funzionare come dovrebbe, causando cos\u00ec una serie di sintomi e malattie.<\/p>\n<p lang=\"it\">Anni di ricerca clinica hanno dimostrato che molti dei problemi associati al disallineamento della colonna vertebrale e le loro conseguenze possono essere associati alla vertebra atlante, l&#39;osso cervicale superiore del collo.<\/p>\n<p>Da oltre mezzo secolo, questa tecnica \u00e8 stata utilizzata con successo in Nord America per il trattamento di vertigini e vertigini<\/p>\n<p>Con un riposizionamento del segmento cervicale della colonna vertebrale nel suo corretto allineamento, il resto della colonna vertebrale assume un migliore posizionamento biomeccanico e lo stress sulla colonna vertebrale diminuir\u00e0 gradualmente. <br \/>Questo viene fatto dopo un&#39;analisi accurata con calcoli matematici. Con l&#39;aiuto di uno strumento speciale, la colonna cervicale viene corretta in modo indolore e non invasivo. <br \/>Questo trattamento unico, personalizzato specificamente per ogni paziente, presenta grandi vantaggi: evita tutti i rischi associati alla chirurgia e agli effetti collaterali dei farmaci.<\/p>\n<p>Spesso nascosta da altre forme concomitanti di vertigini, la vertigine \u00abcervicogenica\u00bb, se trattata con questo approccio innovativo, determina un notevole miglioramento dei sintomi vertiginosi nel loro complesso.<\/p>\n<p>-Il trattamento per la vertigine parossistica posizionale benigna (BPPV) consiste in una serie di movimenti della testa e del corpo per spostare i cristalli di carbonato di calcio fuori dal canale.<\/p>\n<p>\u2014 La neurite vestibolare e la labirintite di solito si risolvono da sole con il riposo. In caso di infezione batterica, vengono prescritti antibiotici. Se l&#39;infezione \u00e8 virale, possono essere prescritti sedativi o antistaminici. Anche la riabilitazione vestibolare (esercizio di riqualificazione per ritrovare l&#39;equilibrio) pu\u00f2 aiutare ad alleviare i sintomi.<\/p>\n<p>\u2014 In caso della sindrome di M\u00e9ni\u00e8re possono essere prescritti sedativi o antistaminici e la riabilitazione vestibolare (esercizio di riqualificazione per ritrovare l&#39;equilibrio) pu\u00f2 aiutare ad alleviare i sintomi.<\/p>\n<\/div>\n\t\t\t\t\t\t<\/div>\n\t\t\t\t<\/div>\n\t\t\t\t\t<\/div>\r\n\t\t\t\t<\/div>\r\n\t\t\t\t\t<\/div>\r\n\t\t\t\t<\/section>\r\n\t\t\t\t<\/div>\n\t\t","protected":false},"excerpt":{"rendered":"<p>Capogiri Vertigini Gran parte della popolazione soffre di capogiri e vertigini dopo i 40 anni. Vertigini\/vertigini, cos\u00ec come l&#39;emicrania e altri tipi di mal di testa, cervicalgia e mal di schiena, possono essere causati da un disallineamento del segmento cervicale superiore della colonna vertebrale, come verr\u00e0 spiegato pi\u00f9 avanti. Le vertigini sono un termine generico [&hellip;]<\/p>\n","protected":false},"author":1,"featured_media":0,"parent":0,"menu_order":0,"comment_status":"closed","ping_status":"closed","template":"","meta":{"footnotes":""},"class_list":["post-7806","page","type-page","status-publish","hentry"],"_links":{"self":[{"href":"https:\/\/saba.isoladev.com\/it\/wp-json\/wp\/v2\/pages\/7806"}],"collection":[{"href":"https:\/\/saba.isoladev.com\/it\/wp-json\/wp\/v2\/pages"}],"about":[{"href":"https:\/\/saba.isoladev.com\/it\/wp-json\/wp\/v2\/types\/page"}],"author":[{"embeddable":true,"href":"https:\/\/saba.isoladev.com\/it\/wp-json\/wp\/v2\/users\/1"}],"replies":[{"embeddable":true,"href":"https:\/\/saba.isoladev.com\/it\/wp-json\/wp\/v2\/comments?post=7806"}],"version-history":[{"count":3,"href":"https:\/\/saba.isoladev.com\/it\/wp-json\/wp\/v2\/pages\/7806\/revisions"}],"predecessor-version":[{"id":8624,"href":"https:\/\/saba.isoladev.com\/it\/wp-json\/wp\/v2\/pages\/7806\/revisions\/8624"}],"wp:attachment":[{"href":"https:\/\/saba.isoladev.com\/it\/wp-json\/wp\/v2\/media?parent=7806"}],"curies":[{"name":"wp","href":"https:\/\/api.w.org\/{rel}","templated":true}]}}