{"id":7792,"date":"2024-03-16T14:04:38","date_gmt":"2024-03-16T14:04:38","guid":{"rendered":"https:\/\/saba.isoladev.com\/chiropratica\/"},"modified":"2024-04-29T21:11:43","modified_gmt":"2024-04-29T21:11:43","slug":"chiropratica","status":"publish","type":"page","link":"https:\/\/saba.isoladev.com\/it\/chiropratica\/","title":{"rendered":"Chiropratica"},"content":{"rendered":"\t\t<div data-elementor-type=\"wp-page\" data-elementor-id=\"7792\" class=\"elementor elementor-7792 elementor-6793\" data-elementor-post-type=\"page\">\n\t\t\t\t\t\t<section class=\"elementor-section elementor-top-section elementor-element elementor-element-e33a8ba push-top push-bottom elementor-section-boxed elementor-section-height-default elementor-section-height-default\" data-id=\"e33a8ba\" data-element_type=\"section\">\r\n\t\t\r\n\t\t\t\t\t\t\t<div class=\"elementor-container elementor-column-gap-default\">\r\n\t\t\t\t\t\t\t\t\t\t\t<div class=\"elementor-column elementor-col-50 elementor-top-column elementor-element elementor-element-de63cde order-md-2\" data-id=\"de63cde\" data-element_type=\"column\">\r\n\t\t\t\t\t<div class=\"elementor-widget-wrap elementor-element-populated\">\r\n\t\t\t\t\t\t<div class=\"elementor-element elementor-element-fe9e5fc e-flex e-con-boxed e-con e-parent\" data-id=\"fe9e5fc\" data-element_type=\"container\">\n\t\t\t\t\t<div class=\"e-con-inner\">\n\t\t\t\t<div class=\"elementor-element elementor-element-efdeace mb-4 elementor-invisible elementor-widget elementor-widget-image\" data-id=\"efdeace\" data-element_type=\"widget\" data-settings=\"{&quot;_animation&quot;:&quot;fadeInRight&quot;,&quot;_animation_delay&quot;:&quot;100&quot;}\" data-widget_type=\"image.default\">\n\t\t\t\t<div class=\"elementor-widget-container\">\n\t\t\t<style>\/*! elementor - v3.21.0 - 26-05-2024 *\/\n.elementor-widget-image{text-align:center}.elementor-widget-image a{display:inline-block}.elementor-widget-image a img[src$=\".svg\"]{width:48px}.elementor-widget-image img{vertical-align:middle;display:inline-block}<\/style>\t\t\t\t\t\t\t\t\t\t<img fetchpriority=\"high\" decoding=\"async\" width=\"974\" height=\"547\" src=\"https:\/\/saba.isoladev.com\/wp-content\/uploads\/2024\/03\/chiro_patient_1-1.png\" class=\"attachment-large size-large wp-image-5847\" alt=\"\" srcset=\"https:\/\/saba.isoladev.com\/wp-content\/uploads\/2024\/03\/chiro_patient_1-1.png 974w, https:\/\/saba.isoladev.com\/wp-content\/uploads\/2024\/03\/chiro_patient_1-1-768x431.png 768w, https:\/\/saba.isoladev.com\/wp-content\/uploads\/2024\/03\/chiro_patient_1-1-640x359.png 640w, https:\/\/saba.isoladev.com\/wp-content\/uploads\/2024\/03\/chiro_patient_1-1-400x225.png 400w, https:\/\/saba.isoladev.com\/wp-content\/uploads\/2024\/03\/chiro_patient_1-1-367x206.png 367w\" sizes=\"(max-width: 974px) 100vw, 974px\" \/>\t\t\t\t\t\t\t\t\t\t\t\t\t<\/div>\n\t\t\t\t<\/div>\n\t\t\t\t\t<\/div>\n\t\t\t\t<\/div>\n\t\t\t\t\t<\/div>\r\n\t\t\t\t<\/div>\r\n\t\t\t\t<div class=\"elementor-column elementor-col-50 elementor-top-column elementor-element elementor-element-3172dcd\" data-id=\"3172dcd\" data-element_type=\"column\">\r\n\t\t\t\t\t<div class=\"elementor-widget-wrap elementor-element-populated\">\r\n\t\t\t\t\t\t<div class=\"elementor-element elementor-element-1ad1ce2 e-con-full e-flex e-con e-parent\" data-id=\"1ad1ce2\" data-element_type=\"container\">\n\t\t\t\t<div class=\"elementor-element elementor-element-e49b1a2 mb-0 elementor-invisible elementor-widget elementor-widget-heading\" data-id=\"e49b1a2\" data-element_type=\"widget\" data-settings=\"{&quot;_animation&quot;:&quot;fadeInUp&quot;,&quot;_animation_delay&quot;:&quot;300&quot;}\" data-widget_type=\"heading.default\">\n\t\t\t\t<div class=\"elementor-widget-container\">\n\t\t\t<style>\/*! elementor - v3.21.0 - 26-05-2024 *\/\n.elementor-heading-title{padding:0;margin:0;line-height:1}.elementor-widget-heading .elementor-heading-title[class*=elementor-size-]>a{color:inherit;font-size:inherit;line-height:inherit}.elementor-widget-heading .elementor-heading-title.elementor-size-small{font-size:15px}.elementor-widget-heading .elementor-heading-title.elementor-size-medium{font-size:19px}.elementor-widget-heading .elementor-heading-title.elementor-size-large{font-size:29px}.elementor-widget-heading .elementor-heading-title.elementor-size-xl{font-size:39px}.elementor-widget-heading .elementor-heading-title.elementor-size-xxl{font-size:59px}<\/style><h2 class=\"elementor-heading-title elementor-size-default\">Professionalit\u00e0<\/h2>\t\t<\/div>\n\t\t\t\t<\/div>\n\t\t\t\t<div class=\"elementor-element elementor-element-e73fd20 elementor-invisible elementor-widget elementor-widget-text-editor\" data-id=\"e73fd20\" data-element_type=\"widget\" data-settings=\"{&quot;_animation&quot;:&quot;fadeInUp&quot;}\" data-widget_type=\"text-editor.default\">\n\t\t\t\t<div class=\"elementor-widget-container\">\n\t\t\t<style>\/*! elementor - v3.21.0 - 26-05-2024 *\/\n.elementor-widget-text-editor.elementor-drop-cap-view-stacked .elementor-drop-cap{background-color:#69727d;color:#fff}.elementor-widget-text-editor.elementor-drop-cap-view-framed .elementor-drop-cap{color:#69727d;border:3px solid;background-color:transparent}.elementor-widget-text-editor:not(.elementor-drop-cap-view-default) .elementor-drop-cap{margin-top:8px}.elementor-widget-text-editor:not(.elementor-drop-cap-view-default) .elementor-drop-cap-letter{width:1em;height:1em}.elementor-widget-text-editor .elementor-drop-cap{float:left;text-align:center;line-height:1;font-size:50px}.elementor-widget-text-editor .elementor-drop-cap-letter{display:inline-block}<\/style>\t\t\t\t<p class=\"lead\">La <span style=\"color: #474747;\"><strong><span style=\"font-size: 16px;\">chiropratica \u00e8 la terza professione sanitaria pi\u00f9 importante del Nord America, dopo medicina generale e odontoiatria. In Italia, \u00e8 stata riconosciuta dai legislatori come professione sanitaria di base dal 2008.<\/span><\/strong><\/span><\/p>\n<p><span style=\"color: #999999; font-size: 15px;\">Per prevenire l&#39;abuso della professione chiropratica da parte di persone non qualificate, la chiropratica \u00e8 autorizzata e regolamentata. La chiropratica pu\u00f2 essere praticata solo dai medici chiropratici, dopo aver conseguito una laurea specifica presso universit\u00e0 accreditate. L&#39;istruzione consente a un medico in chiropratica di diagnosticare malattie e condizioni di salute e curare<\/span> i pazienti.<\/p>\n<p><span style=\"font-size: 15px; color: #999999;\">Il dottor Saba-Sayah si \u00e8 laureato con lode a Sherman (USA). Ha ottenuto la licenza sia in Canada che negli Stati Uniti ed \u00e8 membro dell&#39;Associazione Italian Chiropratici e della World Chiropractic Alliance<\/span>.<\/p>\n\t\t\t\t\t\t<\/div>\n\t\t\t\t<\/div>\n\t\t\t\t<\/div>\n\t\t\t\t\t<\/div>\r\n\t\t\t\t<\/div>\r\n\t\t\t\t\t<\/div>\r\n\t\t\t\t<\/section>\r\n\t\t\t\t<section class=\"elementor-section elementor-top-section elementor-element elementor-element-d65651c elementor-section-height-min-height elementor-section-boxed elementor-section-height-default elementor-section-items-middle elementor-invisible\" data-id=\"d65651c\" data-element_type=\"section\" data-settings=\"{&quot;background_background&quot;:&quot;classic&quot;,&quot;animation&quot;:&quot;fadeInUp&quot;}\">\r\n\t\t\t\t\t\t<div class=\"elementor-background-overlay\"><\/div>\r\n\t\t\t\r\n\t\t\t\t\t\t\t<div class=\"elementor-container elementor-column-gap-default\">\r\n\t\t\t\t\t\t\t\t\t\t\t<div class=\"elementor-column elementor-col-50 elementor-top-column elementor-element elementor-element-b11dfd8\" data-id=\"b11dfd8\" data-element_type=\"column\">\r\n\t\t\t\t\t<div class=\"elementor-widget-wrap elementor-element-populated\">\r\n\t\t\t\t\t\t<div class=\"elementor-element elementor-element-8ea829e e-flex e-con-boxed elementor-invisible e-con e-parent\" data-id=\"8ea829e\" data-element_type=\"container\" data-settings=\"{&quot;animation&quot;:&quot;fadeInUp&quot;}\">\n\t\t\t\t\t<div class=\"e-con-inner\">\n\t\t\t\t<div class=\"elementor-element elementor-element-e452d9b elementor-widget elementor-widget-porto_ultimate_heading\" data-id=\"e452d9b\" data-element_type=\"widget\" data-widget_type=\"porto_ultimate_heading.default\">\n\t\t\t\t<div class=\"elementor-widget-container\">\n\t\t\t<div class=\"porto-u-heading  porto-u-2812\"><div class=\"porto-u-main-heading\"><h2   >La prima visita<\/h2><\/div><style>.porto-u-2812.porto-u-heading{text-align:left}<\/style><\/div>\t\t<\/div>\n\t\t\t\t<\/div>\n\t\t\t\t<div class=\"elementor-element elementor-element-977a079 elementor-widget elementor-widget-text-editor\" data-id=\"977a079\" data-element_type=\"widget\" data-widget_type=\"text-editor.default\">\n\t\t\t\t<div class=\"elementor-widget-container\">\n\t\t\t\t\t\t\t<p><span style=\"color: #ffffff; font-size: 16px;\">La prima visita (285\u20ac) dura pi\u00f9 di un&#39;ora e include, tra le altre cose, una valutazione approfondita delle condizioni del paziente, dell&#39;anamnesi e dell&#39;esame fisico del paziente, comprese tutte le cartelle cliniche disponibili, allo scopo di escludere qualsiasi controindicazione al trattamento chiropratico.<\/span><\/p>\n\t\t\t\t\t\t<\/div>\n\t\t\t\t<\/div>\n\t\t\t\t<div class=\"elementor-element elementor-element-098574b elementor-widget elementor-widget-porto_ultimate_heading\" data-id=\"098574b\" data-element_type=\"widget\" data-widget_type=\"porto_ultimate_heading.default\">\n\t\t\t\t<div class=\"elementor-widget-container\">\n\t\t\t<div class=\"porto-u-heading  porto-u-6984\"><div class=\"porto-u-main-heading\"><h2   >Programma terapeutico<\/h2><\/div><style>.porto-u-6984.porto-u-heading{text-align:left}<\/style><\/div>\t\t<\/div>\n\t\t\t\t<\/div>\n\t\t\t\t<div class=\"elementor-element elementor-element-ce5576d elementor-widget elementor-widget-text-editor\" data-id=\"ce5576d\" data-element_type=\"widget\" data-widget_type=\"text-editor.default\">\n\t\t\t\t<div class=\"elementor-widget-container\">\n\t\t\t\t\t\t\t<p><span style=\"color: #ffffff; font-size: 16px;\">Dopo un approfondito esame iniziale e un&#39;analisi delle immagini rediologiche diagnostiche richieste specifiche per questa tecnica, il Dott. SabaoSayah determiner\u00e0 con precisione l&#39;angolo di correzione richiesto. Il trattamento per le vertigini\/vertigini \u00e8 personalizzato per soddisfare la condizione unica di ogni paziente. Per i pazienti che viaggiano a lunga distanza, consigliamo un soggiorno di tre giorni a Milano, per consentire la prima visita, la diagnostica per immagini e il trattamento. A questo punto il medico stabilir\u00e0 un piano di trattamento.<\/span><\/p>\n\t\t\t\t\t\t<\/div>\n\t\t\t\t<\/div>\n\t\t\t\t\t<\/div>\n\t\t\t\t<\/div>\n\t\t\t\t\t<\/div>\r\n\t\t\t\t<\/div>\r\n\t\t\t\t<div class=\"elementor-column elementor-col-50 elementor-top-column elementor-element elementor-element-708c5ac\" data-id=\"708c5ac\" data-element_type=\"column\">\r\n\t\t\t\t\t<div class=\"elementor-widget-wrap elementor-element-populated\">\r\n\t\t\t\t\t\t<div class=\"elementor-element elementor-element-8421616 e-flex e-con-boxed elementor-invisible e-con e-parent\" data-id=\"8421616\" data-element_type=\"container\" data-settings=\"{&quot;animation&quot;:&quot;fadeInUp&quot;}\">\n\t\t\t\t\t<div class=\"e-con-inner\">\n\t\t\t\t<div class=\"elementor-element elementor-element-1446ea6 elementor-widget elementor-widget-porto_ultimate_heading\" data-id=\"1446ea6\" data-element_type=\"widget\" data-widget_type=\"porto_ultimate_heading.default\">\n\t\t\t\t<div class=\"elementor-widget-container\">\n\t\t\t<div class=\"porto-u-heading  porto-u-9071\"><div class=\"porto-u-main-heading\"><h2   >Nessuna falsa illusione<\/h2><\/div><style>.porto-u-9071.porto-u-heading{text-align:left}<\/style><\/div>\t\t<\/div>\n\t\t\t\t<\/div>\n\t\t\t\t<div class=\"elementor-element elementor-element-e0c49a0 elementor-widget elementor-widget-text-editor\" data-id=\"e0c49a0\" data-element_type=\"widget\" data-widget_type=\"text-editor.default\">\n\t\t\t\t<div class=\"elementor-widget-container\">\n\t\t\t\t\t\t\t<p><span style=\"color: #ffffff; font-size: 16px;\" data-darkreader-inline-color=\"\">Il disallineamento del cranio. La vertebra cervicale superiore e il segmento cervicale della colonna vertebrale sono stati corretti durante la prima terapia, se Ian. Tuttavia, la colonna vertebrale torna spesso nella posizione disallineata in cui si trovava da molto tempo a causa dei denti storti. La resistenza alla correzione pu\u00f2 essere superata con l&#39;applicazione di un apparecchio ortodontico. Un disallineamento della colonna cervicale pu\u00f2 essere corretto con una serie di trattamenti AO o Atlas Orthogonal<\/span>.<\/p>\n<p><span style=\"color: #ffffff; font-size: 16px;\" data-darkreader-inline-color=\"\">AO utilizza uno strumento a onde sonore per riposizionare l&#39;atlante, il primo foro nella parte superiore della colonna vertebrale. Il trattamento \u00e8 completamente indolore. Lo specialista in chiropratica dell&#39;A.O. pu\u00f2 utilizzare anche altre tecniche chiropratiche. Se necessario, per aiutare l&#39;azione dell&#39;atlante nella correzione dell&#39;intera colonna<\/span><\/p>\n\t\t\t\t\t\t<\/div>\n\t\t\t\t<\/div>\n\t\t\t\t<div class=\"elementor-element elementor-element-2bbeedb elementor-widget elementor-widget-porto_button\" data-id=\"2bbeedb\" data-element_type=\"widget\" data-widget_type=\"porto_button.default\">\n\t\t\t\t<div class=\"elementor-widget-container\">\n\t\t\t<a aria-label=\"button\" class=\"btn btn-xl btn-primary\" href=\"https:\/\/saba.isoladev.com\/it\/nuovi-pazienti\/\"><span >Prenoti un appuntamento adesso<\/span><\/a>\t\t<\/div>\n\t\t\t\t<\/div>\n\t\t\t\t\t<\/div>\n\t\t\t\t<\/div>\n\t\t\t\t\t<\/div>\r\n\t\t\t\t<\/div>\r\n\t\t\t\t\t<\/div>\r\n\t\t\t\t<\/section>\r\n\t\t\t\t<section class=\"elementor-section elementor-top-section elementor-element elementor-element-519fb24 push-top push-bottom elementor-section-boxed elementor-section-height-default elementor-section-height-default\" data-id=\"519fb24\" data-element_type=\"section\">\r\n\t\t\r\n\t\t\t\t\t\t\t<div class=\"elementor-container elementor-column-gap-default\">\r\n\t\t\t\t\t\t\t\t\t\t\t<div class=\"elementor-column elementor-col-100 elementor-top-column elementor-element elementor-element-c8ec5cb\" data-id=\"c8ec5cb\" data-element_type=\"column\">\r\n\t\t\t\t\t<div class=\"elementor-widget-wrap elementor-element-populated\">\r\n\t\t\t\t\t\t<div class=\"elementor-element elementor-element-4d734bc e-flex e-con-boxed e-con e-parent\" data-id=\"4d734bc\" data-element_type=\"container\">\n\t\t\t\t\t<div class=\"e-con-inner\">\n\t\t\t\t<div class=\"elementor-element elementor-element-547581d elementor-invisible elementor-widget elementor-widget-porto_ultimate_heading\" data-id=\"547581d\" data-element_type=\"widget\" data-settings=\"{&quot;_animation&quot;:&quot;fadeInUp&quot;}\" data-widget_type=\"porto_ultimate_heading.default\">\n\t\t\t\t<div class=\"elementor-widget-container\">\n\t\t\t<div class=\"porto-u-heading  porto-u-1634\"><div class=\"porto-u-main-heading\"><h2   >Vedere \u00e8 sapere, non vedere \u00e8 indovinare<\/h2><\/div><style>.porto-u-1634.porto-u-heading{text-align:center}<\/style><\/div>\t\t<\/div>\n\t\t\t\t<\/div>\n\t\t\t\t<div class=\"elementor-element elementor-element-d008da2 elementor-invisible elementor-widget elementor-widget-text-editor\" data-id=\"d008da2\" data-element_type=\"widget\" data-settings=\"{&quot;_animation&quot;:&quot;fadeInUp&quot;}\" data-widget_type=\"text-editor.default\">\n\t\t\t\t<div class=\"elementor-widget-container\">\n\t\t\t\t\t\t\t<p class=\"lead\">Dopo essersi laureato alla Boston University, il dottor Saba-Sayah ha frequentato un corso a Bologna istituito dal chiropratico americano Dr. Hans Greissing.<\/p>\n<p>Tornato in Nord America, il dottor Saba-Sayah si \u00e8 laureato con lode in Chiropratica allo Sherman College of Chiropractic nella Carolina del Sud, prima di specializzarsi nella tecnica Cox (flessione\/distrazione) e successivamente nella procedura \u00abAtlas Orthogonal\u00bb (una tecnica che utilizza uno strumento specifico installato su uno speciale tavolo chiropratico) alla Life University di Atlanta e allo Sherman College di Spartanburg.<\/p>\n\t\t\t\t\t\t<\/div>\n\t\t\t\t<\/div>\n\t\t\t\t\t<\/div>\n\t\t\t\t<\/div>\n\t\t\t\t\t<\/div>\r\n\t\t\t\t<\/div>\r\n\t\t\t\t\t<\/div>\r\n\t\t\t\t<\/section>\r\n\t\t\t\t<section class=\"elementor-section elementor-top-section elementor-element elementor-element-4aa04f6 push-top push-bottom elementor-section-boxed elementor-section-height-default elementor-section-height-default\" data-id=\"4aa04f6\" data-element_type=\"section\">\r\n\t\t\r\n\t\t\t\t\t\t\t<div class=\"elementor-container elementor-column-gap-default\">\r\n\t\t\t\t\t\t\t\t\t\t\t<div class=\"elementor-column elementor-col-100 elementor-top-column elementor-element elementor-element-4b07bdf\" data-id=\"4b07bdf\" data-element_type=\"column\">\r\n\t\t\t\t\t<div class=\"elementor-widget-wrap elementor-element-populated\">\r\n\t\t\t\t\t\t\t\t<div class=\"elementor-element elementor-element-570c26a elementor-invisible elementor-widget elementor-widget-porto_ultimate_heading\" data-id=\"570c26a\" data-element_type=\"widget\" data-settings=\"{&quot;_animation&quot;:&quot;fadeInUp&quot;}\" data-widget_type=\"porto_ultimate_heading.default\">\n\t\t\t\t<div class=\"elementor-widget-container\">\n\t\t\t<div class=\"porto-u-heading  porto-u-5289\"><div class=\"porto-u-main-heading\"><h2   >Per sua informazione<\/h2><\/div><style>.porto-u-5289.porto-u-heading{text-align:center}<\/style><\/div>\t\t<\/div>\n\t\t\t\t<\/div>\n\t\t\t\t<div class=\"elementor-element elementor-element-b840f74 elementor-invisible elementor-widget elementor-widget-porto_faqs\" data-id=\"b840f74\" data-element_type=\"widget\" data-settings=\"{&quot;_animation&quot;:&quot;fadeIn&quot;}\" data-widget_type=\"porto_faqs.default\">\n\t\t\t\t<div class=\"elementor-widget-container\">\n\t\t\t<div class=\"porto-faqs porto-faqsjzr2 wpb_content_element \">\r\n\t<div class=\"page-faqs clearfix\" id=\"porto_faqs_4ss0\">\r\n\r\n\t\t\r\n\t\t\r\n\t\t<div class=\"faq-row faqs-container\">\r\n\t\t\t\r\n<div class=\"faq atlas post-5971 type-faq status-publish hentry faq_cat-atlas\">\r\n\t<section class=\"toggle\">\r\n\t\t<label>Should I bring my latest X-rays along?<\/label>\r\n\t\t<div class=\"toggle-content\">\r\n\t\t<h3 class=\"entry-title\" style=\"display: none;\">Should I bring my latest X-rays along?<\/h3><span class=\"vcard\" style=\"display: none;\"><span class=\"fn\"><a href=\"https:\/\/saba.isoladev.com\/it\/author\/atlasadmin\/\" title=\"Articoli scritti da Atlasadmin\" rel=\"author\">Atlasadmin<\/a><\/span><\/span><span class=\"updated\" style=\"display:none\">2024-03-12T19:26:40+00:00<\/span>\n<p>Certainly, any form of diagnostic imaging can help. However, the procedure we adopt requires a special type of X-ray, performed using special media and in specific positions, in order to allow us to make the mathematical calculations required to use the atlas realignment precision instrument.<\/p>\n\t\t<\/div>\r\n\t<\/section>\r\n<\/div>\r\n\r\n<div class=\"faq atlas post-5970 type-faq status-publish hentry faq_cat-atlas\">\r\n\t<section class=\"toggle\">\r\n\t\t<label>Are X-rays necessary?<\/label>\r\n\t\t<div class=\"toggle-content\">\r\n\t\t<h3 class=\"entry-title\" style=\"display: none;\">Are X-rays necessary?<\/h3><span class=\"vcard\" style=\"display: none;\"><span class=\"fn\"><a href=\"https:\/\/saba.isoladev.com\/it\/author\/atlasadmin\/\" title=\"Articoli scritti da Atlasadmin\" rel=\"author\">Atlasadmin<\/a><\/span><\/span><span class=\"updated\" style=\"display:none\">2024-03-12T19:26:17+00:00<\/span>\n<p>As these are the only imaging tests that allow the chiropractor to \u201csee\u201d the spine, and therefore make an accurate assessment, our motto is: \u201cSeeing means knowing, not seeing means guessing!\u201d And we, of course, have no intention of guessing when it comes to your health.<\/p>\n\t\t<\/div>\r\n\t<\/section>\r\n<\/div>\r\n\r\n<div class=\"faq atlas post-5969 type-faq status-publish hentry faq_cat-atlas\">\r\n\t<section class=\"toggle\">\r\n\t\t<label>How is the need for treatment assessed?<\/label>\r\n\t\t<div class=\"toggle-content\">\r\n\t\t<h3 class=\"entry-title\" style=\"display: none;\">How is the need for treatment assessed?<\/h3><span class=\"vcard\" style=\"display: none;\"><span class=\"fn\"><a href=\"https:\/\/saba.isoladev.com\/it\/author\/atlasadmin\/\" title=\"Articoli scritti da Atlasadmin\" rel=\"author\">Atlasadmin<\/a><\/span><\/span><span class=\"updated\" style=\"display:none\">2024-03-12T19:25:53+00:00<\/span>\n<p>After carefully analyzing the patient\u2019s medical history and any clinical and diagnostic imaging, the chiropractor conducts a preliminary examination to identify the symptoms and decide whether the patient is a suitable candidate for this procedure.<\/p>\n\t\t<\/div>\r\n\t<\/section>\r\n<\/div>\r\n\r\n<div class=\"faq atlas post-5968 type-faq status-publish hentry faq_cat-atlas\">\r\n\t<section class=\"toggle\">\r\n\t\t<label>How often will I require treatment?<\/label>\r\n\t\t<div class=\"toggle-content\">\r\n\t\t<h3 class=\"entry-title\" style=\"display: none;\">How often will I require treatment?<\/h3><span class=\"vcard\" style=\"display: none;\"><span class=\"fn\"><a href=\"https:\/\/saba.isoladev.com\/it\/author\/atlasadmin\/\" title=\"Articoli scritti da Atlasadmin\" rel=\"author\">Atlasadmin<\/a><\/span><\/span><span class=\"updated\" style=\"display:none\">2024-03-12T19:25:28+00:00<\/span>\n<p>Each patient reacts differently. Moreover, the speed and duration of the results will depend on the severity of the pathology and the time of its onset. This light and gentle procedure can be repeated several times. With time, the number of treatments required will reduce, until the patient is stable.<\/p>\n\t\t<\/div>\r\n\t<\/section>\r\n<\/div>\r\n\r\n<div class=\"faq atlas post-5967 type-faq status-publish hentry faq_cat-atlas\">\r\n\t<section class=\"toggle\">\r\n\t\t<label>What should I expect after the first treatment?<\/label>\r\n\t\t<div class=\"toggle-content\">\r\n\t\t<h3 class=\"entry-title\" style=\"display: none;\">What should I expect after the first treatment?<\/h3><span class=\"vcard\" style=\"display: none;\"><span class=\"fn\"><a href=\"https:\/\/saba.isoladev.com\/it\/author\/atlasadmin\/\" title=\"Articoli scritti da Atlasadmin\" rel=\"author\">Atlasadmin<\/a><\/span><\/span><span class=\"updated\" style=\"display:none\">2024-03-12T19:25:05+00:00<\/span>\n<p>Desirable reactions following the initial attempt to realign the spine, signaling the effectiveness of the treatment, are:<br>\u2022 improvement of symptoms<br>\u2022 drowsiness<br>\u2022 other<br>The type and intensity of the reactions depend on the pathology and the time of its onset.<\/p>\n\t\t<\/div>\r\n\t<\/section>\r\n<\/div>\r\n\r\n<div class=\"faq atlas post-5966 type-faq status-publish hentry faq_cat-atlas\">\r\n\t<section class=\"toggle\">\r\n\t\t<label>Is it painful?<\/label>\r\n\t\t<div class=\"toggle-content\">\r\n\t\t<h3 class=\"entry-title\" style=\"display: none;\">Is it painful?<\/h3><span class=\"vcard\" style=\"display: none;\"><span class=\"fn\"><a href=\"https:\/\/saba.isoladev.com\/it\/author\/atlasadmin\/\" title=\"Articoli scritti da Atlasadmin\" rel=\"author\">Atlasadmin<\/a><\/span><\/span><span class=\"updated\" style=\"display:none\">2024-03-12T19:24:15+00:00<\/span>\n<p>Absolutely not. As mentioned above, all the patient feels is the almost imperceptible \u201ctouch\u201d of the precision instrument, rested delicately against the neck, level with the top cervical vertebra.<\/p>\n\t\t<\/div>\r\n\t<\/section>\r\n<\/div>\r\n\r\n<div class=\"faq atlas post-5965 type-faq status-publish hentry faq_cat-atlas\">\r\n\t<section class=\"toggle\">\r\n\t\t<label>What is the difference between this procedure and traditional chiropractic?<\/label>\r\n\t\t<div class=\"toggle-content\">\r\n\t\t<h3 class=\"entry-title\" style=\"display: none;\">What is the difference between this procedure and traditional chiropractic?<\/h3><span class=\"vcard\" style=\"display: none;\"><span class=\"fn\"><a href=\"https:\/\/saba.isoladev.com\/it\/author\/atlasadmin\/\" title=\"Articoli scritti da Atlasadmin\" rel=\"author\">Atlasadmin<\/a><\/span><\/span><span class=\"updated\" style=\"display:none\">2024-03-12T19:23:19+00:00<\/span>\n<p>First of all, the total absence of manipulation, twisting or cracking. All the patient feels is the gentle \u201ctouch\u201d of the precision instrument, which produces a beneficial \u201cshock wave\u201d.<\/p>\n\t\t<\/div>\r\n\t<\/section>\r\n<\/div>\r\n\r\n<div class=\"faq atlas post-5964 type-faq status-publish hentry faq_cat-atlas\">\r\n\t<section class=\"toggle\">\r\n\t\t<label>What qualification does an atlas chiropractor (A.O.) need?<\/label>\r\n\t\t<div class=\"toggle-content\">\r\n\t\t<h3 class=\"entry-title\" style=\"display: none;\">What qualification does an atlas chiropractor (A.O.) need?<\/h3><span class=\"vcard\" style=\"display: none;\"><span class=\"fn\"><a href=\"https:\/\/saba.isoladev.com\/it\/author\/atlasadmin\/\" title=\"Articoli scritti da Atlasadmin\" rel=\"author\">Atlasadmin<\/a><\/span><\/span><span class=\"updated\" style=\"display:none\">2024-03-12T19:22:56+00:00<\/span>\n<p>A degree in chiropractic medicine, an average of 6 years of college education, and a specialty in the upper cervical technique. To this end, atlas chiropractors use a special instrument used on the basis of a series of very precise mathematical calculations.<\/p>\n\t\t<\/div>\r\n\t<\/section>\r\n<\/div>\r\n\t\t<\/div>\r\n\r\n\t\t\r\n\t<\/div>\r\n\r\n\t\r\n\t<\/div>\t\t<\/div>\n\t\t\t\t<\/div>\n\t\t\t\t\t<\/div>\r\n\t\t\t\t<\/div>\r\n\t\t\t\t\t<\/div>\r\n\t\t\t\t<\/section>\r\n\t\t\t\t<\/div>\n\t\t","protected":false},"excerpt":{"rendered":"<p>Professionalit\u00e0 La chiropratica \u00e8 la terza professione sanitaria pi\u00f9 importante del Nord America, dopo medicina generale e odontoiatria. In Italia, \u00e8 stata riconosciuta dai legislatori come professione sanitaria di base dal 2008. Per prevenire l&#39;abuso della professione chiropratica da parte di persone non qualificate, la chiropratica \u00e8 autorizzata e regolamentata. La chiropratica pu\u00f2 essere praticata [&hellip;]<\/p>\n","protected":false},"author":1,"featured_media":0,"parent":0,"menu_order":0,"comment_status":"closed","ping_status":"closed","template":"","meta":{"footnotes":""},"class_list":["post-7792","page","type-page","status-publish","hentry"],"_links":{"self":[{"href":"https:\/\/saba.isoladev.com\/it\/wp-json\/wp\/v2\/pages\/7792"}],"collection":[{"href":"https:\/\/saba.isoladev.com\/it\/wp-json\/wp\/v2\/pages"}],"about":[{"href":"https:\/\/saba.isoladev.com\/it\/wp-json\/wp\/v2\/types\/page"}],"author":[{"embeddable":true,"href":"https:\/\/saba.isoladev.com\/it\/wp-json\/wp\/v2\/users\/1"}],"replies":[{"embeddable":true,"href":"https:\/\/saba.isoladev.com\/it\/wp-json\/wp\/v2\/comments?post=7792"}],"version-history":[{"count":64,"href":"https:\/\/saba.isoladev.com\/it\/wp-json\/wp\/v2\/pages\/7792\/revisions"}],"predecessor-version":[{"id":8670,"href":"https:\/\/saba.isoladev.com\/it\/wp-json\/wp\/v2\/pages\/7792\/revisions\/8670"}],"wp:attachment":[{"href":"https:\/\/saba.isoladev.com\/it\/wp-json\/wp\/v2\/media?parent=7792"}],"curies":[{"name":"wp","href":"https:\/\/api.w.org\/{rel}","templated":true}]}}