{"id":7785,"date":"2024-03-17T16:37:12","date_gmt":"2024-03-17T16:37:12","guid":{"rendered":"https:\/\/saba.isoladev.com\/allineamento-chiropratico\/"},"modified":"2024-04-29T21:08:58","modified_gmt":"2024-04-29T21:08:58","slug":"allineamento-chiropratico","status":"publish","type":"page","link":"https:\/\/saba.isoladev.com\/it\/allineamento-chiropratico\/","title":{"rendered":"Allineamento chiropratico"},"content":{"rendered":"\t\t<div data-elementor-type=\"wp-page\" data-elementor-id=\"7785\" class=\"elementor elementor-7785 elementor-7020\" data-elementor-post-type=\"page\">\n\t\t\t\t\t\t<section class=\"elementor-section elementor-top-section elementor-element elementor-element-3b81b3b push-top push-bottom elementor-section-boxed elementor-section-height-default elementor-section-height-default\" data-id=\"3b81b3b\" data-element_type=\"section\">\r\n\t\t\r\n\t\t\t\t\t\t\t<div class=\"elementor-container elementor-column-gap-default\">\r\n\t\t\t\t\t\t\t\t\t\t\t<div class=\"elementor-column elementor-col-100 elementor-top-column elementor-element elementor-element-d8ac63d\" data-id=\"d8ac63d\" data-element_type=\"column\">\r\n\t\t\t\t\t<div class=\"elementor-widget-wrap elementor-element-populated\">\r\n\t\t\t\t\t\t\t\t<div class=\"elementor-element elementor-element-a15e5e8 mb-0 elementor-invisible elementor-widget elementor-widget-heading\" data-id=\"a15e5e8\" data-element_type=\"widget\" data-settings=\"{&quot;_animation&quot;:&quot;fadeInUp&quot;,&quot;_animation_delay&quot;:&quot;300&quot;}\" data-widget_type=\"heading.default\">\n\t\t\t\t<div class=\"elementor-widget-container\">\n\t\t\t<style>\/*! elementor - v3.21.0 - 26-05-2024 *\/\n.elementor-heading-title{padding:0;margin:0;line-height:1}.elementor-widget-heading .elementor-heading-title[class*=elementor-size-]>a{color:inherit;font-size:inherit;line-height:inherit}.elementor-widget-heading .elementor-heading-title.elementor-size-small{font-size:15px}.elementor-widget-heading .elementor-heading-title.elementor-size-medium{font-size:19px}.elementor-widget-heading .elementor-heading-title.elementor-size-large{font-size:29px}.elementor-widget-heading .elementor-heading-title.elementor-size-xl{font-size:39px}.elementor-widget-heading .elementor-heading-title.elementor-size-xxl{font-size:59px}<\/style><h2 class=\"elementor-heading-title elementor-size-default\">Vantaggi dell&#39;allineamento chiropratico<\/h2>\t\t<\/div>\n\t\t\t\t<\/div>\n\t\t\t\t<div class=\"elementor-element elementor-element-e367313 elementor-invisible elementor-widget elementor-widget-text-editor\" data-id=\"e367313\" data-element_type=\"widget\" data-settings=\"{&quot;_animation&quot;:&quot;fadeInUp&quot;}\" data-widget_type=\"text-editor.default\">\n\t\t\t\t<div class=\"elementor-widget-container\">\n\t\t\t<style>\/*! elementor - v3.21.0 - 26-05-2024 *\/\n.elementor-widget-text-editor.elementor-drop-cap-view-stacked .elementor-drop-cap{background-color:#69727d;color:#fff}.elementor-widget-text-editor.elementor-drop-cap-view-framed .elementor-drop-cap{color:#69727d;border:3px solid;background-color:transparent}.elementor-widget-text-editor:not(.elementor-drop-cap-view-default) .elementor-drop-cap{margin-top:8px}.elementor-widget-text-editor:not(.elementor-drop-cap-view-default) .elementor-drop-cap-letter{width:1em;height:1em}.elementor-widget-text-editor .elementor-drop-cap{float:left;text-align:center;line-height:1;font-size:50px}.elementor-widget-text-editor .elementor-drop-cap-letter{display:inline-block}<\/style>\t\t\t\t<p><strong>Nel corso degli anni, l&#39;allineamento chiropratico delle sublussazioni vertebrali ha raggiunto <strong>risultati estremamente positivi e spesso decisivi<\/strong>, ad esempio nel trattamento dei <strong>problemi infantili<\/strong>, nel miglioramento della qualit\u00e0 della vita delle <strong>persone con pi\u00f9 di 65 anni<\/strong> affette da <strong>osteoartrite<\/strong> e nel trattamento di una variet\u00e0 di patologie generalmente non considerate di competenza dei chiropratici.<\/strong><\/p>\n<p><img fetchpriority=\"high\" decoding=\"async\" class=\"alignright wp-image-7384\" src=\"https:\/\/saba.isoladev.com\/wp-content\/uploads\/2024\/04\/column_1.jpg\" alt=\"\" width=\"348\" height=\"450\" \/><\/p>\n<p><strong><strong>Tali risultati, quindi, vanno oltre il trattamento tradizionale delle <strong>condizioni neuromuscolari e scheletriche (mal di schiena, dolore al<\/strong> collo, ecc.), <strong>vertigini<\/strong> e altre forme di <strong>squilibrio<\/strong> <strong>posturale<\/strong>, <strong>disfunzione dell&#39;articolazione temporomandibolare<\/strong> e numerosi casi di emicrania e altri tipi di mal di testa.<\/strong><\/strong><\/p>\n<p>L&#39;importanza dell&#39;allineamento chiropratico dell&#39;atlante nel trattamento dell&#39;ipertensione \u00e8 stata recentemente sostenuta dal \u00abJournal of Human Hypertension\u00bb (come riportato sul Corriere della Sera, il 29\/04\/07).<\/p>\n<p>Questo \u00e8 un riconoscimento importante per la chiropratica, che attesta la sua efficacia oltre il semplice trattamento del dolore alla schiena e al collo.<\/p>\n<p><strong>Un&#39;ulteriore prova della validit\u00e0 di questa tecnica pu\u00f2 essere trovata nella ricerca medico-scientifica pubblicata sul \u00abJournal of Whiplash &amp; related disorders\u00bb, Vol.5 (1) 2006 (Med-Index Journal), che rivela i benefici risultati della tecnica chiropratica atlas (A.O.) sul dolore cervicale causato da incidenti stradali.<\/strong><\/p>\n<p><strong>In queste, come in molte altre patologie, la tecnica chiropratica atlas (A.O.) si \u00e8 dimostrata estremamente utile.<\/strong><\/p>\n\t\t\t\t\t\t<\/div>\n\t\t\t\t<\/div>\n\t\t\t\t\t<\/div>\r\n\t\t\t\t<\/div>\r\n\t\t\t\t\t<\/div>\r\n\t\t\t\t<\/section>\r\n\t\t\t\t<\/div>\n\t\t","protected":false},"excerpt":{"rendered":"<p>Vantaggi dell&#39;allineamento chiropratico Nel corso degli anni, l&#39;allineamento chiropratico delle sublussazioni vertebrali ha raggiunto risultati estremamente positivi e spesso decisivi, ad esempio nel trattamento dei problemi infantili, nel miglioramento della qualit\u00e0 della vita delle persone con pi\u00f9 di 65 anni affette da osteoartrite e nel trattamento di una variet\u00e0 di patologie generalmente non considerate di [&hellip;]<\/p>\n","protected":false},"author":1,"featured_media":0,"parent":0,"menu_order":0,"comment_status":"closed","ping_status":"closed","template":"","meta":{"footnotes":""},"class_list":["post-7785","page","type-page","status-publish","hentry"],"_links":{"self":[{"href":"https:\/\/saba.isoladev.com\/it\/wp-json\/wp\/v2\/pages\/7785"}],"collection":[{"href":"https:\/\/saba.isoladev.com\/it\/wp-json\/wp\/v2\/pages"}],"about":[{"href":"https:\/\/saba.isoladev.com\/it\/wp-json\/wp\/v2\/types\/page"}],"author":[{"embeddable":true,"href":"https:\/\/saba.isoladev.com\/it\/wp-json\/wp\/v2\/users\/1"}],"replies":[{"embeddable":true,"href":"https:\/\/saba.isoladev.com\/it\/wp-json\/wp\/v2\/comments?post=7785"}],"version-history":[{"count":3,"href":"https:\/\/saba.isoladev.com\/it\/wp-json\/wp\/v2\/pages\/7785\/revisions"}],"predecessor-version":[{"id":8614,"href":"https:\/\/saba.isoladev.com\/it\/wp-json\/wp\/v2\/pages\/7785\/revisions\/8614"}],"wp:attachment":[{"href":"https:\/\/saba.isoladev.com\/it\/wp-json\/wp\/v2\/media?parent=7785"}],"curies":[{"name":"wp","href":"https:\/\/api.w.org\/{rel}","templated":true}]}}