{"id":7771,"date":"2024-03-17T16:41:27","date_gmt":"2024-03-17T16:41:27","guid":{"rendered":"https:\/\/saba.isoladev.com\/principi-di-base-di-a-o\/"},"modified":"2024-04-29T21:08:58","modified_gmt":"2024-04-29T21:08:58","slug":"principi-di-base-di-a-o","status":"publish","type":"page","link":"https:\/\/saba.isoladev.com\/it\/principi-di-base-di-a-o\/","title":{"rendered":"Principi di base di A.O."},"content":{"rendered":"\t\t<div data-elementor-type=\"wp-page\" data-elementor-id=\"7771\" class=\"elementor elementor-7771 elementor-7029\" data-elementor-post-type=\"page\">\n\t\t\t\t\t\t<section class=\"elementor-section elementor-top-section elementor-element elementor-element-c1f31bf push-top push-bottom elementor-section-boxed elementor-section-height-default elementor-section-height-default\" data-id=\"c1f31bf\" data-element_type=\"section\" data-settings=\"{&quot;animation&quot;:&quot;none&quot;}\">\r\n\t\t\r\n\t\t\t\t\t\t\t<div class=\"elementor-container elementor-column-gap-default\">\r\n\t\t\t\t\t\t\t\t\t\t\t<div class=\"elementor-column elementor-col-100 elementor-top-column elementor-element elementor-element-855b9da\" data-id=\"855b9da\" data-element_type=\"column\">\r\n\t\t\t\t\t<div class=\"elementor-widget-wrap elementor-element-populated\">\r\n\t\t\t\t\t\t\t\t<div class=\"elementor-element elementor-element-c882211 mb-0 elementor-invisible elementor-widget elementor-widget-heading\" data-id=\"c882211\" data-element_type=\"widget\" data-settings=\"{&quot;_animation&quot;:&quot;fadeInUp&quot;,&quot;_animation_delay&quot;:&quot;300&quot;}\" data-widget_type=\"heading.default\">\n\t\t\t\t<div class=\"elementor-widget-container\">\n\t\t\t<style>\/*! elementor - v3.21.0 - 26-05-2024 *\/\n.elementor-heading-title{padding:0;margin:0;line-height:1}.elementor-widget-heading .elementor-heading-title[class*=elementor-size-]>a{color:inherit;font-size:inherit;line-height:inherit}.elementor-widget-heading .elementor-heading-title.elementor-size-small{font-size:15px}.elementor-widget-heading .elementor-heading-title.elementor-size-medium{font-size:19px}.elementor-widget-heading .elementor-heading-title.elementor-size-large{font-size:29px}.elementor-widget-heading .elementor-heading-title.elementor-size-xl{font-size:39px}.elementor-widget-heading .elementor-heading-title.elementor-size-xxl{font-size:59px}<\/style><h2 class=\"elementor-heading-title elementor-size-default\">Principi di base della nuova tecnica chiropratica Atlas (A.O.)<\/h2>\t\t<\/div>\n\t\t\t\t<\/div>\n\t\t\t\t<div class=\"elementor-element elementor-element-4443ea1 elementor-invisible elementor-widget elementor-widget-text-editor\" data-id=\"4443ea1\" data-element_type=\"widget\" data-settings=\"{&quot;_animation&quot;:&quot;fadeInUp&quot;}\" data-widget_type=\"text-editor.default\">\n\t\t\t\t<div class=\"elementor-widget-container\">\n\t\t\t<style>\/*! elementor - v3.21.0 - 26-05-2024 *\/\n.elementor-widget-text-editor.elementor-drop-cap-view-stacked .elementor-drop-cap{background-color:#69727d;color:#fff}.elementor-widget-text-editor.elementor-drop-cap-view-framed .elementor-drop-cap{color:#69727d;border:3px solid;background-color:transparent}.elementor-widget-text-editor:not(.elementor-drop-cap-view-default) .elementor-drop-cap{margin-top:8px}.elementor-widget-text-editor:not(.elementor-drop-cap-view-default) .elementor-drop-cap-letter{width:1em;height:1em}.elementor-widget-text-editor .elementor-drop-cap{float:left;text-align:center;line-height:1;font-size:50px}.elementor-widget-text-editor .elementor-drop-cap-letter{display:inline-block}<\/style>\t\t\t\t<div class=\"uk-panel uk-margin\">\n<p><strong>Quali sono i principi anatomici e funzionali alla base della nuova tecnica chiropratica <br \/> \u00abgentile\u00bb Atlas?<\/strong><\/p>\n<\/div>\n<div class=\"uk-panel uk-margin\">\n<p><img decoding=\"async\" class=\"alignleft\" src=\"https:\/\/saba.isoladev.com\/wp-content\/uploads\/2024\/03\/atlante-142x300-1.png\" \/>Proprio come <strong>Atlante<\/strong>, la figura della mitologia greca condannata da Giove a portare il mondo sulle spalle, la vertebra superiore della nostra colonna vertebrale, conosciuta con lo stesso nome, sostiene il cranio, che collega al resto della colonna vertebrale. <strong><em>Se consideriamo che l&#39;atlante deve sopportare il peso del cranio (tra 4 e 7 kg), <strong><em>\u00e8 facile capire gli effetti che pu\u00f2 avere la sua sublussazione<\/em><\/strong>.<\/em><\/strong><\/p>\n<\/div>\n<div class=\"uk-panel uk-margin\"><img decoding=\"async\" class=\"alignright\" src=\"https:\/\/saba.isoladev.com\/wp-content\/uploads\/2024\/03\/cranio.png\" \/><\/p>\n<p><strong>Inoltre, se consideriamo la <strong>vicinanza della vertebra atlante al cervello (e i<\/strong> continui andirivieni degli impulsi nervosi) e l&#39;elevata mobilit\u00e0 di t<\/strong><\/p>\n<p>La parte superiore della colonna cervicale (che la rende pi\u00f9 suscettibile alla sublussazione rispetto al resto), un gran numero di dolori in tutto il corpo \u2014 in effetti, pi\u00f9 di quanto ci si possa aspettare \u2014 possono essere attribuiti al disallineamento della vertebra atlante. <img decoding=\"async\" class=\"aligncenter\" src=\"https:\/\/saba.isoladev.com\/wp-content\/uploads\/2024\/03\/posizione-atlante_en-0d510c34.webp\" \/><\/p>\n<p>L&#39;<em><strong>incidente di guida che ha paralizzato Christopher Reeve (Superman)<\/strong><\/em> ci fa capire bene l&#39;importanza di questa sezione della colonna vertebrale. Il defunto attore ha riportato <strong>lesioni alla colonna cervicale<\/strong> che hanno provocato la <strong>perdita delle funzioni motorie e sensoriali sotto le<\/strong> spalle e la necessit\u00e0 di ventilazione meccanica. In effetti, maggiore \u00e8 la lesione spinale, maggiore \u00e8 l&#39;entit\u00e0 del danno. Nel caso di Christopher Reeve, una lesione inferiore gli avrebbe permesso l&#39;uso di braccia e mani, oltre alla respirazione spontanea.<\/p>\n<p>Un atlante scivolato e il conseguente disallineamento con il resto della colonna vertebrale spostano la posizione della testa dalla sua corretta posizione verticale.<\/p>\n<p>Come risultato dell&#39;atlante slittato (la <strong>vertebra cervicale superiore, C1),<\/strong> l&#39;intero corpo viene poi progressivamente contorto. In sostanza, questo processo degenerativo pu\u00f2 essere paragonato, come detto sopra, al movimento di una grande catena metallica che pende liberamente in posizione verticale: quando il primo anello (vale a dire l&#39;atlante nella colonna vertebrale) viene attorcigliato, ogni anello successivo gira di conseguenza, interrompendo cos\u00ec il resto della catena.<\/p>\n<p>Ci\u00f2 porta a uno squilibrio posturale graduale e crescente, poich\u00e9 il corpo cerca di: a) compensare per mantenere il suo baricentro; b) riportare la testa in posizione verticale rispetto ai piedi e alla colonna vertebrale.<\/p>\n<p><strong>Gambe di diversa lunghezza?<\/strong><\/p>\n<p>Durante gli esami, i chiropratici scopriranno che questa torsione dello scheletro ha fatto apparire <strong>una gamba pi\u00f9 corta dell&#39;altra<\/strong>. Tuttavia, vale la pena notare che nella maggior parte dei casi una gamba non \u00e8 effettivamente pi\u00f9 corta, ma viene accorciata a causa della compensazione del corpo per l&#39;atlante spostato.<\/p>\n<\/div>\n<div class=\"uk-margin uk-text-center\"><img decoding=\"async\" class=\"aligncenter\" src=\"https:\/\/saba.isoladev.com\/wp-content\/uploads\/2024\/03\/due-gambe-due-misure_en-17a68cca.webp\" \/><\/div>\n\t\t\t\t\t\t<\/div>\n\t\t\t\t<\/div>\n\t\t\t\t\t<\/div>\r\n\t\t\t\t<\/div>\r\n\t\t\t\t\t<\/div>\r\n\t\t\t\t<\/section>\r\n\t\t\t\t<\/div>\n\t\t","protected":false},"excerpt":{"rendered":"<p>Principi di base della nuova tecnica chiropratica Atlas (A.O.) Quali sono i principi anatomici e funzionali alla base della nuova tecnica chiropratica \u00abgentile\u00bb Atlas? Proprio come Atlante, la figura della mitologia greca condannata da Giove a portare il mondo sulle spalle, la vertebra superiore della nostra colonna vertebrale, conosciuta con lo stesso nome, sostiene il [&hellip;]<\/p>\n","protected":false},"author":1,"featured_media":0,"parent":0,"menu_order":0,"comment_status":"closed","ping_status":"closed","template":"","meta":{"footnotes":""},"class_list":["post-7771","page","type-page","status-publish","hentry"],"_links":{"self":[{"href":"https:\/\/saba.isoladev.com\/it\/wp-json\/wp\/v2\/pages\/7771"}],"collection":[{"href":"https:\/\/saba.isoladev.com\/it\/wp-json\/wp\/v2\/pages"}],"about":[{"href":"https:\/\/saba.isoladev.com\/it\/wp-json\/wp\/v2\/types\/page"}],"author":[{"embeddable":true,"href":"https:\/\/saba.isoladev.com\/it\/wp-json\/wp\/v2\/users\/1"}],"replies":[{"embeddable":true,"href":"https:\/\/saba.isoladev.com\/it\/wp-json\/wp\/v2\/comments?post=7771"}],"version-history":[{"count":3,"href":"https:\/\/saba.isoladev.com\/it\/wp-json\/wp\/v2\/pages\/7771\/revisions"}],"predecessor-version":[{"id":8608,"href":"https:\/\/saba.isoladev.com\/it\/wp-json\/wp\/v2\/pages\/7771\/revisions\/8608"}],"wp:attachment":[{"href":"https:\/\/saba.isoladev.com\/it\/wp-json\/wp\/v2\/media?parent=7771"}],"curies":[{"name":"wp","href":"https:\/\/api.w.org\/{rel}","templated":true}]}}