{"id":7765,"date":"2024-03-17T16:44:29","date_gmt":"2024-03-17T16:44:29","guid":{"rendered":"https:\/\/saba.isoladev.com\/dolore-alla-schiena\/"},"modified":"2024-04-29T21:08:58","modified_gmt":"2024-04-29T21:08:58","slug":"dolore-alla-schiena","status":"publish","type":"page","link":"https:\/\/saba.isoladev.com\/it\/dolore-alla-schiena\/","title":{"rendered":"Dolore alla schiena"},"content":{"rendered":"\t\t<div data-elementor-type=\"wp-page\" data-elementor-id=\"7765\" class=\"elementor elementor-7765 elementor-7035\" data-elementor-post-type=\"page\">\n\t\t\t\t\t\t<section class=\"elementor-section elementor-top-section elementor-element elementor-element-add85dd push-top push-bottom elementor-section-boxed elementor-section-height-default elementor-section-height-default elementor-invisible\" data-id=\"add85dd\" data-element_type=\"section\" data-settings=\"{&quot;animation&quot;:&quot;fadeIn&quot;}\">\r\n\t\t\r\n\t\t\t\t\t\t\t<div class=\"elementor-container elementor-column-gap-default\">\r\n\t\t\t\t\t\t\t\t\t\t\t<div class=\"elementor-column elementor-col-100 elementor-top-column elementor-element elementor-element-7c0fb37\" data-id=\"7c0fb37\" data-element_type=\"column\">\r\n\t\t\t\t\t<div class=\"elementor-widget-wrap elementor-element-populated\">\r\n\t\t\t\t\t\t\t\t<div class=\"elementor-element elementor-element-eeacd87 mb-0 elementor-invisible elementor-widget elementor-widget-heading\" data-id=\"eeacd87\" data-element_type=\"widget\" data-settings=\"{&quot;_animation&quot;:&quot;fadeInUp&quot;,&quot;_animation_delay&quot;:&quot;300&quot;}\" data-widget_type=\"heading.default\">\n\t\t\t\t<div class=\"elementor-widget-container\">\n\t\t\t<style>\/*! elementor - v3.21.0 - 26-05-2024 *\/\n.elementor-heading-title{padding:0;margin:0;line-height:1}.elementor-widget-heading .elementor-heading-title[class*=elementor-size-]>a{color:inherit;font-size:inherit;line-height:inherit}.elementor-widget-heading .elementor-heading-title.elementor-size-small{font-size:15px}.elementor-widget-heading .elementor-heading-title.elementor-size-medium{font-size:19px}.elementor-widget-heading .elementor-heading-title.elementor-size-large{font-size:29px}.elementor-widget-heading .elementor-heading-title.elementor-size-xl{font-size:39px}.elementor-widget-heading .elementor-heading-title.elementor-size-xxl{font-size:59px}<\/style><h2 class=\"elementor-heading-title elementor-size-default\">Dolore alla schiena<\/h2>\t\t<\/div>\n\t\t\t\t<\/div>\n\t\t\t\t<div class=\"elementor-element elementor-element-ca3b40b elementor-invisible elementor-widget elementor-widget-text-editor\" data-id=\"ca3b40b\" data-element_type=\"widget\" data-settings=\"{&quot;_animation&quot;:&quot;fadeInUp&quot;}\" data-widget_type=\"text-editor.default\">\n\t\t\t\t<div class=\"elementor-widget-container\">\n\t\t\t<style>\/*! elementor - v3.21.0 - 26-05-2024 *\/\n.elementor-widget-text-editor.elementor-drop-cap-view-stacked .elementor-drop-cap{background-color:#69727d;color:#fff}.elementor-widget-text-editor.elementor-drop-cap-view-framed .elementor-drop-cap{color:#69727d;border:3px solid;background-color:transparent}.elementor-widget-text-editor:not(.elementor-drop-cap-view-default) .elementor-drop-cap{margin-top:8px}.elementor-widget-text-editor:not(.elementor-drop-cap-view-default) .elementor-drop-cap-letter{width:1em;height:1em}.elementor-widget-text-editor .elementor-drop-cap{float:left;text-align:center;line-height:1;font-size:50px}.elementor-widget-text-editor .elementor-drop-cap-letter{display:inline-block}<\/style>\t\t\t\t<div class=\"uk-panel uk-margin\">\n<p>Il mal di schiena e il mal di testa sono la causa della maggior parte delle visite mediche. Circa l&#39;80% delle persone soffrir\u00e0 di mal di schiena nel corso della propria vita. Diversi casi di mal di schiena possono essere dovuti al disallineamento del segmento cervicale superiore della colonna vertebrale. Gli episodi acuti di mal di schiena a volte possono risolversi da soli entro un paio di settimane, ma possono ripresentarsi e il mal di schiena pu\u00f2 quindi diventare cronico. <br \/>Il mal di schiena \u00e8 considerato cronico quando dura pi\u00f9 di tre mesi.<\/p>\n<p>Il mal di schiena pu\u00f2 essere vago o ben definito, acuto o sordo, bruciante, lancinante o dolorante. Pu\u00f2 irradiarsi fino ai glutei e lungo la gamba (sciatica).<\/p>\n<p>Il mal di schiena pu\u00f2 iniziare all&#39;improvviso o svilupparsi gradualmente.<\/p>\n<p><img fetchpriority=\"high\" decoding=\"async\" class=\"wp-image-7420 alignnone\" src=\"https:\/\/saba.isoladev.com\/wp-content\/uploads\/2024\/04\/spine_vertebrae_1-300x300.jpg\" alt=\"\" width=\"312\" height=\"312\" \/><\/div>\n<p>\u00a0<\/p>\n<h3 class=\"uk-h3 uk-text-primary\" style=\"text-align: left;\">Origine del mal di schiena<\/h3>\n<div class=\"uk-panel uk-margin\">\n<p>Il mal di schiena \u00e8 multifattoriale e la sua origine \u00e8 spesso difficile da identificare. \u00c8 spesso dovuto a stiramenti, traumi, stress, uso eccessivo, lesioni ai legamenti o alle articolazioni e lesioni del disco. Il processo doloroso che viene poi avviato \u00e8 aggravato da una risposta infiammatoria.<\/p>\n<p>Alcune delle cause di cui parleremo potrebbero essere correlate a un disallineamento del cranio, alla prima vertebra cervicale e al segmento cervicale che portano a una curvatura spinale aberrante.<\/p>\n<p>\u00a0<\/p>\n<\/div>\n<h3 class=\"uk-h3 uk-text-primary\">Le fonti pi\u00f9 comuni di mal di schiena:<\/h3>\n<div class=\"uk-panel uk-margin\">\n<ul>\n<li>processo degenerativo dovuto all&#39;invecchiamento<\/li>\n<li>lacerazione del disco intervertebrale<\/li>\n<li>sindrome delle sfaccettature<\/li>\n<li>fratture vertebrali<\/li>\n<li>meccanica corporea impropria<\/li>\n<li>stenosi spinale (restringimento del canale spinale, di solito dovuto all&#39;artrosi)<\/li>\n<li>spondilite anchilosante<\/li>\n<li>[*] infezioni, cancro, sindrome della cauda equina. <br \/>La sindrome della cauda equina \u00e8 causata dalla pressione sui nervi nella parte inferiore del midollo spinale. Questa sindrome pu\u00f2 causare lombalgia, disfunzioni intestinali e vescicali, intorpidimento nella zona della sella (sopra i genitali, l&#39;ano e la parte interna delle cosce) e debolezza\/dolore a una o entrambe le gambe (sciatica)<\/li>\n<li>[*] infezione renale o calcoli renali possono causare dolore alla schiena appena sotto la gabbia toracica<\/li>\n<li>[*] L&#39;aneurisma aortico anormale si avverte di solito nella parte bassa della schiena e ha una qualit\u00e0 profonda e noiosa<\/li>\n<\/ul>\n<p>[*] Queste cause rappresentano una percentuale molto bassa di casi di mal di schiena, ma sono condizioni gravi per le quali le persone dovrebbero rivolgersi immediatamente a cure mediche.<\/p>\n<p>Il mal di schiena pu\u00f2 anche essere influenzato dalla depressione, dal sovrappeso o dall&#39;affaticamento. Queste condizioni possono avere un impatto negativo sulla percezione individuale del dolore e sulla risposta al trattamento.<\/p>\n<p>Gravidanza, stress, cattive condizioni fisiche, postura inappropriata per l&#39;attivit\u00e0 svolta, sollevamento pesi pesanti e una cattiva posizione per dormire possono anche contribuire al mal di schiena.<\/p>\n<\/div>\n<h3 class=\"uk-h3 uk-text-primary\">TRATTAMENTO PER IL MAL DI SCHIENA: UN NUOVO TRATTAMENTO NON DOLOROSO E NON INVASIVO PER IL MAL DI SCHIENA: TECNICA CHIROPRATICA ORTOGONALE ATLAS<\/h3>\n<div class=\"uk-panel uk-margin\">\n<p>\u00a0<\/p>\n<p><img decoding=\"async\" class=\"size-medium wp-image-7573 alignleft\" src=\"https:\/\/saba.isoladev.com\/wp-content\/uploads\/2024\/04\/3d-female-medical-figure-with-neck-back-bones-highlighted-231x300.jpg\" alt=\"\" width=\"231\" height=\"300\" \/><\/p>\n<p>Come accennato in precedenza, una delle cause del mal di schiena \u00e8 un disallineamento del segmento superiore della colonna vertebrale che, a sua volta, pu\u00f2 dare origine a una curvatura spinale aberrante.<\/p>\n<\/div>\n<div class=\"uk-panel uk-margin\">\n<p>Quando la prima vertebra cervicale si discosta dalla sua posizione, la testa si inclina. Di conseguenza, l&#39;intera colonna vertebrale si sposta, cercando di controbilanciare e sostenere il peso della testa, mantenendo la posizione della testa al centro del corpo, perpendicolare al punto centrale tra i piedi.<\/p>\n<p>Questo sforzo continuo creer\u00e0 uno stress meccanico e una tensione in tutto il corpo e pu\u00f2 dare origine a una serie di sintomi come mal di testa, dolore al collo (cervicalgia), vertigini\\ vertigini, mal di schiena.<\/p>\n<p>Il sistema nervoso \u00e8 costituito da cervello, midollo spinale e nervi spinali. Il sistema nervoso controlla, regola e influenza tutte le funzioni del corpo.<\/p>\n<p>Ci sono spazi tra ogni vertebra che consentono ai nervi, che sono estensioni del midollo spinale, di rifornire e collegare ogni parte del corpo umano.<\/p>\n<p>Quando la colonna vertebrale \u00e8 disallineata, il sistema nervoso non \u00e8 in grado di funzionare come dovrebbe, causando cos\u00ec una serie di sintomi e malattie.<\/p>\n<p>Anni di ricerca clinica hanno dimostrato che molti dei problemi associati al disallineamento della colonna vertebrale e le loro conseguenze possono essere associati alla vertebra atlante, l&#39;osso cervicale superiore del collo.<\/p>\n<p>Per oltre mezzo secolo, questa tecnica \u00e8 stata utilizzata con successo in Nord America per il trattamento di vertigini e vertigini.<\/p>\n<p>Con un riposizionamento del segmento cervicale della colonna vertebrale nel suo corretto allineamento, il resto della colonna vertebrale assume un migliore posizionamento biomeccanico e lo stress sulla colonna vertebrale diminuir\u00e0 gradualmente.<\/p>\n<p>Questo viene fatto dopo un&#39;analisi accurata con calcoli matematici. Con l&#39;aiuto di uno strumento speciale, la colonna cervicale viene corretta in modo indolore e non invasivo.<\/p>\n<p>Questo trattamento unico, personalizzato specificamente per ogni paziente, presenta grandi vantaggi: evita tutti i rischi associati alla chirurgia e agli effetti collaterali dei farmaci.<\/p>\n<p>FOTO A:<\/p>\n<p>lo stress sulla sfaccettatura pu\u00f2 portare alla sindrome delle faccette incline all&#39;ernia del disco incline all&#39;affaticamento muscolare incline alla pressione nervosa<\/p>\n<p>FOTO B<\/p>\n<p>Nessuna patologia facciale Nessuna ernia del disco Nessun affaticamento muscolare Nessuna pressione nervosa<\/p>\n<\/div>\n<h3 class=\"uk-h3 uk-text-primary\">La maggior parte dei dolori alla schiena pu\u00f2 essere trattata senza intervento chirurgico con:<\/h3>\n<div class=\"uk-panel uk-margin\">\n<p><strong>A) Farmaci<\/strong><\/p>\n<ul>\n<li>farmaci antinfiammatori non steroidei (FANS) come aspirina, ibuprofene, paracetamolo (Tylenol,&#8230;) sono analgesici.<\/li>\n<li>Gli antidolorifici devono essere usati con cautela; l&#39;uso a lungo termine pu\u00f2 avere effetti collaterali come disturbi allo stomaco, problemi ai reni e al fegato e lividi eccessivi.<\/li>\n<li>i rilassanti muscolari possono creare assuefazione<\/li>\n<li>i narcotici come gli oppiacei sono forti antidolorifici, ma poich\u00e9 sono piuttosto sedativi, l&#39;uso a lungo termine pu\u00f2 causare dipendenza<\/li>\n<li>uso di compresse fredde e calde<\/li>\n<li>riposo a letto per uno o due giorni. I pazienti devono riprendere la normale attivit\u00e0 il prima possibile. Riposare a letto per pi\u00f9 di due o tre giorni pu\u00f2 peggiorare il mal di schiena<\/li>\n<\/ul>\n<p><strong>B) Fisioterapia<\/strong><\/p>\n<ul>\n<li>Esercizi specifici consigliati dai medici o dai fisioterapisti a volte possono aiutare il recupero. <br \/>L&#39;esercizio fisico non dovrebbe provocare dolore.<\/li>\n<\/ul>\n<p><strong>C) Agopuntura<\/strong><\/p>\n<p><strong>D) Intervento chirurgico: raramente \u00e8 inevitabile; spesso pu\u00f2 ritorcersi contro e pu\u00f2 essere evitato nella maggior parte dei casi.<\/strong><\/p>\n<\/div>\n\t\t\t\t\t\t<\/div>\n\t\t\t\t<\/div>\n\t\t\t\t\t<\/div>\r\n\t\t\t\t<\/div>\r\n\t\t\t\t\t<\/div>\r\n\t\t\t\t<\/section>\r\n\t\t\t\t<\/div>\n\t\t","protected":false},"excerpt":{"rendered":"<p>Dolore alla schiena Il mal di schiena e il mal di testa sono la causa della maggior parte delle visite mediche. Circa l&#39;80% delle persone soffrir\u00e0 di mal di schiena nel corso della propria vita. Diversi casi di mal di schiena possono essere dovuti al disallineamento del segmento cervicale superiore della colonna vertebrale. Gli episodi [&hellip;]<\/p>\n","protected":false},"author":1,"featured_media":0,"parent":0,"menu_order":0,"comment_status":"closed","ping_status":"closed","template":"","meta":{"footnotes":""},"class_list":["post-7765","page","type-page","status-publish","hentry"],"_links":{"self":[{"href":"https:\/\/saba.isoladev.com\/it\/wp-json\/wp\/v2\/pages\/7765"}],"collection":[{"href":"https:\/\/saba.isoladev.com\/it\/wp-json\/wp\/v2\/pages"}],"about":[{"href":"https:\/\/saba.isoladev.com\/it\/wp-json\/wp\/v2\/types\/page"}],"author":[{"embeddable":true,"href":"https:\/\/saba.isoladev.com\/it\/wp-json\/wp\/v2\/users\/1"}],"replies":[{"embeddable":true,"href":"https:\/\/saba.isoladev.com\/it\/wp-json\/wp\/v2\/comments?post=7765"}],"version-history":[{"count":3,"href":"https:\/\/saba.isoladev.com\/it\/wp-json\/wp\/v2\/pages\/7765\/revisions"}],"predecessor-version":[{"id":8606,"href":"https:\/\/saba.isoladev.com\/it\/wp-json\/wp\/v2\/pages\/7765\/revisions\/8606"}],"wp:attachment":[{"href":"https:\/\/saba.isoladev.com\/it\/wp-json\/wp\/v2\/media?parent=7765"}],"curies":[{"name":"wp","href":"https:\/\/api.w.org\/{rel}","templated":true}]}}