{"id":7747,"date":"2024-03-17T16:43:18","date_gmt":"2024-03-17T16:43:18","guid":{"rendered":"https:\/\/saba.isoladev.com\/un-nuovo-paradigma\/"},"modified":"2024-04-29T21:08:58","modified_gmt":"2024-04-29T21:08:58","slug":"un-nuovo-paradigma","status":"publish","type":"page","link":"https:\/\/saba.isoladev.com\/it\/un-nuovo-paradigma\/","title":{"rendered":"Un nuovo paradigma"},"content":{"rendered":"\t\t<div data-elementor-type=\"wp-page\" data-elementor-id=\"7747\" class=\"elementor elementor-7747 elementor-7032\" data-elementor-post-type=\"page\">\n\t\t\t\t\t\t<section class=\"elementor-section elementor-top-section elementor-element elementor-element-8d0902b push-top push-bottom elementor-section-boxed elementor-section-height-default elementor-section-height-default\" data-id=\"8d0902b\" data-element_type=\"section\">\r\n\t\t\r\n\t\t\t\t\t\t\t<div class=\"elementor-container elementor-column-gap-default\">\r\n\t\t\t\t\t\t\t\t\t\t\t<div class=\"elementor-column elementor-col-100 elementor-top-column elementor-element elementor-element-b0809da\" data-id=\"b0809da\" data-element_type=\"column\">\r\n\t\t\t\t\t<div class=\"elementor-widget-wrap elementor-element-populated\">\r\n\t\t\t\t\t\t\t\t<div class=\"elementor-element elementor-element-051f827 mb-0 elementor-invisible elementor-widget elementor-widget-heading\" data-id=\"051f827\" data-element_type=\"widget\" data-settings=\"{&quot;_animation&quot;:&quot;fadeInUp&quot;,&quot;_animation_delay&quot;:&quot;300&quot;}\" data-widget_type=\"heading.default\">\n\t\t\t\t<div class=\"elementor-widget-container\">\n\t\t\t<style>\/*! elementor - v3.21.0 - 26-05-2024 *\/\n.elementor-heading-title{padding:0;margin:0;line-height:1}.elementor-widget-heading .elementor-heading-title[class*=elementor-size-]>a{color:inherit;font-size:inherit;line-height:inherit}.elementor-widget-heading .elementor-heading-title.elementor-size-small{font-size:15px}.elementor-widget-heading .elementor-heading-title.elementor-size-medium{font-size:19px}.elementor-widget-heading .elementor-heading-title.elementor-size-large{font-size:29px}.elementor-widget-heading .elementor-heading-title.elementor-size-xl{font-size:39px}.elementor-widget-heading .elementor-heading-title.elementor-size-xxl{font-size:59px}<\/style><h2 class=\"elementor-heading-title elementor-size-default\">Un nuovo paradigma di benessere \n<\/h2>\t\t<\/div>\n\t\t\t\t<\/div>\n\t\t\t\t<div class=\"elementor-element elementor-element-4ffff1f elementor-invisible elementor-widget elementor-widget-text-editor\" data-id=\"4ffff1f\" data-element_type=\"widget\" data-settings=\"{&quot;_animation&quot;:&quot;fadeInUp&quot;}\" data-widget_type=\"text-editor.default\">\n\t\t\t\t<div class=\"elementor-widget-container\">\n\t\t\t<style>\/*! elementor - v3.21.0 - 26-05-2024 *\/\n.elementor-widget-text-editor.elementor-drop-cap-view-stacked .elementor-drop-cap{background-color:#69727d;color:#fff}.elementor-widget-text-editor.elementor-drop-cap-view-framed .elementor-drop-cap{color:#69727d;border:3px solid;background-color:transparent}.elementor-widget-text-editor:not(.elementor-drop-cap-view-default) .elementor-drop-cap{margin-top:8px}.elementor-widget-text-editor:not(.elementor-drop-cap-view-default) .elementor-drop-cap-letter{width:1em;height:1em}.elementor-widget-text-editor .elementor-drop-cap{float:left;text-align:center;line-height:1;font-size:50px}.elementor-widget-text-editor .elementor-drop-cap-letter{display:inline-block}<\/style>\t\t\t\t<p><strong>Qualche parola sul nuovo paradigma del benessere:<\/strong><\/p>\n<p>Il vecchio modello di trattamento delle malattie con farmaci pesanti dopo l&#39;insorgenza dei primi sintomi significativi sta cambiando progressivamente, portando una maggiore consapevolezza dell&#39;importanza di \u00abmantenere il benessere attraverso la prevenzione\u00bb.<\/p>\n<p>A tal fine, dovremmo tutti pensare a sottoporsi a controlli cervicali pi\u00f9 o meno regolari, a seconda dell&#39;et\u00e0 e delle condizioni di salute.<\/p>\n<p><strong>L&#39;Organizzazione Mondiale della Sanit\u00e0 definisce la salute come \u00abuno stato di completo benessere fisico, mentale e sociale e non semplicemente l&#39;assenza di malattie o infermit\u00e0\u00bb.<\/strong><\/p>\n<p>Oggi sappiamo che un sintomo \u00e8 di solito un segnale di avvertimento per una malattia che \u00e8 gi\u00e0 in uno stadio avanzato di sviluppo: una degenerazione non rilevata del sistema cardiovascolare, ad esempio, pu\u00f2 manifestarsi improvvisamente con sintomi come un attacco di cuore. Di conseguenza, da qualche tempo l&#39;assenza di sintomi non \u00e8 considerata un indicatore di buona salute.<\/p>\n<p>I chiropratici ricevono ogni giorno la conferma del fatto che <strong>pi\u00f9 i sintomi vengono ignorati e maggiore \u00e8 la loro gravit\u00e0, pi\u00f9 tempo sar\u00e0 necessario per risolvere il problema e maggiore sar\u00e0 il numero di<\/strong> trattamenti richiesti.<\/p>\n\t\t\t\t\t\t<\/div>\n\t\t\t\t<\/div>\n\t\t\t\t\t<\/div>\r\n\t\t\t\t<\/div>\r\n\t\t\t\t\t<\/div>\r\n\t\t\t\t<\/section>\r\n\t\t\t\t<\/div>\n\t\t","protected":false},"excerpt":{"rendered":"<p>Un nuovo paradigma di benessere Qualche parola sul nuovo paradigma del benessere: Il vecchio modello di trattamento delle malattie con farmaci pesanti dopo l&#39;insorgenza dei primi sintomi significativi sta cambiando progressivamente, portando una maggiore consapevolezza dell&#39;importanza di \u00abmantenere il benessere attraverso la prevenzione\u00bb. A tal fine, dovremmo tutti pensare a sottoporsi a controlli cervicali pi\u00f9 [&hellip;]<\/p>\n","protected":false},"author":1,"featured_media":0,"parent":0,"menu_order":0,"comment_status":"closed","ping_status":"closed","template":"","meta":{"footnotes":""},"class_list":["post-7747","page","type-page","status-publish","hentry"],"_links":{"self":[{"href":"https:\/\/saba.isoladev.com\/it\/wp-json\/wp\/v2\/pages\/7747"}],"collection":[{"href":"https:\/\/saba.isoladev.com\/it\/wp-json\/wp\/v2\/pages"}],"about":[{"href":"https:\/\/saba.isoladev.com\/it\/wp-json\/wp\/v2\/types\/page"}],"author":[{"embeddable":true,"href":"https:\/\/saba.isoladev.com\/it\/wp-json\/wp\/v2\/users\/1"}],"replies":[{"embeddable":true,"href":"https:\/\/saba.isoladev.com\/it\/wp-json\/wp\/v2\/comments?post=7747"}],"version-history":[{"count":4,"href":"https:\/\/saba.isoladev.com\/it\/wp-json\/wp\/v2\/pages\/7747\/revisions"}],"predecessor-version":[{"id":8600,"href":"https:\/\/saba.isoladev.com\/it\/wp-json\/wp\/v2\/pages\/7747\/revisions\/8600"}],"wp:attachment":[{"href":"https:\/\/saba.isoladev.com\/it\/wp-json\/wp\/v2\/media?parent=7747"}],"curies":[{"name":"wp","href":"https:\/\/api.w.org\/{rel}","templated":true}]}}