{"id":8873,"date":"2024-03-17T16:41:27","date_gmt":"2024-03-17T16:41:27","guid":{"rendered":"https:\/\/saba.isoladev.com\/principes-de-base-da-o\/"},"modified":"2024-05-07T11:38:52","modified_gmt":"2024-05-07T11:38:52","slug":"principes-de-base-da-o","status":"publish","type":"page","link":"https:\/\/saba.isoladev.com\/fr\/principes-de-base-da-o\/","title":{"rendered":"Principes de base d&#39;A.O."},"content":{"rendered":"\t\t<div data-elementor-type=\"wp-page\" data-elementor-id=\"8873\" class=\"elementor elementor-8873 elementor-7029\" data-elementor-post-type=\"page\">\n\t\t\t\t\t\t<section class=\"elementor-section elementor-top-section elementor-element elementor-element-c1f31bf push-top push-bottom elementor-section-boxed elementor-section-height-default elementor-section-height-default\" data-id=\"c1f31bf\" data-element_type=\"section\" data-settings=\"{&quot;animation&quot;:&quot;none&quot;}\">\r\n\t\t\r\n\t\t\t\t\t\t\t<div class=\"elementor-container elementor-column-gap-default\">\r\n\t\t\t\t\t\t\t\t\t\t\t<div class=\"elementor-column elementor-col-100 elementor-top-column elementor-element elementor-element-855b9da\" data-id=\"855b9da\" data-element_type=\"column\">\r\n\t\t\t\t\t<div class=\"elementor-widget-wrap elementor-element-populated\">\r\n\t\t\t\t\t\t\t\t<div class=\"elementor-element elementor-element-c882211 mb-0 elementor-invisible elementor-widget elementor-widget-heading\" data-id=\"c882211\" data-element_type=\"widget\" data-settings=\"{&quot;_animation&quot;:&quot;fadeInUp&quot;,&quot;_animation_delay&quot;:&quot;300&quot;}\" data-widget_type=\"heading.default\">\n\t\t\t\t<div class=\"elementor-widget-container\">\n\t\t\t<style>\/*! elementor - v3.21.0 - 26-05-2024 *\/\n.elementor-heading-title{padding:0;margin:0;line-height:1}.elementor-widget-heading .elementor-heading-title[class*=elementor-size-]>a{color:inherit;font-size:inherit;line-height:inherit}.elementor-widget-heading .elementor-heading-title.elementor-size-small{font-size:15px}.elementor-widget-heading .elementor-heading-title.elementor-size-medium{font-size:19px}.elementor-widget-heading .elementor-heading-title.elementor-size-large{font-size:29px}.elementor-widget-heading .elementor-heading-title.elementor-size-xl{font-size:39px}.elementor-widget-heading .elementor-heading-title.elementor-size-xxl{font-size:59px}<\/style><h2 class=\"elementor-heading-title elementor-size-default\">Principes de base de la nouvelle technique chiropratique de l&#39;Atlas (A.O.)<\/h2>\t\t<\/div>\n\t\t\t\t<\/div>\n\t\t\t\t<div class=\"elementor-element elementor-element-4443ea1 elementor-invisible elementor-widget elementor-widget-text-editor\" data-id=\"4443ea1\" data-element_type=\"widget\" data-settings=\"{&quot;_animation&quot;:&quot;fadeInUp&quot;}\" data-widget_type=\"text-editor.default\">\n\t\t\t\t<div class=\"elementor-widget-container\">\n\t\t\t<style>\/*! elementor - v3.21.0 - 26-05-2024 *\/\n.elementor-widget-text-editor.elementor-drop-cap-view-stacked .elementor-drop-cap{background-color:#69727d;color:#fff}.elementor-widget-text-editor.elementor-drop-cap-view-framed .elementor-drop-cap{color:#69727d;border:3px solid;background-color:transparent}.elementor-widget-text-editor:not(.elementor-drop-cap-view-default) .elementor-drop-cap{margin-top:8px}.elementor-widget-text-editor:not(.elementor-drop-cap-view-default) .elementor-drop-cap-letter{width:1em;height:1em}.elementor-widget-text-editor .elementor-drop-cap{float:left;text-align:center;line-height:1;font-size:50px}.elementor-widget-text-editor .elementor-drop-cap-letter{display:inline-block}<\/style>\t\t\t\t<div class=\"uk-panel uk-margin\">\n<p><strong>Quels sont les principes anatomiques et fonctionnels qui sous-tendent la nouvelle technique chiropratique <br \/> \u00ab\u00a0douce\u00a0\u00bb de l&#39;Atlas\u00a0?<\/strong><\/p>\n<\/div>\n<div class=\"uk-panel uk-margin\">\n<p><img decoding=\"async\" class=\"alignleft\" src=\"https:\/\/saba.isoladev.com\/wp-content\/uploads\/2024\/03\/atlante-142x300-1.png\" \/>Tout comme <strong>Atlas<\/strong>, le personnage de la mythologie grecque condamn\u00e9 par Jupiter \u00e0 porter le monde sur ses \u00e9paules, la vert\u00e8bre sup\u00e9rieure de notre colonne vert\u00e9brale, connue sous le m\u00eame nom, soutient le cr\u00e2ne, qu&#39;il relie au reste de la colonne vert\u00e9brale. <strong><em>Si l&#39;on consid\u00e8re que l&#39;atlas doit supporter le poids du cr\u00e2ne (entre 4 et 7 kg), <strong><em>il est facile de comprendre les effets que peut avoir sa subluxation<\/em><\/strong>.<\/em><\/strong><\/p>\n<\/div>\n<div class=\"uk-panel uk-margin\"><img decoding=\"async\" class=\"alignright\" src=\"https:\/\/saba.isoladev.com\/wp-content\/uploads\/2024\/03\/cranio.png\" \/><\/p>\n<p><strong>De plus, si l&#39;on consid\u00e8re la <strong>proximit\u00e9 entre l&#39;atlas et le cerveau<\/strong> (et les all\u00e9es et venues continues des impulsions nerveuses) et la grande mobilit\u00e9 de t<\/strong><\/p>\n<p>la partie sup\u00e9rieure de la colonne cervicale (qui la rend plus sublux\u00e9e que le reste du corps), un grand nombre de douleurs dans tout le corps (en fait, plus que ce \u00e0 quoi on pourrait s&#39;attendre) peuvent \u00eatre attribu\u00e9s au d\u00e9salignement de la vert\u00e8bre de l&#39;atlas. <img decoding=\"async\" class=\"aligncenter\" src=\"https:\/\/saba.isoladev.com\/wp-content\/uploads\/2024\/03\/posizione-atlante_en-0d510c34.webp\" \/><\/p>\n<p>L&#39;<em><strong>accident de conduite qui a paralys\u00e9 Christopher Reeve (Superman)<\/strong><\/em> permet de bien comprendre l&#39;importance de cette partie de la colonne vert\u00e9brale. Le regrett\u00e9 acteur a souffert <strong>de l\u00e9sions du rachis cervical<\/strong> qui ont entra\u00een\u00e9 la <strong>perte des fonctions motrices et sensorielles<\/strong> sous les \u00e9paules et ont n\u00e9cessit\u00e9 une ventilation m\u00e9canique. En fait, plus la blessure \u00e0 la colonne vert\u00e9brale est importante, plus les d\u00e9g\u00e2ts sont importants. Dans le cas de Christopher Reeve, une l\u00e9sion inf\u00e9rieure lui aurait permis d&#39;utiliser ses bras et ses mains, ainsi que de respirer spontan\u00e9ment.<\/p>\n<p>Un atlas gliss\u00e9 et le d\u00e9salignement qui en r\u00e9sulte par rapport au reste de la colonne vert\u00e9brale font que la t\u00eate n&#39;est plus en position verticale.<\/p>\n<p>\u00c0 cause du glissement de l&#39;atlas (<strong>vert\u00e8bre cervicale sup\u00e9rieure, C1),<\/strong> le corps entier est progressivement tordu. Ce processus d\u00e9g\u00e9n\u00e9ratif peut \u00eatre compar\u00e9, comme indiqu\u00e9 ci-dessus, au mouvement d&#39;une grosse cha\u00eene m\u00e9tallique suspendue librement en position verticale\u00a0: lorsque le premier maillon (c&#39;est-\u00e0-dire l&#39;atlas dans la colonne vert\u00e9brale) est tordu, chaque maillon suivant tourne en cons\u00e9quence, perturbant ainsi le reste de la cha\u00eene.<\/p>\n<p>Cela entra\u00eene un d\u00e9s\u00e9quilibre postural progressif et croissant, car le corps essaie de\u00a0: a) compenser pour maintenir son centre de gravit\u00e9\u00a0; b) ramener la t\u00eate en position verticale par rapport aux pieds et \u00e0 la colonne vert\u00e9brale.<\/p>\n<p><strong>Des jambes de longueur diff\u00e9rente\u00a0?<\/strong><\/p>\n<p>Au cours des examens, les chiropraticiens d\u00e9couvriront que cette torsion du squelette fait <strong>para\u00eetre une jambe plus courte que<\/strong> l&#39;autre. Cependant, il convient de noter que dans la plupart des cas, une jambe n&#39;est pas vraiment plus courte, mais qu&#39;elle est raccourcie gr\u00e2ce \u00e0 l&#39;indemnisation vers\u00e9e par le corps pour le d\u00e9placement de l&#39;atlas.<\/p>\n<\/div>\n<div class=\"uk-margin uk-text-center\"><img decoding=\"async\" class=\"aligncenter\" src=\"https:\/\/saba.isoladev.com\/wp-content\/uploads\/2024\/03\/due-gambe-due-misure_en-17a68cca.webp\" \/><\/div>\n\t\t\t\t\t\t<\/div>\n\t\t\t\t<\/div>\n\t\t\t\t\t<\/div>\r\n\t\t\t\t<\/div>\r\n\t\t\t\t\t<\/div>\r\n\t\t\t\t<\/section>\r\n\t\t\t\t<\/div>\n\t\t","protected":false},"excerpt":{"rendered":"<p>Principes de base de la nouvelle technique chiropratique de l&#39;Atlas (A.O.) Quels sont les principes anatomiques et fonctionnels qui sous-tendent la nouvelle technique chiropratique \u00ab\u00a0douce\u00a0\u00bb de l&#39;Atlas\u00a0? Tout comme Atlas, le personnage de la mythologie grecque condamn\u00e9 par Jupiter \u00e0 porter le monde sur ses \u00e9paules, la vert\u00e8bre sup\u00e9rieure de notre colonne vert\u00e9brale, connue sous [&hellip;]<\/p>\n","protected":false},"author":1,"featured_media":0,"parent":0,"menu_order":0,"comment_status":"closed","ping_status":"closed","template":"","meta":{"footnotes":""},"class_list":["post-8873","page","type-page","status-publish","hentry"],"_links":{"self":[{"href":"https:\/\/saba.isoladev.com\/fr\/wp-json\/wp\/v2\/pages\/8873"}],"collection":[{"href":"https:\/\/saba.isoladev.com\/fr\/wp-json\/wp\/v2\/pages"}],"about":[{"href":"https:\/\/saba.isoladev.com\/fr\/wp-json\/wp\/v2\/types\/page"}],"author":[{"embeddable":true,"href":"https:\/\/saba.isoladev.com\/fr\/wp-json\/wp\/v2\/users\/1"}],"replies":[{"embeddable":true,"href":"https:\/\/saba.isoladev.com\/fr\/wp-json\/wp\/v2\/comments?post=8873"}],"version-history":[{"count":1,"href":"https:\/\/saba.isoladev.com\/fr\/wp-json\/wp\/v2\/pages\/8873\/revisions"}],"predecessor-version":[{"id":8878,"href":"https:\/\/saba.isoladev.com\/fr\/wp-json\/wp\/v2\/pages\/8873\/revisions\/8878"}],"wp:attachment":[{"href":"https:\/\/saba.isoladev.com\/fr\/wp-json\/wp\/v2\/media?parent=8873"}],"curies":[{"name":"wp","href":"https:\/\/api.w.org\/{rel}","templated":true}]}}