{"id":8867,"date":"2024-03-17T16:44:29","date_gmt":"2024-03-17T16:44:29","guid":{"rendered":"https:\/\/saba.isoladev.com\/douleurs-dorsales\/"},"modified":"2024-05-07T11:38:52","modified_gmt":"2024-05-07T11:38:52","slug":"douleurs-dorsales","status":"publish","type":"page","link":"https:\/\/saba.isoladev.com\/fr\/douleurs-dorsales\/","title":{"rendered":"Douleurs dorsales"},"content":{"rendered":"\t\t<div data-elementor-type=\"wp-page\" data-elementor-id=\"8867\" class=\"elementor elementor-8867 elementor-7035\" data-elementor-post-type=\"page\">\n\t\t\t\t\t\t<section class=\"elementor-section elementor-top-section elementor-element elementor-element-add85dd push-top push-bottom elementor-section-boxed elementor-section-height-default elementor-section-height-default elementor-invisible\" data-id=\"add85dd\" data-element_type=\"section\" data-settings=\"{&quot;animation&quot;:&quot;fadeIn&quot;}\">\r\n\t\t\r\n\t\t\t\t\t\t\t<div class=\"elementor-container elementor-column-gap-default\">\r\n\t\t\t\t\t\t\t\t\t\t\t<div class=\"elementor-column elementor-col-100 elementor-top-column elementor-element elementor-element-7c0fb37\" data-id=\"7c0fb37\" data-element_type=\"column\">\r\n\t\t\t\t\t<div class=\"elementor-widget-wrap elementor-element-populated\">\r\n\t\t\t\t\t\t\t\t<div class=\"elementor-element elementor-element-eeacd87 mb-0 elementor-invisible elementor-widget elementor-widget-heading\" data-id=\"eeacd87\" data-element_type=\"widget\" data-settings=\"{&quot;_animation&quot;:&quot;fadeInUp&quot;,&quot;_animation_delay&quot;:&quot;300&quot;}\" data-widget_type=\"heading.default\">\n\t\t\t\t<div class=\"elementor-widget-container\">\n\t\t\t<style>\/*! elementor - v3.21.0 - 26-05-2024 *\/\n.elementor-heading-title{padding:0;margin:0;line-height:1}.elementor-widget-heading .elementor-heading-title[class*=elementor-size-]>a{color:inherit;font-size:inherit;line-height:inherit}.elementor-widget-heading .elementor-heading-title.elementor-size-small{font-size:15px}.elementor-widget-heading .elementor-heading-title.elementor-size-medium{font-size:19px}.elementor-widget-heading .elementor-heading-title.elementor-size-large{font-size:29px}.elementor-widget-heading .elementor-heading-title.elementor-size-xl{font-size:39px}.elementor-widget-heading .elementor-heading-title.elementor-size-xxl{font-size:59px}<\/style><h2 class=\"elementor-heading-title elementor-size-default\">Douleurs dorsales<\/h2>\t\t<\/div>\n\t\t\t\t<\/div>\n\t\t\t\t<div class=\"elementor-element elementor-element-ca3b40b elementor-invisible elementor-widget elementor-widget-text-editor\" data-id=\"ca3b40b\" data-element_type=\"widget\" data-settings=\"{&quot;_animation&quot;:&quot;fadeInUp&quot;}\" data-widget_type=\"text-editor.default\">\n\t\t\t\t<div class=\"elementor-widget-container\">\n\t\t\t<style>\/*! elementor - v3.21.0 - 26-05-2024 *\/\n.elementor-widget-text-editor.elementor-drop-cap-view-stacked .elementor-drop-cap{background-color:#69727d;color:#fff}.elementor-widget-text-editor.elementor-drop-cap-view-framed .elementor-drop-cap{color:#69727d;border:3px solid;background-color:transparent}.elementor-widget-text-editor:not(.elementor-drop-cap-view-default) .elementor-drop-cap{margin-top:8px}.elementor-widget-text-editor:not(.elementor-drop-cap-view-default) .elementor-drop-cap-letter{width:1em;height:1em}.elementor-widget-text-editor .elementor-drop-cap{float:left;text-align:center;line-height:1;font-size:50px}.elementor-widget-text-editor .elementor-drop-cap-letter{display:inline-block}<\/style>\t\t\t\t<div class=\"uk-panel uk-margin\">\n<p>Les maux de dos et les maux de t\u00eate sont \u00e0 l&#39;origine de la plupart des visites chez le m\u00e9decin. Environ 80\u00a0% des personnes souffriront de maux de dos au cours de leur vie. Un certain nombre de cas de maux de dos peuvent \u00eatre dus \u00e0 un d\u00e9salignement du segment cervical sup\u00e9rieur de la colonne vert\u00e9brale. Les \u00e9pisodes de maux de dos aigus peuvent parfois dispara\u00eetre d&#39;eux-m\u00eames en quelques semaines, mais ils peuvent r\u00e9appara\u00eetre et les maux de dos peuvent donc devenir chroniques. <br \/>Les maux de dos sont consid\u00e9r\u00e9s comme chroniques lorsqu&#39;ils durent plus de trois mois.<\/p>\n<p>Les maux de dos peuvent \u00eatre vagues ou bien d\u00e9finis, aigus ou sourds, br\u00fblants, poignard\u00e9s ou douloureux. Cela peut irradier vers les fesses et le long de la jambe (sciatique).<\/p>\n<p>Les maux de dos peuvent appara\u00eetre soudainement ou se d\u00e9velopper progressivement.<\/p>\n<p><img fetchpriority=\"high\" decoding=\"async\" class=\"wp-image-7420 alignnone\" src=\"https:\/\/saba.isoladev.com\/wp-content\/uploads\/2024\/04\/spine_vertebrae_1-300x300.jpg\" alt=\"\" width=\"312\" height=\"312\" \/><\/div>\n<p>\u00a0<\/p>\n<h3 class=\"uk-h3 uk-text-primary\" style=\"text-align: left;\">Origine des maux de dos<\/h3>\n<div class=\"uk-panel uk-margin\">\n<p>Le mal de dos est multifactoriel et son origine est souvent difficile \u00e0 identifier. Cela est souvent d\u00fb \u00e0 des tensions, \u00e0 des traumatismes, au stress, \u00e0 une surutilisation des ligaments ou des articulations et \u00e0 des l\u00e9sions discales. Le processus douloureux qui commence ensuite est aggrav\u00e9 par une r\u00e9action inflammatoire.<\/p>\n<p>Certaines des causes dont nous allons parler peuvent \u00eatre li\u00e9es \u00e0 un d\u00e9salignement du cr\u00e2ne, de la premi\u00e8re vert\u00e8bre cervicale et du segment cervical, ce qui a entra\u00een\u00e9 une courbure aberrante de la colonne vert\u00e9brale.<\/p>\n<p>\u00a0<\/p>\n<\/div>\n<h3 class=\"uk-h3 uk-text-primary\">Les sources les plus fr\u00e9quentes de maux de dos\u00a0:<\/h3>\n<div class=\"uk-panel uk-margin\">\n<ul>\n<li>processus d\u00e9g\u00e9n\u00e9ratif d\u00fb au vieillissement<\/li>\n<li>d\u00e9chirure du disque intervert\u00e9bral<\/li>\n<li>syndrome facettaire<\/li>\n<li>fractures vert\u00e9brales<\/li>\n<li>m\u00e9canique corporelle inappropri\u00e9e<\/li>\n<li>st\u00e9nose de la colonne vert\u00e9brale (r\u00e9tr\u00e9cissement du canal rachidien, g\u00e9n\u00e9ralement d\u00fb \u00e0 une arthrose)<\/li>\n<li>spondylarthrite ankylosante<\/li>\n<li>[*] infections, cancer, syndrome de Cauda Equina. <br \/>Le syndrome de Cauda Equina est caus\u00e9 par une pression sur les nerfs situ\u00e9s au bas de la moelle \u00e9pini\u00e8re. Ce syndrome peut provoquer des lombalgies, des dysfonctionnements intestinaux et v\u00e9sicaux, un engourdissement de la r\u00e9gion de la selle (au-dessus des organes g\u00e9nitaux, de l&#39;anus et de l&#39;int\u00e9rieur des cuisses), et une faiblesse\/douleur dans une jambe ou les deux (sciatique)<\/li>\n<li>[*] Une infection r\u00e9nale ou des calculs r\u00e9naux peuvent provoquer des douleurs dans le dos, juste en dessous de la cage thoracique<\/li>\n<li>[*] Un an\u00e9vrisme aortique anormal est g\u00e9n\u00e9ralement ressenti dans le bas du dos et a une apparence profonde et ennuyeuse<\/li>\n<\/ul>\n<p>[*] Ces causes sont \u00e0 l&#39;origine d&#39;un tr\u00e8s faible pourcentage de cas de maux de dos, mais il s&#39;agit de maladies graves pour lesquelles les personnes doivent se faire soigner imm\u00e9diatement.<\/p>\n<p>Les maux de dos peuvent \u00e9galement \u00eatre influenc\u00e9s par la d\u00e9pression, le surpoids ou la fatigue. Ces affections peuvent avoir un impact n\u00e9gatif sur la perception individuelle de la douleur et sur la r\u00e9ponse au traitement.<\/p>\n<p>La grossesse, le stress, une mauvaise condition physique, une posture inadapt\u00e9e \u00e0 l&#39;activit\u00e9 pratiqu\u00e9e, le fait de soulever des poids lourds et une mauvaise position de sommeil peuvent \u00e9galement contribuer aux maux de dos.<\/p>\n<\/div>\n<h3 class=\"uk-h3 uk-text-primary\">TRAITEMENT DES MAUX DE DOS\u00a0: UN NOUVEAU TRAITEMENT NON DOULOUREUX ET NON INVASIF\u00a0: TECHNIQUE CHIROPRATIQUE ORTHOGONALE ATLAS<\/h3>\n<div class=\"uk-panel uk-margin\">\n<p>\u00a0<\/p>\n<p><img decoding=\"async\" class=\"size-medium wp-image-7573 alignleft\" src=\"https:\/\/saba.isoladev.com\/wp-content\/uploads\/2024\/04\/3d-female-medical-figure-with-neck-back-bones-highlighted-231x300.jpg\" alt=\"\" width=\"231\" height=\"300\" \/><\/p>\n<p>Comme indiqu\u00e9 ci-dessus, l&#39;une des causes des maux de dos est un d\u00e9salignement du segment sup\u00e9rieur de la colonne vert\u00e9brale qui, \u00e0 son tour, peut provoquer une courbure anormale de la colonne vert\u00e9brale.<\/p>\n<\/div>\n<div class=\"uk-panel uk-margin\">\n<p>Lorsque la premi\u00e8re vert\u00e8bre cervicale d\u00e9vie de sa position, la t\u00eate s&#39;incline. En cons\u00e9quence, l&#39;ensemble de la colonne vert\u00e9brale se d\u00e9place, essayant de contrebalancer et de supporter le poids de la t\u00eate, en maintenant la position de la t\u00eate au centre du corps, perpendiculairement au point central entre les pieds.<\/p>\n<p>Cet effort continu cr\u00e9era un stress et une tension m\u00e9caniques dans tout le corps et peut provoquer divers sympt\u00f4mes tels que maux de t\u00eate, douleurs au cou (cervicalgie), vertiges, maux de dos.<\/p>\n<p>Le syst\u00e8me nerveux comprend le cerveau, la moelle \u00e9pini\u00e8re et les nerfs spinaux. Le syst\u00e8me nerveux contr\u00f4le, r\u00e9gule et affecte toutes les fonctions du corps.<\/p>\n<p>Il y a des espaces entre chaque vert\u00e8bre qui permettent aux nerfs, qui sont des extensions de la moelle \u00e9pini\u00e8re, d&#39;alimenter et de relier toutes les parties du corps humain.<\/p>\n<p>Lorsque la colonne vert\u00e9brale est mal align\u00e9e, le syst\u00e8me nerveux est incapable de fonctionner comme il le devrait, ce qui entra\u00eene divers sympt\u00f4mes et maladies.<\/p>\n<p>Des ann\u00e9es de recherche clinique ont montr\u00e9 que de nombreux probl\u00e8mes associ\u00e9s au d\u00e9salignement de la colonne vert\u00e9brale et \u00e0 leurs cons\u00e9quences peuvent \u00eatre associ\u00e9s \u00e0 la vert\u00e8bre atlas, la partie sup\u00e9rieure du col de l&#39;ut\u00e9rus.<\/p>\n<p>Depuis plus d&#39;un demi-si\u00e8cle, cette technique est utilis\u00e9e avec succ\u00e8s en Am\u00e9rique du Nord pour le traitement des vertiges et des \u00e9tourdissements.<\/p>\n<p>En repositionnant le segment cervical de la colonne vert\u00e9brale dans son bon alignement, le reste de la colonne vert\u00e9brale sera mieux positionn\u00e9 biom\u00e9caniquement et la tension sur la colonne vert\u00e9brale diminuera progressivement.<\/p>\n<p>Cela se fait apr\u00e8s une analyse pr\u00e9cise avec des calculs math\u00e9matiques. \u00c0 l&#39;aide d&#39;un instrument sp\u00e9cial, le rachis cervical est corrig\u00e9 de mani\u00e8re indolore et non invasive.<\/p>\n<p>Ce traitement unique, sp\u00e9cialement adapt\u00e9 \u00e0 chaque patient, pr\u00e9sente des avantages majeurs\u00a0: il permet d&#39;\u00e9viter tous les risques li\u00e9s \u00e0 la chirurgie et les effets secondaires des m\u00e9dicaments.<\/p>\n<p>PHOTO A\u00a0:<\/p>\n<p>le stress sur les facettes peut entra\u00eener un syndrome facettaire sujet \u00e0 une hernie discale sujette \u00e0 une tension musculaire sujette \u00e0 une tension nerveuse<\/p>\n<p>PHOTO B<\/p>\n<p>Pas de pathologie facettaire Pas de hernie discale Pas de tension musculaire Pas de pression nerveuse<\/p>\n<\/div>\n<h3 class=\"uk-h3 uk-text-primary\">La plupart des maux de dos peuvent \u00eatre trait\u00e9s sans intervention chirurgicale avec\u00a0:<\/h3>\n<div class=\"uk-panel uk-margin\">\n<p><strong>A) M\u00e9dicaments<\/strong><\/p>\n<ul>\n<li>des anti-inflammatoires non st\u00e9ro\u00efdiens (AINS) comme l&#39;aspirine, l&#39;ibuprof\u00e8ne, l&#39;ac\u00e9taminoph\u00e8ne (Tylenol,&#8230;) sont des analg\u00e9siques.<\/li>\n<li>Les analg\u00e9siques doivent \u00eatre utilis\u00e9s avec prudence\u00a0; leur utilisation \u00e0 long terme peut avoir des effets secondaires tels que des maux d&#39;estomac, des probl\u00e8mes r\u00e9naux et h\u00e9patiques et des ecchymoses excessives.<\/li>\n<li>les relaxants musculaires peuvent cr\u00e9er une accoutumance<\/li>\n<li>les narcotiques tels que les opio\u00efdes sont de puissants analg\u00e9siques, mais comme ils sont tr\u00e8s s\u00e9datifs, leur consommation \u00e0 long terme peut entra\u00eener une d\u00e9pendance<\/li>\n<li>utilisation de compresses froides et chaudes<\/li>\n<li>repos au lit pendant un \u00e0 deux jours. Les patients doivent reprendre leurs activit\u00e9s normales d\u00e8s que possible. Le repos au lit de plus de deux \u00e0 trois jours peut aggraver les maux de dos<\/li>\n<\/ul>\n<p><strong>B) Physioth\u00e9rapie<\/strong><\/p>\n<ul>\n<li>Les exercices sp\u00e9cifiques recommand\u00e9s par les m\u00e9decins ou les kin\u00e9sith\u00e9rapeutes peuvent parfois aider \u00e0 gu\u00e9rir. <br \/>L&#39;exercice ne doit pas provoquer de douleur.<\/li>\n<\/ul>\n<p><strong>C) Acupuncture<\/strong><\/p>\n<p><strong>D) Chirurgie\u00a0: elle est rarement in\u00e9vitable\u00a0; elle peut souvent se retourner contre elle et peut \u00eatre \u00e9vit\u00e9e dans la plupart des cas.<\/strong><\/p>\n<\/div>\n\t\t\t\t\t\t<\/div>\n\t\t\t\t<\/div>\n\t\t\t\t\t<\/div>\r\n\t\t\t\t<\/div>\r\n\t\t\t\t\t<\/div>\r\n\t\t\t\t<\/section>\r\n\t\t\t\t<\/div>\n\t\t","protected":false},"excerpt":{"rendered":"<p>Douleurs dorsales Les maux de dos et les maux de t\u00eate sont \u00e0 l&#39;origine de la plupart des visites chez le m\u00e9decin. Environ 80\u00a0% des personnes souffriront de maux de dos au cours de leur vie. Un certain nombre de cas de maux de dos peuvent \u00eatre dus \u00e0 un d\u00e9salignement du segment cervical sup\u00e9rieur [&hellip;]<\/p>\n","protected":false},"author":1,"featured_media":0,"parent":0,"menu_order":0,"comment_status":"closed","ping_status":"closed","template":"","meta":{"footnotes":""},"class_list":["post-8867","page","type-page","status-publish","hentry"],"_links":{"self":[{"href":"https:\/\/saba.isoladev.com\/fr\/wp-json\/wp\/v2\/pages\/8867"}],"collection":[{"href":"https:\/\/saba.isoladev.com\/fr\/wp-json\/wp\/v2\/pages"}],"about":[{"href":"https:\/\/saba.isoladev.com\/fr\/wp-json\/wp\/v2\/types\/page"}],"author":[{"embeddable":true,"href":"https:\/\/saba.isoladev.com\/fr\/wp-json\/wp\/v2\/users\/1"}],"replies":[{"embeddable":true,"href":"https:\/\/saba.isoladev.com\/fr\/wp-json\/wp\/v2\/comments?post=8867"}],"version-history":[{"count":1,"href":"https:\/\/saba.isoladev.com\/fr\/wp-json\/wp\/v2\/pages\/8867\/revisions"}],"predecessor-version":[{"id":8872,"href":"https:\/\/saba.isoladev.com\/fr\/wp-json\/wp\/v2\/pages\/8867\/revisions\/8872"}],"wp:attachment":[{"href":"https:\/\/saba.isoladev.com\/fr\/wp-json\/wp\/v2\/media?parent=8867"}],"curies":[{"name":"wp","href":"https:\/\/api.w.org\/{rel}","templated":true}]}}