{"id":8860,"date":"2024-03-17T15:38:53","date_gmt":"2024-03-17T15:38:53","guid":{"rendered":"https:\/\/saba.isoladev.com\/technique-de-latlas\/"},"modified":"2024-05-07T11:38:52","modified_gmt":"2024-05-07T11:38:52","slug":"technique-de-latlas","status":"publish","type":"page","link":"https:\/\/saba.isoladev.com\/fr\/technique-de-latlas\/","title":{"rendered":"Technique de l&#39;Atlas"},"content":{"rendered":"\t\t<div data-elementor-type=\"wp-page\" data-elementor-id=\"8860\" class=\"elementor elementor-8860 elementor-6951\" data-elementor-post-type=\"page\">\n\t\t\t\t\t\t<section class=\"elementor-section elementor-top-section elementor-element elementor-element-c33c627 push-top push-bottom elementor-section-boxed elementor-section-height-default elementor-section-height-default\" data-id=\"c33c627\" data-element_type=\"section\">\r\n\t\t\r\n\t\t\t\t\t\t\t<div class=\"elementor-container elementor-column-gap-default\">\r\n\t\t\t\t\t\t\t\t\t\t\t<div class=\"elementor-column elementor-col-100 elementor-top-column elementor-element elementor-element-721b9f7\" data-id=\"721b9f7\" data-element_type=\"column\">\r\n\t\t\t\t\t<div class=\"elementor-widget-wrap elementor-element-populated\">\r\n\t\t\t\t\t\t\t\t<div class=\"elementor-element elementor-element-a7ae572 mb-0 elementor-invisible elementor-widget elementor-widget-heading\" data-id=\"a7ae572\" data-element_type=\"widget\" data-settings=\"{&quot;_animation&quot;:&quot;fadeInUp&quot;,&quot;_animation_delay&quot;:&quot;300&quot;}\" data-widget_type=\"heading.default\">\n\t\t\t\t<div class=\"elementor-widget-container\">\n\t\t\t<style>\/*! elementor - v3.21.0 - 26-05-2024 *\/\n.elementor-heading-title{padding:0;margin:0;line-height:1}.elementor-widget-heading .elementor-heading-title[class*=elementor-size-]>a{color:inherit;font-size:inherit;line-height:inherit}.elementor-widget-heading .elementor-heading-title.elementor-size-small{font-size:15px}.elementor-widget-heading .elementor-heading-title.elementor-size-medium{font-size:19px}.elementor-widget-heading .elementor-heading-title.elementor-size-large{font-size:29px}.elementor-widget-heading .elementor-heading-title.elementor-size-xl{font-size:39px}.elementor-widget-heading .elementor-heading-title.elementor-size-xxl{font-size:59px}<\/style><h2 class=\"elementor-heading-title elementor-size-default\">Chiropratique et technique orthogonale de l&#39;Atlas<\/h2>\t\t<\/div>\n\t\t\t\t<\/div>\n\t\t\t\t<div class=\"elementor-element elementor-element-d6e6191 elementor-invisible elementor-widget elementor-widget-text-editor\" data-id=\"d6e6191\" data-element_type=\"widget\" data-settings=\"{&quot;_animation&quot;:&quot;fadeInUp&quot;}\" data-widget_type=\"text-editor.default\">\n\t\t\t\t<div class=\"elementor-widget-container\">\n\t\t\t<style>\/*! elementor - v3.21.0 - 26-05-2024 *\/\n.elementor-widget-text-editor.elementor-drop-cap-view-stacked .elementor-drop-cap{background-color:#69727d;color:#fff}.elementor-widget-text-editor.elementor-drop-cap-view-framed .elementor-drop-cap{color:#69727d;border:3px solid;background-color:transparent}.elementor-widget-text-editor:not(.elementor-drop-cap-view-default) .elementor-drop-cap{margin-top:8px}.elementor-widget-text-editor:not(.elementor-drop-cap-view-default) .elementor-drop-cap-letter{width:1em;height:1em}.elementor-widget-text-editor .elementor-drop-cap{float:left;text-align:center;line-height:1;font-size:50px}.elementor-widget-text-editor .elementor-drop-cap-letter{display:inline-block}<\/style>\t\t\t\t<p>Tout d&#39;abord en Italie, le Saba \u2014 Sayah Dr. a <img decoding=\"async\" class=\"alignleft\" src=\"https:\/\/saba.isoladev.com\/wp-content\/uploads\/2024\/03\/cropped-wca-wp-site-identity-edited.png\" width=\"195\" height=\"195\" \/> import\u00e9 des \u00c9tats-Unis cette technique innovante qui utilise un outil sp\u00e9cial pour repositionner l&#39;atlas de mani\u00e8re totalement indolore.<\/p>\n<p>L&#39;importante Alliance mondiale de chiropratique (\u00ab\u00a0World Chiropractic Alliance\u00a0\u00bb), une organisation non gouvernementale dell&#39;O.N.U. Il d\u00e9finit la \u00ab\u00a0mission de la chiropratique\u00a0\u00bb\u00a0: \u00ab\u00a0d\u00e9tecter et corriger les subluxations afin de r\u00e9tablir le bon flux nerveux\u00a0\u00bb<\/p>\n<p>Le docteur en chiropratique, sp\u00e9cialiste du repositionnement de l&#39;Atlas, intervient sur la partie sup\u00e9rieure du rachis cervical, en particulier sur la vert\u00e8bre de l&#39;Atlas (premi\u00e8re vert\u00e8bre cervicale C1). Comme nous allons le voir, c&#39;est dans cette zone que se situent le plus grand nombre de probl\u00e8mes, qui sont dus \u00e0 diff\u00e9rents troubles et se situent dans des zones du corps trop \u00e9loign\u00e9es de la vert\u00e8bre mal align\u00e9e.<\/p>\n\t\t\t\t\t\t<\/div>\n\t\t\t\t<\/div>\n\t\t\t\t\t<\/div>\r\n\t\t\t\t<\/div>\r\n\t\t\t\t\t<\/div>\r\n\t\t\t\t<\/section>\r\n\t\t<div class=\"elementor-element elementor-element-877d841 e-flex e-con-boxed elementor-invisible e-con e-parent\" data-id=\"877d841\" data-element_type=\"container\" data-settings=\"{&quot;animation&quot;:&quot;fadeInUp&quot;}\">\n\t\t\t\t\t<div class=\"e-con-inner\">\n\t\t\t\t<div class=\"elementor-element elementor-element-2581905 elementor-widget elementor-widget-image\" data-id=\"2581905\" data-element_type=\"widget\" data-settings=\"{&quot;_animation&quot;:&quot;none&quot;,&quot;_animation_delay&quot;:&quot;100&quot;}\" data-widget_type=\"image.default\">\n\t\t\t\t<div class=\"elementor-widget-container\">\n\t\t\t<style>\/*! elementor - v3.21.0 - 26-05-2024 *\/\n.elementor-widget-image{text-align:center}.elementor-widget-image a{display:inline-block}.elementor-widget-image a img[src$=\".svg\"]{width:48px}.elementor-widget-image img{vertical-align:middle;display:inline-block}<\/style>\t\t\t\t\t\t\t\t\t\t<img fetchpriority=\"high\" decoding=\"async\" width=\"690\" height=\"534\" src=\"https:\/\/saba.isoladev.com\/wp-content\/uploads\/2024\/03\/colonna-vertebrale-a0facce5.webp\" class=\"attachment-large size-large wp-image-6956\" alt=\"\" srcset=\"https:\/\/saba.isoladev.com\/wp-content\/uploads\/2024\/03\/colonna-vertebrale-a0facce5.webp 690w, https:\/\/saba.isoladev.com\/wp-content\/uploads\/2024\/03\/colonna-vertebrale-a0facce5-640x495.webp 640w, https:\/\/saba.isoladev.com\/wp-content\/uploads\/2024\/03\/colonna-vertebrale-a0facce5-400x310.webp 400w, https:\/\/saba.isoladev.com\/wp-content\/uploads\/2024\/03\/colonna-vertebrale-a0facce5-367x284.webp 367w\" sizes=\"(max-width: 690px) 100vw, 690px\" \/>\t\t\t\t\t\t\t\t\t\t\t\t\t<\/div>\n\t\t\t\t<\/div>\n\t\t\t\t\t<\/div>\n\t\t\t\t<\/div>\n\t\t\t\t<\/div>\n\t\t","protected":false},"excerpt":{"rendered":"<p>Chiropratique et technique orthogonale de l&#39;Atlas Tout d&#39;abord en Italie, le Saba \u2014 Sayah Dr. a import\u00e9 des \u00c9tats-Unis cette technique innovante qui utilise un outil sp\u00e9cial pour repositionner l&#39;atlas de mani\u00e8re totalement indolore. L&#39;importante Alliance mondiale de chiropratique (\u00ab\u00a0World Chiropractic Alliance\u00a0\u00bb), une organisation non gouvernementale dell&#39;O.N.U. Il d\u00e9finit la \u00ab\u00a0mission de la chiropratique\u00a0\u00bb\u00a0: \u00ab\u00a0d\u00e9tecter [&hellip;]<\/p>\n","protected":false},"author":1,"featured_media":0,"parent":0,"menu_order":0,"comment_status":"closed","ping_status":"closed","template":"","meta":{"footnotes":""},"class_list":["post-8860","page","type-page","status-publish","hentry"],"_links":{"self":[{"href":"https:\/\/saba.isoladev.com\/fr\/wp-json\/wp\/v2\/pages\/8860"}],"collection":[{"href":"https:\/\/saba.isoladev.com\/fr\/wp-json\/wp\/v2\/pages"}],"about":[{"href":"https:\/\/saba.isoladev.com\/fr\/wp-json\/wp\/v2\/types\/page"}],"author":[{"embeddable":true,"href":"https:\/\/saba.isoladev.com\/fr\/wp-json\/wp\/v2\/users\/1"}],"replies":[{"embeddable":true,"href":"https:\/\/saba.isoladev.com\/fr\/wp-json\/wp\/v2\/comments?post=8860"}],"version-history":[{"count":1,"href":"https:\/\/saba.isoladev.com\/fr\/wp-json\/wp\/v2\/pages\/8860\/revisions"}],"predecessor-version":[{"id":8866,"href":"https:\/\/saba.isoladev.com\/fr\/wp-json\/wp\/v2\/pages\/8860\/revisions\/8866"}],"wp:attachment":[{"href":"https:\/\/saba.isoladev.com\/fr\/wp-json\/wp\/v2\/media?parent=8860"}],"curies":[{"name":"wp","href":"https:\/\/api.w.org\/{rel}","templated":true}]}}