{"id":8853,"date":"2016-06-14T01:43:48","date_gmt":"2016-06-14T01:43:48","guid":{"rendered":"https:\/\/saba.isoladev.com\/a-propos\/"},"modified":"2024-05-07T11:38:52","modified_gmt":"2024-05-07T11:38:52","slug":"a-propos","status":"publish","type":"page","link":"https:\/\/saba.isoladev.com\/fr\/a-propos\/","title":{"rendered":"\u00c0 propos"},"content":{"rendered":"\t\t<div data-elementor-type=\"wp-post\" data-elementor-id=\"8853\" class=\"elementor elementor-8853 elementor-60\" data-elementor-post-type=\"page\">\n\t\t\t\t\t\t<section class=\"elementor-section elementor-top-section elementor-element elementor-element-999f512 push-top push-bottom elementor-section-boxed elementor-section-height-default elementor-section-height-default\" data-id=\"999f512\" data-element_type=\"section\">\r\n\t\t\r\n\t\t\t\t\t\t\t<div class=\"elementor-container elementor-column-gap-default\">\r\n\t\t\t\t\t\t\t\t\t\t\t<div class=\"elementor-column elementor-col-100 elementor-top-column elementor-element elementor-element-3fc524f\" data-id=\"3fc524f\" data-element_type=\"column\">\r\n\t\t\t\t\t<div class=\"elementor-widget-wrap elementor-element-populated\">\r\n\t\t\t\t\t\t\t\t<div class=\"elementor-element elementor-element-29741d4 mb-0 elementor-invisible elementor-widget elementor-widget-heading\" data-id=\"29741d4\" data-element_type=\"widget\" data-settings=\"{&quot;_animation&quot;:&quot;fadeInUp&quot;,&quot;_animation_delay&quot;:&quot;300&quot;}\" data-widget_type=\"heading.default\">\n\t\t\t\t<div class=\"elementor-widget-container\">\n\t\t\t<style>\/*! elementor - v3.21.0 - 26-05-2024 *\/\n.elementor-heading-title{padding:0;margin:0;line-height:1}.elementor-widget-heading .elementor-heading-title[class*=elementor-size-]>a{color:inherit;font-size:inherit;line-height:inherit}.elementor-widget-heading .elementor-heading-title.elementor-size-small{font-size:15px}.elementor-widget-heading .elementor-heading-title.elementor-size-medium{font-size:19px}.elementor-widget-heading .elementor-heading-title.elementor-size-large{font-size:29px}.elementor-widget-heading .elementor-heading-title.elementor-size-xl{font-size:39px}.elementor-widget-heading .elementor-heading-title.elementor-size-xxl{font-size:59px}<\/style><h2 class=\"elementor-heading-title elementor-size-default\">Dr Saba Sayah<\/h2>\t\t<\/div>\n\t\t\t\t<\/div>\n\t\t\t\t<div class=\"elementor-element elementor-element-ae058ec m-b-md elementor-invisible elementor-widget elementor-widget-heading\" data-id=\"ae058ec\" data-element_type=\"widget\" data-settings=\"{&quot;_animation&quot;:&quot;fadeInUp&quot;,&quot;_animation_delay&quot;:&quot;300&quot;}\" data-widget_type=\"heading.default\">\n\t\t\t\t<div class=\"elementor-widget-container\">\n\t\t\t<p class=\"elementor-heading-title elementor-size-default\">Docteur<\/p>\t\t<\/div>\n\t\t\t\t<\/div>\n\t\t\t\t<div class=\"elementor-element elementor-element-dfc3c3a elementor-invisible elementor-widget elementor-widget-text-editor\" data-id=\"dfc3c3a\" data-element_type=\"widget\" data-settings=\"{&quot;_animation&quot;:&quot;fadeInUp&quot;}\" data-widget_type=\"text-editor.default\">\n\t\t\t\t<div class=\"elementor-widget-container\">\n\t\t\t<style>\/*! elementor - v3.21.0 - 26-05-2024 *\/\n.elementor-widget-text-editor.elementor-drop-cap-view-stacked .elementor-drop-cap{background-color:#69727d;color:#fff}.elementor-widget-text-editor.elementor-drop-cap-view-framed .elementor-drop-cap{color:#69727d;border:3px solid;background-color:transparent}.elementor-widget-text-editor:not(.elementor-drop-cap-view-default) .elementor-drop-cap{margin-top:8px}.elementor-widget-text-editor:not(.elementor-drop-cap-view-default) .elementor-drop-cap-letter{width:1em;height:1em}.elementor-widget-text-editor .elementor-drop-cap{float:left;text-align:center;line-height:1;font-size:50px}.elementor-widget-text-editor .elementor-drop-cap-letter{display:inline-block}<\/style>\t\t\t\t<p class=\"lead\"><img decoding=\"async\" class=\"alignright\" src=\"https:\/\/saba.isoladev.com\/wp-content\/uploads\/2024\/03\/nassim_skeleton-1.png\" \/>Dipl\u00f4m\u00e9e de l&#39;universit\u00e9 de Boston, le Dr Saba-Sayah a suivi un cours \u00e0 Bologne organis\u00e9 par le chiropraticien am\u00e9ricain Hans Greissing.<\/p>\n<p>\u00c0 son retour en Am\u00e9rique du Nord, le Dr Saba-Sayah a obtenu son dipl\u00f4me de chiropratique avec distinction au Sherman College of Chiropractic en Caroline du Sud, avant de se sp\u00e9cialiser dans la technique Cox (flexion\/distraction) puis dans la proc\u00e9dure \u00ab\u00a0Atlas Orthogonal\u00a0\u00bb (technique utilisant un instrument sp\u00e9cifique install\u00e9 sur une table de chiropratique sp\u00e9ciale) \u00e0 la Life University d&#39;Atlanta et au Sherman College de Spartanburg.<\/p>\n\t\t\t\t\t\t<\/div>\n\t\t\t\t<\/div>\n\t\t\t\t\t<\/div>\r\n\t\t\t\t<\/div>\r\n\t\t\t\t\t<\/div>\r\n\t\t\t\t<\/section>\r\n\t\t\t\t<section class=\"elementor-section elementor-top-section elementor-element elementor-element-99ab726 push-top push-bottom elementor-section-boxed elementor-section-height-default elementor-section-height-default\" data-id=\"99ab726\" data-element_type=\"section\">\r\n\t\t\r\n\t\t\t\t\t\t\t<div class=\"elementor-container elementor-column-gap-default\">\r\n\t\t\t\t\t\t\t\t\t\t\t<div class=\"elementor-column elementor-col-100 elementor-top-column elementor-element elementor-element-b665b38\" data-id=\"b665b38\" data-element_type=\"column\">\r\n\t\t\t\t\t<div class=\"elementor-widget-wrap elementor-element-populated\">\r\n\t\t\t\t\t\t\t\t<div class=\"elementor-element elementor-element-250d905 elementor-invisible elementor-widget elementor-widget-text-editor\" data-id=\"250d905\" data-element_type=\"widget\" data-settings=\"{&quot;_animation&quot;:&quot;fadeInUp&quot;}\" data-widget_type=\"text-editor.default\">\n\t\t\t\t<div class=\"elementor-widget-container\">\n\t\t\t\t\t\t\t<p>Apr\u00e8s avoir r\u00e9ussi les examens pour devenir chiropraticienne am\u00e9ricaine agr\u00e9\u00e9e, elle a suivi une formation aupr\u00e8s du professeur Roy W. Sweat dans sa clinique de chiropratique \u00e0 Atlanta, en G\u00e9orgie, p\u00e9riode au cours de laquelle elle a \u00e9galement r\u00e9ussi les examens pour obtenir une licence lui permettant d&#39;exercer sa profession au Canada (son pays de citoyennet\u00e9).<\/p>\n\t\t\t\t\t\t<\/div>\n\t\t\t\t<\/div>\n\t\t\t\t<div class=\"elementor-element elementor-element-2df4da3 elementor-invisible elementor-widget elementor-widget-text-editor\" data-id=\"2df4da3\" data-element_type=\"widget\" data-settings=\"{&quot;_animation&quot;:&quot;fadeInUp&quot;}\" data-widget_type=\"text-editor.default\">\n\t\t\t\t<div class=\"elementor-widget-container\">\n\t\t\t\t\t\t\t<p>Le Dr Nassim Saba-Sayah a \u00e9t\u00e9 le premier chiropraticien \u00e0 pr\u00e9senter la nouvelle technique chiropratique de l&#39;atlas (A.O.) en Italie (ainsi que son instrument de pr\u00e9cision). Il a d&#39;ailleurs \u00e9t\u00e9 invit\u00e9 \u00e0 la d\u00e9crire lors de deux s\u00e9minaires (les 10 et 11 mai 2007 \u00e0 l&#39;Universit\u00e0 degli Studi di Milano\/Ospedale San Paolo, et le 30 novembre 2007 au centre de conf\u00e9rences Assago-Milanofiori) et dans la publication du Prof. R. Ciancaglini \u00ab\u00a0Gnatologia e dolori oro-facciali\u00a0\u00bb (Elsevier-Masson 2007).<\/p>\n\t\t\t\t\t\t<\/div>\n\t\t\t\t<\/div>\n\t\t\t\t<div class=\"elementor-element elementor-element-024a81b elementor-invisible elementor-widget elementor-widget-text-editor\" data-id=\"024a81b\" data-element_type=\"widget\" data-settings=\"{&quot;_animation&quot;:&quot;fadeInUp&quot;}\" data-widget_type=\"text-editor.default\">\n\t\t\t\t<div class=\"elementor-widget-container\">\n\t\t\t\t\t\t\t<p>S&#39;int\u00e9ressant beaucoup \u00e0 l&#39;occlusion et aux troubles posturaux, elle a ensuite men\u00e9 d&#39;autres \u00e9tudes dans ce domaine dans le cadre de cours sp\u00e9cifiques organis\u00e9s par l&#39;Accademia Italiana di Kinesiografia ed Elettromiografia Cranio Mandibolare.<\/p>\n\t\t\t\t\t\t<\/div>\n\t\t\t\t<\/div>\n\t\t\t\t<div class=\"elementor-element elementor-element-1f2db7f elementor-invisible elementor-widget elementor-widget-text-editor\" data-id=\"1f2db7f\" data-element_type=\"widget\" data-settings=\"{&quot;_animation&quot;:&quot;fadeInUp&quot;}\" data-widget_type=\"text-editor.default\">\n\t\t\t\t<div class=\"elementor-widget-container\">\n\t\t\t\t\t\t\t<p>Entre-temps, en janvier 2007, la technique chiropratique Atlas (A.O.) (une technique impliquant la partie sup\u00e9rieure du rachis cervical pour traiter les douleurs localis\u00e9es et \u00e9tendues) a \u00e9t\u00e9 vivement pr\u00e9conis\u00e9e par le \u00ab\u00a0Journal of Human Hypertension\u00a0\u00bb (comme le rapporte le journal italien Corriere della Sera du 29.4.07) pour les excellents r\u00e9sultats obtenus dans le traitement de l&#39;hypertension. Les r\u00e9sultats d&#39;un autre projet de recherche avaient d\u00e9j\u00e0 \u00e9t\u00e9 publi\u00e9s dans le \u00ab\u00a0Journal of Whiplash &amp; related disorders\u00a0\u00bb, vol. 5 (1) 2006 (Med-Index Journal), qui faisait \u00e9tat des r\u00e9sultats b\u00e9n\u00e9fiques de la technique chiropratique Atlas (A.O.) sur les douleurs cervicales cons\u00e9cutives \u00e0 des accidents de la route.<\/p>\n\t\t\t\t\t\t<\/div>\n\t\t\t\t<\/div>\n\t\t\t\t<div class=\"elementor-element elementor-element-542dd92 elementor-invisible elementor-widget elementor-widget-text-editor\" data-id=\"542dd92\" data-element_type=\"widget\" data-settings=\"{&quot;_animation&quot;:&quot;fadeInUp&quot;}\" data-widget_type=\"text-editor.default\">\n\t\t\t\t<div class=\"elementor-widget-container\">\n\t\t\t\t\t\t\t<p>Il est \u00e9galement important de noter que le dipl\u00f4me en chiropratique a \u00e9t\u00e9 reconnu en Italie en vertu de la loi de finances pour 2008 (article 2, paragraphe 335). Pour citer la note accompagnant l&#39;article, cette loi stipule que \u00ab\u00a0les dipl\u00f4m\u00e9s en chiropratique obtiennent le titre de m\u00e9decin et exercent leurs fonctions (&#8230;) en tant que professionnels de sant\u00e9 primaires (&#8230;)\u00a0\u00bb, adoptant ainsi essentiellement le mod\u00e8le nord-am\u00e9ricain, qui distingue les sp\u00e9cialistes en fonction de leur domaine th\u00e9rapeutique sp\u00e9cifique.<\/p>\n\t\t\t\t\t\t<\/div>\n\t\t\t\t<\/div>\n\t\t\t\t\t<\/div>\r\n\t\t\t\t<\/div>\r\n\t\t\t\t\t<\/div>\r\n\t\t\t\t<\/section>\r\n\t\t\t\t<\/div>\n\t\t","protected":false},"excerpt":{"rendered":"<p>Dr Saba Sayah Docteur Dipl\u00f4m\u00e9e de l&#39;universit\u00e9 de Boston, le Dr Saba-Sayah a suivi un cours \u00e0 Bologne organis\u00e9 par le chiropraticien am\u00e9ricain Hans Greissing. \u00c0 son retour en Am\u00e9rique du Nord, le Dr Saba-Sayah a obtenu son dipl\u00f4me de chiropratique avec distinction au Sherman College of Chiropractic en Caroline du Sud, avant de se [&hellip;]<\/p>\n","protected":false},"author":1,"featured_media":0,"parent":0,"menu_order":0,"comment_status":"closed","ping_status":"closed","template":"","meta":{"footnotes":""},"class_list":["post-8853","page","type-page","status-publish","hentry"],"_links":{"self":[{"href":"https:\/\/saba.isoladev.com\/fr\/wp-json\/wp\/v2\/pages\/8853"}],"collection":[{"href":"https:\/\/saba.isoladev.com\/fr\/wp-json\/wp\/v2\/pages"}],"about":[{"href":"https:\/\/saba.isoladev.com\/fr\/wp-json\/wp\/v2\/types\/page"}],"author":[{"embeddable":true,"href":"https:\/\/saba.isoladev.com\/fr\/wp-json\/wp\/v2\/users\/1"}],"replies":[{"embeddable":true,"href":"https:\/\/saba.isoladev.com\/fr\/wp-json\/wp\/v2\/comments?post=8853"}],"version-history":[{"count":1,"href":"https:\/\/saba.isoladev.com\/fr\/wp-json\/wp\/v2\/pages\/8853\/revisions"}],"predecessor-version":[{"id":8859,"href":"https:\/\/saba.isoladev.com\/fr\/wp-json\/wp\/v2\/pages\/8853\/revisions\/8859"}],"wp:attachment":[{"href":"https:\/\/saba.isoladev.com\/fr\/wp-json\/wp\/v2\/media?parent=8853"}],"curies":[{"name":"wp","href":"https:\/\/api.w.org\/{rel}","templated":true}]}}