{"id":8847,"date":"2024-03-17T16:43:18","date_gmt":"2024-03-17T16:43:18","guid":{"rendered":"https:\/\/saba.isoladev.com\/un-nouveau-paradigme\/"},"modified":"2024-05-07T11:38:52","modified_gmt":"2024-05-07T11:38:52","slug":"un-nouveau-paradigme","status":"publish","type":"page","link":"https:\/\/saba.isoladev.com\/fr\/un-nouveau-paradigme\/","title":{"rendered":"Un nouveau paradigme"},"content":{"rendered":"\t\t<div data-elementor-type=\"wp-page\" data-elementor-id=\"8847\" class=\"elementor elementor-8847 elementor-7032\" data-elementor-post-type=\"page\">\n\t\t\t\t\t\t<section class=\"elementor-section elementor-top-section elementor-element elementor-element-8d0902b push-top push-bottom elementor-section-boxed elementor-section-height-default elementor-section-height-default\" data-id=\"8d0902b\" data-element_type=\"section\">\r\n\t\t\r\n\t\t\t\t\t\t\t<div class=\"elementor-container elementor-column-gap-default\">\r\n\t\t\t\t\t\t\t\t\t\t\t<div class=\"elementor-column elementor-col-100 elementor-top-column elementor-element elementor-element-b0809da\" data-id=\"b0809da\" data-element_type=\"column\">\r\n\t\t\t\t\t<div class=\"elementor-widget-wrap elementor-element-populated\">\r\n\t\t\t\t\t\t\t\t<div class=\"elementor-element elementor-element-051f827 mb-0 elementor-invisible elementor-widget elementor-widget-heading\" data-id=\"051f827\" data-element_type=\"widget\" data-settings=\"{&quot;_animation&quot;:&quot;fadeInUp&quot;,&quot;_animation_delay&quot;:&quot;300&quot;}\" data-widget_type=\"heading.default\">\n\t\t\t\t<div class=\"elementor-widget-container\">\n\t\t\t<style>\/*! elementor - v3.21.0 - 26-05-2024 *\/\n.elementor-heading-title{padding:0;margin:0;line-height:1}.elementor-widget-heading .elementor-heading-title[class*=elementor-size-]>a{color:inherit;font-size:inherit;line-height:inherit}.elementor-widget-heading .elementor-heading-title.elementor-size-small{font-size:15px}.elementor-widget-heading .elementor-heading-title.elementor-size-medium{font-size:19px}.elementor-widget-heading .elementor-heading-title.elementor-size-large{font-size:29px}.elementor-widget-heading .elementor-heading-title.elementor-size-xl{font-size:39px}.elementor-widget-heading .elementor-heading-title.elementor-size-xxl{font-size:59px}<\/style><h2 class=\"elementor-heading-title elementor-size-default\">Un nouveau paradigme de bien-\u00eatre \n<\/h2>\t\t<\/div>\n\t\t\t\t<\/div>\n\t\t\t\t<div class=\"elementor-element elementor-element-4ffff1f elementor-invisible elementor-widget elementor-widget-text-editor\" data-id=\"4ffff1f\" data-element_type=\"widget\" data-settings=\"{&quot;_animation&quot;:&quot;fadeInUp&quot;}\" data-widget_type=\"text-editor.default\">\n\t\t\t\t<div class=\"elementor-widget-container\">\n\t\t\t<style>\/*! elementor - v3.21.0 - 26-05-2024 *\/\n.elementor-widget-text-editor.elementor-drop-cap-view-stacked .elementor-drop-cap{background-color:#69727d;color:#fff}.elementor-widget-text-editor.elementor-drop-cap-view-framed .elementor-drop-cap{color:#69727d;border:3px solid;background-color:transparent}.elementor-widget-text-editor:not(.elementor-drop-cap-view-default) .elementor-drop-cap{margin-top:8px}.elementor-widget-text-editor:not(.elementor-drop-cap-view-default) .elementor-drop-cap-letter{width:1em;height:1em}.elementor-widget-text-editor .elementor-drop-cap{float:left;text-align:center;line-height:1;font-size:50px}.elementor-widget-text-editor .elementor-drop-cap-letter{display:inline-block}<\/style>\t\t\t\t<p><strong>Quelques mots sur le nouveau paradigme du bien-\u00eatre\u00a0:<\/strong><\/p>\n<p>L&#39;ancien mod\u00e8le qui consistait \u00e0 traiter les maladies par des m\u00e9dicaments lourds d\u00e8s l&#39;apparition des premiers sympt\u00f4mes importants \u00e9volue progressivement, ce qui permet de mieux prendre conscience de l&#39;importance de \u00ab\u00a0maintenir le bien-\u00eatre par la pr\u00e9vention\u00a0\u00bb.<\/p>\n<p>\u00c0 cette fin, nous devrions toutes envisager de passer des examens du col de l&#39;ut\u00e9rus plus ou moins r\u00e9guliers, en fonction de notre \u00e2ge et de notre \u00e9tat de sant\u00e9.<\/p>\n<p><strong>L&#39;Organisation mondiale de la sant\u00e9 d\u00e9finit la sant\u00e9 comme \u00ab\u00a0un \u00e9tat de bien-\u00eatre physique, mental et social complet, et pas simplement l&#39;absence de maladie ou d&#39;infirmit\u00e9\u00a0\u00bb.<\/strong><\/p>\n<p>Aujourd&#39;hui, nous savons qu&#39;un sympt\u00f4me est g\u00e9n\u00e9ralement le signe avant-coureur d&#39;une maladie qui en est d\u00e9j\u00e0 \u00e0 un stade avanc\u00e9\u00a0: une d\u00e9g\u00e9n\u00e9rescence non d\u00e9tect\u00e9e du syst\u00e8me cardiovasculaire, par exemple, peut se manifester soudainement avec des sympt\u00f4mes tels qu&#39;une crise cardiaque. Par cons\u00e9quent, depuis un certain temps, l&#39;absence de sympt\u00f4mes n&#39;est plus consid\u00e9r\u00e9e comme un indicateur de bonne sant\u00e9.<\/p>\n<p>Les chiropraticiens re\u00e7oivent chaque jour la confirmation que <strong>plus les sympt\u00f4mes sont ignor\u00e9s et plus ils sont graves, plus il faudra de temps pour r\u00e9soudre le probl\u00e8me et plus le nombre de traitements<\/strong> n\u00e9cessaires augmente.<\/p>\n\t\t\t\t\t\t<\/div>\n\t\t\t\t<\/div>\n\t\t\t\t\t<\/div>\r\n\t\t\t\t<\/div>\r\n\t\t\t\t\t<\/div>\r\n\t\t\t\t<\/section>\r\n\t\t\t\t<\/div>\n\t\t","protected":false},"excerpt":{"rendered":"<p>Un nouveau paradigme de bien-\u00eatre Quelques mots sur le nouveau paradigme du bien-\u00eatre\u00a0: L&#39;ancien mod\u00e8le qui consistait \u00e0 traiter les maladies par des m\u00e9dicaments lourds d\u00e8s l&#39;apparition des premiers sympt\u00f4mes importants \u00e9volue progressivement, ce qui permet de mieux prendre conscience de l&#39;importance de \u00ab\u00a0maintenir le bien-\u00eatre par la pr\u00e9vention\u00a0\u00bb. \u00c0 cette fin, nous devrions toutes [&hellip;]<\/p>\n","protected":false},"author":1,"featured_media":0,"parent":0,"menu_order":0,"comment_status":"closed","ping_status":"closed","template":"","meta":{"footnotes":""},"class_list":["post-8847","page","type-page","status-publish","hentry"],"_links":{"self":[{"href":"https:\/\/saba.isoladev.com\/fr\/wp-json\/wp\/v2\/pages\/8847"}],"collection":[{"href":"https:\/\/saba.isoladev.com\/fr\/wp-json\/wp\/v2\/pages"}],"about":[{"href":"https:\/\/saba.isoladev.com\/fr\/wp-json\/wp\/v2\/types\/page"}],"author":[{"embeddable":true,"href":"https:\/\/saba.isoladev.com\/fr\/wp-json\/wp\/v2\/users\/1"}],"replies":[{"embeddable":true,"href":"https:\/\/saba.isoladev.com\/fr\/wp-json\/wp\/v2\/comments?post=8847"}],"version-history":[{"count":1,"href":"https:\/\/saba.isoladev.com\/fr\/wp-json\/wp\/v2\/pages\/8847\/revisions"}],"predecessor-version":[{"id":8852,"href":"https:\/\/saba.isoladev.com\/fr\/wp-json\/wp\/v2\/pages\/8847\/revisions\/8852"}],"wp:attachment":[{"href":"https:\/\/saba.isoladev.com\/fr\/wp-json\/wp\/v2\/media?parent=8847"}],"curies":[{"name":"wp","href":"https:\/\/api.w.org\/{rel}","templated":true}]}}