{"id":8840,"date":"2024-03-17T16:42:44","date_gmt":"2024-03-17T16:42:44","guid":{"rendered":"https:\/\/saba.isoladev.com\/qui-pourrait-en-beneficier\/"},"modified":"2024-05-07T11:38:52","modified_gmt":"2024-05-07T11:38:52","slug":"qui-pourrait-en-beneficier","status":"publish","type":"page","link":"https:\/\/saba.isoladev.com\/fr\/qui-pourrait-en-beneficier\/","title":{"rendered":"Qui pourrait en b\u00e9n\u00e9ficier\u00a0?"},"content":{"rendered":"\t\t<div data-elementor-type=\"wp-page\" data-elementor-id=\"8840\" class=\"elementor elementor-8840 elementor-7031\" data-elementor-post-type=\"page\">\n\t\t\t\t\t\t<section class=\"elementor-section elementor-top-section elementor-element elementor-element-aa5f4d2 push-top push-bottom elementor-section-boxed elementor-section-height-default elementor-section-height-default\" data-id=\"aa5f4d2\" data-element_type=\"section\">\r\n\t\t\r\n\t\t\t\t\t\t\t<div class=\"elementor-container elementor-column-gap-default\">\r\n\t\t\t\t\t\t\t\t\t\t\t<div class=\"elementor-column elementor-col-100 elementor-top-column elementor-element elementor-element-d882d7f\" data-id=\"d882d7f\" data-element_type=\"column\">\r\n\t\t\t\t\t<div class=\"elementor-widget-wrap elementor-element-populated\">\r\n\t\t\t\t\t\t\t\t<div class=\"elementor-element elementor-element-e30fe92 mb-0 elementor-invisible elementor-widget elementor-widget-heading\" data-id=\"e30fe92\" data-element_type=\"widget\" data-settings=\"{&quot;_animation&quot;:&quot;fadeInUp&quot;,&quot;_animation_delay&quot;:&quot;300&quot;}\" data-widget_type=\"heading.default\">\n\t\t\t\t<div class=\"elementor-widget-container\">\n\t\t\t<style>\/*! elementor - v3.21.0 - 26-05-2024 *\/\n.elementor-heading-title{padding:0;margin:0;line-height:1}.elementor-widget-heading .elementor-heading-title[class*=elementor-size-]>a{color:inherit;font-size:inherit;line-height:inherit}.elementor-widget-heading .elementor-heading-title.elementor-size-small{font-size:15px}.elementor-widget-heading .elementor-heading-title.elementor-size-medium{font-size:19px}.elementor-widget-heading .elementor-heading-title.elementor-size-large{font-size:29px}.elementor-widget-heading .elementor-heading-title.elementor-size-xl{font-size:39px}.elementor-widget-heading .elementor-heading-title.elementor-size-xxl{font-size:59px}<\/style><h2 class=\"elementor-heading-title elementor-size-default\">Profiter de la chiropratique \n<\/h2>\t\t<\/div>\n\t\t\t\t<\/div>\n\t\t\t\t<div class=\"elementor-element elementor-element-c0f31bf elementor-invisible elementor-widget elementor-widget-text-editor\" data-id=\"c0f31bf\" data-element_type=\"widget\" data-settings=\"{&quot;_animation&quot;:&quot;fadeInUp&quot;}\" data-widget_type=\"text-editor.default\">\n\t\t\t\t<div class=\"elementor-widget-container\">\n\t\t\t<style>\/*! elementor - v3.21.0 - 26-05-2024 *\/\n.elementor-widget-text-editor.elementor-drop-cap-view-stacked .elementor-drop-cap{background-color:#69727d;color:#fff}.elementor-widget-text-editor.elementor-drop-cap-view-framed .elementor-drop-cap{color:#69727d;border:3px solid;background-color:transparent}.elementor-widget-text-editor:not(.elementor-drop-cap-view-default) .elementor-drop-cap{margin-top:8px}.elementor-widget-text-editor:not(.elementor-drop-cap-view-default) .elementor-drop-cap-letter{width:1em;height:1em}.elementor-widget-text-editor .elementor-drop-cap{float:left;text-align:center;line-height:1;font-size:50px}.elementor-widget-text-editor .elementor-drop-cap-letter{display:inline-block}<\/style>\t\t\t\t<p><strong>Profiter de la chiropratique<\/strong><\/p>\n<p><strong>Qui pourrait b\u00e9n\u00e9ficier de la technique chiropratique Atlas (A.O.)\u00a0?<\/strong><\/p>\n<p>On pense g\u00e9n\u00e9ralement que la chiropratique traite uniquement les maladies neuromusculaires et squelettiques. En fait, comme nous l&#39;avons longuement expliqu\u00e9 sur ce site, le r\u00e9alignement de l&#39;atlas, et donc de la colonne vert\u00e9brale, lib\u00e8re les nerfs qui longent la colonne vert\u00e9brale, soulageant ainsi un certain nombre de douleurs.<\/p>\n<p>Des r\u00e9sultats positifs ont \u00e9t\u00e9 particuli\u00e8rement obtenus dans les pathologies suivantes\u00a0:<\/p>\n<ul>\n<li>Douleurs chroniques<\/li>\n<li>Arthrite et arthrose<\/li>\n<li>Asthme<\/li>\n<li>Cons\u00e9quences des accidents de la route (coup de fouet, etc.)<\/li>\n<li>Douleurs au dos et au cou<\/li>\n<li>Migraine et autres formes de maux de t\u00eate<\/li>\n<li>Hernie discale<\/li>\n<li>Fibromyalgie<\/li>\n<li>Blessures sportives<\/li>\n<li>Hypertension<\/li>\n<li>N\u00e9vralgie du trijumeau<\/li>\n<li>Paralysie de Bell<\/li>\n<li>Sciatique<\/li>\n<li>Scoliose<\/li>\n<li>Dysfonction de l&#39;articulation temporomandibulaire<\/li>\n<li>Syndrome de fatigue chronique<\/li>\n<li>Syndrome du canal carpien<\/li>\n<li>Sinusite<\/li>\n<li>Stress<\/li>\n<li>Engourdissement des extr\u00e9mit\u00e9s<\/li>\n<li>Vertiges, \u00e9tourdissements<\/li>\n<\/ul>\n\t\t\t\t\t\t<\/div>\n\t\t\t\t<\/div>\n\t\t\t\t\t<\/div>\r\n\t\t\t\t<\/div>\r\n\t\t\t\t\t<\/div>\r\n\t\t\t\t<\/section>\r\n\t\t\t\t<\/div>\n\t\t","protected":false},"excerpt":{"rendered":"<p>Profiter de la chiropratique Profiter de la chiropratique Qui pourrait b\u00e9n\u00e9ficier de la technique chiropratique Atlas (A.O.)\u00a0? On pense g\u00e9n\u00e9ralement que la chiropratique traite uniquement les maladies neuromusculaires et squelettiques. En fait, comme nous l&#39;avons longuement expliqu\u00e9 sur ce site, le r\u00e9alignement de l&#39;atlas, et donc de la colonne vert\u00e9brale, lib\u00e8re les nerfs qui longent [&hellip;]<\/p>\n","protected":false},"author":1,"featured_media":0,"parent":0,"menu_order":0,"comment_status":"closed","ping_status":"closed","template":"","meta":{"footnotes":""},"class_list":["post-8840","page","type-page","status-publish","hentry"],"_links":{"self":[{"href":"https:\/\/saba.isoladev.com\/fr\/wp-json\/wp\/v2\/pages\/8840"}],"collection":[{"href":"https:\/\/saba.isoladev.com\/fr\/wp-json\/wp\/v2\/pages"}],"about":[{"href":"https:\/\/saba.isoladev.com\/fr\/wp-json\/wp\/v2\/types\/page"}],"author":[{"embeddable":true,"href":"https:\/\/saba.isoladev.com\/fr\/wp-json\/wp\/v2\/users\/1"}],"replies":[{"embeddable":true,"href":"https:\/\/saba.isoladev.com\/fr\/wp-json\/wp\/v2\/comments?post=8840"}],"version-history":[{"count":1,"href":"https:\/\/saba.isoladev.com\/fr\/wp-json\/wp\/v2\/pages\/8840\/revisions"}],"predecessor-version":[{"id":8846,"href":"https:\/\/saba.isoladev.com\/fr\/wp-json\/wp\/v2\/pages\/8840\/revisions\/8846"}],"wp:attachment":[{"href":"https:\/\/saba.isoladev.com\/fr\/wp-json\/wp\/v2\/media?parent=8840"}],"curies":[{"name":"wp","href":"https:\/\/api.w.org\/{rel}","templated":true}]}}