{"id":8834,"date":"2024-03-17T16:44:59","date_gmt":"2024-03-17T16:44:59","guid":{"rendered":"https:\/\/saba.isoladev.com\/teleconference\/"},"modified":"2024-05-07T11:38:52","modified_gmt":"2024-05-07T11:38:52","slug":"teleconference","status":"publish","type":"page","link":"https:\/\/saba.isoladev.com\/fr\/teleconference\/","title":{"rendered":"T\u00e9l\u00e9conf\u00e9rence"},"content":{"rendered":"\t\t<div data-elementor-type=\"wp-page\" data-elementor-id=\"8834\" class=\"elementor elementor-8834 elementor-7036\" data-elementor-post-type=\"page\">\n\t\t\t\t\t\t<section class=\"elementor-section elementor-top-section elementor-element elementor-element-ebab8bd push-top push-bottom elementor-section-boxed elementor-section-height-default elementor-section-height-default\" data-id=\"ebab8bd\" data-element_type=\"section\">\r\n\t\t\r\n\t\t\t\t\t\t\t<div class=\"elementor-container elementor-column-gap-default\">\r\n\t\t\t\t\t\t\t\t\t\t\t<div class=\"elementor-column elementor-col-100 elementor-top-column elementor-element elementor-element-923680d\" data-id=\"923680d\" data-element_type=\"column\">\r\n\t\t\t\t\t<div class=\"elementor-widget-wrap elementor-element-populated\">\r\n\t\t\t\t\t\t\t\t<div class=\"elementor-element elementor-element-cbc66f6 mb-0 elementor-invisible elementor-widget elementor-widget-heading\" data-id=\"cbc66f6\" data-element_type=\"widget\" data-settings=\"{&quot;_animation&quot;:&quot;fadeInUp&quot;,&quot;_animation_delay&quot;:&quot;300&quot;}\" data-widget_type=\"heading.default\">\n\t\t\t\t<div class=\"elementor-widget-container\">\n\t\t\t<style>\/*! elementor - v3.21.0 - 26-05-2024 *\/\n.elementor-heading-title{padding:0;margin:0;line-height:1}.elementor-widget-heading .elementor-heading-title[class*=elementor-size-]>a{color:inherit;font-size:inherit;line-height:inherit}.elementor-widget-heading .elementor-heading-title.elementor-size-small{font-size:15px}.elementor-widget-heading .elementor-heading-title.elementor-size-medium{font-size:19px}.elementor-widget-heading .elementor-heading-title.elementor-size-large{font-size:29px}.elementor-widget-heading .elementor-heading-title.elementor-size-xl{font-size:39px}.elementor-widget-heading .elementor-heading-title.elementor-size-xxl{font-size:59px}<\/style><h2 class=\"elementor-heading-title elementor-size-default\">T\u00e9l\u00e9conf\u00e9rence pour les douleurs aigu\u00ebs\u00a0: soulagement en 1 \u00e0 3 consultations<\/h2>\t\t<\/div>\n\t\t\t\t<\/div>\n\t\t\t\t<div class=\"elementor-element elementor-element-25acb8f elementor-invisible elementor-widget elementor-widget-text-editor\" data-id=\"25acb8f\" data-element_type=\"widget\" data-settings=\"{&quot;_animation&quot;:&quot;fadeInUp&quot;}\" data-widget_type=\"text-editor.default\">\n\t\t\t\t<div class=\"elementor-widget-container\">\n\t\t\t<style>\/*! elementor - v3.21.0 - 26-05-2024 *\/\n.elementor-widget-text-editor.elementor-drop-cap-view-stacked .elementor-drop-cap{background-color:#69727d;color:#fff}.elementor-widget-text-editor.elementor-drop-cap-view-framed .elementor-drop-cap{color:#69727d;border:3px solid;background-color:transparent}.elementor-widget-text-editor:not(.elementor-drop-cap-view-default) .elementor-drop-cap{margin-top:8px}.elementor-widget-text-editor:not(.elementor-drop-cap-view-default) .elementor-drop-cap-letter{width:1em;height:1em}.elementor-widget-text-editor .elementor-drop-cap{float:left;text-align:center;line-height:1;font-size:50px}.elementor-widget-text-editor .elementor-drop-cap-letter{display:inline-block}<\/style>\t\t\t\t<div class=\"uk-panel uk-margin\">\n<p>Ce traitement a \u00e9t\u00e9 d\u00e9velopp\u00e9 pour surmonter les difficult\u00e9s \u00e0 se d\u00e9placer pendant la pand\u00e9mie. <br \/> Il est destin\u00e9 aux patients souffrant de douleurs musculosquelettiques aigu\u00ebs en g\u00e9n\u00e9ral et d&#39;autres douleurs \u00e9pisodiques (soudaines et limit\u00e9es dans le temps \u00e0 6 mois) telles que des tensions musculaires, une entorse de la cheville, etc., lorsque l&#39;existence de causes sous-jacentes graves a \u00e9t\u00e9 \u00e9cart\u00e9e.<\/p>\n<p>Le traitement de la douleur chronique (qui dure plus de 6 mois) a un taux de r\u00e9ussite plus faible avec cette intervention \u00e0 distance.<\/p>\n<p><img decoding=\"async\" src=\"https:\/\/saba.isoladev.com\/wp-content\/uploads\/2024\/03\/img1-204ad8e4.webp\" \/><\/p>\n<\/div>\n<div class=\"uk-margin uk-text-center\">Les r\u00e9sultats des premiers cas cliniques \u00e9tant tr\u00e8s encourageants, nous avons d\u00e9cid\u00e9 d&#39;\u00e9tendre cet essai \u00e0 un plus grand nombre de patients.<\/div>\n<div class=\"uk-panel uk-margin\">\n<p>Sur la base des cas trait\u00e9s jusqu&#39;\u00e0 pr\u00e9sent, en particulier ceux d&#39;entre vous qui ont r\u00e9cemment ressenti des douleurs, les sympt\u00f4mes devraient \u00eatre att\u00e9nu\u00e9s gr\u00e2ce \u00e0 ce type d&#39;intervention \u00e0 distance en 1 \u00e0 3 s\u00e9ances de visioconf\u00e9rence.<\/p>\n<\/div>\n\t\t\t\t\t\t<\/div>\n\t\t\t\t<\/div>\n\t\t\t\t<div class=\"elementor-element elementor-element-4affef5 elementor-widget elementor-widget-porto_button\" data-id=\"4affef5\" data-element_type=\"widget\" data-settings=\"{&quot;align&quot;:&quot;left&quot;}\" data-widget_type=\"porto_button.default\">\n\t\t\t\t<div class=\"elementor-widget-container\">\n\t\t\t<a aria-label=\"button\" class=\"btn btn-xl btn-primary\" href=\"https:\/\/saba.isoladev.com\/fr\/nouveaux-patients\/\"><span >Prenez rendez-vous d\u00e8s maintenant<\/span><\/a>\t\t<\/div>\n\t\t\t\t<\/div>\n\t\t\t\t<div class=\"elementor-element elementor-element-0162e2c elementor-invisible elementor-widget elementor-widget-text-editor\" data-id=\"0162e2c\" data-element_type=\"widget\" data-settings=\"{&quot;_animation&quot;:&quot;fadeInUp&quot;}\" data-widget_type=\"text-editor.default\">\n\t\t\t\t<div class=\"elementor-widget-container\">\n\t\t\t\t\t\t\t<div class=\"uk-panel uk-margin\">\n<div class=\"uk-panel uk-margin\">\n<h3>Plus les sympt\u00f4mes apparaissent r\u00e9cemment, plus ce type d&#39;intervention \u00e0 distance est efficace.<\/h3>\n<p>Notre approche utilise les voies neuronales complexes du patient, des r\u00e9cepteurs p\u00e9riph\u00e9riques jusqu&#39;au cerveau. La dur\u00e9e des s\u00e9ances et le temps de convalescence varient d&#39;un patient \u00e0 l&#39;autre et sont \u00e9galement d\u00e9termin\u00e9s par le m\u00e9canisme et la gravit\u00e9 de l&#39;\u00e9v\u00e9nement d\u00e9clencheur.<\/p>\n<p>Lors de ces consultations, nous n&#39;abordons pas la subluxation de l&#39;atlas et nous vous conseillons de consulter au pr\u00e9alable votre m\u00e9decin de famille afin d&#39;exclure la pr\u00e9sence de causes sous-jacentes plus graves.<\/p>\n<\/div>\n<div class=\"uk-panel uk-text-small uk-margin\">\n<p><span style=\"font-size: 10px;\">Ces consultations par t\u00e9l\u00e9conf\u00e9rence pour soulager la douleur ne sont pas destin\u00e9es \u00e0 remplacer un avis m\u00e9dical, un diagnostic ou un traitement professionnel.<\/span> <br \/><span style=\"font-size: 10px;\">Demandez toujours conseil \u00e0 votre m\u00e9decin ou \u00e0 un autre professionnel de sant\u00e9 qualifi\u00e9 pour obtenir une \u00e9valuation pr\u00e9liminaire de votre \u00e9tat de sant\u00e9.<\/span> <br \/><span style=\"font-size: 10px;\">En acceptant cette proc\u00e9dure, les patients comprennent que cette t\u00e9l\u00e9consultation n&#39;est pas destin\u00e9e \u00e0 \u00e9tablir un diagnostic, que la cause sous-jacente grave ou la subluxation de l&#39;atlas ne sont pas prises en compte et que ces t\u00e9l\u00e9consultations visent uniquement \u00e0 r\u00e9duire ou \u00e0 \u00e9liminer la douleur.<\/span><\/p>\n<p><span style=\"font-size: 10px;\">En prenant rendez-vous, je comprends et j&#39;accepte ce qui pr\u00e9c\u00e8de.<\/span><\/p>\n<\/div>\n<\/div>\n\t\t\t\t\t\t<\/div>\n\t\t\t\t<\/div>\n\t\t\t\t<div class=\"elementor-element elementor-element-6cf7c53 elementor-widget elementor-widget-porto_button\" data-id=\"6cf7c53\" data-element_type=\"widget\" data-settings=\"{&quot;align&quot;:&quot;left&quot;}\" data-widget_type=\"porto_button.default\">\n\t\t\t\t<div class=\"elementor-widget-container\">\n\t\t\t<a aria-label=\"button\" class=\"btn btn-xl btn-primary\" href=\"https:\/\/saba.isoladev.com\/fr\/nouveaux-patients\/\"><span >Prenez rendez-vous d\u00e8s maintenant<\/span><\/a>\t\t<\/div>\n\t\t\t\t<\/div>\n\t\t\t\t\t<\/div>\r\n\t\t\t\t<\/div>\r\n\t\t\t\t\t<\/div>\r\n\t\t\t\t<\/section>\r\n\t\t\t\t<\/div>\n\t\t","protected":false},"excerpt":{"rendered":"<p>T\u00e9l\u00e9conf\u00e9rence pour les douleurs aigu\u00ebs\u00a0: soulagement en 1 \u00e0 3 consultations Ce traitement a \u00e9t\u00e9 d\u00e9velopp\u00e9 pour surmonter les difficult\u00e9s \u00e0 se d\u00e9placer pendant la pand\u00e9mie. Il est destin\u00e9 aux patients souffrant de douleurs musculosquelettiques aigu\u00ebs en g\u00e9n\u00e9ral et d&#39;autres douleurs \u00e9pisodiques (soudaines et limit\u00e9es dans le temps \u00e0 6 mois) telles que des tensions [&hellip;]<\/p>\n","protected":false},"author":1,"featured_media":0,"parent":0,"menu_order":0,"comment_status":"closed","ping_status":"closed","template":"","meta":{"footnotes":""},"class_list":["post-8834","page","type-page","status-publish","hentry"],"_links":{"self":[{"href":"https:\/\/saba.isoladev.com\/fr\/wp-json\/wp\/v2\/pages\/8834"}],"collection":[{"href":"https:\/\/saba.isoladev.com\/fr\/wp-json\/wp\/v2\/pages"}],"about":[{"href":"https:\/\/saba.isoladev.com\/fr\/wp-json\/wp\/v2\/types\/page"}],"author":[{"embeddable":true,"href":"https:\/\/saba.isoladev.com\/fr\/wp-json\/wp\/v2\/users\/1"}],"replies":[{"embeddable":true,"href":"https:\/\/saba.isoladev.com\/fr\/wp-json\/wp\/v2\/comments?post=8834"}],"version-history":[{"count":2,"href":"https:\/\/saba.isoladev.com\/fr\/wp-json\/wp\/v2\/pages\/8834\/revisions"}],"predecessor-version":[{"id":8845,"href":"https:\/\/saba.isoladev.com\/fr\/wp-json\/wp\/v2\/pages\/8834\/revisions\/8845"}],"wp:attachment":[{"href":"https:\/\/saba.isoladev.com\/fr\/wp-json\/wp\/v2\/media?parent=8834"}],"curies":[{"name":"wp","href":"https:\/\/api.w.org\/{rel}","templated":true}]}}