{"id":8823,"date":"2024-04-14T17:16:58","date_gmt":"2024-04-14T17:16:58","guid":{"rendered":"https:\/\/saba.isoladev.com\/politique-de-confidentialite\/"},"modified":"2024-05-07T11:38:51","modified_gmt":"2024-05-07T11:38:51","slug":"politique-de-confidentialite","status":"publish","type":"page","link":"https:\/\/saba.isoladev.com\/fr\/politique-de-confidentialite\/","title":{"rendered":"Politique de confidentialit\u00e9"},"content":{"rendered":"\t\t<div data-elementor-type=\"wp-page\" data-elementor-id=\"8823\" class=\"elementor elementor-8823 elementor-7608\" data-elementor-post-type=\"page\">\n\t\t\t\t<div class=\"elementor-element elementor-element-bdab55d e-flex e-con-boxed e-con e-parent\" data-id=\"bdab55d\" data-element_type=\"container\">\n\t\t\t\t\t<div class=\"e-con-inner\">\n\t\t\t\t<div class=\"elementor-element elementor-element-39d09af elementor-widget elementor-widget-porto_ultimate_heading\" data-id=\"39d09af\" data-element_type=\"widget\" data-widget_type=\"porto_ultimate_heading.default\">\n\t\t\t\t<div class=\"elementor-widget-container\">\n\t\t\t<div class=\"porto-u-heading  porto-u-9087\"><div class=\"porto-u-main-heading\"><h2   >Politique de confidentialit\u00e9<\/h2><\/div><style>.porto-u-9087.porto-u-heading{text-align:center}<\/style><\/div>\t\t<\/div>\n\t\t\t\t<\/div>\n\t\t\t\t<div class=\"elementor-element elementor-element-b3ee424 elementor-widget elementor-widget-text-editor\" data-id=\"b3ee424\" data-element_type=\"widget\" data-widget_type=\"text-editor.default\">\n\t\t\t\t<div class=\"elementor-widget-container\">\n\t\t\t<style>\/*! elementor - v3.21.0 - 26-05-2024 *\/\n.elementor-widget-text-editor.elementor-drop-cap-view-stacked .elementor-drop-cap{background-color:#69727d;color:#fff}.elementor-widget-text-editor.elementor-drop-cap-view-framed .elementor-drop-cap{color:#69727d;border:3px solid;background-color:transparent}.elementor-widget-text-editor:not(.elementor-drop-cap-view-default) .elementor-drop-cap{margin-top:8px}.elementor-widget-text-editor:not(.elementor-drop-cap-view-default) .elementor-drop-cap-letter{width:1em;height:1em}.elementor-widget-text-editor .elementor-drop-cap{float:left;text-align:center;line-height:1;font-size:50px}.elementor-widget-text-editor .elementor-drop-cap-letter{display:inline-block}<\/style>\t\t\t\t<p><em>Derni\u00e8re mise \u00e0 jour\u00a0: 14 avril 2024<\/em><\/p>\n<p>Bienvenue \u00e0 la clinique Sabaatlasclinic. Votre vie priv\u00e9e est importante pour nous. Cette politique de confidentialit\u00e9 d\u00e9crit les types d&#39;informations personnelles que nous collectons, la mani\u00e8re dont elles sont utilis\u00e9es et les mesures que nous prenons pour garantir que vos donn\u00e9es personnelles sont trait\u00e9es de mani\u00e8re appropri\u00e9e.<\/p>\n<h3><strong>1. Collecte d&#39;informations<\/strong><\/h3>\n<p>Nous collectons des informations vous concernant de la mani\u00e8re suivante\u00a0:<\/p>\n<ul>\n<li><strong>Informations que vous fournissez directement\u00a0:<\/strong> Cela inclut les informations personnelles que vous fournissez lorsque vous vous abonnez \u00e0 nos services, que vous remplissez des formulaires ou que vous interagissez avec notre site Web.<\/li>\n<li><strong>Informations collect\u00e9es automatiquement\u00a0:<\/strong> Nous collectons certaines informations automatiquement par le biais de notre site Web, telles que votre adresse IP, le type de navigateur et les informations de navigation collect\u00e9es par le biais de cookies, \u00e0 condition que vous ayez consenti \u00e0 leur utilisation.<\/li>\n<\/ul>\n<h3><strong>2. Utilisation des informations<\/strong><\/h3>\n<p>Les informations que nous collectons sont utilis\u00e9es aux fins suivantes\u00a0:<\/p>\n<ul>\n<li>Pour fournir et am\u00e9liorer nos services.<\/li>\n<li>Pour communiquer avec vous au sujet de vos rendez-vous ou de vos demandes de renseignements.<\/li>\n<li>Pour nous conformer aux exigences l\u00e9gales et prot\u00e9ger nos droits l\u00e9gaux.<\/li>\n<\/ul>\n<h3><strong>3. Consentement<\/strong><\/h3>\n<p>En utilisant notre site Web, vous acceptez la collecte et l&#39;utilisation d&#39;informations conform\u00e9ment \u00e0 cette politique. Nous vous demanderons votre consentement explicite pour l&#39;utilisation de cookies et de technologies similaires.<\/p>\n<h3><strong>4. Partage de donn\u00e9es<\/strong><\/h3>\n<p>Nous ne vendons ni ne louons de donn\u00e9es personnelles \u00e0 des sp\u00e9cialistes du marketing ou \u00e0 des tiers non affili\u00e9s. Nous partageons vos informations avec\u00a0:<\/p>\n<ul>\n<li>Des prestataires de services qui nous aident \u00e0 r\u00e9pondre aux besoins op\u00e9rationnels de l&#39;entreprise.<\/li>\n<li>Autorit\u00e9s l\u00e9gales et gouvernementales, si la loi l&#39;exige ou si cela est raisonnablement n\u00e9cessaire pour prot\u00e9ger les droits, la propri\u00e9t\u00e9 et la s\u00e9curit\u00e9 des autres ou de nous-m\u00eames.<\/li>\n<\/ul>\n<h3><strong>5. S\u00e9curit\u00e9 des donn\u00e9es<\/strong><\/h3>\n<p>Nous mettons en \u0153uvre diverses mesures de s\u00e9curit\u00e9 pour garantir la s\u00e9curit\u00e9 de vos informations personnelles lorsque vous les saisissez, les soumettez ou que vous y acc\u00e9dez.<\/p>\n<h2><strong>6. Conservation des donn\u00e9es<\/strong><\/h2>\n<p>Nous conservons les informations personnelles aussi longtemps que n\u00e9cessaire pour atteindre les objectifs d\u00e9crits dans cette politique de confidentialit\u00e9, sauf disposition contraire de la loi.<\/p>\n<h3><strong>7. Vos droits<\/strong><\/h3>\n<p>Dans le cadre du RGPD, vous avez les droits suivants\u00a0:<\/p>\n<ul>\n<li>Le droit d&#39;acc\u00e9der, de mettre \u00e0 jour ou de supprimer les informations que nous avons sur vous.<\/li>\n<li>Le droit de rectification.<\/li>\n<li>Le droit de s&#39;y opposer.<\/li>\n<li>Le droit de restriction.<\/li>\n<li>Le droit \u00e0 la portabilit\u00e9 des donn\u00e9es<\/li>\n<li>Le droit de retirer son consentement<\/li>\n<\/ul>\n<h3><strong>8. Politique en mati\u00e8re de cookies<\/strong><\/h3>\n<p>Nous utilisons des cookies pour am\u00e9liorer votre exp\u00e9rience, effectuer des analyses et personnaliser les publicit\u00e9s. Vous pouvez accepter ou refuser les cookies via notre outil de consentement aux cookies du RGPD.<\/p>\n<h3><strong>9. Modifications apport\u00e9es \u00e0 cette politique de confidentialit\u00e9<\/strong><\/h3>\n<p>Nous pouvons mettre \u00e0 jour notre politique de confidentialit\u00e9 de temps \u00e0 autre. Nous vous informerons de tout changement en publiant la nouvelle politique de confidentialit\u00e9 sur cette page.<\/p>\n<h3><strong>10. <\/strong>Contactez-nous<\/h3>\n<p>Si vous avez des questions concernant cette politique de confidentialit\u00e9, veuillez nous contacter\u00a0:<\/p>\n<ul>\n<li><strong>E-Mail\u00a0:<\/strong> info@saba.isoladev.com<\/li>\n<li><strong>T\u00e9l\u00e9phone\u00a0:<\/strong> +999 111 222<\/li>\n<li><strong>Adresse\u00a0:<\/strong> Rue de Sao Jose 35 &#8211; 4\u00b0 Andar, Edificio Libersil, Torre B, 1150-321 Lisboa<\/li>\n<\/ul>\n<p>Cette politique de confidentialit\u00e9 entre en vigueur le [ins\u00e9rer la date] et le restera sauf en ce qui concerne toute modification future de ses dispositions, qui entrera en vigueur imm\u00e9diatement apr\u00e8s sa publication sur cette page.<\/p>\n\t\t\t\t\t\t<\/div>\n\t\t\t\t<\/div>\n\t\t\t\t\t<\/div>\n\t\t\t\t<\/div>\n\t\t\t\t<\/div>\n\t\t","protected":false},"excerpt":{"rendered":"<p>Politique de confidentialit\u00e9 Derni\u00e8re mise \u00e0 jour\u00a0: 14 avril 2024 Bienvenue \u00e0 la clinique Sabaatlasclinic. Votre vie priv\u00e9e est importante pour nous. Cette politique de confidentialit\u00e9 d\u00e9crit les types d&#39;informations personnelles que nous collectons, la mani\u00e8re dont elles sont utilis\u00e9es et les mesures que nous prenons pour garantir que vos donn\u00e9es personnelles sont trait\u00e9es de [&hellip;]<\/p>\n","protected":false},"author":1,"featured_media":0,"parent":0,"menu_order":0,"comment_status":"closed","ping_status":"closed","template":"","meta":{"footnotes":""},"class_list":["post-8823","page","type-page","status-publish","hentry"],"_links":{"self":[{"href":"https:\/\/saba.isoladev.com\/fr\/wp-json\/wp\/v2\/pages\/8823"}],"collection":[{"href":"https:\/\/saba.isoladev.com\/fr\/wp-json\/wp\/v2\/pages"}],"about":[{"href":"https:\/\/saba.isoladev.com\/fr\/wp-json\/wp\/v2\/types\/page"}],"author":[{"embeddable":true,"href":"https:\/\/saba.isoladev.com\/fr\/wp-json\/wp\/v2\/users\/1"}],"replies":[{"embeddable":true,"href":"https:\/\/saba.isoladev.com\/fr\/wp-json\/wp\/v2\/comments?post=8823"}],"version-history":[{"count":9,"href":"https:\/\/saba.isoladev.com\/fr\/wp-json\/wp\/v2\/pages\/8823\/revisions"}],"predecessor-version":[{"id":8877,"href":"https:\/\/saba.isoladev.com\/fr\/wp-json\/wp\/v2\/pages\/8823\/revisions\/8877"}],"wp:attachment":[{"href":"https:\/\/saba.isoladev.com\/fr\/wp-json\/wp\/v2\/media?parent=8823"}],"curies":[{"name":"wp","href":"https:\/\/api.w.org\/{rel}","templated":true}]}}