{"id":8818,"date":"2024-03-17T16:19:29","date_gmt":"2024-03-17T16:19:29","guid":{"rendered":"https:\/\/saba.isoladev.com\/origine-des-troubles\/"},"modified":"2024-05-07T11:38:51","modified_gmt":"2024-05-07T11:38:51","slug":"origine-des-troubles","status":"publish","type":"page","link":"https:\/\/saba.isoladev.com\/fr\/origine-des-troubles\/","title":{"rendered":"Origine des troubles"},"content":{"rendered":"\t\t<div data-elementor-type=\"wp-page\" data-elementor-id=\"8818\" class=\"elementor elementor-8818 elementor-7006\" data-elementor-post-type=\"page\">\n\t\t\t\t\t\t<section class=\"elementor-section elementor-top-section elementor-element elementor-element-361aae6 push-top push-bottom elementor-section-boxed elementor-section-height-default elementor-section-height-default\" data-id=\"361aae6\" data-element_type=\"section\">\r\n\t\t\r\n\t\t\t\t\t\t\t<div class=\"elementor-container elementor-column-gap-default\">\r\n\t\t\t\t\t\t\t\t\t\t\t<div class=\"elementor-column elementor-col-100 elementor-top-column elementor-element elementor-element-33d394f\" data-id=\"33d394f\" data-element_type=\"column\">\r\n\t\t\t\t\t<div class=\"elementor-widget-wrap elementor-element-populated\">\r\n\t\t\t\t\t\t\t\t<div class=\"elementor-element elementor-element-7f08bcf mb-0 elementor-invisible elementor-widget elementor-widget-heading\" data-id=\"7f08bcf\" data-element_type=\"widget\" data-settings=\"{&quot;_animation&quot;:&quot;fadeInUp&quot;,&quot;_animation_delay&quot;:&quot;300&quot;}\" data-widget_type=\"heading.default\">\n\t\t\t\t<div class=\"elementor-widget-container\">\n\t\t\t<style>\/*! elementor - v3.21.0 - 26-05-2024 *\/\n.elementor-heading-title{padding:0;margin:0;line-height:1}.elementor-widget-heading .elementor-heading-title[class*=elementor-size-]>a{color:inherit;font-size:inherit;line-height:inherit}.elementor-widget-heading .elementor-heading-title.elementor-size-small{font-size:15px}.elementor-widget-heading .elementor-heading-title.elementor-size-medium{font-size:19px}.elementor-widget-heading .elementor-heading-title.elementor-size-large{font-size:29px}.elementor-widget-heading .elementor-heading-title.elementor-size-xl{font-size:39px}.elementor-widget-heading .elementor-heading-title.elementor-size-xxl{font-size:59px}<\/style><h2 class=\"elementor-heading-title elementor-size-default\">L&#39;origine de nombreux troubles \n<\/h2>\t\t<\/div>\n\t\t\t\t<\/div>\n\t\t\t\t<div class=\"elementor-element elementor-element-2fb9bac elementor-invisible elementor-widget elementor-widget-text-editor\" data-id=\"2fb9bac\" data-element_type=\"widget\" data-settings=\"{&quot;_animation&quot;:&quot;fadeInUp&quot;}\" data-widget_type=\"text-editor.default\">\n\t\t\t\t<div class=\"elementor-widget-container\">\n\t\t\t<style>\/*! elementor - v3.21.0 - 26-05-2024 *\/\n.elementor-widget-text-editor.elementor-drop-cap-view-stacked .elementor-drop-cap{background-color:#69727d;color:#fff}.elementor-widget-text-editor.elementor-drop-cap-view-framed .elementor-drop-cap{color:#69727d;border:3px solid;background-color:transparent}.elementor-widget-text-editor:not(.elementor-drop-cap-view-default) .elementor-drop-cap{margin-top:8px}.elementor-widget-text-editor:not(.elementor-drop-cap-view-default) .elementor-drop-cap-letter{width:1em;height:1em}.elementor-widget-text-editor .elementor-drop-cap{float:left;text-align:center;line-height:1;font-size:50px}.elementor-widget-text-editor .elementor-drop-cap-letter{display:inline-block}<\/style>\t\t\t\t<p>Outre les douleurs dorsales et cervicales courantes, les <strong>pathologies les plus fr\u00e9quentes caus\u00e9es par la subluxation de l&#39;atlas incluent l&#39;<\/strong><strong>alt\u00e9ration de la courbure normale du rachis cervical, la scoliose et les modifications de l&#39;alignement des \u00e9paules et du bassin<\/strong>.<\/p>\n<p>Ces modifications de l&#39;alignement, ainsi que d&#39;autres, affectent l&#39;int\u00e9grit\u00e9 structurelle du syst\u00e8me squelettique. Cela peut \u00e0 son tour entra\u00eener toute une s\u00e9rie d&#39;autres sympt\u00f4mes et probl\u00e8mes, notamment des <strong>maux de t\u00eate, des douleurs au cou et au visage, des troubles de l&#39;\u00e9quilibre, des dysfonctionnements de l&#39;articulation temporomandibulaire<\/strong>, etc.<\/p>\n<p>\u00a0<\/p>\n<p><img fetchpriority=\"high\" decoding=\"async\" class=\"wp-image-7428 alignleft\" src=\"https:\/\/saba.isoladev.com\/wp-content\/uploads\/2024\/04\/vertebrae_2.jpg\" alt=\"\" width=\"400\" height=\"400\" srcset=\"https:\/\/saba.isoladev.com\/wp-content\/uploads\/2024\/04\/vertebrae_2-400x400.jpg 400w, https:\/\/saba.isoladev.com\/wp-content\/uploads\/2024\/04\/vertebrae_2-367x367.jpg 367w\" sizes=\"(max-width: 400px) 100vw, 400px\" \/>Il est important de noter qu&#39;une bonne posture (comme nous le verrons ci-dessous) est n\u00e9cessaire pour des mouvements optimaux, en particulier pour les performances sportives.<\/p>\n<p>La subluxation de l&#39;atlas affecte l&#39;ensemble de la structure de la colonne vert\u00e9brale. La colonne vert\u00e9brale ressemble \u00e0 une longue cha\u00eene\u00a0; lorsque le premier maillon est tordu, chaque maillon suivant tourne en cons\u00e9quence, perturbant ainsi le reste de la cha\u00eene.<\/p>\n<p>De m\u00eame, avec le temps, le d\u00e9salignement de la premi\u00e8re vert\u00e8bre (atlas) provoquera une torsion de l&#39;ensemble de la colonne vert\u00e9brale. Un atlas sublux\u00e9 peut donc provoquer divers sympt\u00f4mes dans tout le corps.<\/p>\n<p>Notre colonne vert\u00e9brale est compos\u00e9e de 24 vert\u00e8bres. Les espaces entre chaque vert\u00e8bre permettent aux nerfs d&#39;alimenter et de relier toutes les parties du corps humain. Lorsque la colonne vert\u00e9brale est mal align\u00e9e, par exemple \u00e0 cause de la compression de deux vert\u00e8bres adjacentes, ces nerfs ne peuvent pas fonctionner correctement, ce qui cause des probl\u00e8mes \u00e0 diff\u00e9rentes parties du corps.<\/p>\n<p>De plus, le flux sanguin dans le rachis cervical peut \u00e9galement \u00eatre consid\u00e9rablement affect\u00e9 par la compression de deux vert\u00e8bres.<\/p>\n<p>Le syst\u00e8me nerveux contr\u00f4le et r\u00e9gule toutes les fonctions du corps. Comme dans un ordinateur sophistiqu\u00e9, les nerfs partent de la colonne vert\u00e9brale vers diff\u00e9rentes parties du corps.<\/p>\n\t\t\t\t\t\t<\/div>\n\t\t\t\t<\/div>\n\t\t\t\t\t<\/div>\r\n\t\t\t\t<\/div>\r\n\t\t\t\t\t<\/div>\r\n\t\t\t\t<\/section>\r\n\t\t\t\t<\/div>\n\t\t","protected":false},"excerpt":{"rendered":"<p>L&#39;origine de nombreux troubles Outre les douleurs dorsales et cervicales courantes, les pathologies les plus fr\u00e9quentes caus\u00e9es par la subluxation de l&#39;atlas incluent l&#39;alt\u00e9ration de la courbure normale du rachis cervical, la scoliose et les modifications de l&#39;alignement des \u00e9paules et du bassin. Ces modifications de l&#39;alignement, ainsi que d&#39;autres, affectent l&#39;int\u00e9grit\u00e9 structurelle du syst\u00e8me [&hellip;]<\/p>\n","protected":false},"author":1,"featured_media":0,"parent":0,"menu_order":0,"comment_status":"closed","ping_status":"closed","template":"","meta":{"footnotes":""},"class_list":["post-8818","page","type-page","status-publish","hentry"],"_links":{"self":[{"href":"https:\/\/saba.isoladev.com\/fr\/wp-json\/wp\/v2\/pages\/8818"}],"collection":[{"href":"https:\/\/saba.isoladev.com\/fr\/wp-json\/wp\/v2\/pages"}],"about":[{"href":"https:\/\/saba.isoladev.com\/fr\/wp-json\/wp\/v2\/types\/page"}],"author":[{"embeddable":true,"href":"https:\/\/saba.isoladev.com\/fr\/wp-json\/wp\/v2\/users\/1"}],"replies":[{"embeddable":true,"href":"https:\/\/saba.isoladev.com\/fr\/wp-json\/wp\/v2\/comments?post=8818"}],"version-history":[{"count":1,"href":"https:\/\/saba.isoladev.com\/fr\/wp-json\/wp\/v2\/pages\/8818\/revisions"}],"predecessor-version":[{"id":8822,"href":"https:\/\/saba.isoladev.com\/fr\/wp-json\/wp\/v2\/pages\/8818\/revisions\/8822"}],"wp:attachment":[{"href":"https:\/\/saba.isoladev.com\/fr\/wp-json\/wp\/v2\/media?parent=8818"}],"curies":[{"name":"wp","href":"https:\/\/api.w.org\/{rel}","templated":true}]}}