{"id":8811,"date":"2024-03-17T16:36:30","date_gmt":"2024-03-17T16:36:30","guid":{"rendered":"https:\/\/saba.isoladev.com\/alterations-nerveuses\/"},"modified":"2024-05-07T11:38:51","modified_gmt":"2024-05-07T11:38:51","slug":"alterations-nerveuses","status":"publish","type":"page","link":"https:\/\/saba.isoladev.com\/fr\/alterations-nerveuses\/","title":{"rendered":"Alt\u00e9rations nerveuses"},"content":{"rendered":"\t\t<div data-elementor-type=\"wp-page\" data-elementor-id=\"8811\" class=\"elementor elementor-8811 elementor-7019\" data-elementor-post-type=\"page\">\n\t\t\t\t\t\t<section class=\"elementor-section elementor-top-section elementor-element elementor-element-b179731 push-top push-bottom elementor-section-boxed elementor-section-height-default elementor-section-height-default\" data-id=\"b179731\" data-element_type=\"section\">\r\n\t\t\r\n\t\t\t\t\t\t\t<div class=\"elementor-container elementor-column-gap-default\">\r\n\t\t\t\t\t\t\t\t\t\t\t<div class=\"elementor-column elementor-col-100 elementor-top-column elementor-element elementor-element-fe45e32\" data-id=\"fe45e32\" data-element_type=\"column\">\r\n\t\t\t\t\t<div class=\"elementor-widget-wrap elementor-element-populated\">\r\n\t\t\t\t\t\t\t\t<div class=\"elementor-element elementor-element-0a05c48 mb-0 elementor-invisible elementor-widget elementor-widget-heading\" data-id=\"0a05c48\" data-element_type=\"widget\" data-settings=\"{&quot;_animation&quot;:&quot;fadeInUp&quot;,&quot;_animation_delay&quot;:&quot;300&quot;}\" data-widget_type=\"heading.default\">\n\t\t\t\t<div class=\"elementor-widget-container\">\n\t\t\t<style>\/*! elementor - v3.21.0 - 26-05-2024 *\/\n.elementor-heading-title{padding:0;margin:0;line-height:1}.elementor-widget-heading .elementor-heading-title[class*=elementor-size-]>a{color:inherit;font-size:inherit;line-height:inherit}.elementor-widget-heading .elementor-heading-title.elementor-size-small{font-size:15px}.elementor-widget-heading .elementor-heading-title.elementor-size-medium{font-size:19px}.elementor-widget-heading .elementor-heading-title.elementor-size-large{font-size:29px}.elementor-widget-heading .elementor-heading-title.elementor-size-xl{font-size:39px}.elementor-widget-heading .elementor-heading-title.elementor-size-xxl{font-size:59px}<\/style><h2 class=\"elementor-heading-title elementor-size-default\">Alt\u00e9rations de l&#39;influx nerveux<\/h2>\t\t<\/div>\n\t\t\t\t<\/div>\n\t\t\t\t<div class=\"elementor-element elementor-element-1cf631d elementor-invisible elementor-widget elementor-widget-text-editor\" data-id=\"1cf631d\" data-element_type=\"widget\" data-settings=\"{&quot;_animation&quot;:&quot;fadeInUp&quot;}\" data-widget_type=\"text-editor.default\">\n\t\t\t\t<div class=\"elementor-widget-container\">\n\t\t\t<style>\/*! elementor - v3.21.0 - 26-05-2024 *\/\n.elementor-widget-text-editor.elementor-drop-cap-view-stacked .elementor-drop-cap{background-color:#69727d;color:#fff}.elementor-widget-text-editor.elementor-drop-cap-view-framed .elementor-drop-cap{color:#69727d;border:3px solid;background-color:transparent}.elementor-widget-text-editor:not(.elementor-drop-cap-view-default) .elementor-drop-cap{margin-top:8px}.elementor-widget-text-editor:not(.elementor-drop-cap-view-default) .elementor-drop-cap-letter{width:1em;height:1em}.elementor-widget-text-editor .elementor-drop-cap{float:left;text-align:center;line-height:1;font-size:50px}.elementor-widget-text-editor .elementor-drop-cap-letter{display:inline-block}<\/style>\t\t\t\t<p><strong>Quels probl\u00e8mes de sant\u00e9 peuvent affecter l&#39;influx nerveux, et donc la sant\u00e9 des diff\u00e9rentes parties du corps\u00a0?<\/strong><\/p>\n<p>L&#39;une de ces affections est connue sous le nom de <strong>\u00ab\u00a0subluxation vert\u00e9brale\u00a0\u00bb<\/strong>, caract\u00e9ris\u00e9e par un d\u00e9salignement de deux vert\u00e8bres adjacentes. La compression des nerfs qui en r\u00e9sulte peut provoquer des probl\u00e8mes dans diff\u00e9rentes parties du corps. Certains muscles peuvent finir par se contracter et devenir douloureux.<\/p>\n<p><img decoding=\"async\" class=\"alignleft\" src=\"https:\/\/saba.isoladev.com\/wp-content\/uploads\/2024\/03\/flusso-vascolare.gif\" \/><\/p>\n<p><strong>Flux vasculaire<\/strong><\/p>\n<p>Il est donc clair que la sant\u00e9 de nos nerfs et de nos vaisseaux sanguins est \u00e9troitement li\u00e9e \u00e0 celle de notre colonne vert\u00e9brale, et les deux peuvent \u00e0 leur tour affecter diff\u00e9rentes parties du corps.<\/p>\n<p><strong>Quelles sont les principales causes de subluxation vert\u00e9brale\u00a0?<\/strong><\/p>\n<ul>\n<li><strong>Traumatismes<\/strong> (chutes, glissades, accidents de voiture, torsions de la nuque pendant l&#39;accouchement, blessures \u00e0 la t\u00eate ou au sport, etc.)<\/li>\n<\/ul>\n<ul>\n<li><strong>Stress postural<\/strong> et microtraumatismes r\u00e9p\u00e9titifs (par exemple, sac \u00e0 bandouli\u00e8re toujours port\u00e9 du m\u00eame c\u00f4t\u00e9, sommeil ventre vers le bas, soul\u00e8vement et transport incorrects d&#39;objets lourds, etc.)<\/li>\n<li><strong>Stress psychologique<\/strong><\/li>\n<\/ul>\n<p>Voici quelques-unes des causes possibles du d\u00e9salignement de l&#39;atlas, qui peut \u00e0 son tour provoquer une tension nerveuse et une inflammation. Cela peut entra\u00eener <strong>diverses douleurs et pathologies<\/strong>, souvent dues \u00e0 la subluxation de l&#39;atlas.<\/p>\n\t\t\t\t\t\t<\/div>\n\t\t\t\t<\/div>\n\t\t\t\t\t<\/div>\r\n\t\t\t\t<\/div>\r\n\t\t\t\t\t<\/div>\r\n\t\t\t\t<\/section>\r\n\t\t\t\t<\/div>\n\t\t","protected":false},"excerpt":{"rendered":"<p>Alt\u00e9rations de l&#39;influx nerveux Quels probl\u00e8mes de sant\u00e9 peuvent affecter l&#39;influx nerveux, et donc la sant\u00e9 des diff\u00e9rentes parties du corps\u00a0? L&#39;une de ces affections est connue sous le nom de \u00ab\u00a0subluxation vert\u00e9brale\u00a0\u00bb, caract\u00e9ris\u00e9e par un d\u00e9salignement de deux vert\u00e8bres adjacentes. La compression des nerfs qui en r\u00e9sulte peut provoquer des probl\u00e8mes dans diff\u00e9rentes parties [&hellip;]<\/p>\n","protected":false},"author":1,"featured_media":0,"parent":0,"menu_order":0,"comment_status":"closed","ping_status":"closed","template":"","meta":{"footnotes":""},"class_list":["post-8811","page","type-page","status-publish","hentry"],"_links":{"self":[{"href":"https:\/\/saba.isoladev.com\/fr\/wp-json\/wp\/v2\/pages\/8811"}],"collection":[{"href":"https:\/\/saba.isoladev.com\/fr\/wp-json\/wp\/v2\/pages"}],"about":[{"href":"https:\/\/saba.isoladev.com\/fr\/wp-json\/wp\/v2\/types\/page"}],"author":[{"embeddable":true,"href":"https:\/\/saba.isoladev.com\/fr\/wp-json\/wp\/v2\/users\/1"}],"replies":[{"embeddable":true,"href":"https:\/\/saba.isoladev.com\/fr\/wp-json\/wp\/v2\/comments?post=8811"}],"version-history":[{"count":1,"href":"https:\/\/saba.isoladev.com\/fr\/wp-json\/wp\/v2\/pages\/8811\/revisions"}],"predecessor-version":[{"id":8815,"href":"https:\/\/saba.isoladev.com\/fr\/wp-json\/wp\/v2\/pages\/8811\/revisions\/8815"}],"wp:attachment":[{"href":"https:\/\/saba.isoladev.com\/fr\/wp-json\/wp\/v2\/media?parent=8811"}],"curies":[{"name":"wp","href":"https:\/\/api.w.org\/{rel}","templated":true}]}}