{"id":8806,"date":"2024-03-17T16:42:04","date_gmt":"2024-03-17T16:42:04","guid":{"rendered":"https:\/\/saba.isoladev.com\/comment-cela-fonctionne\/"},"modified":"2024-05-07T11:38:51","modified_gmt":"2024-05-07T11:38:51","slug":"comment-cela-fonctionne","status":"publish","type":"page","link":"https:\/\/saba.isoladev.com\/fr\/comment-cela-fonctionne\/","title":{"rendered":"Comment cela fonctionne"},"content":{"rendered":"\t\t<div data-elementor-type=\"wp-page\" data-elementor-id=\"8806\" class=\"elementor elementor-8806 elementor-7030\" data-elementor-post-type=\"page\">\n\t\t\t\t\t\t<section class=\"elementor-section elementor-top-section elementor-element elementor-element-6b299eb push-top push-bottom elementor-section-boxed elementor-section-height-default elementor-section-height-default\" data-id=\"6b299eb\" data-element_type=\"section\">\r\n\t\t\r\n\t\t\t\t\t\t\t<div class=\"elementor-container elementor-column-gap-default\">\r\n\t\t\t\t\t\t\t\t\t\t\t<div class=\"elementor-column elementor-col-100 elementor-top-column elementor-element elementor-element-93ded71\" data-id=\"93ded71\" data-element_type=\"column\">\r\n\t\t\t\t\t<div class=\"elementor-widget-wrap elementor-element-populated\">\r\n\t\t\t\t\t\t\t\t<div class=\"elementor-element elementor-element-3dee0b8 mb-0 elementor-invisible elementor-widget elementor-widget-heading\" data-id=\"3dee0b8\" data-element_type=\"widget\" data-settings=\"{&quot;_animation&quot;:&quot;fadeInUp&quot;,&quot;_animation_delay&quot;:&quot;300&quot;}\" data-widget_type=\"heading.default\">\n\t\t\t\t<div class=\"elementor-widget-container\">\n\t\t\t<style>\/*! elementor - v3.21.0 - 26-05-2024 *\/\n.elementor-heading-title{padding:0;margin:0;line-height:1}.elementor-widget-heading .elementor-heading-title[class*=elementor-size-]>a{color:inherit;font-size:inherit;line-height:inherit}.elementor-widget-heading .elementor-heading-title.elementor-size-small{font-size:15px}.elementor-widget-heading .elementor-heading-title.elementor-size-medium{font-size:19px}.elementor-widget-heading .elementor-heading-title.elementor-size-large{font-size:29px}.elementor-widget-heading .elementor-heading-title.elementor-size-xl{font-size:39px}.elementor-widget-heading .elementor-heading-title.elementor-size-xxl{font-size:59px}<\/style><h2 class=\"elementor-heading-title elementor-size-default\">Comment fonctionne la technique chiropratique de l&#39;Atlas (A.O.)<\/h2>\t\t<\/div>\n\t\t\t\t<\/div>\n\t\t\t\t<div class=\"elementor-element elementor-element-9070fa7 elementor-invisible elementor-widget elementor-widget-text-editor\" data-id=\"9070fa7\" data-element_type=\"widget\" data-settings=\"{&quot;_animation&quot;:&quot;fadeInUp&quot;}\" data-widget_type=\"text-editor.default\">\n\t\t\t\t<div class=\"elementor-widget-container\">\n\t\t\t<style>\/*! elementor - v3.21.0 - 26-05-2024 *\/\n.elementor-widget-text-editor.elementor-drop-cap-view-stacked .elementor-drop-cap{background-color:#69727d;color:#fff}.elementor-widget-text-editor.elementor-drop-cap-view-framed .elementor-drop-cap{color:#69727d;border:3px solid;background-color:transparent}.elementor-widget-text-editor:not(.elementor-drop-cap-view-default) .elementor-drop-cap{margin-top:8px}.elementor-widget-text-editor:not(.elementor-drop-cap-view-default) .elementor-drop-cap-letter{width:1em;height:1em}.elementor-widget-text-editor .elementor-drop-cap{float:left;text-align:center;line-height:1;font-size:50px}.elementor-widget-text-editor .elementor-drop-cap-letter{display:inline-block}<\/style>\t\t\t\t<div class=\"uk-panel uk-margin\">\n<p><strong>Comment la chiropratique corrige-t-elle les subluxations vert\u00e9brales\u00a0?<\/strong><\/p>\n<p>Comme nous l&#39;avons d\u00e9j\u00e0 mentionn\u00e9, la <strong>\u00ab\u00a0subluxation vert\u00e9brale\u00a0\u00bb<\/strong> est une affection caract\u00e9ris\u00e9e par le d\u00e9salignement de deux vert\u00e8bres adjacentes. La compression des nerfs qui en r\u00e9sulte peut provoquer des probl\u00e8mes et des douleurs dans diff\u00e9rentes parties du corps.<\/p>\n<\/div>\n<div class=\"uk-margin uk-text-center\"><img decoding=\"async\" class=\"aligncenter\" src=\"https:\/\/saba.isoladev.com\/wp-content\/uploads\/2024\/03\/sublussazione-vertebrale_en-de791cee.webp\" \/><\/div>\n<div class=\"uk-panel uk-margin\">\n<p><strong>La chiropratique<\/strong> tente de r\u00e9soudre ce d\u00e9salignement sans avoir recours \u00e0 des interventions chirurgicales invasives ou \u00e0 des m\u00e9dicaments ayant parfois de graves effets secondaires.<\/p>\n<p><strong>Qu&#39;est-ce que la technique chiropratique de l&#39;atlas (A.O.), officiellement connue sous le nom de \u00ab\u00a0proc\u00e9dure orthogonale de l&#39;Atlas\u00a0\u00bb\u00a0?<\/strong><\/p>\n<p><img decoding=\"async\" class=\"alignleft\" src=\"https:\/\/saba.isoladev.com\/wp-content\/uploads\/2024\/03\/postura-corretta_en.png\" \/>Comme son nom l&#39;indique (le mot orthogonal vient des mots grecs Orthos, qui signifie \u00ab\u00a0droit\u00a0\u00bb, et Gonia, qui signifie \u00ab\u00a0angle\u00a0\u00bb), la technique consiste \u00e0 <strong>r\u00e9aligner l&#39;atlas afin qu&#39;il retrouve sa bonne position, perpendiculaire (c&#39;est-\u00e0-dire \u00e0 angle droit) \u00e0 la t\u00eate et au<\/strong> rachis cervical.<\/p>\n<p>Son <strong>objectif principal<\/strong> est donc de <strong>retrouver une bonne posture, de redonner aux jambes la m\u00eame longueur et de remettre la t\u00eate en position verticale<\/strong>.<\/p>\n<p><strong>Comment proc\u00e8de le chiropracteur\u00a0?<\/strong><\/p>\n<p><strong>IL S&#39;AGIT D&#39;UN TRAITEMENT INDOLORE ET NON INVASIF<\/strong>. <br \/> Le patient est d&#39;abord invit\u00e9 \u00e0 fournir ses ant\u00e9c\u00e9dents m\u00e9dicaux.<\/p>\n<p>Le chiropraticien proc\u00e8de ensuite \u00e0 un premier examen pour d\u00e9terminer si les sympt\u00f4mes du patient sont li\u00e9s \u00e0 un atlas mal align\u00e9. Ensuite, le patient est soumis \u00e0 un examen physique afin de d\u00e9tecter tout mauvais alignement des vert\u00e8bres et toute compression nerveuse douloureuse.<\/p>\n<p>Ces examens permettent d&#39;identifier les causes possibles de la douleur. Les tests d&#39;imagerie ult\u00e9rieurs permettent <strong>de diagnostiquer avec pr\u00e9cision l&#39;\u00e9tendue de la subluxation<\/strong>.<\/p>\n<p>Enfin, un instrument de pr\u00e9cision sophistiqu\u00e9 est utilis\u00e9, sp\u00e9cifiquement calibr\u00e9 pour chaque patient. Lorsqu&#39;il est pos\u00e9 d\u00e9licatement sur la zone affect\u00e9e du cou, cet instrument \u00e9met une onde de choc pratiquement imperceptible et totalement indolore qui r\u00e9aligne l&#39;atlas avec pr\u00e9cision.<\/p>\n<\/div>\n<div><iframe class=\" lazyloaded\" title=\"lecteur vid\u00e9o YouTube\" src=\"https:\/\/www.youtube.com\/embed\/8cNl3WdmKlI\" width=\"100%\" height=\"315\" frameborder=\"0\" allowfullscreen=\"allowfullscreen\" data-src=\"https:\/\/www.youtube.com\/embed\/8cNl3WdmKlI\" data-mce-fragment=\"1\"><\/iframe><\/div>\n\t\t\t\t\t\t<\/div>\n\t\t\t\t<\/div>\n\t\t\t\t\t<\/div>\r\n\t\t\t\t<\/div>\r\n\t\t\t\t\t<\/div>\r\n\t\t\t\t<\/section>\r\n\t\t\t\t<\/div>\n\t\t","protected":false},"excerpt":{"rendered":"<p>Comment fonctionne la technique chiropratique de l&#39;Atlas (A.O.) Comment la chiropratique corrige-t-elle les subluxations vert\u00e9brales\u00a0? Comme nous l&#39;avons d\u00e9j\u00e0 mentionn\u00e9, la \u00ab\u00a0subluxation vert\u00e9brale\u00a0\u00bb est une affection caract\u00e9ris\u00e9e par le d\u00e9salignement de deux vert\u00e8bres adjacentes. La compression des nerfs qui en r\u00e9sulte peut provoquer des probl\u00e8mes et des douleurs dans diff\u00e9rentes parties du corps. La chiropratique [&hellip;]<\/p>\n","protected":false},"author":1,"featured_media":0,"parent":0,"menu_order":0,"comment_status":"closed","ping_status":"closed","template":"","meta":{"footnotes":""},"class_list":["post-8806","page","type-page","status-publish","hentry"],"_links":{"self":[{"href":"https:\/\/saba.isoladev.com\/fr\/wp-json\/wp\/v2\/pages\/8806"}],"collection":[{"href":"https:\/\/saba.isoladev.com\/fr\/wp-json\/wp\/v2\/pages"}],"about":[{"href":"https:\/\/saba.isoladev.com\/fr\/wp-json\/wp\/v2\/types\/page"}],"author":[{"embeddable":true,"href":"https:\/\/saba.isoladev.com\/fr\/wp-json\/wp\/v2\/users\/1"}],"replies":[{"embeddable":true,"href":"https:\/\/saba.isoladev.com\/fr\/wp-json\/wp\/v2\/comments?post=8806"}],"version-history":[{"count":1,"href":"https:\/\/saba.isoladev.com\/fr\/wp-json\/wp\/v2\/pages\/8806\/revisions"}],"predecessor-version":[{"id":8810,"href":"https:\/\/saba.isoladev.com\/fr\/wp-json\/wp\/v2\/pages\/8806\/revisions\/8810"}],"wp:attachment":[{"href":"https:\/\/saba.isoladev.com\/fr\/wp-json\/wp\/v2\/media?parent=8806"}],"curies":[{"name":"wp","href":"https:\/\/api.w.org\/{rel}","templated":true}]}}