{"id":8789,"date":"2024-03-17T16:43:38","date_gmt":"2024-03-17T16:43:38","guid":{"rendered":"https:\/\/saba.isoladev.com\/maux-de-tete\/"},"modified":"2024-05-07T11:38:51","modified_gmt":"2024-05-07T11:38:51","slug":"maux-de-tete","status":"publish","type":"page","link":"https:\/\/saba.isoladev.com\/fr\/maux-de-tete\/","title":{"rendered":"maux de t\u00eate"},"content":{"rendered":"\t\t<div data-elementor-type=\"wp-page\" data-elementor-id=\"8789\" class=\"elementor elementor-8789 elementor-7033\" data-elementor-post-type=\"page\">\n\t\t\t\t\t\t<section class=\"elementor-section elementor-top-section elementor-element elementor-element-6e7787f push-top push-bottom elementor-section-boxed elementor-section-height-default elementor-section-height-default\" data-id=\"6e7787f\" data-element_type=\"section\">\r\n\t\t\r\n\t\t\t\t\t\t\t<div class=\"elementor-container elementor-column-gap-default\">\r\n\t\t\t\t\t\t\t\t\t\t\t<div class=\"elementor-column elementor-col-100 elementor-top-column elementor-element elementor-element-87e94c5\" data-id=\"87e94c5\" data-element_type=\"column\">\r\n\t\t\t\t\t<div class=\"elementor-widget-wrap elementor-element-populated\">\r\n\t\t\t\t\t\t\t\t<div class=\"elementor-element elementor-element-5e40f16 mb-0 elementor-invisible elementor-widget elementor-widget-heading\" data-id=\"5e40f16\" data-element_type=\"widget\" data-settings=\"{&quot;_animation&quot;:&quot;fadeInUp&quot;,&quot;_animation_delay&quot;:&quot;300&quot;}\" data-widget_type=\"heading.default\">\n\t\t\t\t<div class=\"elementor-widget-container\">\n\t\t\t<style>\/*! elementor - v3.21.0 - 26-05-2024 *\/\n.elementor-heading-title{padding:0;margin:0;line-height:1}.elementor-widget-heading .elementor-heading-title[class*=elementor-size-]>a{color:inherit;font-size:inherit;line-height:inherit}.elementor-widget-heading .elementor-heading-title.elementor-size-small{font-size:15px}.elementor-widget-heading .elementor-heading-title.elementor-size-medium{font-size:19px}.elementor-widget-heading .elementor-heading-title.elementor-size-large{font-size:29px}.elementor-widget-heading .elementor-heading-title.elementor-size-xl{font-size:39px}.elementor-widget-heading .elementor-heading-title.elementor-size-xxl{font-size:59px}<\/style><h2 class=\"elementor-heading-title elementor-size-default\">maux de t\u00eate<\/h2>\t\t<\/div>\n\t\t\t\t<\/div>\n\t\t\t\t<div class=\"elementor-element elementor-element-830104b elementor-invisible elementor-widget elementor-widget-text-editor\" data-id=\"830104b\" data-element_type=\"widget\" data-settings=\"{&quot;_animation&quot;:&quot;fadeInUp&quot;}\" data-widget_type=\"text-editor.default\">\n\t\t\t\t<div class=\"elementor-widget-container\">\n\t\t\t<style>\/*! elementor - v3.21.0 - 26-05-2024 *\/\n.elementor-widget-text-editor.elementor-drop-cap-view-stacked .elementor-drop-cap{background-color:#69727d;color:#fff}.elementor-widget-text-editor.elementor-drop-cap-view-framed .elementor-drop-cap{color:#69727d;border:3px solid;background-color:transparent}.elementor-widget-text-editor:not(.elementor-drop-cap-view-default) .elementor-drop-cap{margin-top:8px}.elementor-widget-text-editor:not(.elementor-drop-cap-view-default) .elementor-drop-cap-letter{width:1em;height:1em}.elementor-widget-text-editor .elementor-drop-cap{float:left;text-align:center;line-height:1;font-size:50px}.elementor-widget-text-editor .elementor-drop-cap-letter{display:inline-block}<\/style>\t\t\t\t<div class=\"uk-panel uk-margin\">\n<p>Les maux de t\u00eate (c\u00e9phal\u00e9es) et les maux de dos sont \u00e0 l&#39;origine de la plupart des visites chez le m\u00e9decin. Les maux de t\u00eate sont courants dans la population en g\u00e9n\u00e9ral et mettent rarement la vie en danger. Un certain nombre de cas de maux de t\u00eate peuvent \u00eatre dus \u00e0 un d\u00e9salignement du segment cervical sup\u00e9rieur de la colonne vert\u00e9brale, comme nous l&#39;expliquerons plus loin.<\/p>\n<p>L&#39;International Headache Society classe les maux de t\u00eate comme \u00ab\u00a0primaires\u00a0\u00bb, \u00ab\u00a0secondaires\u00a0\u00bb et \u00ab\u00a0n\u00e9vralgies cr\u00e2niennes, douleurs faciales et autres maux de t\u00eate\u00a0\u00bb.<\/p>\n<\/div>\n<h3 class=\"uk-h3 uk-text-primary\">MAUX DE T\u00caTE PRIMAIRES<\/h3>\n<p><img fetchpriority=\"high\" decoding=\"async\" class=\"alignnone wp-image-7529 size-medium\" src=\"https:\/\/saba.isoladev.com\/wp-content\/uploads\/2024\/04\/24202328_6894711-300x300.jpg\" alt=\"\" width=\"300\" height=\"300\" \/><\/p>\n<div class=\"uk-panel uk-margin\">\n<p>Les c\u00e9phal\u00e9es primaires repr\u00e9sentent 90\u00a0% de tous les maux de t\u00eate. Ils ne sont pas le sympt\u00f4me d&#39;une maladie sous-jacente, mais le m\u00e9canisme exact est encore inconnu. Ils sont multifactoriels et d\u00e9pendent de l&#39;interaction de facteurs g\u00e9n\u00e9tiques et environnementaux. Comme aucune maladie sous-jacente n&#39;est \u00e0 l&#39;origine des c\u00e9phal\u00e9es primaires, le diagnostic est \u00e9tabli sur la base des ant\u00e9c\u00e9dents du patient en mati\u00e8re de c\u00e9phal\u00e9es et d&#39;un examen. Parfois, des tests suppl\u00e9mentaires (tomodensitom\u00e9trie, IRM, analyses de sang, par exemple) peuvent \u00eatre n\u00e9cessaires pour exclure l&#39;existence d&#39;une maladie sous-jacente.<\/p>\n<p>Les types de c\u00e9phal\u00e9es primaires les plus courants sont les c\u00e9phal\u00e9es de tension, les migraines et les c\u00e9phal\u00e9es en grappe.<\/p>\n<p>C\u00e9phal\u00e9es de tension\u00a0: La plupart des gens souffrent de c\u00e9phal\u00e9es de tension \u00e0 un moment ou \u00e0 un autre de leur vie. Il s&#39;agit du type de c\u00e9phal\u00e9e le plus courant. Ils sont g\u00e9n\u00e9ralement bilat\u00e9raux et d&#39;intensit\u00e9 l\u00e9g\u00e8re \u00e0 mod\u00e9r\u00e9e. Ils sont souvent d\u00e9crits comme une pression ou une sensation d&#39;oppression (comme le fait d&#39;avoir un bandeau serr\u00e9 autour de la t\u00eate) et peuvent se propager depuis ou vers le cou. Une mauvaise posture est souvent observable chez le patient, et cette anomalie peut \u00eatre l&#39;un des principaux facteurs \u00e0 l&#39;origine des c\u00e9phal\u00e9es de tension. Ces maux de t\u00eate peuvent durer de quelques heures \u00e0 plusieurs jours\u00a0; toutefois, s&#39;ils durent plus de 15 jours, ils deviennent des c\u00e9phal\u00e9es de tension chroniques. Les c\u00e9phal\u00e9es de tension ne sont g\u00e9n\u00e9ralement pas aggrav\u00e9es par l&#39;effort.<\/p>\n<p>Migraines\u00a0: Le deuxi\u00e8me type de c\u00e9phal\u00e9e le plus courant est la migraine, qui est aussi courante que l&#39;arthrite et le diab\u00e8te combin\u00e9s. Les migraines sont parfois associ\u00e9es \u00e0 des <strong>vertiges<\/strong> (survenant avant ou apr\u00e8s la crise de migraine). Le vertige migraineux est plus fr\u00e9quent lorsque la migraine est pr\u00e9c\u00e9d\u00e9e d&#39;une \u00ab\u00a0aura\u00a0\u00bb, c&#39;est-\u00e0-dire d&#39;une sensation subjective qui pr\u00e9c\u00e8de une crise. Le vertige peut survenir de quelques secondes \u00e0 quelques jours.<\/p>\n<p>Avant la pubert\u00e9, les gar\u00e7ons et les filles sont affect\u00e9s de la m\u00eame mani\u00e8re. Cependant, apr\u00e8s la pubert\u00e9, les femmes souffrent de migraines plus souvent que les hommes.<\/p>\n<h4><em>Migraines sans aura\u00a0:<\/em><\/h4>\n<p><em>\u2014<\/em> Les crises durent de 4 \u00e0 72 heures <br \/> -Elles sont battues et pulsatoires d&#39;intensit\u00e9 mod\u00e9r\u00e9e \u00e0 s\u00e9v\u00e8re <br \/> -Elles sont g\u00e9n\u00e9ralement unilat\u00e9rales mais peuvent changer de camp d&#39;une crise \u00e0 l&#39;autre <br \/> -Elles sont aggrav\u00e9es par l&#39;activit\u00e9 -Associ\u00e9es \u00e0 des naus\u00e9es et \u00e0 des vomissements <\/p>\n<p> -Parfois associ\u00e9es \u00e0 une phase prodromique (ensemble de sympt\u00f4mes apparaissant 1 \u00e0 2 jours avant la crise de migraine et comprenant un changement d&#39;app\u00e9tit, des fringales, une hyperactivit\u00e9, de la fatigue ou une d\u00e9pression, ou des changements d&#39;humeur ou de personnalit\u00e9)<\/p>\n<h4><em>Migraines avec aura\u00a0:<\/em><\/h4>\n<p>-Elles pr\u00e9sentent les m\u00eames caract\u00e9ristiques que les migraines sans aura, mais elles sont pr\u00e9c\u00e9d\u00e9es d&#39;une aura qui appara\u00eet quelques minutes avant ou pendant la crise de migraine. L&#39;<br \/>aura peut prendre la forme de sympt\u00f4mes visuels (lumi\u00e8re vacillante, taches ou lignes, perte de vision), de troubles de l&#39;\u00e9locution, de sympt\u00f4mes sensoriels (par exemple, \u00ab\u00a0fourmillements\u00a0\u00bb ou engourdissement) ou d&#39;une anomalie de l&#39;odorat ou du go\u00fbt<\/p>\n<p><strong>C\u00e9phal\u00e9es<\/strong> en grappe\u00a0: Les c\u00e9phal\u00e9es en grappe sont rares et touchent moins de 0,1\u00a0% de la population. Elles sont unilat\u00e9rales et les crises sont extr\u00eamement s\u00e9v\u00e8res, caract\u00e9ris\u00e9es par une douleur autour des yeux accompagn\u00e9e de <br \/> larmoiement, une rhinorrh\u00e9e (\u00e9coulement nasal) et de la transpiration d&#39;un c\u00f4t\u00e9 du visage. Les attaques durent de 15 minutes \u00e0 3 heures mais peuvent se reproduire plusieurs fois dans la journ\u00e9e. Les c\u00e9phal\u00e9es en grappe peuvent durer d&#39;un jour \u00e0 quelques semaines.<\/p>\n<\/div>\n<p><img decoding=\"async\" class=\"alignnone wp-image-7534 size-medium\" src=\"https:\/\/saba.isoladev.com\/wp-content\/uploads\/2024\/04\/24202330_6894721-300x300.jpg\" alt=\"\" width=\"300\" height=\"300\" \/><\/p>\n<h3 class=\"uk-h3 uk-text-primary\">MAUX DE T\u00caTE SECONDAIRES<\/h3>\n<div class=\"uk-panel uk-margin\">\n<p><strong>Les maux de t\u00eate secondaires sont caus\u00e9s par plusieurs maladies ou traumatismes sous-jacents, notamment les suivants\u00a0: m\u00e9ningite (inflammation des membranes entourant la moelle \u00e9pini\u00e8re et le cerveau, accompagn\u00e9e de raideur de la nuque et de fi\u00e8vre), enc\u00e9phalite (inflammation du cerveau), hypertension, tumeur c\u00e9r\u00e9brale, VIH, sida, an\u00e9vrisme c\u00e9r\u00e9bral (gonflement d&#39;une art\u00e8re du cerveau), art\u00e9rite \u00e0 cellules g\u00e9antes (inflammation des parois des art\u00e8res qui, si elle n&#39;est pas trait\u00e9e, peut entra\u00eener la c\u00e9cit\u00e9), un accident vasculaire c\u00e9r\u00e9bral ou un AIT (accident isch\u00e9mique transitoire), un coup de fouet cervical, un traumatisme cr\u00e2nien et commotion c\u00e9r\u00e9brale<\/strong>, c\u00e9phal\u00e9es cervicog\u00e8nes (dont la fr\u00e9quence est comparable \u00e0 celle des migraines et se caract\u00e9rise par une douleur ressentie dans le cou accompagn\u00e9e de douleurs occipitales\/temporales unilat\u00e9rales), le je\u00fbne, des probl\u00e8mes aux sinus et une surconsommation de m\u00e9dicaments (c\u00e9phal\u00e9es rebondissantes).<\/p>\n<p>Le diagnostic d&#39;un mal de t\u00eate secondaire est pos\u00e9 par le m\u00e9decin sur la base de son \u00e9valuation et de son examen.<\/p>\n<p>QUAND CONSULTER IMM\u00c9DIATEMENT UN M\u00c9DECIN (les tests peuvent inclure une prise de sang, un scanner, une IRM, une ponction lombaire)<\/p>\n<p>-Lorsque le mal de t\u00eate est inhabituel, soudain ou tr\u00e8s s\u00e9v\u00e8re (\u00ab\u00a0le pire mal de t\u00eate de votre vie\u00a0\u00bb) <br \/> -Lorsque le mal de t\u00eate est accompagn\u00e9 de fi\u00e8vre ou d&#39;une raideur de la nuque <br \/> -Lorsque vous avez des difficult\u00e9s \u00e0 parler ou \u00e0 marcher ou que vous avez une vision double <br \/> -Lorsque le mal de t\u00eate fait suite \u00e0 un traumatisme ou \u00e0 un traumatisme cr\u00e2nien<\/p>\n<p>La plupart des personnes souffrant de maux de t\u00eate peuvent avoir l&#39;impression que leur mal de t\u00eate est d\u00fb \u00e0 une maladie ou \u00e0 une pathologie grave (tumeur, m\u00e9ningite, art\u00e9rite \u00e0 cellules g\u00e9antes, par exemple), mais cela ne se produit que chez un tr\u00e8s petit pourcentage de la population (0,5\u00a0%).<\/p>\n<h3>N\u00c9VRALGIES CR\u00c2NIENNES, DOULEURS FACIALES ET AUTRES MAUX DE T\u00caTE<\/h3>\n<p>La compression, la tension ou l&#39;irritation des nerfs cr\u00e2niens peuvent provoquer des maux de t\u00eate ou des douleurs dans la r\u00e9gion innerv\u00e9e.<\/p>\n<p>Le type de n\u00e9vralgie cr\u00e2nienne le plus courant est la n\u00e9vralgie du trijumeau (ou \u00ab\u00a0tic douloureux\u00a0\u00bb), g\u00e9n\u00e9ralement ressentie sous forme de choc \u00e9lectrique. La n\u00e9vralgie du trijumeau est ressentie sous la forme de crises courtes et atroces qui peuvent \u00e9voluer vers des crises plus fr\u00e9quentes et provoquer plus de douleur.<\/p>\n<p>La douleur peut \u00eatre provoqu\u00e9e par les activit\u00e9s quotidiennes telles que le rasage, le brossage des dents ou le maquillage.<\/p>\n<p>Les diff\u00e9rents types de maux de t\u00eate peuvent se chevaucher. Par exemple, une personne peut avoir une migraine et une c\u00e9phal\u00e9e cervicog\u00e8ne en m\u00eame temps.<\/p>\n<\/div>\n<h3 class=\"uk-h3 uk-text-primary\">TRAITEMENT DES MAUX DE T\u00caTE<\/h3>\n<div class=\"uk-panel uk-margin\">\n<h4><em>UN NOUVEAU TRAITEMENT DES MAUX DE T\u00caTE INDOLORE ET NON INVASIF\u00a0: LA \u00ab\u00a0TECHNIQUE CHIROPRATIQUE ORTHOGONALE ATLAS\u00a0\u00bb<\/em><\/h4>\n<p>Comme indiqu\u00e9 pr\u00e9c\u00e9demment, l&#39;une des causes des maux de t\u00eate est un d\u00e9salignement du cr\u00e2ne, de la premi\u00e8re vert\u00e8bre cervicale et du segment cervical, qui entra\u00eene une courbure anormale de la colonne vert\u00e9brale.<\/p>\n<p>Lorsque la premi\u00e8re vert\u00e8bre cervicale d\u00e9vie de sa position, la t\u00eate s&#39;incline. En cons\u00e9quence, le rachis cervical se d\u00e9place, essayant de contrebalancer et de supporter le poids de la t\u00eate. <strong><strong>Cela exercera une pression sur les nerfs cervicaux et occipitaux et peut compromettre l&#39;apport sanguin vert\u00e9bral au cerveau, provoquant divers sympt\u00f4mes tels que maux de t\u00eate, douleurs au cou (cervicalgie), <strong>vertiges ou vertiges<\/strong> et maux de dos.<strong><\/strong><\/strong><\/strong><\/p>\n<p>Le syst\u00e8me nerveux comprend le cerveau, la moelle \u00e9pini\u00e8re et les nerfs spinaux. Le syst\u00e8me nerveux contr\u00f4le, r\u00e9gule et affecte toutes les fonctions du corps.<\/p>\n<p>Il y a des espaces entre chaque vert\u00e8bre qui permettent aux nerfs, qui sont des extensions de la moelle \u00e9pini\u00e8re, d&#39;alimenter et de relier toutes les parties du corps humain.<\/p>\n<p>Lorsque la colonne vert\u00e9brale est mal align\u00e9e, le syst\u00e8me nerveux est incapable de fonctionner comme il le devrait, ce qui entra\u00eene divers sympt\u00f4mes et maladies.<\/p>\n<p>Des ann\u00e9es de recherche clinique ont montr\u00e9 que de nombreux probl\u00e8mes associ\u00e9s au d\u00e9salignement de la colonne vert\u00e9brale et \u00e0 leurs cons\u00e9quences peuvent \u00eatre associ\u00e9s \u00e0 la vert\u00e8bre atlas, le haut du col de l&#39;ut\u00e9rus.<\/p>\n<p>Depuis plus d&#39;un demi-si\u00e8cle, cette technique est utilis\u00e9e avec succ\u00e8s en Am\u00e9rique du Nord pour le traitement des vertiges et des \u00e9tourdissements<\/p>\n<p>En repositionnant le segment cervical de la colonne vert\u00e9brale dans son bon alignement, le cr\u00e2ne est remis dans sa position correcte par rapport \u00e0 l&#39;atlas et aux autres vert\u00e8bres cervicales. Cela r\u00e9duira la pression sur les nerfs et am\u00e9liorera la circulation sanguine vers le cerveau, att\u00e9nuant ainsi les maux de t\u00eate. Cela est fait apr\u00e8s une analyse pr\u00e9cise bas\u00e9e sur des calculs math\u00e9matiques. \u00c0 l&#39;aide d&#39;un instrument sp\u00e9cial, le rachis cervical est corrig\u00e9 de mani\u00e8re indolore et non invasive. <br \/>Ce traitement unique, sp\u00e9cialement adapt\u00e9 \u00e0 chaque patient, pr\u00e9sente des avantages majeurs\u00a0: il permet d&#39;\u00e9viter tous les risques li\u00e9s \u00e0 la chirurgie et les effets secondaires des m\u00e9dicaments.<\/p>\n<\/div>\n<h3 class=\"uk-h3 uk-text-primary\">M\u00c9DICATION<\/h3>\n<div class=\"uk-panel uk-margin\">\n<p>Les m\u00e9dicaments peuvent inclure des AINS (anti-inflammatoires non st\u00e9ro\u00efdiens) tels que l&#39;aspirine, l&#39;ibuprof\u00e8ne et l&#39;ac\u00e9taminoph\u00e8ne (Tylenol). Des triptans, des opio\u00efdes ou des glucocortico\u00efdes peuvent \u00e9galement \u00eatre utilis\u00e9s.<\/p>\n<p>Tous les m\u00e9dicaments peuvent avoir des effets ind\u00e9sirables majeurs tels que des ulc\u00e8res, des saignements gastro-intestinaux et des probl\u00e8mes r\u00e9naux. Il convient de faire particuli\u00e8rement attention \u00e0 l&#39;aspirine lorsqu&#39;elle est prescrite \u00e0 des enfants, car elle peut provoquer le syndrome de Reye et entra\u00eener le coma ou la mort.<\/p>\n<p>La surconsommation de m\u00e9dicaments (c&#39;est-\u00e0-dire le d\u00e9passement de la posologie ou de la fr\u00e9quence) peut provoquer des c\u00e9phal\u00e9es remontantes caract\u00e9ris\u00e9es par des crises plus fr\u00e9quentes et une s\u00e9v\u00e9rit\u00e9 accrues.<\/p>\n<p>Pour r\u00e9duire la fr\u00e9quence des migraines, les personnes peuvent prendre des m\u00e9dicaments pr\u00e9ventifs tels que des b\u00eatabloquants ou des antid\u00e9presseurs. Pour r\u00e9duire les crises de migraine, les personnes doivent \u00e9viter les facteurs tels que le stress, l&#39;alcool, les fromages affin\u00e9s, le je\u00fbne, le manque de sommeil, etc.<\/p>\n<p>Les c\u00e9phal\u00e9es en grappe peuvent \u00e9galement \u00eatre soulag\u00e9es en inhalant de l&#39;oxyg\u00e8ne \u00e0 l&#39;aide d&#39;un masque (mais ce n&#39;est pas tr\u00e8s pratique car les gens devraient emporter une bouteille d&#39;oxyg\u00e8ne avec eux).<\/p>\n<p><em>ACUPUNCTURE, BIOFEEDBACK, TECHNIQUES DE RELAXATION<\/em><\/p>\n<\/div>\n\t\t\t\t\t\t<\/div>\n\t\t\t\t<\/div>\n\t\t\t\t\t<\/div>\r\n\t\t\t\t<\/div>\r\n\t\t\t\t\t<\/div>\r\n\t\t\t\t<\/section>\r\n\t\t\t\t<\/div>\n\t\t","protected":false},"excerpt":{"rendered":"<p>maux de t\u00eate Les maux de t\u00eate (c\u00e9phal\u00e9es) et les maux de dos sont \u00e0 l&#39;origine de la plupart des visites chez le m\u00e9decin. Les maux de t\u00eate sont courants dans la population en g\u00e9n\u00e9ral et mettent rarement la vie en danger. Un certain nombre de cas de maux de t\u00eate peuvent \u00eatre dus \u00e0 [&hellip;]<\/p>\n","protected":false},"author":1,"featured_media":0,"parent":0,"menu_order":0,"comment_status":"closed","ping_status":"closed","template":"","meta":{"footnotes":""},"class_list":["post-8789","page","type-page","status-publish","hentry"],"_links":{"self":[{"href":"https:\/\/saba.isoladev.com\/fr\/wp-json\/wp\/v2\/pages\/8789"}],"collection":[{"href":"https:\/\/saba.isoladev.com\/fr\/wp-json\/wp\/v2\/pages"}],"about":[{"href":"https:\/\/saba.isoladev.com\/fr\/wp-json\/wp\/v2\/types\/page"}],"author":[{"embeddable":true,"href":"https:\/\/saba.isoladev.com\/fr\/wp-json\/wp\/v2\/users\/1"}],"replies":[{"embeddable":true,"href":"https:\/\/saba.isoladev.com\/fr\/wp-json\/wp\/v2\/comments?post=8789"}],"version-history":[{"count":1,"href":"https:\/\/saba.isoladev.com\/fr\/wp-json\/wp\/v2\/pages\/8789\/revisions"}],"predecessor-version":[{"id":8792,"href":"https:\/\/saba.isoladev.com\/fr\/wp-json\/wp\/v2\/pages\/8789\/revisions\/8792"}],"wp:attachment":[{"href":"https:\/\/saba.isoladev.com\/fr\/wp-json\/wp\/v2\/media?parent=8789"}],"curies":[{"name":"wp","href":"https:\/\/api.w.org\/{rel}","templated":true}]}}