{"id":8785,"date":"2024-03-17T16:44:05","date_gmt":"2024-03-17T16:44:05","guid":{"rendered":"https:\/\/saba.isoladev.com\/etourdissements-et-vertiges\/"},"modified":"2024-05-07T11:38:51","modified_gmt":"2024-05-07T11:38:51","slug":"etourdissements-et-vertiges","status":"publish","type":"page","link":"https:\/\/saba.isoladev.com\/fr\/etourdissements-et-vertiges\/","title":{"rendered":"\u00c9tourdissements et vertiges"},"content":{"rendered":"\t\t<div data-elementor-type=\"wp-page\" data-elementor-id=\"8785\" class=\"elementor elementor-8785 elementor-7034\" data-elementor-post-type=\"page\">\n\t\t\t\t\t\t<section class=\"elementor-section elementor-top-section elementor-element elementor-element-474c644 push-top push-bottom elementor-section-boxed elementor-section-height-default elementor-section-height-default\" data-id=\"474c644\" data-element_type=\"section\">\r\n\t\t\r\n\t\t\t\t\t\t\t<div class=\"elementor-container elementor-column-gap-default\">\r\n\t\t\t\t\t\t\t\t\t\t\t<div class=\"elementor-column elementor-col-100 elementor-top-column elementor-element elementor-element-af06b1b\" data-id=\"af06b1b\" data-element_type=\"column\">\r\n\t\t\t\t\t<div class=\"elementor-widget-wrap elementor-element-populated\">\r\n\t\t\t\t\t\t\t\t<div class=\"elementor-element elementor-element-b9b58ea mb-0 elementor-invisible elementor-widget elementor-widget-heading\" data-id=\"b9b58ea\" data-element_type=\"widget\" data-settings=\"{&quot;_animation&quot;:&quot;fadeInUp&quot;,&quot;_animation_delay&quot;:&quot;300&quot;}\" data-widget_type=\"heading.default\">\n\t\t\t\t<div class=\"elementor-widget-container\">\n\t\t\t<style>\/*! elementor - v3.21.0 - 26-05-2024 *\/\n.elementor-heading-title{padding:0;margin:0;line-height:1}.elementor-widget-heading .elementor-heading-title[class*=elementor-size-]>a{color:inherit;font-size:inherit;line-height:inherit}.elementor-widget-heading .elementor-heading-title.elementor-size-small{font-size:15px}.elementor-widget-heading .elementor-heading-title.elementor-size-medium{font-size:19px}.elementor-widget-heading .elementor-heading-title.elementor-size-large{font-size:29px}.elementor-widget-heading .elementor-heading-title.elementor-size-xl{font-size:39px}.elementor-widget-heading .elementor-heading-title.elementor-size-xxl{font-size:59px}<\/style><h2 class=\"elementor-heading-title elementor-size-default\">\u00c9tourdissements\u00a0\\ Vertiges<\/h2>\t\t<\/div>\n\t\t\t\t<\/div>\n\t\t\t\t<div class=\"elementor-element elementor-element-832b372 elementor-invisible elementor-widget elementor-widget-text-editor\" data-id=\"832b372\" data-element_type=\"widget\" data-settings=\"{&quot;_animation&quot;:&quot;fadeInUp&quot;}\" data-widget_type=\"text-editor.default\">\n\t\t\t\t<div class=\"elementor-widget-container\">\n\t\t\t<style>\/*! elementor - v3.21.0 - 26-05-2024 *\/\n.elementor-widget-text-editor.elementor-drop-cap-view-stacked .elementor-drop-cap{background-color:#69727d;color:#fff}.elementor-widget-text-editor.elementor-drop-cap-view-framed .elementor-drop-cap{color:#69727d;border:3px solid;background-color:transparent}.elementor-widget-text-editor:not(.elementor-drop-cap-view-default) .elementor-drop-cap{margin-top:8px}.elementor-widget-text-editor:not(.elementor-drop-cap-view-default) .elementor-drop-cap-letter{width:1em;height:1em}.elementor-widget-text-editor .elementor-drop-cap{float:left;text-align:center;line-height:1;font-size:50px}.elementor-widget-text-editor .elementor-drop-cap-letter{display:inline-block}<\/style>\t\t\t\t<div class=\"uk-panel uk-margin\">\n<p lang=\"fr\">Une grande partie de la population souffre de vertiges apr\u00e8s l&#39;\u00e2ge de 40 ans.<\/p>\n<p>Les \u00e9tourdissements, les vertiges, les migraines et autres types de maux de t\u00eate, les cervicalgies et les maux de dos peuvent \u00eatre caus\u00e9s par un d\u00e9salignement du segment cervical sup\u00e9rieur de la colonne vert\u00e9brale, comme nous l&#39;expliquerons plus loin.<\/p>\n<p lang=\"fr\">Les \u00e9tourdissements sont un terme g\u00e9n\u00e9ral qui d\u00e9crit les probl\u00e8mes d&#39;\u00e9quilibre, le manque de coordination lors de la marche, les \u00e9tourdissements ou les \u00e9vanouissements.<\/p>\n<p>Le vertige est une sensation pr\u00e9cise selon laquelle l&#39;environnement tourne par rapport \u00e0 soi, ou que l&#39;on tourne par rapport \u00e0 l&#39;environnement.<\/p>\n<p><img fetchpriority=\"high\" decoding=\"async\" class=\"size-medium wp-image-7549 alignleft\" src=\"https:\/\/saba.isoladev.com\/wp-content\/uploads\/2024\/04\/captivating-scanner-shots-human-pain-revealed-300x300.jpg\" alt=\"\" width=\"300\" height=\"300\" \/><\/p>\n<p lang=\"fr\">Le vertige est le signe d&#39;un probl\u00e8me vestibulaire (structures de l&#39;oreille interne responsables de l&#39;\u00e9quilibre) ou d&#39;un probl\u00e8me du syst\u00e8me nerveux central (cerveau et moelle \u00e9pini\u00e8re), tandis que les \u00e9tourdissements peuvent \u00eatre le signe d&#39;un probl\u00e8me vestibulaire ou d&#39;un large \u00e9ventail d&#39;autres probl\u00e8mes (probl\u00e8mes cardiovasculaires, neurologiques, visuels et psychologiques)<\/p>\n<p lang=\"fr\">L&#39;\u00e9quilibre est maintenu lorsque les syst\u00e8mes vestibulaire, visuel et proprioceptif (relatifs \u00e0 la perception de la position du corps, de la posture, de l&#39;\u00e9quilibre et des mouvements) du corps sont bien coordonn\u00e9s.<\/p>\n<p lang=\"fr\">Ces syst\u00e8mes fonctionnent ensemble pour maintenir l&#39;\u00e9quilibre et d\u00e9terminer o\u00f9 se trouve le corps dans l&#39;espace. Les signaux contradictoires entre ces syst\u00e8mes peuvent provoquer des \u00e9tourdissements ou des vertiges.<\/p>\n<p lang=\"fr\">Le cerveau interpr\u00e8te en permanence toutes les informations provenant de notre syst\u00e8me vestibulaire, visuel et proprioceptif pour maintenir l&#39;\u00e9quilibre de notre corps, et envoie des informations aux yeux ou aux muscles pour maintenir ou corriger notre \u00e9quilibre.<\/p>\n<p lang=\"fr\">Le vertige peut \u00eatre d\u00fb \u00e0 une cause p\u00e9riph\u00e9rique (terme qui fait r\u00e9f\u00e9rence aux probl\u00e8mes de l&#39;oreille interne) ou \u00e0 une cause centrale (terme qui fait r\u00e9f\u00e9rence au syst\u00e8me nerveux central, c&#39;est-\u00e0-dire au cerveau et \u00e0 la moelle \u00e9pini\u00e8re).<\/p>\n<\/div>\n<h3 class=\"uk-h3 uk-text-primary\">Les causes les plus fr\u00e9quentes de vertiges p\u00e9riph\u00e9riques\u00a0:<\/h3>\n<div class=\"uk-panel uk-margin\">\n<ul>\n<li>\n<p lang=\"fr\">Vertige positionnel paroxystique b\u00e9nin (BPPV)\u00a0: Le BPPV est caus\u00e9 par de petits cristaux de carbonate de calcium qui se d\u00e9tachent de leur emplacement normal et s&#39;accumulent dans l&#39;un des canaux de l&#39;oreille interne. Cela est g\u00e9n\u00e9ralement caus\u00e9 par un traumatisme cr\u00e2nien, mais cela peut aussi \u00eatre d\u00fb \u00e0 une d\u00e9g\u00e9n\u00e9rescence des cellules cili\u00e9es de l&#39;oreille interne, \u00e0 un alitement prolong\u00e9, \u00e0 une chirurgie de l&#39;oreille ou au processus de vieillissement. Il n&#39;y a g\u00e9n\u00e9ralement pas de surdit\u00e9. <br \/>Le BPPV est g\u00e9n\u00e9ralement provoqu\u00e9 par un mouvement de la t\u00eate et il est g\u00e9n\u00e9ralement de courte dur\u00e9e.<\/p>\n<\/li>\n<\/ul>\n<ul>\n<li>\n<p lang=\"fr\">N\u00e9vrite vestibulaire et labyrinthite\u00a0: inflammation du nerf vestibulaire ou des structures de l&#39;oreille interne provoqu\u00e9e par une bact\u00e9rie ou, plus souvent, par un virus. Les vertiges s\u00e9v\u00e8res s&#39;accompagnent g\u00e9n\u00e9ralement de naus\u00e9es et de vomissements. La n\u00e9vrite vestibulaire n&#39;est g\u00e9n\u00e9ralement pas accompagn\u00e9e d&#39;une perte auditive, tandis que la labyrinthite peut \u00eatre associ\u00e9e \u00e0 une perte auditive, bien que ce soit g\u00e9n\u00e9ralement temporaire.<\/p>\n<\/li>\n<li>\n<p lang=\"fr\">Maladie de M\u00e9ni\u00e8re\u00a0: la cause est inconnue. Une grande quantit\u00e9 de liquide s&#39;accumule dans l&#39;oreille interne. Les sympt\u00f4mes incluent des crises de vertige s\u00e9v\u00e8res et soudaines, des acouph\u00e8nes (bourdonnements d&#39;oreille), une sensation de sati\u00e9t\u00e9, une perte auditive temporaire ou permanente.<\/p>\n<\/li>\n<\/ul>\n<p><img decoding=\"async\" class=\"size-medium wp-image-7544 aligncenter\" src=\"https:\/\/saba.isoladev.com\/wp-content\/uploads\/2024\/04\/24237641_6911275-300x300.jpg\" alt=\"\" width=\"300\" height=\"300\" \/><\/p>\n<\/div>\n<h3 class=\"uk-h3 uk-text-primary\">Causes du vertige central (vertiges dus \u00e0 des l\u00e9sions du syst\u00e8me nerveux central)\u00a0:<\/h3>\n<div class=\"uk-panel uk-margin\">\n<ul>\n<li>\n<p lang=\"fr\"><strong>vertiges li\u00e9s \u00e0 la migraine<\/strong><\/p>\n<\/li>\n<li>\n<p lang=\"fr\">insuffisance vert\u00e9brobasilaire transitoire\u00a0: l&#39;apport sanguin au labyrinthe provient du syst\u00e8me vert\u00e9brobasilaire. Une d\u00e9faillance de l&#39;apport sanguin au tronc c\u00e9r\u00e9bral et au nerf cr\u00e2nien VIII (\u00e9galement connu sous le nom de nerf vestibulaire-cochl\u00e9aire, qui transmet les informations de l&#39;oreille interne au cerveau et est responsable \u00e0 la fois de l&#39;audition et de l&#39;\u00e9quilibre) peut provoquer des vertiges.<\/p>\n<\/li>\n<li>\n<p lang=\"fr\">vertige cervicog\u00e8ne\u00a0: le vertige cervicog\u00e8ne est diagnostiqu\u00e9 lorsque les autres causes de vertige ont \u00e9t\u00e9 exclues. Elle est associ\u00e9e \u00e0 une pathologie du cou (spondylose cervicale, arthrose) et est souvent caus\u00e9e par des traumatismes cr\u00e2niens tels que des accidents de la route. Les mouvements de la t\u00eate aggravent g\u00e9n\u00e9ralement les sympt\u00f4mes. Il y a souvent un chevauchement entre les causes cervicog\u00e8nes et les autres causes de vertiges p\u00e9riph\u00e9riques.<\/p>\n<\/li>\n<\/ul>\n<ul>\n<li>\n<p lang=\"fr\">neurinome acoustique\u00a0: tumeur non b\u00e9nigne du nerf vestibulocochl\u00e9aire caract\u00e9ris\u00e9e par une surdit\u00e9 g\u00e9n\u00e9ralement unilat\u00e9rale, des acouph\u00e8nes (bourdonnements d&#39;oreille), des \u00e9tourdissements et des vertiges. La tumeur peut \u00eatre retir\u00e9e chirurgicalement.<\/p>\n<\/li>\n<li>\n<p lang=\"fr\">L&#39;autre cause de vertige central peut \u00eatre un AIT (accident isch\u00e9mique transitoire), un accident vasculaire c\u00e9r\u00e9bral, la scl\u00e9rose en plaques ou la maladie de Parkinson.<\/p>\n<\/li>\n<\/ul>\n<\/div>\n<h3 class=\"uk-h3 uk-text-primary\">TRAITEMENT DES VERTIGES<\/h3>\n<div class=\"uk-panel uk-margin\">\n<p><em>UN NOUVEAU TRAITEMENT INDOLORE ET NON INVASIF\u00a0: LA TECHNIQUE CHIROPRATIQUE ORTHONGONALE ATLAS.<\/em><\/p>\n<p>Comme indiqu\u00e9 ci-dessus, l&#39;une des causes des \u00e9tourdissements et des vertiges est le d\u00e9salignement du cr\u00e2ne, de la premi\u00e8re vert\u00e8bre cervicale et du segment cervical de la colonne vert\u00e9brale, qui entra\u00eene une courbure anormale de la colonne vert\u00e9brale. Cela peut perturber l&#39;\u00e9quilibre d\u00e9licat entre les syst\u00e8mes vestibulaire, visuel et proprioceptif du corps, provoquant des \u00e9tourdissements et des vertiges.<\/p>\n<p>Outre la fonction du syst\u00e8me vestibulaire qui consiste \u00e0 maintenir l&#39;\u00e9quilibre, les propriocepteurs (r\u00e9cepteurs sensoriels qui d\u00e9tectent le mouvement ou la position du corps) jouent un r\u00f4le majeur dans le maintien d&#39;une stabilit\u00e9 optimale.<\/p>\n<p>Lorsque la premi\u00e8re vert\u00e8bre cervicale d\u00e9vie de sa position, la t\u00eate s&#39;incline. En cons\u00e9quence, le rachis cervical se d\u00e9place, essayant de contrebalancer et de supporter le poids de la t\u00eate. Cela provoquera une courbure aberrante de la colonne vert\u00e9brale et divers sympt\u00f4mes tels que des \u00e9tourdissements ou des vertiges, des maux de t\u00eate et des maux de dos.<\/p>\n<p lang=\"fr\">Cet effort continu cr\u00e9era un stress et une tension m\u00e9caniques dans tout le corps et peut provoquer divers sympt\u00f4mes tels que maux de t\u00eate, vertiges, maux de dos.<\/p>\n<p lang=\"fr\">Le syst\u00e8me nerveux comprend le cerveau, la moelle \u00e9pini\u00e8re et les nerfs spinaux. Le syst\u00e8me nerveux contr\u00f4le, r\u00e9gule et affecte toutes les fonctions du corps.<\/p>\n<p>Il y a des espaces entre chaque vert\u00e8bre qui permettent aux nerfs, qui sont des extensions de la moelle \u00e9pini\u00e8re, d&#39;alimenter et de relier toutes les parties du corps humain.<\/p>\n<p>Lorsque la colonne vert\u00e9brale est mal align\u00e9e, le syst\u00e8me nerveux est incapable de fonctionner comme il le devrait, ce qui entra\u00eene divers sympt\u00f4mes et maladies.<\/p>\n<p lang=\"fr\">Des ann\u00e9es de recherche clinique ont montr\u00e9 que de nombreux probl\u00e8mes associ\u00e9s au d\u00e9salignement de la colonne vert\u00e9brale et \u00e0 leurs cons\u00e9quences peuvent \u00eatre associ\u00e9s \u00e0 la vert\u00e8bre atlas, la partie sup\u00e9rieure du col de l&#39;ut\u00e9rus.<\/p>\n<p>Depuis plus d&#39;un demi-si\u00e8cle, cette technique est utilis\u00e9e avec succ\u00e8s en Am\u00e9rique du Nord pour le traitement des vertiges et des \u00e9tourdissements<\/p>\n<p>En repositionnant le segment cervical de la colonne vert\u00e9brale dans son bon alignement, le reste de la colonne vert\u00e9brale sera mieux positionn\u00e9 biom\u00e9caniquement et la tension sur la colonne vert\u00e9brale diminuera progressivement. <br \/>Cela se fait apr\u00e8s une analyse pr\u00e9cise avec des calculs math\u00e9matiques. \u00c0 l&#39;aide d&#39;un instrument sp\u00e9cial, le rachis cervical est corrig\u00e9 de mani\u00e8re indolore et non invasive. <br \/>Ce traitement unique, sp\u00e9cialement adapt\u00e9 \u00e0 chaque patient, pr\u00e9sente des avantages majeurs\u00a0: il permet d&#39;\u00e9viter tous les risques li\u00e9s \u00e0 la chirurgie et les effets secondaires des m\u00e9dicaments.<\/p>\n<p>Souvent masqu\u00e9 par d&#39;autres formes concomitantes de vertiges, le vertige \u00ab\u00a0cervicog\u00e8ne\u00a0\u00bb, lorsqu&#39;il est trait\u00e9 selon cette approche innovante, entra\u00eene une am\u00e9lioration majeure des sympt\u00f4mes vertigineux dans leur ensemble.<\/p>\n<p>-Le traitement du vertige positionnel paroxystique b\u00e9nin (BPPV) consiste en une s\u00e9rie de mouvements de la t\u00eate et du corps pour faire sortir les cristaux de carbonate de calcium du canal.<\/p>\n<p>\u2014 La n\u00e9vrite vestibulaire et la labyrinthite disparaissent g\u00e9n\u00e9ralement d&#39;elles-m\u00eames au repos. En cas d&#39;infection bact\u00e9rienne, des antibiotiques sont prescrits. Si l&#39;infection est virale, des s\u00e9datifs ou des antihistaminiques peuvent \u00eatre prescrits. La r\u00e9\u00e9ducation vestibulaire (exercices de r\u00e9\u00e9ducation pour retrouver l&#39;\u00e9quilibre) peut \u00e9galement contribuer \u00e0 att\u00e9nuer les sympt\u00f4mes.<\/p>\n<p>\u2014 En cas de syndrome de M\u00e9ni\u00e8re, des s\u00e9datifs ou des antihistaminiques peuvent \u00eatre prescrits et une r\u00e9\u00e9ducation vestibulaire (exercice de r\u00e9\u00e9ducation pour retrouver l&#39;\u00e9quilibre) peut aider \u00e0 att\u00e9nuer les sympt\u00f4mes.<\/p>\n<\/div>\n\t\t\t\t\t\t<\/div>\n\t\t\t\t<\/div>\n\t\t\t\t\t<\/div>\r\n\t\t\t\t<\/div>\r\n\t\t\t\t\t<\/div>\r\n\t\t\t\t<\/section>\r\n\t\t\t\t<\/div>\n\t\t","protected":false},"excerpt":{"rendered":"<p>\u00c9tourdissements\u00a0 Vertiges Une grande partie de la population souffre de vertiges apr\u00e8s l&#39;\u00e2ge de 40 ans. Les \u00e9tourdissements, les vertiges, les migraines et autres types de maux de t\u00eate, les cervicalgies et les maux de dos peuvent \u00eatre caus\u00e9s par un d\u00e9salignement du segment cervical sup\u00e9rieur de la colonne vert\u00e9brale, comme nous l&#39;expliquerons plus loin. [&hellip;]<\/p>\n","protected":false},"author":1,"featured_media":0,"parent":0,"menu_order":0,"comment_status":"closed","ping_status":"closed","template":"","meta":{"footnotes":""},"class_list":["post-8785","page","type-page","status-publish","hentry"],"_links":{"self":[{"href":"https:\/\/saba.isoladev.com\/fr\/wp-json\/wp\/v2\/pages\/8785"}],"collection":[{"href":"https:\/\/saba.isoladev.com\/fr\/wp-json\/wp\/v2\/pages"}],"about":[{"href":"https:\/\/saba.isoladev.com\/fr\/wp-json\/wp\/v2\/types\/page"}],"author":[{"embeddable":true,"href":"https:\/\/saba.isoladev.com\/fr\/wp-json\/wp\/v2\/users\/1"}],"replies":[{"embeddable":true,"href":"https:\/\/saba.isoladev.com\/fr\/wp-json\/wp\/v2\/comments?post=8785"}],"version-history":[{"count":1,"href":"https:\/\/saba.isoladev.com\/fr\/wp-json\/wp\/v2\/pages\/8785\/revisions"}],"predecessor-version":[{"id":8788,"href":"https:\/\/saba.isoladev.com\/fr\/wp-json\/wp\/v2\/pages\/8785\/revisions\/8788"}],"wp:attachment":[{"href":"https:\/\/saba.isoladev.com\/fr\/wp-json\/wp\/v2\/media?parent=8785"}],"curies":[{"name":"wp","href":"https:\/\/api.w.org\/{rel}","templated":true}]}}