{"id":8775,"date":"2024-03-17T16:37:12","date_gmt":"2024-03-17T16:37:12","guid":{"rendered":"https:\/\/saba.isoladev.com\/alignement-chiropratique\/"},"modified":"2024-05-07T11:38:51","modified_gmt":"2024-05-07T11:38:51","slug":"alignement-chiropratique","status":"publish","type":"page","link":"https:\/\/saba.isoladev.com\/fr\/alignement-chiropratique\/","title":{"rendered":"Alignement chiropratique"},"content":{"rendered":"\t\t<div data-elementor-type=\"wp-page\" data-elementor-id=\"8775\" class=\"elementor elementor-8775 elementor-7020\" data-elementor-post-type=\"page\">\n\t\t\t\t\t\t<section class=\"elementor-section elementor-top-section elementor-element elementor-element-3b81b3b push-top push-bottom elementor-section-boxed elementor-section-height-default elementor-section-height-default\" data-id=\"3b81b3b\" data-element_type=\"section\">\r\n\t\t\r\n\t\t\t\t\t\t\t<div class=\"elementor-container elementor-column-gap-default\">\r\n\t\t\t\t\t\t\t\t\t\t\t<div class=\"elementor-column elementor-col-100 elementor-top-column elementor-element elementor-element-d8ac63d\" data-id=\"d8ac63d\" data-element_type=\"column\">\r\n\t\t\t\t\t<div class=\"elementor-widget-wrap elementor-element-populated\">\r\n\t\t\t\t\t\t\t\t<div class=\"elementor-element elementor-element-a15e5e8 mb-0 elementor-invisible elementor-widget elementor-widget-heading\" data-id=\"a15e5e8\" data-element_type=\"widget\" data-settings=\"{&quot;_animation&quot;:&quot;fadeInUp&quot;,&quot;_animation_delay&quot;:&quot;300&quot;}\" data-widget_type=\"heading.default\">\n\t\t\t\t<div class=\"elementor-widget-container\">\n\t\t\t<style>\/*! elementor - v3.21.0 - 26-05-2024 *\/\n.elementor-heading-title{padding:0;margin:0;line-height:1}.elementor-widget-heading .elementor-heading-title[class*=elementor-size-]>a{color:inherit;font-size:inherit;line-height:inherit}.elementor-widget-heading .elementor-heading-title.elementor-size-small{font-size:15px}.elementor-widget-heading .elementor-heading-title.elementor-size-medium{font-size:19px}.elementor-widget-heading .elementor-heading-title.elementor-size-large{font-size:29px}.elementor-widget-heading .elementor-heading-title.elementor-size-xl{font-size:39px}.elementor-widget-heading .elementor-heading-title.elementor-size-xxl{font-size:59px}<\/style><h2 class=\"elementor-heading-title elementor-size-default\">Les avantages de l&#39;alignement chiropratique<\/h2>\t\t<\/div>\n\t\t\t\t<\/div>\n\t\t\t\t<div class=\"elementor-element elementor-element-e367313 elementor-invisible elementor-widget elementor-widget-text-editor\" data-id=\"e367313\" data-element_type=\"widget\" data-settings=\"{&quot;_animation&quot;:&quot;fadeInUp&quot;}\" data-widget_type=\"text-editor.default\">\n\t\t\t\t<div class=\"elementor-widget-container\">\n\t\t\t<style>\/*! elementor - v3.21.0 - 26-05-2024 *\/\n.elementor-widget-text-editor.elementor-drop-cap-view-stacked .elementor-drop-cap{background-color:#69727d;color:#fff}.elementor-widget-text-editor.elementor-drop-cap-view-framed .elementor-drop-cap{color:#69727d;border:3px solid;background-color:transparent}.elementor-widget-text-editor:not(.elementor-drop-cap-view-default) .elementor-drop-cap{margin-top:8px}.elementor-widget-text-editor:not(.elementor-drop-cap-view-default) .elementor-drop-cap-letter{width:1em;height:1em}.elementor-widget-text-editor .elementor-drop-cap{float:left;text-align:center;line-height:1;font-size:50px}.elementor-widget-text-editor .elementor-drop-cap-letter{display:inline-block}<\/style>\t\t\t\t<p>Au fil des ans, l&#39;alignement chiropratique des subluxations vert\u00e9brales a obtenu des <strong>r\u00e9sultats extr\u00eamement positifs et souvent d\u00e9cisifs<\/strong>, par exemple dans le traitement de <strong>probl\u00e8mes infantiles<\/strong>, dans l&#39;am\u00e9lioration de la qualit\u00e9 de vie des <strong>personnes de plus de 65 ans<\/strong> souffrant d&#39;<strong>arthrose<\/strong> et dans le traitement de diverses <strong>pathologies<\/strong> qui ne sont g\u00e9n\u00e9ralement pas consid\u00e9r\u00e9es comme relevant du domaine des chiropraticiens.<\/p>\n<p><img fetchpriority=\"high\" decoding=\"async\" class=\"alignright wp-image-7384\" src=\"https:\/\/saba.isoladev.com\/wp-content\/uploads\/2024\/04\/column_1.jpg\" alt=\"\" width=\"348\" height=\"450\" \/><\/p>\n<p><strong><strong>Ces r\u00e9sultats vont donc au-del\u00e0 du traitement traditionnel des <strong>affections neuromusculaires et squelettiques<\/strong> (maux de dos, douleurs cervicales, etc.), des <strong>vertiges<\/strong> et autres formes de <strong>d\u00e9s\u00e9quilibre<\/strong> <strong>postural<\/strong>, des <strong>dysfonctionnements de l&#39;articulation temporomandibulaire<\/strong> et de nombreux cas de migraine et d&#39;autres types de maux de t\u00eate.<\/strong><\/strong><\/p>\n<p>L&#39;importance de l&#39;alignement chiropratique de l&#39;atlas dans le traitement de l&#39;hypertension a r\u00e9cemment \u00e9t\u00e9 soulign\u00e9e par le \u00ab\u00a0Journal of Human Hypertension\u00a0\u00bb (comme le rapporte le Corriere della Sera du 29\/04\/07).<\/p>\n<p>Il s&#39;agit d&#39;une reconnaissance importante pour la chiropratique, qui atteste de son efficacit\u00e9 au-del\u00e0 du simple traitement des douleurs au dos et au cou.<\/p>\n<p><strong>Une autre preuve de la validit\u00e9 de cette technique peut \u00eatre trouv\u00e9e dans l&#39;\u00e9tude m\u00e9dico-scientifique publi\u00e9e dans le \u00ab\u00a0Journal of Whiplash &amp; related disorders\u00a0\u00bb, vol. 5 (1) 2006 (Med-Index Journal), qui r\u00e9v\u00e8le les r\u00e9sultats b\u00e9n\u00e9fiques de la technique chiropratique Atlas (A.O.) sur les douleurs cervicales caus\u00e9es par les accidents de la route.<\/strong><\/p>\n<p><strong>Dans ces pathologies, comme dans de nombreuses autres, la technique chiropratique de l&#39;atlas (A.O.) s&#39;est r\u00e9v\u00e9l\u00e9e extr\u00eamement utile.<\/strong><\/p>\n\t\t\t\t\t\t<\/div>\n\t\t\t\t<\/div>\n\t\t\t\t\t<\/div>\r\n\t\t\t\t<\/div>\r\n\t\t\t\t\t<\/div>\r\n\t\t\t\t<\/section>\r\n\t\t\t\t<\/div>\n\t\t","protected":false},"excerpt":{"rendered":"<p>Les avantages de l&#39;alignement chiropratique Au fil des ans, l&#39;alignement chiropratique des subluxations vert\u00e9brales a obtenu des r\u00e9sultats extr\u00eamement positifs et souvent d\u00e9cisifs, par exemple dans le traitement de probl\u00e8mes infantiles, dans l&#39;am\u00e9lioration de la qualit\u00e9 de vie des personnes de plus de 65 ans souffrant d&#39;arthrose et dans le traitement de diverses pathologies qui [&hellip;]<\/p>\n","protected":false},"author":1,"featured_media":0,"parent":0,"menu_order":0,"comment_status":"closed","ping_status":"closed","template":"","meta":{"footnotes":""},"class_list":["post-8775","page","type-page","status-publish","hentry"],"_links":{"self":[{"href":"https:\/\/saba.isoladev.com\/fr\/wp-json\/wp\/v2\/pages\/8775"}],"collection":[{"href":"https:\/\/saba.isoladev.com\/fr\/wp-json\/wp\/v2\/pages"}],"about":[{"href":"https:\/\/saba.isoladev.com\/fr\/wp-json\/wp\/v2\/types\/page"}],"author":[{"embeddable":true,"href":"https:\/\/saba.isoladev.com\/fr\/wp-json\/wp\/v2\/users\/1"}],"replies":[{"embeddable":true,"href":"https:\/\/saba.isoladev.com\/fr\/wp-json\/wp\/v2\/comments?post=8775"}],"version-history":[{"count":1,"href":"https:\/\/saba.isoladev.com\/fr\/wp-json\/wp\/v2\/pages\/8775\/revisions"}],"predecessor-version":[{"id":8777,"href":"https:\/\/saba.isoladev.com\/fr\/wp-json\/wp\/v2\/pages\/8775\/revisions\/8777"}],"wp:attachment":[{"href":"https:\/\/saba.isoladev.com\/fr\/wp-json\/wp\/v2\/media?parent=8775"}],"curies":[{"name":"wp","href":"https:\/\/api.w.org\/{rel}","templated":true}]}}