{"id":8755,"date":"2024-03-13T18:20:05","date_gmt":"2024-03-13T18:20:05","guid":{"rendered":"https:\/\/saba.isoladev.com\/avantages\/"},"modified":"2024-05-07T11:38:51","modified_gmt":"2024-05-07T11:38:51","slug":"avantages","status":"publish","type":"page","link":"https:\/\/saba.isoladev.com\/fr\/avantages\/","title":{"rendered":"Avantages"},"content":{"rendered":"\t\t<div data-elementor-type=\"wp-page\" data-elementor-id=\"8755\" class=\"elementor elementor-8755 elementor-6055\" data-elementor-post-type=\"page\">\n\t\t\t\t<div class=\"elementor-element elementor-element-5e3def8 e-flex e-con-boxed e-con e-parent\" data-id=\"5e3def8\" data-element_type=\"container\">\n\t\t\t\t\t<div class=\"e-con-inner\">\n\t\t\t\t<div class=\"elementor-element elementor-element-866988a elementor-widget elementor-widget-heading\" data-id=\"866988a\" data-element_type=\"widget\" data-widget_type=\"heading.default\">\n\t\t\t\t<div class=\"elementor-widget-container\">\n\t\t\t<style>\/*! elementor - v3.21.0 - 26-05-2024 *\/\n.elementor-heading-title{padding:0;margin:0;line-height:1}.elementor-widget-heading .elementor-heading-title[class*=elementor-size-]>a{color:inherit;font-size:inherit;line-height:inherit}.elementor-widget-heading .elementor-heading-title.elementor-size-small{font-size:15px}.elementor-widget-heading .elementor-heading-title.elementor-size-medium{font-size:19px}.elementor-widget-heading .elementor-heading-title.elementor-size-large{font-size:29px}.elementor-widget-heading .elementor-heading-title.elementor-size-xl{font-size:39px}.elementor-widget-heading .elementor-heading-title.elementor-size-xxl{font-size:59px}<\/style><h2 class=\"elementor-heading-title elementor-size-default\">Comment fonctionne le traitement<\/h2>\t\t<\/div>\n\t\t\t\t<\/div>\n\t\t\t\t<div class=\"elementor-element elementor-element-615016c elementor-widget elementor-widget-text-editor\" data-id=\"615016c\" data-element_type=\"widget\" data-widget_type=\"text-editor.default\">\n\t\t\t\t<div class=\"elementor-widget-container\">\n\t\t\t<style>\/*! elementor - v3.21.0 - 26-05-2024 *\/\n.elementor-widget-text-editor.elementor-drop-cap-view-stacked .elementor-drop-cap{background-color:#69727d;color:#fff}.elementor-widget-text-editor.elementor-drop-cap-view-framed .elementor-drop-cap{color:#69727d;border:3px solid;background-color:transparent}.elementor-widget-text-editor:not(.elementor-drop-cap-view-default) .elementor-drop-cap{margin-top:8px}.elementor-widget-text-editor:not(.elementor-drop-cap-view-default) .elementor-drop-cap-letter{width:1em;height:1em}.elementor-widget-text-editor .elementor-drop-cap{float:left;text-align:center;line-height:1;font-size:50px}.elementor-widget-text-editor .elementor-drop-cap-letter{display:inline-block}<\/style>\t\t\t\t<p>Le Dr Saba-Sayah utilise une technologie de pointe et des techniques chiropratiques efficaces pour traiter le jambon de ses patients dans le monde entier. Elle est l&#39;une des trois sp\u00e9cialistes en Europe qui pratiquent cette technique, appel\u00e9e technique AO. Depuis plus d&#39;un demi-si\u00e8cle, cette technique est utilis\u00e9e avec succ\u00e8s en Am\u00e9rique du Nord pour le traitement de la cervicalgie.<\/p>\n\t\t\t\t\t\t<\/div>\n\t\t\t\t<\/div>\n\t\t\t\t\t<\/div>\n\t\t\t\t<\/div>\n\t\t\t\t<section class=\"elementor-section elementor-top-section elementor-element elementor-element-484bc5b elementor-section-boxed elementor-section-height-default elementor-section-height-default\" data-id=\"484bc5b\" data-element_type=\"section\" data-settings=\"{&quot;background_background&quot;:&quot;classic&quot;}\">\r\n\t\t\r\n\t\t\t\t\t\t\t<div class=\"elementor-container elementor-column-gap-default\">\r\n\t\t\t\t\t\t\t\t\t\t\t<div class=\"elementor-column elementor-col-33 elementor-top-column elementor-element elementor-element-b652dd5\" data-id=\"b652dd5\" data-element_type=\"column\">\r\n\t\t\t\t\t<div class=\"elementor-widget-wrap elementor-element-populated\">\r\n\t\t\t\t\t\t<div class=\"elementor-element elementor-element-c4e8efb e-con-full e-flex e-con e-child\" data-id=\"c4e8efb\" data-element_type=\"container\">\n\t\t\t\t<div class=\"elementor-element elementor-element-6d2a28d elementor-widget elementor-widget-image\" data-id=\"6d2a28d\" data-element_type=\"widget\" data-widget_type=\"image.default\">\n\t\t\t\t<div class=\"elementor-widget-container\">\n\t\t\t<style>\/*! elementor - v3.21.0 - 26-05-2024 *\/\n.elementor-widget-image{text-align:center}.elementor-widget-image a{display:inline-block}.elementor-widget-image a img[src$=\".svg\"]{width:48px}.elementor-widget-image img{vertical-align:middle;display:inline-block}<\/style>\t\t\t\t\t\t\t\t\t\t<img fetchpriority=\"high\" decoding=\"async\" width=\"300\" height=\"300\" src=\"https:\/\/saba.isoladev.com\/wp-content\/uploads\/2024\/03\/cervicalgia_treatment3-300x300.png\" class=\"attachment-medium size-medium wp-image-7243\" alt=\"\" \/>\t\t\t\t\t\t\t\t\t\t\t\t\t<\/div>\n\t\t\t\t<\/div>\n\t\t\t\t<\/div>\n\t\t\t\t\t<\/div>\r\n\t\t\t\t<\/div>\r\n\t\t\t\t<div class=\"elementor-column elementor-col-66 elementor-top-column elementor-element elementor-element-ad354af\" data-id=\"ad354af\" data-element_type=\"column\">\r\n\t\t\t\t\t<div class=\"elementor-widget-wrap elementor-element-populated\">\r\n\t\t\t\t\t\t<div class=\"elementor-element elementor-element-5ff6fe9 e-con-full e-flex e-con e-child\" data-id=\"5ff6fe9\" data-element_type=\"container\">\n\t\t\t\t<div class=\"elementor-element elementor-element-be5ecd3 elementor-widget elementor-widget-heading\" data-id=\"be5ecd3\" data-element_type=\"widget\" data-widget_type=\"heading.default\">\n\t\t\t\t<div class=\"elementor-widget-container\">\n\t\t\t<h2 class=\"elementor-heading-title elementor-size-default\">Traitement de la cervicalgie<\/h2>\t\t<\/div>\n\t\t\t\t<\/div>\n\t\t\t\t<div class=\"elementor-element elementor-element-724eb12 elementor-widget elementor-widget-text-editor\" data-id=\"724eb12\" data-element_type=\"widget\" data-widget_type=\"text-editor.default\">\n\t\t\t\t<div class=\"elementor-widget-container\">\n\t\t\t\t\t\t\t<p>Le Dr Saba-Sayah utilise une technologie de pointe et des techniques chiropratiques efficaces pour traiter le jambon de ses patients dans le monde entier. Elle est l&#39;une des trois sp\u00e9cialistes en Europe qui pratiquent cette technique, appel\u00e9e technique AO. Depuis plus d&#39;un demi-si\u00e8cle, cette technique est utilis\u00e9e avec succ\u00e8s en Am\u00e9rique du Nord pour le traitement de la cervicalgie.<\/p>\n\t\t\t\t\t\t<\/div>\n\t\t\t\t<\/div>\n\t\t\t\t<div class=\"elementor-element elementor-element-17b64fb elementor-widget elementor-widget-porto_button\" data-id=\"17b64fb\" data-element_type=\"widget\" data-widget_type=\"porto_button.default\">\n\t\t\t\t<div class=\"elementor-widget-container\">\n\t\t\t<a aria-label=\"button\" class=\"btn btn-xl btn-primary\" href=\"https:\/\/saba.isoladev.com\/new-patients\/\"><span >Prenez rendez-vous d\u00e8s maintenant<\/span><\/a>\t\t<\/div>\n\t\t\t\t<\/div>\n\t\t\t\t<\/div>\n\t\t\t\t\t<\/div>\r\n\t\t\t\t<\/div>\r\n\t\t\t\t\t<\/div>\r\n\t\t\t\t<\/section>\r\n\t\t\t\t<section class=\"elementor-section elementor-top-section elementor-element elementor-element-060ad7e elementor-section-boxed elementor-section-height-default elementor-section-height-default\" data-id=\"060ad7e\" data-element_type=\"section\" data-settings=\"{&quot;background_background&quot;:&quot;classic&quot;}\">\r\n\t\t\r\n\t\t\t\t\t\t\t<div class=\"elementor-container elementor-column-gap-default\">\r\n\t\t\t\t\t\t\t\t\t\t\t<div class=\"elementor-column elementor-col-33 elementor-top-column elementor-element elementor-element-5b0cb9d\" data-id=\"5b0cb9d\" data-element_type=\"column\">\r\n\t\t\t\t\t<div class=\"elementor-widget-wrap elementor-element-populated\">\r\n\t\t\t\t\t\t<div class=\"elementor-element elementor-element-1b7baea e-con-full e-flex e-con e-child\" data-id=\"1b7baea\" data-element_type=\"container\">\n\t\t\t\t<div class=\"elementor-element elementor-element-d8906ce elementor-widget elementor-widget-image\" data-id=\"d8906ce\" data-element_type=\"widget\" data-widget_type=\"image.default\">\n\t\t\t\t<div class=\"elementor-widget-container\">\n\t\t\t\t\t\t\t\t\t\t\t\t\t<img decoding=\"async\" width=\"295\" height=\"295\" src=\"https:\/\/saba.isoladev.com\/wp-content\/uploads\/2024\/03\/headache_treatment.png\" class=\"attachment-medium size-medium wp-image-6206\" alt=\"\" \/>\t\t\t\t\t\t\t\t\t\t\t\t\t<\/div>\n\t\t\t\t<\/div>\n\t\t\t\t<\/div>\n\t\t\t\t\t<\/div>\r\n\t\t\t\t<\/div>\r\n\t\t\t\t<div class=\"elementor-column elementor-col-66 elementor-top-column elementor-element elementor-element-3ced770\" data-id=\"3ced770\" data-element_type=\"column\">\r\n\t\t\t\t\t<div class=\"elementor-widget-wrap elementor-element-populated\">\r\n\t\t\t\t\t\t<div class=\"elementor-element elementor-element-0c36a6c e-con-full e-flex e-con e-child\" data-id=\"0c36a6c\" data-element_type=\"container\">\n\t\t\t\t<div class=\"elementor-element elementor-element-f9968ae elementor-widget elementor-widget-heading\" data-id=\"f9968ae\" data-element_type=\"widget\" data-widget_type=\"heading.default\">\n\t\t\t\t<div class=\"elementor-widget-container\">\n\t\t\t<h2 class=\"elementor-heading-title elementor-size-default\">Traitement contre les maux de t\u00eate Miragraine<\/h2>\t\t<\/div>\n\t\t\t\t<\/div>\n\t\t\t\t<div class=\"elementor-element elementor-element-8e9752f elementor-widget elementor-widget-text-editor\" data-id=\"8e9752f\" data-element_type=\"widget\" data-widget_type=\"text-editor.default\">\n\t\t\t\t<div class=\"elementor-widget-container\">\n\t\t\t\t\t\t\t<p><span style=\"font-size: 14px;\">Un traitement non invasif et indolore pour les maux de t\u00eate et les migraines. De temps en temps, les r\u00e9sultats sont imm\u00e9diats et spectaculaires, sans intervention chirurgicale ni m\u00e9dicaments. M\u00eame si relativement peu de m\u00e9decins ont une connaissance approfondie de la technique chiropratique orthogonale de l&#39;Atlas, ses r\u00e9sultats post\u00e9rieurs confirment sa validit\u00e9 et son efficacit\u00e9. Les maux de t\u00eate (c\u00e9phal\u00e9es) et les migraines sont \u00e0 l&#39;origine de la plupart des visites chez le m\u00e9decin. Les maux de t\u00eate sont courants dans la population en g\u00e9n\u00e9ral.<\/span><\/p>\n\t\t\t\t\t\t<\/div>\n\t\t\t\t<\/div>\n\t\t\t\t<div class=\"elementor-element elementor-element-1edd66d elementor-widget elementor-widget-porto_button\" data-id=\"1edd66d\" data-element_type=\"widget\" data-widget_type=\"porto_button.default\">\n\t\t\t\t<div class=\"elementor-widget-container\">\n\t\t\t<a aria-label=\"button\" class=\"btn btn-xl btn-primary\" href=\"https:\/\/saba.isoladev.com\/new-patients\/\"><span >Prenez rendez-vous d\u00e8s maintenant<\/span><\/a>\t\t<\/div>\n\t\t\t\t<\/div>\n\t\t\t\t<\/div>\n\t\t\t\t\t<\/div>\r\n\t\t\t\t<\/div>\r\n\t\t\t\t\t<\/div>\r\n\t\t\t\t<\/section>\r\n\t\t\t\t<section class=\"elementor-section elementor-top-section elementor-element elementor-element-d22fbf5 elementor-section-boxed elementor-section-height-default elementor-section-height-default\" data-id=\"d22fbf5\" data-element_type=\"section\" data-settings=\"{&quot;background_background&quot;:&quot;classic&quot;}\">\r\n\t\t\r\n\t\t\t\t\t\t\t<div class=\"elementor-container elementor-column-gap-default\">\r\n\t\t\t\t\t\t\t\t\t\t\t<div class=\"elementor-column elementor-col-33 elementor-top-column elementor-element elementor-element-78bc203\" data-id=\"78bc203\" data-element_type=\"column\">\r\n\t\t\t\t\t<div class=\"elementor-widget-wrap elementor-element-populated\">\r\n\t\t\t\t\t\t<div class=\"elementor-element elementor-element-c99f2d9 e-con-full e-flex e-con e-child\" data-id=\"c99f2d9\" data-element_type=\"container\">\n\t\t\t\t<div class=\"elementor-element elementor-element-eee3feb elementor-widget elementor-widget-image\" data-id=\"eee3feb\" data-element_type=\"widget\" data-widget_type=\"image.default\">\n\t\t\t\t<div class=\"elementor-widget-container\">\n\t\t\t\t\t\t\t\t\t\t\t\t\t<img decoding=\"async\" width=\"295\" height=\"295\" src=\"https:\/\/saba.isoladev.com\/wp-content\/uploads\/2024\/03\/backpain_sciatica2.png\" class=\"attachment-medium size-medium wp-image-7239\" alt=\"\" \/>\t\t\t\t\t\t\t\t\t\t\t\t\t<\/div>\n\t\t\t\t<\/div>\n\t\t\t\t<\/div>\n\t\t\t\t\t<\/div>\r\n\t\t\t\t<\/div>\r\n\t\t\t\t<div class=\"elementor-column elementor-col-66 elementor-top-column elementor-element elementor-element-be6d3d3\" data-id=\"be6d3d3\" data-element_type=\"column\">\r\n\t\t\t\t\t<div class=\"elementor-widget-wrap elementor-element-populated\">\r\n\t\t\t\t\t\t<div class=\"elementor-element elementor-element-cd38233 e-con-full e-flex e-con e-child\" data-id=\"cd38233\" data-element_type=\"container\">\n\t\t\t\t<div class=\"elementor-element elementor-element-3e05329 elementor-widget elementor-widget-heading\" data-id=\"3e05329\" data-element_type=\"widget\" data-widget_type=\"heading.default\">\n\t\t\t\t<div class=\"elementor-widget-container\">\n\t\t\t<h2 class=\"elementor-heading-title elementor-size-default\">Mal de dos et sciatique<\/h2>\t\t<\/div>\n\t\t\t\t<\/div>\n\t\t\t\t<div class=\"elementor-element elementor-element-37ffdf8 elementor-widget elementor-widget-text-editor\" data-id=\"37ffdf8\" data-element_type=\"widget\" data-widget_type=\"text-editor.default\">\n\t\t\t\t<div class=\"elementor-widget-container\">\n\t\t\t\t\t\t\t<p>Un traitement non invasif et indolore pour les maux de dos et les sciatiques. Parfois, les r\u00e9sultats sont imm\u00e9diats et spectaculaires, sans qu&#39;il soit n\u00e9cessaire de recourir \u00e0 une intervention chirurgicale ou \u00e0 un m\u00e9dicament. M\u00eame si relativement peu de m\u00e9decins ont une connaissance approfondie de la technique chiropratique orthogonale Atlas, ses r\u00e9sultats positifs confirment sa validit\u00e9 et son efficacit\u00e9. Environ 80\u00a0% des personnes souffriront de maux de dos au cours de leur vie.<\/p>\n\t\t\t\t\t\t<\/div>\n\t\t\t\t<\/div>\n\t\t\t\t<div class=\"elementor-element elementor-element-2cdac84 elementor-widget elementor-widget-porto_button\" data-id=\"2cdac84\" data-element_type=\"widget\" data-widget_type=\"porto_button.default\">\n\t\t\t\t<div class=\"elementor-widget-container\">\n\t\t\t<a aria-label=\"button\" class=\"btn btn-xl btn-primary\" href=\"https:\/\/saba.isoladev.com\/new-patients\/\"><span >Prenez rendez-vous d\u00e8s maintenant<\/span><\/a>\t\t<\/div>\n\t\t\t\t<\/div>\n\t\t\t\t<\/div>\n\t\t\t\t\t<\/div>\r\n\t\t\t\t<\/div>\r\n\t\t\t\t\t<\/div>\r\n\t\t\t\t<\/section>\r\n\t\t\t\t<section class=\"elementor-section elementor-top-section elementor-element elementor-element-0235448 elementor-section-boxed elementor-section-height-default elementor-section-height-default\" data-id=\"0235448\" data-element_type=\"section\" data-settings=\"{&quot;background_background&quot;:&quot;classic&quot;}\">\r\n\t\t\r\n\t\t\t\t\t\t\t<div class=\"elementor-container elementor-column-gap-default\">\r\n\t\t\t\t\t\t\t\t\t\t\t<div class=\"elementor-column elementor-col-33 elementor-top-column elementor-element elementor-element-42b30b6\" data-id=\"42b30b6\" data-element_type=\"column\">\r\n\t\t\t\t\t<div class=\"elementor-widget-wrap elementor-element-populated\">\r\n\t\t\t\t\t\t<div class=\"elementor-element elementor-element-c4f1390 e-con-full e-flex e-con e-child\" data-id=\"c4f1390\" data-element_type=\"container\">\n\t\t\t\t<div class=\"elementor-element elementor-element-bd559a7 elementor-widget elementor-widget-image\" data-id=\"bd559a7\" data-element_type=\"widget\" data-widget_type=\"image.default\">\n\t\t\t\t<div class=\"elementor-widget-container\">\n\t\t\t\t\t\t\t\t\t\t\t\t\t<img loading=\"lazy\" decoding=\"async\" width=\"295\" height=\"295\" src=\"https:\/\/saba.isoladev.com\/wp-content\/uploads\/2024\/03\/vertigo_dizziness2.png\" class=\"attachment-medium size-medium wp-image-7235\" alt=\"\" \/>\t\t\t\t\t\t\t\t\t\t\t\t\t<\/div>\n\t\t\t\t<\/div>\n\t\t\t\t<\/div>\n\t\t\t\t\t<\/div>\r\n\t\t\t\t<\/div>\r\n\t\t\t\t<div class=\"elementor-column elementor-col-66 elementor-top-column elementor-element elementor-element-bd75f18\" data-id=\"bd75f18\" data-element_type=\"column\">\r\n\t\t\t\t\t<div class=\"elementor-widget-wrap elementor-element-populated\">\r\n\t\t\t\t\t\t<div class=\"elementor-element elementor-element-6080e0c e-con-full e-flex e-con e-child\" data-id=\"6080e0c\" data-element_type=\"container\">\n\t\t\t\t<div class=\"elementor-element elementor-element-ceb56c2 elementor-widget elementor-widget-heading\" data-id=\"ceb56c2\" data-element_type=\"widget\" data-widget_type=\"heading.default\">\n\t\t\t\t<div class=\"elementor-widget-container\">\n\t\t\t<h2 class=\"elementor-heading-title elementor-size-default\">Vertiges et vertiges<\/h2>\t\t<\/div>\n\t\t\t\t<\/div>\n\t\t\t\t<div class=\"elementor-element elementor-element-1d80dd6 elementor-widget elementor-widget-text-editor\" data-id=\"1d80dd6\" data-element_type=\"widget\" data-widget_type=\"text-editor.default\">\n\t\t\t\t<div class=\"elementor-widget-container\">\n\t\t\t\t\t\t\t<p>Un traitement non invasif et indolore contre les \u00e9tourdissements et les vertiges. Parfois, les r\u00e9sultats sont imm\u00e9diats et spectaculaires, sans qu&#39;il soit n\u00e9cessaire de recourir \u00e0 une intervention chirurgicale ou \u00e0 un m\u00e9dicament. M\u00eame si relativement peu de m\u00e9decins ont une connaissance approfondie de la technique chiropratique orthogonale Atlas, ses r\u00e9sultats positifs confirment sa validit\u00e9 et son efficacit\u00e9. De nombreuses personnes \u00e2g\u00e9es de 40 ans et plus souffrent de vertiges et de vertiges.<\/p>\n\t\t\t\t\t\t<\/div>\n\t\t\t\t<\/div>\n\t\t\t\t<div class=\"elementor-element elementor-element-7535e14 elementor-widget elementor-widget-porto_button\" data-id=\"7535e14\" data-element_type=\"widget\" data-widget_type=\"porto_button.default\">\n\t\t\t\t<div class=\"elementor-widget-container\">\n\t\t\t<a aria-label=\"button\" class=\"btn btn-xl btn-primary\" href=\"https:\/\/saba.isoladev.com\/new-patients\/\"><span >Prenez rendez-vous d\u00e8s maintenant<\/span><\/a>\t\t<\/div>\n\t\t\t\t<\/div>\n\t\t\t\t<\/div>\n\t\t\t\t\t<\/div>\r\n\t\t\t\t<\/div>\r\n\t\t\t\t\t<\/div>\r\n\t\t\t\t<\/section>\r\n\t\t\t\t<section class=\"elementor-section elementor-top-section elementor-element elementor-element-b88104e elementor-section-boxed elementor-section-height-default elementor-section-height-default\" data-id=\"b88104e\" data-element_type=\"section\" data-settings=\"{&quot;background_background&quot;:&quot;classic&quot;}\">\r\n\t\t\r\n\t\t\t\t\t\t\t<div class=\"elementor-container elementor-column-gap-default\">\r\n\t\t\t\t\t\t\t\t\t\t\t<div class=\"elementor-column elementor-col-33 elementor-top-column elementor-element elementor-element-3382a00\" data-id=\"3382a00\" data-element_type=\"column\">\r\n\t\t\t\t\t<div class=\"elementor-widget-wrap elementor-element-populated\">\r\n\t\t\t\t\t\t<div class=\"elementor-element elementor-element-755de3f e-con-full e-flex e-con e-child\" data-id=\"755de3f\" data-element_type=\"container\">\n\t\t\t\t<div class=\"elementor-element elementor-element-8682b58 elementor-widget elementor-widget-image\" data-id=\"8682b58\" data-element_type=\"widget\" data-widget_type=\"image.default\">\n\t\t\t\t<div class=\"elementor-widget-container\">\n\t\t\t\t\t\t\t\t\t\t\t\t\t<img loading=\"lazy\" decoding=\"async\" width=\"295\" height=\"296\" src=\"https:\/\/saba.isoladev.com\/wp-content\/uploads\/2024\/03\/other_symptoms2.png\" class=\"attachment-medium size-medium wp-image-7231\" alt=\"\" \/>\t\t\t\t\t\t\t\t\t\t\t\t\t<\/div>\n\t\t\t\t<\/div>\n\t\t\t\t<\/div>\n\t\t\t\t\t<\/div>\r\n\t\t\t\t<\/div>\r\n\t\t\t\t<div class=\"elementor-column elementor-col-66 elementor-top-column elementor-element elementor-element-fd0c021\" data-id=\"fd0c021\" data-element_type=\"column\">\r\n\t\t\t\t\t<div class=\"elementor-widget-wrap elementor-element-populated\">\r\n\t\t\t\t\t\t<div class=\"elementor-element elementor-element-9c612bc e-con-full e-flex e-con e-child\" data-id=\"9c612bc\" data-element_type=\"container\">\n\t\t\t\t<div class=\"elementor-element elementor-element-037160c elementor-widget elementor-widget-heading\" data-id=\"037160c\" data-element_type=\"widget\" data-widget_type=\"heading.default\">\n\t\t\t\t<div class=\"elementor-widget-container\">\n\t\t\t<h2 class=\"elementor-heading-title elementor-size-default\">Autres sympt\u00f4mes<\/h2>\t\t<\/div>\n\t\t\t\t<\/div>\n\t\t\t\t<div class=\"elementor-element elementor-element-a372907 elementor-widget elementor-widget-text-editor\" data-id=\"a372907\" data-element_type=\"widget\" data-widget_type=\"text-editor.default\">\n\t\t\t\t<div class=\"elementor-widget-container\">\n\t\t\t\t\t\t\t<p>La th\u00e9rapie par photobiomodulation permet \u00e9galement de traiter efficacement toute une s\u00e9rie de maladies autres que les principales affections r\u00e9pertori\u00e9es. Il s&#39;agit notamment des troubles articulaires chroniques, tels que l&#39;arthrite, qui b\u00e9n\u00e9ficient de nos traitements non invasifs et indolores. De plus, nos techniques sp\u00e9cialis\u00e9es peuvent aider \u00e0 gu\u00e9rir des blessures sportives, \u00e0 am\u00e9liorer la r\u00e9paration des tissus et \u00e0 r\u00e9duire l&#39;inflammation. Notre approche est holistique et adapt\u00e9e \u00e0 chaque individu, afin de garantir que m\u00eame les sympt\u00f4mes les moins connus ou les moins courants li\u00e9s aux probl\u00e8mes neurologiques et musculosquelettiques soient trait\u00e9s avec pr\u00e9cision et soin.<\/p>\n\t\t\t\t\t\t<\/div>\n\t\t\t\t<\/div>\n\t\t\t\t<div class=\"elementor-element elementor-element-ed453a9 elementor-widget elementor-widget-porto_button\" data-id=\"ed453a9\" data-element_type=\"widget\" data-widget_type=\"porto_button.default\">\n\t\t\t\t<div class=\"elementor-widget-container\">\n\t\t\t<a aria-label=\"button\" class=\"btn btn-xl btn-primary\" href=\"https:\/\/saba.isoladev.com\/new-patients\/\"><span >Prenez rendez-vous d\u00e8s maintenant<\/span><\/a>\t\t<\/div>\n\t\t\t\t<\/div>\n\t\t\t\t<\/div>\n\t\t\t\t\t<\/div>\r\n\t\t\t\t<\/div>\r\n\t\t\t\t\t<\/div>\r\n\t\t\t\t<\/section>\r\n\t\t\t\t<\/div>\n\t\t","protected":false},"excerpt":{"rendered":"<p>Comment fonctionne le traitement Le Dr Saba-Sayah utilise une technologie de pointe et des techniques chiropratiques efficaces pour traiter le jambon de ses patients dans le monde entier. Elle est l&#39;une des trois sp\u00e9cialistes en Europe qui pratiquent cette technique, appel\u00e9e technique AO. Depuis plus d&#39;un demi-si\u00e8cle, cette technique est utilis\u00e9e avec succ\u00e8s en Am\u00e9rique [&hellip;]<\/p>\n","protected":false},"author":1,"featured_media":0,"parent":0,"menu_order":0,"comment_status":"closed","ping_status":"closed","template":"","meta":{"footnotes":""},"class_list":["post-8755","page","type-page","status-publish","hentry"],"_links":{"self":[{"href":"https:\/\/saba.isoladev.com\/fr\/wp-json\/wp\/v2\/pages\/8755"}],"collection":[{"href":"https:\/\/saba.isoladev.com\/fr\/wp-json\/wp\/v2\/pages"}],"about":[{"href":"https:\/\/saba.isoladev.com\/fr\/wp-json\/wp\/v2\/types\/page"}],"author":[{"embeddable":true,"href":"https:\/\/saba.isoladev.com\/fr\/wp-json\/wp\/v2\/users\/1"}],"replies":[{"embeddable":true,"href":"https:\/\/saba.isoladev.com\/fr\/wp-json\/wp\/v2\/comments?post=8755"}],"version-history":[{"count":2,"href":"https:\/\/saba.isoladev.com\/fr\/wp-json\/wp\/v2\/pages\/8755\/revisions"}],"predecessor-version":[{"id":8776,"href":"https:\/\/saba.isoladev.com\/fr\/wp-json\/wp\/v2\/pages\/8755\/revisions\/8776"}],"wp:attachment":[{"href":"https:\/\/saba.isoladev.com\/fr\/wp-json\/wp\/v2\/media?parent=8755"}],"curies":[{"name":"wp","href":"https:\/\/api.w.org\/{rel}","templated":true}]}}